{"id":32282,"date":"2024-07-19T12:48:47","date_gmt":"2024-07-19T10:48:47","guid":{"rendered":"https:\/\/flamencomalaga.com\/verpakkingen\/"},"modified":"2025-06-26T16:59:45","modified_gmt":"2025-06-26T14:59:45","slug":"verpakkingen","status":"publish","type":"page","link":"https:\/\/flamencomalaga.com\/nl\/verpakkingen\/","title":{"rendered":"Verpakkingen"},"content":{"rendered":"\t\t<div data-elementor-type=\"wp-page\" data-elementor-id=\"32282\" class=\"elementor elementor-32282 elementor-21026\" data-elementor-post-type=\"page\">\n\t\t\t\t<div class=\"elementor-element elementor-element-658af90 e-flex e-con-boxed e-con e-parent\" data-id=\"658af90\" data-element_type=\"container\" data-e-type=\"container\" data-settings=\"{&quot;background_background&quot;:&quot;classic&quot;}\">\n\t\t\t\t\t<div class=\"e-con-inner\">\n\t\t<div class=\"elementor-element elementor-element-7ed5b19 e-con-full e-flex e-con e-child\" data-id=\"7ed5b19\" data-element_type=\"container\" data-e-type=\"container\">\n\t\t\t\t<div class=\"elementor-element elementor-element-651f0af elementor-widget elementor-widget-heading\" data-id=\"651f0af\" data-element_type=\"widget\" data-e-type=\"widget\" data-widget_type=\"heading.default\">\n\t\t\t\t<div class=\"elementor-widget-container\">\n\t\t\t\t\t<h1 class=\"elementor-heading-title elementor-size-default\">Verpakkingen<\/h1>\t\t\t\t<\/div>\n\t\t\t\t<\/div>\n\t\t\t\t<div class=\"elementor-element elementor-element-091bc02 elementor-widget elementor-widget-text-editor\" data-id=\"091bc02\" data-element_type=\"widget\" data-e-type=\"widget\" data-widget_type=\"text-editor.default\">\n\t\t\t\t<div class=\"elementor-widget-container\">\n\t\t\t\t\t\t\t\t\tEen unieke sfeer, met veel &#8220;kunst&#8221;. Een culturele ervaring. \t\t\t\t\t\t\t\t<\/div>\n\t\t\t\t<\/div>\n\t\t\t\t<div class=\"elementor-element elementor-element-94da8bf elementor-widget elementor-widget-text-editor\" data-id=\"94da8bf\" data-element_type=\"widget\" data-e-type=\"widget\" data-widget_type=\"text-editor.default\">\n\t\t\t\t<div class=\"elementor-widget-container\">\n\t\t\t\t\t\t\t\t\t<p>Een <strong>selectie van unieke ervaringen gecombineerd met een flamencoshow in Malaga<\/strong>. Kies het pakket dat je het leukst vindt en beleef de volledige ervaring, we wachten op je!  <\/p>\t\t\t\t\t\t\t\t<\/div>\n\t\t\t\t<\/div>\n\t\t\t\t<\/div>\n\t\t<div class=\"elementor-element elementor-element-5342119 e-con-full elementor-hidden-mobile e-flex e-con e-child\" data-id=\"5342119\" data-element_type=\"container\" data-e-type=\"container\">\n\t\t\t\t<\/div>\n\t\t\t\t\t<\/div>\n\t\t\t\t<\/div>\n\t\t<div class=\"elementor-element elementor-element-7832d23 e-flex e-con-boxed e-con e-parent\" data-id=\"7832d23\" data-element_type=\"container\" data-e-type=\"container\">\n\t\t\t\t\t<div class=\"e-con-inner\">\n\t\t\t\t<div class=\"elementor-element elementor-element-c621efc elementor-widget elementor-widget-heading\" data-id=\"c621efc\" data-element_type=\"widget\" data-e-type=\"widget\" data-widget_type=\"heading.default\">\n\t\t\t\t<div class=\"elementor-widget-container\">\n\t\t\t\t\t<h2 class=\"elementor-heading-title elementor-size-default\">Geniet van een 360\u00ba ervaring<\/h2>\t\t\t\t<\/div>\n\t\t\t\t<\/div>\n\t\t\t\t<div class=\"elementor-element elementor-element-876dd07 elementor-widget elementor-widget-text-editor\" data-id=\"876dd07\" data-element_type=\"widget\" data-e-type=\"widget\" data-widget_type=\"text-editor.default\">\n\t\t\t\t<div class=\"elementor-widget-container\">\n\t\t\t\t\t\t\t\t\t<p>Een magische omgeving waar je niet kunt stoppen met kijken naar de hypnotiserende beweging van de flounces, de vibratie van de snaren van de Spaanse gitaar of de emotie van de quej\u00edos. <strong>Ontdek <\/strong><strong>een uniek en compleet programma, dat elke week verandert, met prestigieuze artiesten van nationale en internationale faam. <\/strong> <\/p><p>We bieden ook pakketten aan die flamenco combineren met andere typische Malaga activiteiten, zodat je de volledige Malaga ervaring kunt beleven. Mis ze niet! <\/p>\t\t\t\t\t\t\t\t<\/div>\n\t\t\t\t<\/div>\n\t\t<div class=\"elementor-element elementor-element-2bc5d77 e-con-full e-flex e-con e-child\" data-id=\"2bc5d77\" data-element_type=\"container\" data-e-type=\"container\">\n\t\t<div class=\"elementor-element elementor-element-91fc73c e-con-full e-flex e-con e-child\" data-id=\"91fc73c\" data-element_type=\"container\" data-e-type=\"container\">\n\t\t<div class=\"elementor-element elementor-element-2d7facf e-con-full e-flex e-con e-child\" data-id=\"2d7facf\" data-element_type=\"container\" data-e-type=\"container\">\n\t\t\t\t<div class=\"elementor-element elementor-element-9c01ea9 elementor-widget elementor-widget-image\" data-id=\"9c01ea9\" data-element_type=\"widget\" data-e-type=\"widget\" data-widget_type=\"image.default\">\n\t\t\t\t<div class=\"elementor-widget-container\">\n\t\t\t\t\t\t\t\t\t\t\t\t\t\t\t<img fetchpriority=\"high\" decoding=\"async\" width=\"800\" height=\"408\" src=\"https:\/\/flamencomalaga.com\/wp-content\/uploads\/2024\/07\/tuktuki-malaga-1024x522.webp?wsr\" class=\"attachment-large size-large wp-image-32283\" alt=\"\" srcset=\"https:\/\/flamencomalaga.com\/wp-content\/uploads\/2024\/07\/tuktuki-malaga-1024x522.webp 1024w, https:\/\/flamencomalaga.com\/wp-content\/uploads\/2024\/07\/tuktuki-malaga-300x153.webp 300w, https:\/\/flamencomalaga.com\/wp-content\/uploads\/2024\/07\/tuktuki-malaga-768x391.webp 768w, https:\/\/flamencomalaga.com\/wp-content\/uploads\/2024\/07\/tuktuki-malaga-1536x783.webp 1536w, https:\/\/flamencomalaga.com\/wp-content\/uploads\/2024\/07\/tuktuki-malaga-2048x1044.webp 2048w\" sizes=\"(max-width: 800px) 100vw, 800px\" \/>\t\t\t\t\t\t\t\t\t\t\t\t\t\t\t<\/div>\n\t\t\t\t<\/div>\n\t\t\t\t<\/div>\n\t\t<div class=\"elementor-element elementor-element-761bf69 e-con-full e-flex e-con e-child\" data-id=\"761bf69\" data-element_type=\"container\" data-e-type=\"container\">\n\t\t\t\t<div class=\"elementor-element elementor-element-6c8a6a9 elementor-widget elementor-widget-heading\" data-id=\"6c8a6a9\" data-element_type=\"widget\" data-e-type=\"widget\" data-widget_type=\"heading.default\">\n\t\t\t\t<div class=\"elementor-widget-container\">\n\t\t\t\t\t<h2 class=\"elementor-heading-title elementor-size-default\">TukTuk-i Tour + Flamenco<\/h2>\t\t\t\t<\/div>\n\t\t\t\t<\/div>\n\t\t\t\t<div class=\"elementor-element elementor-element-452eedb elementor-widget elementor-widget-text-editor\" data-id=\"452eedb\" data-element_type=\"widget\" data-e-type=\"widget\" data-widget_type=\"text-editor.default\">\n\t\t\t\t<div class=\"elementor-widget-container\">\n\t\t\t\t\t\t\t\t\t<p><strong>Inclusief 3 tapas en drankje  <\/strong><\/p>\t\t\t\t\t\t\t\t<\/div>\n\t\t\t\t<\/div>\n\t\t\t\t<div class=\"elementor-element elementor-element-393a774 elementor-widget elementor-widget-text-editor\" data-id=\"393a774\" data-element_type=\"widget\" data-e-type=\"widget\" data-widget_type=\"text-editor.default\">\n\t\t\t\t<div class=\"elementor-widget-container\">\n\t\t\t\t\t\t\t\t\tHeb je ooit een tuk-tuk door de stad genomen? Je kunt Malaga niet verlaten zonder in een Tuk Tuk te stappen! Geniet van een rit door de straten van M\u00e1laga terwijl je de meest karakteristieke plekken ontdekt met Tuk Tuk-i. Daarna heb je de kans om te genieten van een spectaculaire flamenco show in Alegr\u00eda M\u00e1laga &amp; Gastronomie. Beleef de volledige M\u00e1laga ervaring!    \t\t\t\t\t\t\t\t<\/div>\n\t\t\t\t<\/div>\n\t\t\t\t<div class=\"elementor-element elementor-element-9eab952 elementor-widget elementor-widget-html\" data-id=\"9eab952\" data-element_type=\"widget\" data-e-type=\"widget\" data-widget_type=\"html.default\">\n\t\t\t\t<div class=\"elementor-widget-container\">\n\t\t\t\t\t<script src=\"https:\/\/cdn.checkout.ventrata.com\/v3\/production\/ventrata-checkout.min.js\" type=\"module\" data-config='{\"env\": \"live\", \"lang\":\"es\" }'>\n<\/script>\n\n\n<aside ventrata-embedded-widget=\"\" data-config=\"{\"productID\":\"fe32154e-9827-408c-a392-867cccbee020\" }\">\n  <\/aside>\n\n<button class=\"ventrataButton\" ventrata-checkout=\"\" data-config=\"{\"apiKey\":\"a9089240-0a5c-49c4-ab94-082818f9b5cd\", \"productID\":\"fe32154e-9827-408c-a392-867cccbee020\" }\">\nTICKETS KOPEN\n<\/button>\t\t\t\t<\/div>\n\t\t\t\t<\/div>\n\t\t\t\t<\/div>\n\t\t\t\t<\/div>\n\t\t<div class=\"elementor-element elementor-element-a65035a e-con-full e-flex e-con e-child\" data-id=\"a65035a\" data-element_type=\"container\" data-e-type=\"container\">\n\t\t\t\t<div class=\"elementor-element elementor-element-c61c075 elementor-widget-divider--view-line elementor-widget elementor-widget-divider\" data-id=\"c61c075\" data-element_type=\"widget\" data-e-type=\"widget\" data-widget_type=\"divider.default\">\n\t\t\t\t<div class=\"elementor-widget-container\">\n\t\t\t\t\t\t\t<div class=\"elementor-divider\">\n\t\t\t<span class=\"elementor-divider-separator\">\n\t\t\t\t\t\t<\/span>\n\t\t<\/div>\n\t\t\t\t\t\t<\/div>\n\t\t\t\t<\/div>\n\t\t\t\t<\/div>\n\t\t<div class=\"elementor-element elementor-element-75aad16 e-con-full e-flex e-con e-child\" data-id=\"75aad16\" data-element_type=\"container\" data-e-type=\"container\">\n\t\t<div class=\"elementor-element elementor-element-d8c8a4c e-con-full e-flex e-con e-child\" data-id=\"d8c8a4c\" data-element_type=\"container\" data-e-type=\"container\">\n\t\t\t\t<div class=\"elementor-element elementor-element-629acd9 elementor-widget elementor-widget-image\" data-id=\"629acd9\" data-element_type=\"widget\" data-e-type=\"widget\" data-widget_type=\"image.default\">\n\t\t\t\t<div class=\"elementor-widget-container\">\n\t\t\t\t\t\t\t\t\t\t\t\t\t\t\t<img decoding=\"async\" width=\"800\" height=\"450\" src=\"https:\/\/flamencomalaga.com\/wp-content\/uploads\/2024\/07\/mundomarinoflamenco-1024x576.webp?wsr\" class=\"attachment-large size-large wp-image-32284\" alt=\"\" srcset=\"https:\/\/flamencomalaga.com\/wp-content\/uploads\/2024\/07\/mundomarinoflamenco-1024x576.webp 1024w, https:\/\/flamencomalaga.com\/wp-content\/uploads\/2024\/07\/mundomarinoflamenco-300x169.webp 300w, https:\/\/flamencomalaga.com\/wp-content\/uploads\/2024\/07\/mundomarinoflamenco-768x432.webp 768w, https:\/\/flamencomalaga.com\/wp-content\/uploads\/2024\/07\/mundomarinoflamenco-1536x864.webp 1536w, https:\/\/flamencomalaga.com\/wp-content\/uploads\/2024\/07\/mundomarinoflamenco-2048x1152.webp 2048w\" sizes=\"(max-width: 800px) 100vw, 800px\" \/>\t\t\t\t\t\t\t\t\t\t\t\t\t\t\t<\/div>\n\t\t\t\t<\/div>\n\t\t\t\t<\/div>\n\t\t<div class=\"elementor-element elementor-element-ba34b40 e-con-full e-flex e-con e-child\" data-id=\"ba34b40\" data-element_type=\"container\" data-e-type=\"container\">\n\t\t\t\t<div class=\"elementor-element elementor-element-d379941 elementor-widget elementor-widget-heading\" data-id=\"d379941\" data-element_type=\"widget\" data-e-type=\"widget\" data-widget_type=\"heading.default\">\n\t\t\t\t<div class=\"elementor-widget-container\">\n\t\t\t\t\t<h2 class=\"elementor-heading-title elementor-size-default\">Boottocht en flamenco show<\/h2>\t\t\t\t<\/div>\n\t\t\t\t<\/div>\n\t\t\t\t<div class=\"elementor-element elementor-element-deddac1 elementor-widget elementor-widget-text-editor\" data-id=\"deddac1\" data-element_type=\"widget\" data-e-type=\"widget\" data-widget_type=\"text-editor.default\">\n\t\t\t\t<div class=\"elementor-widget-container\">\n\t\t\t\t\t\t\t\t\tBeleef een unieke ervaring in Malaga. We bieden je een exclusief pakket aan met een rondleiding door Mundo Marino per boot langs de Costa del Sol, waar je kunt genieten van ontspanning op zee voordat je &#8217;s avonds de spectaculaire Flamencoshow bij Alegria Malaga bijwoont. Als je van zeilen en Flamenco houdt, is dit het perfecte plan voor jou!  \t\t\t\t\t\t\t\t<\/div>\n\t\t\t\t<\/div>\n\t\t\t\t<div class=\"elementor-element elementor-element-067efd8 elementor-widget elementor-widget-html\" data-id=\"067efd8\" data-element_type=\"widget\" data-e-type=\"widget\" data-widget_type=\"html.default\">\n\t\t\t\t<div class=\"elementor-widget-container\">\n\t\t\t\t\t<script src=\"https:\/\/cdn.checkout.ventrata.com\/v3\/production\/ventrata-checkout.min.js\" type=\"module\" data-config='{\"env\": \"live\", \"lang\":\"es\" }'>\n<\/script>\n\n\n<aside ventrata-embedded-widget=\"\" data-config=\"{\"productID\":\"bd8b1527-a682-4d67-8cd0-48a7752f57cc\" }\">\n  <\/aside>\n\n<button class=\"ventrataButton\" ventrata-checkout=\"\" data-config=\"{\"apiKey\":\"a9089240-0a5c-49c4-ab94-082818f9b5cd\", \"productID\":\"bd8b1527-a682-4d67-8cd0-48a7752f57cc\" }\">\nTICKETS KOPEN\n<\/button>\t\t\t\t<\/div>\n\t\t\t\t<\/div>\n\t\t\t\t<\/div>\n\t\t\t\t<\/div>\n\t\t<div class=\"elementor-element elementor-element-101d38d e-con-full e-flex e-con e-child\" data-id=\"101d38d\" data-element_type=\"container\" data-e-type=\"container\">\n\t\t\t\t<div class=\"elementor-element elementor-element-25380af elementor-widget-divider--view-line elementor-widget elementor-widget-divider\" data-id=\"25380af\" data-element_type=\"widget\" data-e-type=\"widget\" data-widget_type=\"divider.default\">\n\t\t\t\t<div class=\"elementor-widget-container\">\n\t\t\t\t\t\t\t<div class=\"elementor-divider\">\n\t\t\t<span class=\"elementor-divider-separator\">\n\t\t\t\t\t\t<\/span>\n\t\t<\/div>\n\t\t\t\t\t\t<\/div>\n\t\t\t\t<\/div>\n\t\t\t\t<\/div>\n\t\t<div class=\"elementor-element elementor-element-d871a5d e-con-full e-flex e-con e-child\" data-id=\"d871a5d\" data-element_type=\"container\" data-e-type=\"container\">\n\t\t<div class=\"elementor-element elementor-element-e319fca e-con-full e-flex e-con e-child\" data-id=\"e319fca\" data-element_type=\"container\" data-e-type=\"container\">\n\t\t\t\t<div class=\"elementor-element elementor-element-0d31fa6 elementor-widget elementor-widget-image\" data-id=\"0d31fa6\" data-element_type=\"widget\" data-e-type=\"widget\" data-widget_type=\"image.default\">\n\t\t\t\t<div class=\"elementor-widget-container\">\n\t\t\t\t\t\t\t\t\t\t\t\t\t\t\t<img decoding=\"async\" width=\"800\" height=\"500\" src=\"https:\/\/flamencomalaga.com\/wp-content\/uploads\/2024\/07\/experiencia-flamenco.webp?wsr\" class=\"attachment-large size-large wp-image-32285\" alt=\"\" srcset=\"https:\/\/flamencomalaga.com\/wp-content\/uploads\/2024\/07\/experiencia-flamenco.webp 800w, https:\/\/flamencomalaga.com\/wp-content\/uploads\/2024\/07\/experiencia-flamenco-300x188.webp 300w, https:\/\/flamencomalaga.com\/wp-content\/uploads\/2024\/07\/experiencia-flamenco-768x480.webp 768w\" sizes=\"(max-width: 800px) 100vw, 800px\" \/>\t\t\t\t\t\t\t\t\t\t\t\t\t\t\t<\/div>\n\t\t\t\t<\/div>\n\t\t\t\t<\/div>\n\t\t<div class=\"elementor-element elementor-element-1c7fbde e-con-full e-flex e-con e-child\" data-id=\"1c7fbde\" data-element_type=\"container\" data-e-type=\"container\">\n\t\t\t\t<div class=\"elementor-element elementor-element-0be4003 elementor-widget elementor-widget-heading\" data-id=\"0be4003\" data-element_type=\"widget\" data-e-type=\"widget\" data-widget_type=\"heading.default\">\n\t\t\t\t<div class=\"elementor-widget-container\">\n\t\t\t\t\t<h2 class=\"elementor-heading-title elementor-size-default\">Inleiding tot de flamenco + voorstelling<\/h2>\t\t\t\t<\/div>\n\t\t\t\t<\/div>\n\t\t\t\t<div class=\"elementor-element elementor-element-5005f28 elementor-widget elementor-widget-text-editor\" data-id=\"5005f28\" data-element_type=\"widget\" data-e-type=\"widget\" data-widget_type=\"text-editor.default\">\n\t\t\t\t<div class=\"elementor-widget-container\">\n\t\t\t\t\t\t\t\t\t<p><strong>Inclusief 3 tapas en drankje<\/strong><\/p>\t\t\t\t\t\t\t\t<\/div>\n\t\t\t\t<\/div>\n\t\t\t\t<div class=\"elementor-element elementor-element-cac33d2 elementor-widget elementor-widget-text-editor\" data-id=\"cac33d2\" data-element_type=\"widget\" data-e-type=\"widget\" data-widget_type=\"text-editor.default\">\n\t\t\t\t<div class=\"elementor-widget-container\">\n\t\t\t\t\t\t\t\t\tHeb je ooit een introductiecursus flamenco gevolgd? Als je gepassioneerd bent door flamenco, is dit pakket perfect voor jou. Je krijgt de kans om jezelf onder te dompelen in een interactieve reis, de zang en dans te ervaren en contact te maken met flamenco via onze 5 interactieve schermen. Na afloop heb je de mogelijkheid om te genieten van een spectaculaire flamencoshow bij Alegria Malaga &amp; Gastronomy.   \t\t\t\t\t\t\t\t<\/div>\n\t\t\t\t<\/div>\n\t\t\t\t<div class=\"elementor-element elementor-element-be8c7e6 elementor-widget elementor-widget-html\" data-id=\"be8c7e6\" data-element_type=\"widget\" data-e-type=\"widget\" data-widget_type=\"html.default\">\n\t\t\t\t<div class=\"elementor-widget-container\">\n\t\t\t\t\t<script src=\"https:\/\/cdn.checkout.ventrata.com\/v3\/production\/ventrata-checkout.min.js\" type=\"module\" data-config='{\"env\": \"live\", \"lang\":\"es\" }'>\n<\/script>\n\n\n<aside ventrata-embedded-widget=\"\" data-config=\"{\"productID\":\"341c397e-1387-4ad4-93b5-8129ee3264ad\" }\">\n  <\/aside>\n\n<button class=\"ventrataButton\" ventrata-checkout=\"\" data-config=\"{\"apiKey\":\"a9089240-0a5c-49c4-ab94-082818f9b5cd\", \"productID\":\"341c397e-1387-4ad4-93b5-8129ee3264ad\" }\">\nTICKETS KOPEN\n<\/button>\t\t\t\t<\/div>\n\t\t\t\t<\/div>\n\t\t\t\t<\/div>\n\t\t\t\t<\/div>\n\t\t\t\t<\/div>\n\t\t\t\t\t<\/div>\n\t\t\t\t<\/div>\n\t\t\t\t<\/div>\n\t\t","protected":false},"excerpt":{"rendered":"<p>Verpakkingen Een unieke sfeer, met veel &#8220;kunst&#8221;. Een culturele ervaring. Een selectie van unieke ervaringen gecombineerd met een flamencoshow in Malaga. Kies het pakket dat je het leukst vindt en beleef de volledige ervaring, we wachten op je! Geniet van een 360\u00ba ervaring Een magische omgeving waar je niet kunt stoppen met kijken naar de [&hellip;]<\/p>\n","protected":false},"author":8,"featured_media":0,"parent":0,"menu_order":0,"comment_status":"closed","ping_status":"closed","template":"","meta":{"_acf_changed":false,"footnotes":""},"class_list":["post-32282","page","type-page","status-publish","hentry"],"acf":[],"yoast_head":"<!-- This site is optimized with the Yoast SEO plugin v27.3 - https:\/\/yoast.com\/product\/yoast-seo-wordpress\/ -->\n<title>Verpakkingen | Flamenco Alegr\u00eda<\/title>\n<meta name=\"description\" content=\"Beleef de volledige M\u00e1laga-ervaring met onze 360\u00ba pakketten. Geniet van verschillende activiteiten voor een Flamenco show.\" \/>\n<meta name=\"robots\" content=\"index, follow, max-snippet:-1, max-image-preview:large, max-video-preview:-1\" \/>\n<link rel=\"canonical\" href=\"https:\/\/flamencomalaga.com\/nl\/verpakkingen\/\" \/>\n<meta property=\"og:locale\" content=\"nl_NL\" \/>\n<meta property=\"og:type\" content=\"article\" \/>\n<meta property=\"og:title\" content=\"Verpakkingen | Flamenco Alegr\u00eda\" \/>\n<meta property=\"og:description\" content=\"Beleef de volledige M\u00e1laga-ervaring met onze 360\u00ba pakketten. Geniet van verschillende activiteiten voor een Flamenco show.\" \/>\n<meta property=\"og:url\" content=\"https:\/\/flamencomalaga.com\/nl\/verpakkingen\/\" \/>\n<meta property=\"og:site_name\" content=\"Flamenco Alegr\u00eda\" \/>\n<meta property=\"article:publisher\" content=\"https:\/\/www.facebook.com\/alegriaflamencomalaga\/?locale=es_ES\" \/>\n<meta property=\"article:modified_time\" content=\"2025-06-26T14:59:45+00:00\" \/>\n<meta property=\"og:image\" content=\"https:\/\/flamencomalaga.com\/wp-content\/uploads\/2024\/07\/tuktuki-malaga.webp?wsr\" \/>\n\t<meta property=\"og:image:width\" content=\"2304\" \/>\n\t<meta property=\"og:image:height\" content=\"1174\" \/>\n\t<meta property=\"og:image:type\" content=\"image\/webp\" \/>\n<meta name=\"twitter:card\" content=\"summary_large_image\" \/>\n<meta name=\"twitter:label1\" content=\"Geschatte leestijd\" \/>\n\t<meta name=\"twitter:data1\" content=\"2 minuut\" \/>\n<!-- \/ Yoast SEO plugin. -->","yoast_head_json":{"title":"Verpakkingen | Flamenco Alegr\u00eda","description":"Beleef de volledige M\u00e1laga-ervaring met onze 360\u00ba pakketten. Geniet van verschillende activiteiten voor een Flamenco show.","robots":{"index":"index","follow":"follow","max-snippet":"max-snippet:-1","max-image-preview":"max-image-preview:large","max-video-preview":"max-video-preview:-1"},"canonical":"https:\/\/flamencomalaga.com\/nl\/verpakkingen\/","og_locale":"nl_NL","og_type":"article","og_title":"Verpakkingen | Flamenco Alegr\u00eda","og_description":"Beleef de volledige M\u00e1laga-ervaring met onze 360\u00ba pakketten. Geniet van verschillende activiteiten voor een Flamenco show.","og_url":"https:\/\/flamencomalaga.com\/nl\/verpakkingen\/","og_site_name":"Flamenco Alegr\u00eda","article_publisher":"https:\/\/www.facebook.com\/alegriaflamencomalaga\/?locale=es_ES","article_modified_time":"2025-06-26T14:59:45+00:00","og_image":[{"width":2304,"height":1174,"url":"https:\/\/flamencomalaga.com\/wp-content\/uploads\/2024\/07\/tuktuki-malaga.webp?wsr","type":"image\/webp"}],"twitter_card":"summary_large_image","twitter_misc":{"Geschatte leestijd":"2 minuut"},"schema":{"@context":"https:\/\/schema.org","@graph":[{"@type":"WebPage","@id":"https:\/\/flamencomalaga.com\/nl\/verpakkingen\/","url":"https:\/\/flamencomalaga.com\/nl\/verpakkingen\/","name":"Verpakkingen | Flamenco Alegr\u00eda","isPartOf":{"@id":"https:\/\/flamencomalaga.com\/nl\/#website"},"primaryImageOfPage":{"@id":"https:\/\/flamencomalaga.com\/nl\/verpakkingen\/#primaryimage"},"image":{"@id":"https:\/\/flamencomalaga.com\/nl\/verpakkingen\/#primaryimage"},"thumbnailUrl":"https:\/\/flamencomalaga.com\/wp-content\/uploads\/2024\/07\/tuktuki-malaga-1024x522.webp","datePublished":"2024-07-19T10:48:47+00:00","dateModified":"2025-06-26T14:59:45+00:00","description":"Beleef de volledige M\u00e1laga-ervaring met onze 360\u00ba pakketten. Geniet van verschillende activiteiten voor een Flamenco show.","breadcrumb":{"@id":"https:\/\/flamencomalaga.com\/nl\/verpakkingen\/#breadcrumb"},"inLanguage":"nl-NL","potentialAction":[{"@type":"ReadAction","target":["https:\/\/flamencomalaga.com\/nl\/verpakkingen\/"]}]},{"@type":"ImageObject","inLanguage":"nl-NL","@id":"https:\/\/flamencomalaga.com\/nl\/verpakkingen\/#primaryimage","url":"https:\/\/flamencomalaga.com\/wp-content\/uploads\/2024\/07\/tuktuki-malaga-1024x522.webp","contentUrl":"https:\/\/flamencomalaga.com\/wp-content\/uploads\/2024\/07\/tuktuki-malaga-1024x522.webp"},{"@type":"BreadcrumbList","@id":"https:\/\/flamencomalaga.com\/nl\/verpakkingen\/#breadcrumb","itemListElement":[{"@type":"ListItem","position":1,"name":"Thuis","item":"https:\/\/flamencomalaga.com\/nl\/"},{"@type":"ListItem","position":2,"name":"Verpakkingen"}]},{"@type":"WebSite","@id":"https:\/\/flamencomalaga.com\/nl\/#website","url":"https:\/\/flamencomalaga.com\/nl\/","name":"Flamenco Alegr\u00eda y Gastronomia","description":"","publisher":{"@id":"https:\/\/flamencomalaga.com\/nl\/#organization"},"alternateName":"Flamenco Alegr\u00eda","potentialAction":[{"@type":"SearchAction","target":{"@type":"EntryPoint","urlTemplate":"https:\/\/flamencomalaga.com\/nl\/?s={search_term_string}"},"query-input":{"@type":"PropertyValueSpecification","valueRequired":true,"valueName":"search_term_string"}}],"inLanguage":"nl-NL"},{"@type":"Organization","@id":"https:\/\/flamencomalaga.com\/nl\/#organization","name":"Flamenco Alegr\u00eda","alternateName":"Alegr\u00eda - Flamenco y Gastronom\u00eda","url":"https:\/\/flamencomalaga.com\/nl\/","logo":{"@type":"ImageObject","inLanguage":"nl-NL","@id":"https:\/\/flamencomalaga.com\/nl\/#\/schema\/logo\/image\/","url":"https:\/\/flamencomalaga.com\/wp-content\/uploads\/2024\/07\/flamenco-malaga_logo.png?wsr","contentUrl":"https:\/\/flamencomalaga.com\/wp-content\/uploads\/2024\/07\/flamenco-malaga_logo.png?wsr","width":166,"height":85,"caption":"Flamenco Alegr\u00eda"},"image":{"@id":"https:\/\/flamencomalaga.com\/nl\/#\/schema\/logo\/image\/"},"sameAs":["https:\/\/www.facebook.com\/alegriaflamencomalaga\/?locale=es_ES","https:\/\/www.instagram.com\/flamencomalagaalegria","https:\/\/www.tiktok.com\/@flamencomalaga"]}]}},"_links":{"self":[{"href":"https:\/\/flamencomalaga.com\/nl\/wp-json\/wp\/v2\/pages\/32282","targetHints":{"allow":["GET"]}}],"collection":[{"href":"https:\/\/flamencomalaga.com\/nl\/wp-json\/wp\/v2\/pages"}],"about":[{"href":"https:\/\/flamencomalaga.com\/nl\/wp-json\/wp\/v2\/types\/page"}],"author":[{"embeddable":true,"href":"https:\/\/flamencomalaga.com\/nl\/wp-json\/wp\/v2\/users\/8"}],"replies":[{"embeddable":true,"href":"https:\/\/flamencomalaga.com\/nl\/wp-json\/wp\/v2\/comments?post=32282"}],"version-history":[{"count":1,"href":"https:\/\/flamencomalaga.com\/nl\/wp-json\/wp\/v2\/pages\/32282\/revisions"}],"predecessor-version":[{"id":32286,"href":"https:\/\/flamencomalaga.com\/nl\/wp-json\/wp\/v2\/pages\/32282\/revisions\/32286"}],"wp:attachment":[{"href":"https:\/\/flamencomalaga.com\/nl\/wp-json\/wp\/v2\/media?parent=32282"}],"curies":[{"name":"wp","href":"https:\/\/api.w.org\/{rel}","templated":true}]}}