{"id":32245,"date":"2024-11-05T13:51:17","date_gmt":"2024-11-05T12:51:17","guid":{"rendered":"https:\/\/flamencomalaga.com\/geef-een-unieke-ervaring-cadeau-geef-flamenco-cadeau\/"},"modified":"2025-06-26T16:59:43","modified_gmt":"2025-06-26T14:59:43","slug":"geef-een-unieke-ervaring-cadeau-geef-flamenco-cadeau","status":"publish","type":"page","link":"https:\/\/flamencomalaga.com\/nl\/geef-een-unieke-ervaring-cadeau-geef-flamenco-cadeau\/","title":{"rendered":"Geef een unieke ervaring cadeau: geef flamenco cadeau"},"content":{"rendered":"\t\t<div data-elementor-type=\"wp-page\" data-elementor-id=\"32245\" class=\"elementor elementor-32245 elementor-29542\" data-elementor-post-type=\"page\">\n\t\t\t\t<div class=\"elementor-element elementor-element-d016687 e-flex e-con-boxed e-con e-parent\" data-id=\"d016687\" data-element_type=\"container\" data-e-type=\"container\" data-settings=\"{&quot;background_background&quot;:&quot;classic&quot;}\">\n\t\t\t\t\t<div class=\"e-con-inner\">\n\t\t<div class=\"elementor-element elementor-element-3544ba5 e-con-full e-flex e-con e-child\" data-id=\"3544ba5\" data-element_type=\"container\" data-e-type=\"container\">\n\t\t\t\t<\/div>\n\t\t<div class=\"elementor-element elementor-element-e15eac0 e-con-full e-flex e-con e-child\" data-id=\"e15eac0\" data-element_type=\"container\" data-e-type=\"container\">\n\t\t\t\t<div class=\"elementor-element elementor-element-d78ebe6 elementor-widget elementor-widget-heading\" data-id=\"d78ebe6\" data-element_type=\"widget\" data-e-type=\"widget\" data-widget_type=\"heading.default\">\n\t\t\t\t<div class=\"elementor-widget-container\">\n\t\t\t\t\t<h1 class=\"elementor-heading-title elementor-size-default\">Geef een unieke ervaring cadeau: geef flamenco cadeau<\/h1>\t\t\t\t<\/div>\n\t\t\t\t<\/div>\n\t\t\t\t<\/div>\n\t\t\t\t\t<\/div>\n\t\t\t\t<\/div>\n\t\t<div class=\"elementor-element elementor-element-2076275 e-flex e-con-boxed e-con e-parent\" data-id=\"2076275\" data-element_type=\"container\" data-e-type=\"container\" data-settings=\"{&quot;background_background&quot;:&quot;classic&quot;}\">\n\t\t\t\t\t<div class=\"e-con-inner\">\n\t\t<div class=\"elementor-element elementor-element-a6f98fc e-con-full e-flex e-con e-child\" data-id=\"a6f98fc\" data-element_type=\"container\" data-e-type=\"container\">\n\t\t<div class=\"elementor-element elementor-element-07d06f0 e-con-full e-flex e-con e-child\" data-id=\"07d06f0\" data-element_type=\"container\" data-e-type=\"container\">\n\t\t\t\t<div class=\"elementor-element elementor-element-accdd12 elementor-widget elementor-widget-text-editor\" data-id=\"accdd12\" data-element_type=\"widget\" data-e-type=\"widget\" data-widget_type=\"text-editor.default\">\n\t\t\t\t<div class=\"elementor-widget-container\">\n\t\t\t\t\t\t\t\t\t<p>Nu kun je een flamencoshow met diner geven aan wie je maar wilt zonder een specifieke datum te hoeven kiezen; laat de ontvangers de datum en tijd kiezen die het beste in hun agenda passen.<\/p><p>Als je niet weet wat je je ouders moet geven voor hun 50e verjaardag, of voor Kerstmis, als je op zoek bent naar cadeaus voor je schoonfamilie, vrienden, partner, familie, of als je een speciaal cadeau wilt geven aan een stel dat gaat trouwen, in Alegr\u00eda Flamenco bieden we je het perfecte cadeau voor al die gelegenheden waarbij het geven van een cadeau gewoon een bal is.<\/p>\t\t\t\t\t\t\t\t<\/div>\n\t\t\t\t<\/div>\n\t\t\t\t<div class=\"elementor-element elementor-element-6b98764 elementor-align-left elementor-widget elementor-widget-button\" data-id=\"6b98764\" data-element_type=\"widget\" data-e-type=\"widget\" data-widget_type=\"button.default\">\n\t\t\t\t<div class=\"elementor-widget-container\">\n\t\t\t\t\t\t\t\t\t<div class=\"elementor-button-wrapper\">\n\t\t\t\t\t<a class=\"elementor-button elementor-button-link elementor-size-sm\" href=\"https:\/\/show.flamencomalaga.com\/es\/837-espectaculo\/4945-regala-espectaculo?_gl=1*i4qpjn*_gcl_au*MTQ5NjM0Mjg0MC4xNzI1MjgzODAy*_ga*NTE2ODY5NTI1LjE3MjUyODM4MDI.*_ga_H7SCXQ5NMB*MTczMDM4Mzc1NS40Ni4xLjE3MzAzODM3ODMuMzIuMC4yMDQyNTYwMjYx\" target=\"_blank\">\n\t\t\t\t\t\t<span class=\"elementor-button-content-wrapper\">\n\t\t\t\t\t\t\t\t\t<span class=\"elementor-button-text\">Cadeaubon<\/span>\n\t\t\t\t\t<\/span>\n\t\t\t\t\t<\/a>\n\t\t\t\t<\/div>\n\t\t\t\t\t\t\t\t<\/div>\n\t\t\t\t<\/div>\n\t\t\t\t<\/div>\n\t\t<div class=\"elementor-element elementor-element-f73a2cc e-con-full e-flex e-con e-child\" data-id=\"f73a2cc\" data-element_type=\"container\" data-e-type=\"container\" data-settings=\"{&quot;background_background&quot;:&quot;classic&quot;}\">\n\t\t\t\t<\/div>\n\t\t\t\t<\/div>\n\t\t<div class=\"elementor-element elementor-element-4a478a2 e-con-full e-flex e-con e-child\" data-id=\"4a478a2\" data-element_type=\"container\" data-e-type=\"container\">\n\t\t<div class=\"elementor-element elementor-element-6a0c59a e-con-full e-flex e-con e-child\" data-id=\"6a0c59a\" data-element_type=\"container\" data-e-type=\"container\" data-settings=\"{&quot;background_background&quot;:&quot;classic&quot;}\">\n\t\t\t\t<\/div>\n\t\t<div class=\"elementor-element elementor-element-c991dfd e-con-full e-flex e-con e-child\" data-id=\"c991dfd\" data-element_type=\"container\" data-e-type=\"container\">\n\t\t\t\t<div class=\"elementor-element elementor-element-61d3718 elementor-widget elementor-widget-heading\" data-id=\"61d3718\" data-element_type=\"widget\" data-e-type=\"widget\" data-widget_type=\"heading.default\">\n\t\t\t\t<div class=\"elementor-widget-container\">\n\t\t\t\t\t<h2 class=\"elementor-heading-title elementor-size-default\">Geef een flamenco show met diner cadeau\n<\/h2>\t\t\t\t<\/div>\n\t\t\t\t<\/div>\n\t\t\t\t<div class=\"elementor-element elementor-element-7100f5b elementor-widget elementor-widget-text-editor\" data-id=\"7100f5b\" data-element_type=\"widget\" data-e-type=\"widget\" data-widget_type=\"text-editor.default\">\n\t\t\t\t<div class=\"elementor-widget-container\">\n\t\t\t\t\t\t\t\t\t<p>Onze flamencoshow wordt opgevoerd door enkele van de beste internationale artiesten. Het is een cadeau dat je gasten zeker niet onverschillig zal laten, vooral voor wie gepassioneerd is door flamenco. <\/p><p>Ons restaurant heeft een zeer ruim gastronomisch aanbod, met een grote keuze aan typisch Andalusische en Spaanse gerechten, met lokale producten en verse ingredi\u00ebnten. Je gasten zullen niet alleen genieten van een professionele flamencoshow, maar ook van een diner dat ze niet snel zullen vergeten. <\/p><p>De ruimte is erg gezellig en intiem, waardoor het een geweldige plek is voor een romantisch diner met z&#8217;n twee\u00ebn, maar het kan ook een perfect cadeau zijn voor vrienden en familie.<\/p>\t\t\t\t\t\t\t\t<\/div>\n\t\t\t\t<\/div>\n\t\t\t\t<\/div>\n\t\t\t\t<\/div>\n\t\t\t\t\t<\/div>\n\t\t\t\t<\/div>\n\t\t<div class=\"elementor-element elementor-element-f9cc634 e-flex e-con-boxed e-con e-parent\" data-id=\"f9cc634\" data-element_type=\"container\" data-e-type=\"container\" data-settings=\"{&quot;background_background&quot;:&quot;classic&quot;}\">\n\t\t\t\t\t<div class=\"e-con-inner\">\n\t\t<div class=\"elementor-element elementor-element-4924c86 e-con-full e-flex e-con e-child\" data-id=\"4924c86\" data-element_type=\"container\" data-e-type=\"container\" data-settings=\"{&quot;background_background&quot;:&quot;classic&quot;}\">\n\t\t\t\t<div class=\"elementor-element elementor-element-f4b3664 elementor-widget elementor-widget-heading\" data-id=\"f4b3664\" data-element_type=\"widget\" data-e-type=\"widget\" data-widget_type=\"heading.default\">\n\t\t\t\t<div class=\"elementor-widget-container\">\n\t\t\t\t\t<h2 class=\"elementor-heading-title elementor-size-default\">Hoe geef je een flamencoshow cadeau?\n<\/h2>\t\t\t\t<\/div>\n\t\t\t\t<\/div>\n\t\t\t\t<div class=\"elementor-element elementor-element-065c185 elementor-widget elementor-widget-text-editor\" data-id=\"065c185\" data-element_type=\"widget\" data-e-type=\"widget\" data-widget_type=\"text-editor.default\">\n\t\t\t\t<div class=\"elementor-widget-container\">\n\t\t\t\t\t\t\t\t\t<p>Een flamencoshow cadeau geven bij Alegr\u00eda Flamenco &amp; Gastronom\u00eda is heel eenvoudig: selecteer het aantal mensen aan wie je het cadeau wilt geven, kies of je een diner wilt of niet, en voer de betaling uit. De ontvangers zijn degenen die de datum en tijd kiezen van de show die ze willen bijwonen met een marge van 1 jaar. <\/p><p>Een flamencoshow is ook een perfect cadeau voor een onzichtbare vriend, voor een verjaardag of een andere speciale gelegenheid.<\/p>\t\t\t\t\t\t\t\t<\/div>\n\t\t\t\t<\/div>\n\t\t\t\t<div class=\"elementor-element elementor-element-629c448 elementor-widget elementor-widget-heading\" data-id=\"629c448\" data-element_type=\"widget\" data-e-type=\"widget\" data-widget_type=\"heading.default\">\n\t\t\t\t<div class=\"elementor-widget-container\">\n\t\t\t\t\t<h3 class=\"elementor-heading-title elementor-size-default\">Voorwaarden<\/h3>\t\t\t\t<\/div>\n\t\t\t\t<\/div>\n\t\t\t\t<div class=\"elementor-element elementor-element-1319456 elementor-widget elementor-widget-text-editor\" data-id=\"1319456\" data-element_type=\"widget\" data-e-type=\"widget\" data-widget_type=\"text-editor.default\">\n\t\t\t\t<div class=\"elementor-widget-container\">\n\t\t\t\t\t\t\t\t\t<p>Cadeaubonnen moeten binnen 12 maanden na aankoop worden gebruikt. Het wordt aanbevolen om ten minste 3 dagen voor de show te bellen om te reserveren, zodat je zeker weet dat er plaats is. Reserveringen moeten voorafgaand aan de show worden gemaakt.  <\/p>\t\t\t\t\t\t\t\t<\/div>\n\t\t\t\t<\/div>\n\t\t\t\t<div class=\"elementor-element elementor-element-0777a1a elementor-align-left elementor-widget elementor-widget-button\" data-id=\"0777a1a\" data-element_type=\"widget\" data-e-type=\"widget\" data-widget_type=\"button.default\">\n\t\t\t\t<div class=\"elementor-widget-container\">\n\t\t\t\t\t\t\t\t\t<div class=\"elementor-button-wrapper\">\n\t\t\t\t\t<a class=\"elementor-button elementor-button-link elementor-size-sm\" href=\"https:\/\/show.flamencomalaga.com\/es\/837-espectaculo\/4945-regala-espectaculo?_gl=1*i4qpjn*_gcl_au*MTQ5NjM0Mjg0MC4xNzI1MjgzODAy*_ga*NTE2ODY5NTI1LjE3MjUyODM4MDI.*_ga_H7SCXQ5NMB*MTczMDM4Mzc1NS40Ni4xLjE3MzAzODM3ODMuMzIuMC4yMDQyNTYwMjYx\" target=\"_blank\">\n\t\t\t\t\t\t<span class=\"elementor-button-content-wrapper\">\n\t\t\t\t\t\t\t\t\t<span class=\"elementor-button-text\">RESERVE<\/span>\n\t\t\t\t\t<\/span>\n\t\t\t\t\t<\/a>\n\t\t\t\t<\/div>\n\t\t\t\t\t\t\t\t<\/div>\n\t\t\t\t<\/div>\n\t\t\t\t<\/div>\n\t\t\t\t\t<\/div>\n\t\t\t\t<\/div>\n\t\t\t\t<\/div>\n\t\t","protected":false},"excerpt":{"rendered":"<p>Geef een unieke ervaring cadeau: geef flamenco cadeau Nu kun je een flamencoshow met diner geven aan wie je maar wilt zonder een specifieke datum te hoeven kiezen; laat de ontvangers de datum en tijd kiezen die het beste in hun agenda passen. Als je niet weet wat je je ouders moet geven voor hun [&hellip;]<\/p>\n","protected":false},"author":8,"featured_media":0,"parent":0,"menu_order":0,"comment_status":"closed","ping_status":"closed","template":"","meta":{"_acf_changed":false,"footnotes":""},"class_list":["post-32245","page","type-page","status-publish","hentry"],"acf":[],"yoast_head":"<!-- This site is optimized with the Yoast SEO plugin v27.4 - https:\/\/yoast.com\/product\/yoast-seo-wordpress\/ -->\n<title>Geef een unieke ervaring cadeau | Alegr\u00eda Flamenco &amp; Gastronomie<\/title>\n<meta name=\"description\" content=\"Geef een unieke flamenco-ervaring cadeau. Ideaal voor jubilea, Kerstmis of speciale vieringen, het is het perfecte cadeau voor elke gelegenheid.\" \/>\n<meta name=\"robots\" content=\"index, follow, max-snippet:-1, max-image-preview:large, max-video-preview:-1\" \/>\n<link rel=\"canonical\" href=\"https:\/\/flamencomalaga.com\/nl\/geef-een-unieke-ervaring-cadeau-geef-flamenco-cadeau\/\" \/>\n<meta property=\"og:locale\" content=\"nl_NL\" \/>\n<meta property=\"og:type\" content=\"article\" \/>\n<meta property=\"og:title\" content=\"Geef een unieke ervaring cadeau | Alegr\u00eda Flamenco &amp; Gastronomie\" \/>\n<meta property=\"og:description\" content=\"Geef een unieke flamenco-ervaring cadeau. Ideaal voor jubilea, Kerstmis of speciale vieringen, het is het perfecte cadeau voor elke gelegenheid.\" \/>\n<meta property=\"og:url\" content=\"https:\/\/flamencomalaga.com\/nl\/geef-een-unieke-ervaring-cadeau-geef-flamenco-cadeau\/\" \/>\n<meta property=\"og:site_name\" content=\"Flamenco Alegr\u00eda\" \/>\n<meta property=\"article:publisher\" content=\"https:\/\/www.facebook.com\/alegriaflamencomalaga\/?locale=es_ES\" \/>\n<meta property=\"article:modified_time\" content=\"2025-06-26T14:59:43+00:00\" \/>\n<meta property=\"og:image\" content=\"https:\/\/flamencomalaga.com\/wp-content\/uploads\/2024\/07\/home-min-510x382-1.jpg?wsr\" \/>\n\t<meta property=\"og:image:width\" content=\"510\" \/>\n\t<meta property=\"og:image:height\" content=\"382\" \/>\n\t<meta property=\"og:image:type\" content=\"image\/jpeg\" \/>\n<meta name=\"twitter:card\" content=\"summary_large_image\" \/>\n<meta name=\"twitter:label1\" content=\"Geschatte leestijd\" \/>\n\t<meta name=\"twitter:data1\" content=\"2 minuut\" \/>\n<!-- \/ Yoast SEO plugin. -->","yoast_head_json":{"title":"Geef een unieke ervaring cadeau | Alegr\u00eda Flamenco & Gastronomie","description":"Geef een unieke flamenco-ervaring cadeau. Ideaal voor jubilea, Kerstmis of speciale vieringen, het is het perfecte cadeau voor elke gelegenheid.","robots":{"index":"index","follow":"follow","max-snippet":"max-snippet:-1","max-image-preview":"max-image-preview:large","max-video-preview":"max-video-preview:-1"},"canonical":"https:\/\/flamencomalaga.com\/nl\/geef-een-unieke-ervaring-cadeau-geef-flamenco-cadeau\/","og_locale":"nl_NL","og_type":"article","og_title":"Geef een unieke ervaring cadeau | Alegr\u00eda Flamenco & Gastronomie","og_description":"Geef een unieke flamenco-ervaring cadeau. Ideaal voor jubilea, Kerstmis of speciale vieringen, het is het perfecte cadeau voor elke gelegenheid.","og_url":"https:\/\/flamencomalaga.com\/nl\/geef-een-unieke-ervaring-cadeau-geef-flamenco-cadeau\/","og_site_name":"Flamenco Alegr\u00eda","article_publisher":"https:\/\/www.facebook.com\/alegriaflamencomalaga\/?locale=es_ES","article_modified_time":"2025-06-26T14:59:43+00:00","og_image":[{"width":510,"height":382,"url":"https:\/\/flamencomalaga.com\/wp-content\/uploads\/2024\/07\/home-min-510x382-1.jpg?wsr","type":"image\/jpeg"}],"twitter_card":"summary_large_image","twitter_misc":{"Geschatte leestijd":"2 minuut"},"schema":{"@context":"https:\/\/schema.org","@graph":[{"@type":"WebPage","@id":"https:\/\/flamencomalaga.com\/nl\/geef-een-unieke-ervaring-cadeau-geef-flamenco-cadeau\/","url":"https:\/\/flamencomalaga.com\/nl\/geef-een-unieke-ervaring-cadeau-geef-flamenco-cadeau\/","name":"Geef een unieke ervaring cadeau | Alegr\u00eda Flamenco & Gastronomie","isPartOf":{"@id":"https:\/\/flamencomalaga.com\/nl\/#website"},"datePublished":"2024-11-05T12:51:17+00:00","dateModified":"2025-06-26T14:59:43+00:00","description":"Geef een unieke flamenco-ervaring cadeau. Ideaal voor jubilea, Kerstmis of speciale vieringen, het is het perfecte cadeau voor elke gelegenheid.","breadcrumb":{"@id":"https:\/\/flamencomalaga.com\/nl\/geef-een-unieke-ervaring-cadeau-geef-flamenco-cadeau\/#breadcrumb"},"inLanguage":"nl-NL","potentialAction":[{"@type":"ReadAction","target":["https:\/\/flamencomalaga.com\/nl\/geef-een-unieke-ervaring-cadeau-geef-flamenco-cadeau\/"]}]},{"@type":"BreadcrumbList","@id":"https:\/\/flamencomalaga.com\/nl\/geef-een-unieke-ervaring-cadeau-geef-flamenco-cadeau\/#breadcrumb","itemListElement":[{"@type":"ListItem","position":1,"name":"Thuis","item":"https:\/\/flamencomalaga.com\/nl\/"},{"@type":"ListItem","position":2,"name":"Geef een unieke ervaring cadeau: geef flamenco cadeau"}]},{"@type":"WebSite","@id":"https:\/\/flamencomalaga.com\/nl\/#website","url":"https:\/\/flamencomalaga.com\/nl\/","name":"Flamenco Alegr\u00eda y Gastronomia","description":"","publisher":{"@id":"https:\/\/flamencomalaga.com\/nl\/#organization"},"alternateName":"Flamenco Alegr\u00eda","potentialAction":[{"@type":"SearchAction","target":{"@type":"EntryPoint","urlTemplate":"https:\/\/flamencomalaga.com\/nl\/?s={search_term_string}"},"query-input":{"@type":"PropertyValueSpecification","valueRequired":true,"valueName":"search_term_string"}}],"inLanguage":"nl-NL"},{"@type":"Organization","@id":"https:\/\/flamencomalaga.com\/nl\/#organization","name":"Flamenco Alegr\u00eda","alternateName":"Alegr\u00eda - Flamenco y Gastronom\u00eda","url":"https:\/\/flamencomalaga.com\/nl\/","logo":{"@type":"ImageObject","inLanguage":"nl-NL","@id":"https:\/\/flamencomalaga.com\/nl\/#\/schema\/logo\/image\/","url":"https:\/\/flamencomalaga.com\/wp-content\/uploads\/2024\/07\/flamenco-malaga_logo.png?wsr","contentUrl":"https:\/\/flamencomalaga.com\/wp-content\/uploads\/2024\/07\/flamenco-malaga_logo.png?wsr","width":166,"height":85,"caption":"Flamenco Alegr\u00eda"},"image":{"@id":"https:\/\/flamencomalaga.com\/nl\/#\/schema\/logo\/image\/"},"sameAs":["https:\/\/www.facebook.com\/alegriaflamencomalaga\/?locale=es_ES","https:\/\/www.instagram.com\/flamencomalagaalegria","https:\/\/www.tiktok.com\/@flamencomalaga"]}]}},"_links":{"self":[{"href":"https:\/\/flamencomalaga.com\/nl\/wp-json\/wp\/v2\/pages\/32245","targetHints":{"allow":["GET"]}}],"collection":[{"href":"https:\/\/flamencomalaga.com\/nl\/wp-json\/wp\/v2\/pages"}],"about":[{"href":"https:\/\/flamencomalaga.com\/nl\/wp-json\/wp\/v2\/types\/page"}],"author":[{"embeddable":true,"href":"https:\/\/flamencomalaga.com\/nl\/wp-json\/wp\/v2\/users\/8"}],"replies":[{"embeddable":true,"href":"https:\/\/flamencomalaga.com\/nl\/wp-json\/wp\/v2\/comments?post=32245"}],"version-history":[{"count":1,"href":"https:\/\/flamencomalaga.com\/nl\/wp-json\/wp\/v2\/pages\/32245\/revisions"}],"predecessor-version":[{"id":32263,"href":"https:\/\/flamencomalaga.com\/nl\/wp-json\/wp\/v2\/pages\/32245\/revisions\/32263"}],"wp:attachment":[{"href":"https:\/\/flamencomalaga.com\/nl\/wp-json\/wp\/v2\/media?parent=32245"}],"curies":[{"name":"wp","href":"https:\/\/api.w.org\/{rel}","templated":true}]}}