{"id":32018,"date":"2024-07-19T12:49:12","date_gmt":"2024-07-19T10:49:12","guid":{"rendered":"https:\/\/flamencomalaga.com\/cookies-beleid\/"},"modified":"2025-06-26T16:29:55","modified_gmt":"2025-06-26T14:29:55","slug":"cookies-beleid","status":"publish","type":"page","link":"https:\/\/flamencomalaga.com\/nl\/cookies-beleid\/","title":{"rendered":"Cookies beleid"},"content":{"rendered":"\t\t<div data-elementor-type=\"wp-page\" data-elementor-id=\"32018\" class=\"elementor elementor-32018 elementor-21028\" data-elementor-post-type=\"page\">\n\t\t\t\t<div class=\"elementor-element elementor-element-3683957d e-flex e-con-boxed e-con e-parent\" data-id=\"3683957d\" data-element_type=\"container\" data-e-type=\"container\">\n\t\t\t\t\t<div class=\"e-con-inner\">\n\t\t\t\t<div class=\"elementor-element elementor-element-c402dac elementor-widget elementor-widget-html\" data-id=\"c402dac\" data-element_type=\"widget\" data-e-type=\"widget\" data-widget_type=\"html.default\">\n\t\t\t\t<div class=\"elementor-widget-container\">\n\t\t\t\t\t<script id=\"CookieDeclaration\" src=\"https:\/\/consent.cookiebot.com\/ccb13dc2-846b-44fa-8a4e-7eb8b13af8f1\/cd.js\" type=\"text\/javascript\" async=\"\"><\/script>\t\t\t\t<\/div>\n\t\t\t\t<\/div>\n\t\t\t\t<div class=\"elementor-element elementor-element-69e63e28 elementor-widget elementor-widget-text-editor\" data-id=\"69e63e28\" data-element_type=\"widget\" data-e-type=\"widget\" data-widget_type=\"text-editor.default\">\n\t\t\t\t<div class=\"elementor-widget-container\">\n\t\t\t\t\t\t\t\t\t\n<p>Een cookie is een klein tekstbestand dat in uw browser wordt opgeslagen wanneer u een website bezoekt. Het nut ervan is dat de website uw bezoek kan onthouden wanneer u terugkeert om die pagina te bekijken. Cookies slaan meestal informatie op van technische aard, persoonlijke voorkeuren, personalisatie van inhoud, gebruiksstatistieken, links naar sociale netwerken, toegang tot gebruikersaccounts, enz. Het doel van de cookie is om de inhoud van de website aan te passen aan uw profiel en behoeften, zonder cookies zouden de diensten die door een pagina worden aangeboden aanzienlijk worden verminderd. Ga voor meer informatie over wat cookies zijn, wat ze opslaan, hoe u ze kunt verwijderen, uitschakelen, enz. naar <a href=\"https:\/\/support.google.com\/chrome\/answer\/95647?hl=es\" target=\"_blank\" rel=\"noreferrer noopener\">deze link<\/a>.    <\/p>\n\n<pre class=\"wp-block-code\"><code>&lt;script id=\"CookieDeclaration\" src=\"https:\/\/consent.cookiebot.com\/ccb13dc2-846b-44fa-8a4e-7eb8b13af8f1\/cd.js\" type=\"text\/javascript\" async=\"\"&gt;&lt;\/script&gt;<\/code><\/pre>\n\t\t\t\t\t\t\t\t<\/div>\n\t\t\t\t<\/div>\n\t\t\t\t\t<\/div>\n\t\t\t\t<\/div>\n\t\t\t\t<\/div>\n\t\t","protected":false},"excerpt":{"rendered":"<p>Een cookie is een klein tekstbestand dat in uw browser wordt opgeslagen wanneer u een website bezoekt. Het nut ervan is dat de website uw bezoek kan onthouden wanneer u terugkeert om die pagina te bekijken. Cookies slaan meestal informatie op van technische aard, persoonlijke voorkeuren, personalisatie van inhoud, gebruiksstatistieken, links naar sociale netwerken, toegang [&hellip;]<\/p>\n","protected":false},"author":8,"featured_media":0,"parent":0,"menu_order":0,"comment_status":"closed","ping_status":"closed","template":"","meta":{"_acf_changed":false,"footnotes":""},"class_list":["post-32018","page","type-page","status-publish","hentry"],"acf":[],"yoast_head":"<!-- This site is optimized with the Yoast SEO plugin v27.3 - https:\/\/yoast.com\/product\/yoast-seo-wordpress\/ -->\n<title>Cookies beleid | Flamenco Alegr\u00eda<\/title>\n<meta name=\"robots\" content=\"index, follow, max-snippet:-1, max-image-preview:large, max-video-preview:-1\" \/>\n<link rel=\"canonical\" href=\"https:\/\/flamencomalaga.com\/nl\/cookies-beleid\/\" \/>\n<meta property=\"og:locale\" content=\"nl_NL\" \/>\n<meta property=\"og:type\" content=\"article\" \/>\n<meta property=\"og:title\" content=\"Cookies beleid | Flamenco Alegr\u00eda\" \/>\n<meta property=\"og:description\" content=\"Een cookie is een klein tekstbestand dat in uw browser wordt opgeslagen wanneer u een website bezoekt. Het nut ervan is dat de website uw bezoek kan onthouden wanneer u terugkeert om die pagina te bekijken. Cookies slaan meestal informatie op van technische aard, persoonlijke voorkeuren, personalisatie van inhoud, gebruiksstatistieken, links naar sociale netwerken, toegang [&hellip;]\" \/>\n<meta property=\"og:url\" content=\"https:\/\/flamencomalaga.com\/nl\/cookies-beleid\/\" \/>\n<meta property=\"og:site_name\" content=\"Flamenco Alegr\u00eda\" \/>\n<meta property=\"article:publisher\" content=\"https:\/\/www.facebook.com\/alegriaflamencomalaga\/?locale=es_ES\" \/>\n<meta property=\"article:modified_time\" content=\"2025-06-26T14:29:55+00:00\" \/>\n<meta property=\"og:image\" content=\"https:\/\/flamencomalaga.com\/wp-content\/uploads\/2024\/07\/home-min-510x382-1.jpg?wsr\" \/>\n\t<meta property=\"og:image:width\" content=\"510\" \/>\n\t<meta property=\"og:image:height\" content=\"382\" \/>\n\t<meta property=\"og:image:type\" content=\"image\/jpeg\" \/>\n<meta name=\"twitter:card\" content=\"summary_large_image\" \/>\n<meta name=\"twitter:label1\" content=\"Geschatte leestijd\" \/>\n\t<meta name=\"twitter:data1\" content=\"1 minuut\" \/>\n<!-- \/ Yoast SEO plugin. -->","yoast_head_json":{"title":"Cookies beleid | Flamenco Alegr\u00eda","robots":{"index":"index","follow":"follow","max-snippet":"max-snippet:-1","max-image-preview":"max-image-preview:large","max-video-preview":"max-video-preview:-1"},"canonical":"https:\/\/flamencomalaga.com\/nl\/cookies-beleid\/","og_locale":"nl_NL","og_type":"article","og_title":"Cookies beleid | Flamenco Alegr\u00eda","og_description":"Een cookie is een klein tekstbestand dat in uw browser wordt opgeslagen wanneer u een website bezoekt. Het nut ervan is dat de website uw bezoek kan onthouden wanneer u terugkeert om die pagina te bekijken. Cookies slaan meestal informatie op van technische aard, persoonlijke voorkeuren, personalisatie van inhoud, gebruiksstatistieken, links naar sociale netwerken, toegang [&hellip;]","og_url":"https:\/\/flamencomalaga.com\/nl\/cookies-beleid\/","og_site_name":"Flamenco Alegr\u00eda","article_publisher":"https:\/\/www.facebook.com\/alegriaflamencomalaga\/?locale=es_ES","article_modified_time":"2025-06-26T14:29:55+00:00","og_image":[{"width":510,"height":382,"url":"https:\/\/flamencomalaga.com\/wp-content\/uploads\/2024\/07\/home-min-510x382-1.jpg?wsr","type":"image\/jpeg"}],"twitter_card":"summary_large_image","twitter_misc":{"Geschatte leestijd":"1 minuut"},"schema":{"@context":"https:\/\/schema.org","@graph":[{"@type":"WebPage","@id":"https:\/\/flamencomalaga.com\/nl\/cookies-beleid\/","url":"https:\/\/flamencomalaga.com\/nl\/cookies-beleid\/","name":"Cookies beleid | Flamenco Alegr\u00eda","isPartOf":{"@id":"https:\/\/flamencomalaga.com\/nl\/#website"},"datePublished":"2024-07-19T10:49:12+00:00","dateModified":"2025-06-26T14:29:55+00:00","breadcrumb":{"@id":"https:\/\/flamencomalaga.com\/nl\/cookies-beleid\/#breadcrumb"},"inLanguage":"nl-NL","potentialAction":[{"@type":"ReadAction","target":["https:\/\/flamencomalaga.com\/nl\/cookies-beleid\/"]}]},{"@type":"BreadcrumbList","@id":"https:\/\/flamencomalaga.com\/nl\/cookies-beleid\/#breadcrumb","itemListElement":[{"@type":"ListItem","position":1,"name":"Thuis","item":"https:\/\/flamencomalaga.com\/nl\/"},{"@type":"ListItem","position":2,"name":"Cookies beleid"}]},{"@type":"WebSite","@id":"https:\/\/flamencomalaga.com\/nl\/#website","url":"https:\/\/flamencomalaga.com\/nl\/","name":"Flamenco Alegr\u00eda y Gastronomia","description":"","publisher":{"@id":"https:\/\/flamencomalaga.com\/nl\/#organization"},"alternateName":"Flamenco Alegr\u00eda","potentialAction":[{"@type":"SearchAction","target":{"@type":"EntryPoint","urlTemplate":"https:\/\/flamencomalaga.com\/nl\/?s={search_term_string}"},"query-input":{"@type":"PropertyValueSpecification","valueRequired":true,"valueName":"search_term_string"}}],"inLanguage":"nl-NL"},{"@type":"Organization","@id":"https:\/\/flamencomalaga.com\/nl\/#organization","name":"Flamenco Alegr\u00eda","alternateName":"Alegr\u00eda - Flamenco y Gastronom\u00eda","url":"https:\/\/flamencomalaga.com\/nl\/","logo":{"@type":"ImageObject","inLanguage":"nl-NL","@id":"https:\/\/flamencomalaga.com\/nl\/#\/schema\/logo\/image\/","url":"https:\/\/flamencomalaga.com\/wp-content\/uploads\/2024\/07\/flamenco-malaga_logo.png?wsr","contentUrl":"https:\/\/flamencomalaga.com\/wp-content\/uploads\/2024\/07\/flamenco-malaga_logo.png?wsr","width":166,"height":85,"caption":"Flamenco Alegr\u00eda"},"image":{"@id":"https:\/\/flamencomalaga.com\/nl\/#\/schema\/logo\/image\/"},"sameAs":["https:\/\/www.facebook.com\/alegriaflamencomalaga\/?locale=es_ES","https:\/\/www.instagram.com\/flamencomalagaalegria","https:\/\/www.tiktok.com\/@flamencomalaga"]}]}},"_links":{"self":[{"href":"https:\/\/flamencomalaga.com\/nl\/wp-json\/wp\/v2\/pages\/32018","targetHints":{"allow":["GET"]}}],"collection":[{"href":"https:\/\/flamencomalaga.com\/nl\/wp-json\/wp\/v2\/pages"}],"about":[{"href":"https:\/\/flamencomalaga.com\/nl\/wp-json\/wp\/v2\/types\/page"}],"author":[{"embeddable":true,"href":"https:\/\/flamencomalaga.com\/nl\/wp-json\/wp\/v2\/users\/8"}],"replies":[{"embeddable":true,"href":"https:\/\/flamencomalaga.com\/nl\/wp-json\/wp\/v2\/comments?post=32018"}],"version-history":[{"count":1,"href":"https:\/\/flamencomalaga.com\/nl\/wp-json\/wp\/v2\/pages\/32018\/revisions"}],"predecessor-version":[{"id":32019,"href":"https:\/\/flamencomalaga.com\/nl\/wp-json\/wp\/v2\/pages\/32018\/revisions\/32019"}],"wp:attachment":[{"href":"https:\/\/flamencomalaga.com\/nl\/wp-json\/wp\/v2\/media?parent=32018"}],"curies":[{"name":"wp","href":"https:\/\/api.w.org\/{rel}","templated":true}]}}