{"id":31968,"date":"2024-07-29T12:04:46","date_gmt":"2024-07-29T10:04:46","guid":{"rendered":"https:\/\/flamencomalaga.com\/kunstenaars\/"},"modified":"2025-06-26T16:59:43","modified_gmt":"2025-06-26T14:59:43","slug":"kunstenaars","status":"publish","type":"page","link":"https:\/\/flamencomalaga.com\/nl\/kunstenaars\/","title":{"rendered":"Kunstenaars"},"content":{"rendered":"\t\t<div data-elementor-type=\"wp-page\" data-elementor-id=\"31968\" class=\"elementor elementor-31968 elementor-22609\" data-elementor-post-type=\"page\">\n\t\t\t\t<div class=\"elementor-element elementor-element-78b04747 e-flex e-con-boxed e-con e-parent\" data-id=\"78b04747\" data-element_type=\"container\" data-e-type=\"container\" data-settings=\"{&quot;background_background&quot;:&quot;classic&quot;}\">\n\t\t\t\t\t<div class=\"e-con-inner\">\n\t\t<div class=\"elementor-element elementor-element-1f92a5cc e-con-full e-flex e-con e-child\" data-id=\"1f92a5cc\" data-element_type=\"container\" data-e-type=\"container\">\n\t\t\t\t<div class=\"elementor-element elementor-element-6887377c elementor-widget elementor-widget-heading\" data-id=\"6887377c\" data-element_type=\"widget\" data-e-type=\"widget\" data-widget_type=\"heading.default\">\n\t\t\t\t<div class=\"elementor-widget-container\">\n\t\t\t\t\t<h1 class=\"elementor-heading-title elementor-size-default\">Kunstenaars<\/h1>\t\t\t\t<\/div>\n\t\t\t\t<\/div>\n\t\t\t\t<div class=\"elementor-element elementor-element-28da87cc elementor-widget elementor-widget-text-editor\" data-id=\"28da87cc\" data-element_type=\"widget\" data-e-type=\"widget\" data-widget_type=\"text-editor.default\">\n\t\t\t\t<div class=\"elementor-widget-container\">\n\t\t\t\t\t\t\t\t\t<p><strong>Elke week een andere show<\/strong><\/p>\t\t\t\t\t\t\t\t<\/div>\n\t\t\t\t<\/div>\n\t\t\t\t<div class=\"elementor-element elementor-element-2b1e5ed3 elementor-widget elementor-widget-text-editor\" data-id=\"2b1e5ed3\" data-element_type=\"widget\" data-e-type=\"widget\" data-widget_type=\"text-editor.default\">\n\t\t\t\t<div class=\"elementor-widget-container\">\n\t\t\t\t\t\t\t\t\t<p><strong>Eersteklas<\/strong> artiesten van <strong>nationale en internationale faam<\/strong> die je de essentie van elke flamencopalo laten zien. <strong>Alegria Flamenco y Gastronom\u00eda<\/strong> is een onvergetelijke ervaring vol emotie.<\/p>\t\t\t\t\t\t\t\t<\/div>\n\t\t\t\t<\/div>\n\t\t\t\t<\/div>\n\t\t<div class=\"elementor-element elementor-element-3b80e61a e-con-full e-flex e-con e-child\" data-id=\"3b80e61a\" data-element_type=\"container\" data-e-type=\"container\">\n\t\t\t\t<div class=\"elementor-element elementor-element-5e0299ba elementor-align-center elementor-mobile-align-justify elementor-hidden-desktop elementor-hidden-laptop elementor-hidden-tablet elementor-widget elementor-widget-button\" data-id=\"5e0299ba\" data-element_type=\"widget\" data-e-type=\"widget\" data-widget_type=\"button.default\">\n\t\t\t\t<div class=\"elementor-widget-container\">\n\t\t\t\t\t\t\t\t\t<div class=\"elementor-button-wrapper\">\n\t\t\t\t\t<a class=\"elementor-button elementor-button-link elementor-size-sm\" href=\"https:\/\/show.flamencomalaga.com\/es\/?_gl=1*8rpcbx*_gcl_au*MjE0NDA2MTI4LjE3MjE3MjAxNDA.*_ga*ODg0NzQyMjY2LjE3MjE3MjAxNDA.*_ga_H7SCXQ5NMB*MTcyMTcyMDE0MC4xLjEuMTcyMTcyMTQ1OS4zMS4wLjA.\" target=\"_blank\">\n\t\t\t\t\t\t<span class=\"elementor-button-content-wrapper\">\n\t\t\t\t\t\t<span class=\"elementor-button-icon\">\n\t\t\t\t<svg aria-hidden=\"true\" class=\"e-font-icon-svg e-fas-ticket-alt\" viewBox=\"0 0 576 512\" xmlns=\"http:\/\/www.w3.org\/2000\/svg\"><path d=\"M128 160h320v192H128V160zm400 96c0 26.51 21.49 48 48 48v96c0 26.51-21.49 48-48 48H48c-26.51 0-48-21.49-48-48v-96c26.51 0 48-21.49 48-48s-21.49-48-48-48v-96c0-26.51 21.49-48 48-48h480c26.51 0 48 21.49 48 48v96c-26.51 0-48 21.49-48 48zm-48-104c0-13.255-10.745-24-24-24H120c-13.255 0-24 10.745-24 24v208c0 13.255 10.745 24 24 24h336c13.255 0 24-10.745 24-24V152z\"><\/path><\/svg>\t\t\t<\/span>\n\t\t\t\t\t\t\t\t\t<span class=\"elementor-button-text\">NU KOPEN<\/span>\n\t\t\t\t\t<\/span>\n\t\t\t\t\t<\/a>\n\t\t\t\t<\/div>\n\t\t\t\t\t\t\t\t<\/div>\n\t\t\t\t<\/div>\n\t\t\t\t<\/div>\n\t\t\t\t\t<\/div>\n\t\t\t\t<\/div>\n\t\t<div class=\"elementor-element elementor-element-641c66d9 e-flex e-con-boxed e-con e-parent\" data-id=\"641c66d9\" data-element_type=\"container\" data-e-type=\"container\">\n\t\t\t\t\t<div class=\"e-con-inner\">\n\t\t\t\t<div class=\"elementor-element elementor-element-1a41162f elementor-widget elementor-widget-heading\" data-id=\"1a41162f\" data-element_type=\"widget\" data-e-type=\"widget\" data-widget_type=\"heading.default\">\n\t\t\t\t<div class=\"elementor-widget-container\">\n\t\t\t\t\t<h2 class=\"elementor-heading-title elementor-size-default\">Cast van artiesten<\/h2>\t\t\t\t<\/div>\n\t\t\t\t<\/div>\n\t\t<div class=\"elementor-element elementor-element-30f03d71 e-con-full e-flex e-con e-child\" data-id=\"30f03d71\" data-element_type=\"container\" data-e-type=\"container\">\n\t\t\t\t<div class=\"elementor-element elementor-element-3a89ea9c elementor-widget elementor-widget-text-editor\" data-id=\"3a89ea9c\" data-element_type=\"widget\" data-e-type=\"widget\" data-widget_type=\"text-editor.default\">\n\t\t\t\t<div class=\"elementor-widget-container\">\n\t\t\t\t\t\t\t\t\tVerwen je ogen met de hypnotiserende beweging van de volants, de emotie van de &#8220;quej\u00edos&#8221; en de vibratie van de gitaar terwijl de dansers over het podium hobbelen op het ritme van &#8220;malague\u00f1as&#8221;, &#8220;sole\u00e1s&#8221;, &#8220;buler\u00edas&#8221; en &#8220;seguiriyas&#8221;. En niet te vergeten de &#8220;jaleo&#8221; en het geklap dat in geen enkele voorstelling ontbreekt. \t\t\t\t\t\t\t\t<\/div>\n\t\t\t\t<\/div>\n\t\t\t\t<\/div>\n\t\t<div class=\"elementor-element elementor-element-32d73b28 e-con-full e-flex e-con e-child\" data-id=\"32d73b28\" data-element_type=\"container\" data-e-type=\"container\">\n\t\t\t\t<div class=\"elementor-element elementor-element-70fcfb1 elementor-grid-3 elementor-grid-tablet-2 elementor-grid-mobile-1 elementor-widget elementor-widget-loop-grid\" data-id=\"70fcfb1\" data-element_type=\"widget\" data-e-type=\"widget\" data-settings=\"{&quot;template_id&quot;:21748,&quot;_skin&quot;:&quot;post&quot;,&quot;columns&quot;:&quot;3&quot;,&quot;columns_tablet&quot;:&quot;2&quot;,&quot;columns_mobile&quot;:&quot;1&quot;,&quot;edit_handle_selector&quot;:&quot;[data-elementor-type=\\&quot;loop-item\\&quot;]&quot;,&quot;row_gap&quot;:{&quot;unit&quot;:&quot;px&quot;,&quot;size&quot;:&quot;&quot;,&quot;sizes&quot;:[]},&quot;row_gap_laptop&quot;:{&quot;unit&quot;:&quot;px&quot;,&quot;size&quot;:&quot;&quot;,&quot;sizes&quot;:[]},&quot;row_gap_tablet&quot;:{&quot;unit&quot;:&quot;px&quot;,&quot;size&quot;:&quot;&quot;,&quot;sizes&quot;:[]},&quot;row_gap_mobile&quot;:{&quot;unit&quot;:&quot;px&quot;,&quot;size&quot;:&quot;&quot;,&quot;sizes&quot;:[]}}\" data-widget_type=\"loop-grid.post\">\n\t\t\t\t<div class=\"elementor-widget-container\">\n\t\t\t\t\t\t\t<div class=\"e-loop-nothing-found-message\">\n\t\t<\/div>\n\t\t\t\t\t\t<\/div>\n\t\t\t\t<\/div>\n\t\t\t\t<\/div>\n\t\t\t\t\t<\/div>\n\t\t\t\t<\/div>\n\t\t\t\t<\/div>\n\t\t","protected":false},"excerpt":{"rendered":"<p>Kunstenaars Elke week een andere show Eersteklas artiesten van nationale en internationale faam die je de essentie van elke flamencopalo laten zien. Alegria Flamenco y Gastronom\u00eda is een onvergetelijke ervaring vol emotie. NU KOPEN Cast van artiesten Verwen je ogen met de hypnotiserende beweging van de volants, de emotie van de &#8220;quej\u00edos&#8221; en de vibratie [&hellip;]<\/p>\n","protected":false},"author":8,"featured_media":0,"parent":0,"menu_order":0,"comment_status":"closed","ping_status":"closed","template":"","meta":{"_acf_changed":false,"footnotes":""},"class_list":["post-31968","page","type-page","status-publish","hentry"],"acf":[],"yoast_head":"<!-- This site is optimized with the Yoast SEO plugin v27.3 - https:\/\/yoast.com\/product\/yoast-seo-wordpress\/ -->\n<title>Flamenco kunstenaars in M\u00e1laga - Alegr\u00eda<\/title>\n<meta name=\"description\" content=\"Ontmoet nationale en internationale topartiesten die je de essentie en natuurlijkheid van Flamenco laten zien. Bezoek ons!\" \/>\n<meta name=\"robots\" content=\"index, follow, max-snippet:-1, max-image-preview:large, max-video-preview:-1\" \/>\n<link rel=\"canonical\" href=\"https:\/\/flamencomalaga.com\/nl\/kunstenaars\/\" \/>\n<meta property=\"og:locale\" content=\"nl_NL\" \/>\n<meta property=\"og:type\" content=\"article\" \/>\n<meta property=\"og:title\" content=\"Flamenco kunstenaars in M\u00e1laga - Alegr\u00eda\" \/>\n<meta property=\"og:description\" content=\"Ontmoet nationale en internationale topartiesten die je de essentie en natuurlijkheid van Flamenco laten zien. Bezoek ons!\" \/>\n<meta property=\"og:url\" content=\"https:\/\/flamencomalaga.com\/nl\/kunstenaars\/\" \/>\n<meta property=\"og:site_name\" content=\"Flamenco Alegr\u00eda\" \/>\n<meta property=\"article:publisher\" content=\"https:\/\/www.facebook.com\/alegriaflamencomalaga\/?locale=es_ES\" \/>\n<meta property=\"article:modified_time\" content=\"2025-06-26T14:59:43+00:00\" \/>\n<meta property=\"og:image\" content=\"https:\/\/flamencomalaga.com\/wp-content\/uploads\/2024\/07\/home-min-510x382-1.jpg?wsr\" \/>\n\t<meta property=\"og:image:width\" content=\"510\" \/>\n\t<meta property=\"og:image:height\" content=\"382\" \/>\n\t<meta property=\"og:image:type\" content=\"image\/jpeg\" \/>\n<meta name=\"twitter:card\" content=\"summary_large_image\" \/>\n<!-- \/ Yoast SEO plugin. -->","yoast_head_json":{"title":"Flamenco kunstenaars in M\u00e1laga - Alegr\u00eda","description":"Ontmoet nationale en internationale topartiesten die je de essentie en natuurlijkheid van Flamenco laten zien. Bezoek ons!","robots":{"index":"index","follow":"follow","max-snippet":"max-snippet:-1","max-image-preview":"max-image-preview:large","max-video-preview":"max-video-preview:-1"},"canonical":"https:\/\/flamencomalaga.com\/nl\/kunstenaars\/","og_locale":"nl_NL","og_type":"article","og_title":"Flamenco kunstenaars in M\u00e1laga - Alegr\u00eda","og_description":"Ontmoet nationale en internationale topartiesten die je de essentie en natuurlijkheid van Flamenco laten zien. Bezoek ons!","og_url":"https:\/\/flamencomalaga.com\/nl\/kunstenaars\/","og_site_name":"Flamenco Alegr\u00eda","article_publisher":"https:\/\/www.facebook.com\/alegriaflamencomalaga\/?locale=es_ES","article_modified_time":"2025-06-26T14:59:43+00:00","og_image":[{"width":510,"height":382,"url":"https:\/\/flamencomalaga.com\/wp-content\/uploads\/2024\/07\/home-min-510x382-1.jpg?wsr","type":"image\/jpeg"}],"twitter_card":"summary_large_image","schema":{"@context":"https:\/\/schema.org","@graph":[{"@type":"WebPage","@id":"https:\/\/flamencomalaga.com\/nl\/kunstenaars\/","url":"https:\/\/flamencomalaga.com\/nl\/kunstenaars\/","name":"Flamenco kunstenaars in M\u00e1laga - Alegr\u00eda","isPartOf":{"@id":"https:\/\/flamencomalaga.com\/nl\/#website"},"datePublished":"2024-07-29T10:04:46+00:00","dateModified":"2025-06-26T14:59:43+00:00","description":"Ontmoet nationale en internationale topartiesten die je de essentie en natuurlijkheid van Flamenco laten zien. Bezoek ons!","breadcrumb":{"@id":"https:\/\/flamencomalaga.com\/nl\/kunstenaars\/#breadcrumb"},"inLanguage":"nl-NL","potentialAction":[{"@type":"ReadAction","target":["https:\/\/flamencomalaga.com\/nl\/kunstenaars\/"]}]},{"@type":"BreadcrumbList","@id":"https:\/\/flamencomalaga.com\/nl\/kunstenaars\/#breadcrumb","itemListElement":[{"@type":"ListItem","position":1,"name":"Thuis","item":"https:\/\/flamencomalaga.com\/nl\/"},{"@type":"ListItem","position":2,"name":"Kunstenaars"}]},{"@type":"WebSite","@id":"https:\/\/flamencomalaga.com\/nl\/#website","url":"https:\/\/flamencomalaga.com\/nl\/","name":"Flamenco Alegr\u00eda y Gastronomia","description":"","publisher":{"@id":"https:\/\/flamencomalaga.com\/nl\/#organization"},"alternateName":"Flamenco Alegr\u00eda","potentialAction":[{"@type":"SearchAction","target":{"@type":"EntryPoint","urlTemplate":"https:\/\/flamencomalaga.com\/nl\/?s={search_term_string}"},"query-input":{"@type":"PropertyValueSpecification","valueRequired":true,"valueName":"search_term_string"}}],"inLanguage":"nl-NL"},{"@type":"Organization","@id":"https:\/\/flamencomalaga.com\/nl\/#organization","name":"Flamenco Alegr\u00eda","alternateName":"Alegr\u00eda - Flamenco y Gastronom\u00eda","url":"https:\/\/flamencomalaga.com\/nl\/","logo":{"@type":"ImageObject","inLanguage":"nl-NL","@id":"https:\/\/flamencomalaga.com\/nl\/#\/schema\/logo\/image\/","url":"https:\/\/flamencomalaga.com\/wp-content\/uploads\/2024\/07\/flamenco-malaga_logo.png?wsr","contentUrl":"https:\/\/flamencomalaga.com\/wp-content\/uploads\/2024\/07\/flamenco-malaga_logo.png?wsr","width":166,"height":85,"caption":"Flamenco Alegr\u00eda"},"image":{"@id":"https:\/\/flamencomalaga.com\/nl\/#\/schema\/logo\/image\/"},"sameAs":["https:\/\/www.facebook.com\/alegriaflamencomalaga\/?locale=es_ES","https:\/\/www.instagram.com\/flamencomalagaalegria","https:\/\/www.tiktok.com\/@flamencomalaga"]}]}},"_links":{"self":[{"href":"https:\/\/flamencomalaga.com\/nl\/wp-json\/wp\/v2\/pages\/31968","targetHints":{"allow":["GET"]}}],"collection":[{"href":"https:\/\/flamencomalaga.com\/nl\/wp-json\/wp\/v2\/pages"}],"about":[{"href":"https:\/\/flamencomalaga.com\/nl\/wp-json\/wp\/v2\/types\/page"}],"author":[{"embeddable":true,"href":"https:\/\/flamencomalaga.com\/nl\/wp-json\/wp\/v2\/users\/8"}],"replies":[{"embeddable":true,"href":"https:\/\/flamencomalaga.com\/nl\/wp-json\/wp\/v2\/comments?post=31968"}],"version-history":[{"count":1,"href":"https:\/\/flamencomalaga.com\/nl\/wp-json\/wp\/v2\/pages\/31968\/revisions"}],"predecessor-version":[{"id":31971,"href":"https:\/\/flamencomalaga.com\/nl\/wp-json\/wp\/v2\/pages\/31968\/revisions\/31971"}],"wp:attachment":[{"href":"https:\/\/flamencomalaga.com\/nl\/wp-json\/wp\/v2\/media?parent=31968"}],"curies":[{"name":"wp","href":"https:\/\/api.w.org\/{rel}","templated":true}]}}