{"id":31965,"date":"2024-10-31T09:53:48","date_gmt":"2024-10-31T08:53:48","guid":{"rendered":"https:\/\/flamencomalaga.com\/hoe-kom-ik-bij-alegria-flamenco-gastronomie\/"},"modified":"2025-06-26T16:29:37","modified_gmt":"2025-06-26T14:29:37","slug":"hoe-kom-ik-bij-alegria-flamenco-gastronomie","status":"publish","type":"page","link":"https:\/\/flamencomalaga.com\/nl\/hoe-kom-ik-bij-alegria-flamenco-gastronomie\/","title":{"rendered":"Hoe kom ik bij Alegr\u00eda Flamenco &amp; Gastronomie?"},"content":{"rendered":"\t\t<div data-elementor-type=\"wp-page\" data-elementor-id=\"31965\" class=\"elementor elementor-31965 elementor-29392\" data-elementor-post-type=\"page\">\n\t\t\t\t<div class=\"elementor-element elementor-element-2139652 e-flex e-con-boxed e-con e-parent\" data-id=\"2139652\" data-element_type=\"container\" data-e-type=\"container\" data-settings=\"{&quot;background_background&quot;:&quot;classic&quot;}\">\n\t\t\t\t\t<div class=\"e-con-inner\">\n\t\t<div class=\"elementor-element elementor-element-a51b954 e-con-full e-flex e-con e-child\" data-id=\"a51b954\" data-element_type=\"container\" data-e-type=\"container\">\n\t\t\t\t<div class=\"elementor-element elementor-element-c3c7328 elementor-widget elementor-widget-heading\" data-id=\"c3c7328\" data-element_type=\"widget\" data-e-type=\"widget\" data-widget_type=\"heading.default\">\n\t\t\t\t<div class=\"elementor-widget-container\">\n\t\t\t\t\t<h1 class=\"elementor-heading-title elementor-size-default\">Hoe kom ik bij Alegr\u00eda Flamenco &amp; Gastronomie?<\/h1>\t\t\t\t<\/div>\n\t\t\t\t<\/div>\n\t\t\t\t<\/div>\n\t\t\t\t\t<\/div>\n\t\t\t\t<\/div>\n\t\t<div class=\"elementor-element elementor-element-53b7e8e e-flex e-con-boxed e-con e-parent\" data-id=\"53b7e8e\" data-element_type=\"container\" data-e-type=\"container\" data-settings=\"{&quot;background_background&quot;:&quot;classic&quot;}\">\n\t\t\t\t\t<div class=\"e-con-inner\">\n\t\t\t\t<div class=\"elementor-element elementor-element-b86121b elementor-widget elementor-widget-text-editor\" data-id=\"b86121b\" data-element_type=\"widget\" data-e-type=\"widget\" data-widget_type=\"text-editor.default\">\n\t\t\t\t<div class=\"elementor-widget-container\">\n\t\t\t\t\t\t\t\t\tAlegr\u00eda Flamenco &amp; Gastronom\u00eda ligt aan Calle V\u00e9lez M\u00e1laga, 6, 29016 M\u00e1laga, in het hart van de stad. Het ligt op slechts een paar minuten van het historische centrum en heeft een terras met uitzicht op het Centre Pompidou. We geven je een routebeschrijving naar bezienswaardigheden in de buurt, zodat je ons gemakkelijk kunt vinden:  \n\t\t\t\t\t\t\t\t<\/div>\n\t\t\t\t<\/div>\n\t\t\t\t\t<\/div>\n\t\t\t\t<\/div>\n\t\t<div class=\"elementor-element elementor-element-18d1caf e-flex e-con-boxed e-con e-parent\" data-id=\"18d1caf\" data-element_type=\"container\" data-e-type=\"container\" data-settings=\"{&quot;background_background&quot;:&quot;classic&quot;}\">\n\t\t\t\t\t<div class=\"e-con-inner\">\n\t\t<div class=\"elementor-element elementor-element-522e493 e-con-full e-flex e-con e-child\" data-id=\"522e493\" data-element_type=\"container\" data-e-type=\"container\">\n\t\t\t\t<div class=\"elementor-element elementor-element-8527b8b elementor-widget elementor-widget-google_maps\" data-id=\"8527b8b\" data-element_type=\"widget\" data-e-type=\"widget\" data-widget_type=\"google_maps.default\">\n\t\t\t\t<div class=\"elementor-widget-container\">\n\t\t\t\t\t\t\t<div class=\"elementor-custom-embed\">\n\t\t\t<iframe loading=\"lazy\"\n\t\t\t\t\tsrc=\"https:\/\/maps.google.com\/maps?q=C.%20V%C3%A9lez%20M%C3%A1laga%2C%206%2C%20M%C3%A1laga-Este%2C%2029016%20M%C3%A1laga&#038;t=m&#038;z=14&#038;output=embed&#038;iwloc=near\"\n\t\t\t\t\ttitle=\"C. V\u00e9lez M\u00e1laga, 6, M\u00e1laga-Este, 29016 M\u00e1laga\"\n\t\t\t\t\taria-label=\"C. V\u00e9lez M\u00e1laga, 6, M\u00e1laga-Este, 29016 M\u00e1laga\"\n\t\t\t><\/iframe>\n\t\t<\/div>\n\t\t\t\t\t\t<\/div>\n\t\t\t\t<\/div>\n\t\t\t\t<\/div>\n\t\t<div class=\"elementor-element elementor-element-9f091da e-con-full e-flex e-con e-child\" data-id=\"9f091da\" data-element_type=\"container\" data-e-type=\"container\">\n\t\t\t\t<div class=\"elementor-element elementor-element-fabf7cd elementor-widget elementor-widget-heading\" data-id=\"fabf7cd\" data-element_type=\"widget\" data-e-type=\"widget\" data-widget_type=\"heading.default\">\n\t\t\t\t<div class=\"elementor-widget-container\">\n\t\t\t\t\t<p class=\"elementor-heading-title elementor-size-default\">Vanaf Pier One\/Centre Pompidou (2 minuten lopen):  \n<\/p>\t\t\t\t<\/div>\n\t\t\t\t<\/div>\n\t\t\t\t<div class=\"elementor-element elementor-element-4f3dd4d elementor-widget elementor-widget-text-editor\" data-id=\"4f3dd4d\" data-element_type=\"widget\" data-e-type=\"widget\" data-widget_type=\"text-editor.default\">\n\t\t\t\t<div class=\"elementor-widget-container\">\n\t\t\t\t\t\t\t\t\t<ol><li style=\"font-weight: 400;\" aria-level=\"2\"><span style=\"font-weight: 400;\">Ga rechtdoor naar Calle V\u00e9lez M\u00e1laga, nummer 6.  <\/span><\/li><\/ol>\t\t\t\t\t\t\t\t<\/div>\n\t\t\t\t<\/div>\n\t\t\t\t<div class=\"elementor-element elementor-element-e7b67a2 elementor-widget elementor-widget-heading\" data-id=\"e7b67a2\" data-element_type=\"widget\" data-e-type=\"widget\" data-widget_type=\"heading.default\">\n\t\t\t\t<div class=\"elementor-widget-container\">\n\t\t\t\t\t<p class=\"elementor-heading-title elementor-size-default\">Vanaf de Plaza de Toros (5 minuten lopen):<\/p>\t\t\t\t<\/div>\n\t\t\t\t<\/div>\n\t\t\t\t<div class=\"elementor-element elementor-element-0077f16 elementor-widget elementor-widget-text-editor\" data-id=\"0077f16\" data-element_type=\"widget\" data-e-type=\"widget\" data-widget_type=\"text-editor.default\">\n\t\t\t\t<div class=\"elementor-widget-container\">\n\t\t\t\t\t\t\t\t\t<ol><li><span style=\"font-weight: 400;\">Ga richting Calle Maestranza en steek Calle C\u00e1novas del Castillo over.<\/span><\/li><li style=\"font-weight: 400;\" aria-level=\"2\"><span style=\"font-weight: 400;\">Vanaf daar sla je rechtsaf om onze tablao te vinden aan de Calle V\u00e9lez M\u00e1laga, 6.<\/span><\/li><\/ol>\t\t\t\t\t\t\t\t<\/div>\n\t\t\t\t<\/div>\n\t\t\t\t<div class=\"elementor-element elementor-element-d41b991 elementor-widget elementor-widget-heading\" data-id=\"d41b991\" data-element_type=\"widget\" data-e-type=\"widget\" data-widget_type=\"heading.default\">\n\t\t\t\t<div class=\"elementor-widget-container\">\n\t\t\t\t\t<p class=\"elementor-heading-title elementor-size-default\">Om je auto te parkeren, Parkeergarage Muelle Uno\n<\/p>\t\t\t\t<\/div>\n\t\t\t\t<\/div>\n\t\t\t\t<div class=\"elementor-element elementor-element-3079cb3 elementor-widget elementor-widget-text-editor\" data-id=\"3079cb3\" data-element_type=\"widget\" data-e-type=\"widget\" data-widget_type=\"text-editor.default\">\n\t\t\t\t<div class=\"elementor-widget-container\">\n\t\t\t\t\t\t\t\t\t<ol><li style=\"font-weight: 400;\" aria-level=\"2\"><span style=\"font-weight: 400;\">De dichtstbijzijnde parkeergarage bevindt zich bij Muelle Uno, met ingangen bij Paseo de los Curas en Paseo de la Farola.<\/span><\/li><\/ol>\t\t\t\t\t\t\t\t<\/div>\n\t\t\t\t<\/div>\n\t\t\t\t<\/div>\n\t\t\t\t\t<\/div>\n\t\t\t\t<\/div>\n\t\t\t\t<\/div>\n\t\t","protected":false},"excerpt":{"rendered":"<p>Hoe kom ik bij Alegr\u00eda Flamenco &amp; Gastronomie? Alegr\u00eda Flamenco &amp; Gastronom\u00eda ligt aan Calle V\u00e9lez M\u00e1laga, 6, 29016 M\u00e1laga, in het hart van de stad. Het ligt op slechts een paar minuten van het historische centrum en heeft een terras met uitzicht op het Centre Pompidou. We geven je een routebeschrijving naar bezienswaardigheden in [&hellip;]<\/p>\n","protected":false},"author":8,"featured_media":0,"parent":0,"menu_order":0,"comment_status":"closed","ping_status":"closed","template":"","meta":{"_acf_changed":false,"footnotes":""},"class_list":["post-31965","page","type-page","status-publish","hentry"],"acf":[],"yoast_head":"<!-- This site is optimized with the Yoast SEO plugin v27.3 - https:\/\/yoast.com\/product\/yoast-seo-wordpress\/ -->\n<title>Routebeschrijving naar onze tablao | Alegr\u00eda Flamenco &amp; Gastronomie<\/title>\n<meta name=\"description\" content=\"Alegr\u00eda Flamenco ligt in het hart van de stad, op tien minuten van het historische centrum. Ontdek hoe je er komt met deze routebeschrijving.\" \/>\n<meta name=\"robots\" content=\"index, follow, max-snippet:-1, max-image-preview:large, max-video-preview:-1\" \/>\n<link rel=\"canonical\" href=\"https:\/\/flamencomalaga.com\/nl\/hoe-kom-ik-bij-alegria-flamenco-gastronomie\/\" \/>\n<meta property=\"og:locale\" content=\"nl_NL\" \/>\n<meta property=\"og:type\" content=\"article\" \/>\n<meta property=\"og:title\" content=\"Routebeschrijving naar onze tablao | Alegr\u00eda Flamenco &amp; Gastronomie\" \/>\n<meta property=\"og:description\" content=\"Alegr\u00eda Flamenco ligt in het hart van de stad, op tien minuten van het historische centrum. Ontdek hoe je er komt met deze routebeschrijving.\" \/>\n<meta property=\"og:url\" content=\"https:\/\/flamencomalaga.com\/nl\/hoe-kom-ik-bij-alegria-flamenco-gastronomie\/\" \/>\n<meta property=\"og:site_name\" content=\"Flamenco Alegr\u00eda\" \/>\n<meta property=\"article:publisher\" content=\"https:\/\/www.facebook.com\/alegriaflamencomalaga\/?locale=es_ES\" \/>\n<meta property=\"article:modified_time\" content=\"2025-06-26T14:29:37+00:00\" \/>\n<meta property=\"og:image\" content=\"https:\/\/flamencomalaga.com\/wp-content\/uploads\/2024\/07\/home-min-510x382-1.jpg?wsr\" \/>\n\t<meta property=\"og:image:width\" content=\"510\" \/>\n\t<meta property=\"og:image:height\" content=\"382\" \/>\n\t<meta property=\"og:image:type\" content=\"image\/jpeg\" \/>\n<meta name=\"twitter:card\" content=\"summary_large_image\" \/>\n<meta name=\"twitter:label1\" content=\"Geschatte leestijd\" \/>\n\t<meta name=\"twitter:data1\" content=\"1 minuut\" \/>\n<!-- \/ Yoast SEO plugin. -->","yoast_head_json":{"title":"Routebeschrijving naar onze tablao | Alegr\u00eda Flamenco & Gastronomie","description":"Alegr\u00eda Flamenco ligt in het hart van de stad, op tien minuten van het historische centrum. Ontdek hoe je er komt met deze routebeschrijving.","robots":{"index":"index","follow":"follow","max-snippet":"max-snippet:-1","max-image-preview":"max-image-preview:large","max-video-preview":"max-video-preview:-1"},"canonical":"https:\/\/flamencomalaga.com\/nl\/hoe-kom-ik-bij-alegria-flamenco-gastronomie\/","og_locale":"nl_NL","og_type":"article","og_title":"Routebeschrijving naar onze tablao | Alegr\u00eda Flamenco & Gastronomie","og_description":"Alegr\u00eda Flamenco ligt in het hart van de stad, op tien minuten van het historische centrum. Ontdek hoe je er komt met deze routebeschrijving.","og_url":"https:\/\/flamencomalaga.com\/nl\/hoe-kom-ik-bij-alegria-flamenco-gastronomie\/","og_site_name":"Flamenco Alegr\u00eda","article_publisher":"https:\/\/www.facebook.com\/alegriaflamencomalaga\/?locale=es_ES","article_modified_time":"2025-06-26T14:29:37+00:00","og_image":[{"width":510,"height":382,"url":"https:\/\/flamencomalaga.com\/wp-content\/uploads\/2024\/07\/home-min-510x382-1.jpg?wsr","type":"image\/jpeg"}],"twitter_card":"summary_large_image","twitter_misc":{"Geschatte leestijd":"1 minuut"},"schema":{"@context":"https:\/\/schema.org","@graph":[{"@type":"WebPage","@id":"https:\/\/flamencomalaga.com\/nl\/hoe-kom-ik-bij-alegria-flamenco-gastronomie\/","url":"https:\/\/flamencomalaga.com\/nl\/hoe-kom-ik-bij-alegria-flamenco-gastronomie\/","name":"Routebeschrijving naar onze tablao | Alegr\u00eda Flamenco & Gastronomie","isPartOf":{"@id":"https:\/\/flamencomalaga.com\/nl\/#website"},"datePublished":"2024-10-31T08:53:48+00:00","dateModified":"2025-06-26T14:29:37+00:00","description":"Alegr\u00eda Flamenco ligt in het hart van de stad, op tien minuten van het historische centrum. Ontdek hoe je er komt met deze routebeschrijving.","breadcrumb":{"@id":"https:\/\/flamencomalaga.com\/nl\/hoe-kom-ik-bij-alegria-flamenco-gastronomie\/#breadcrumb"},"inLanguage":"nl-NL","potentialAction":[{"@type":"ReadAction","target":["https:\/\/flamencomalaga.com\/nl\/hoe-kom-ik-bij-alegria-flamenco-gastronomie\/"]}]},{"@type":"BreadcrumbList","@id":"https:\/\/flamencomalaga.com\/nl\/hoe-kom-ik-bij-alegria-flamenco-gastronomie\/#breadcrumb","itemListElement":[{"@type":"ListItem","position":1,"name":"Thuis","item":"https:\/\/flamencomalaga.com\/nl\/"},{"@type":"ListItem","position":2,"name":"Hoe kom ik bij Alegr\u00eda Flamenco &amp; Gastronomie?"}]},{"@type":"WebSite","@id":"https:\/\/flamencomalaga.com\/nl\/#website","url":"https:\/\/flamencomalaga.com\/nl\/","name":"Flamenco Alegr\u00eda y Gastronomia","description":"","publisher":{"@id":"https:\/\/flamencomalaga.com\/nl\/#organization"},"alternateName":"Flamenco Alegr\u00eda","potentialAction":[{"@type":"SearchAction","target":{"@type":"EntryPoint","urlTemplate":"https:\/\/flamencomalaga.com\/nl\/?s={search_term_string}"},"query-input":{"@type":"PropertyValueSpecification","valueRequired":true,"valueName":"search_term_string"}}],"inLanguage":"nl-NL"},{"@type":"Organization","@id":"https:\/\/flamencomalaga.com\/nl\/#organization","name":"Flamenco Alegr\u00eda","alternateName":"Alegr\u00eda - Flamenco y Gastronom\u00eda","url":"https:\/\/flamencomalaga.com\/nl\/","logo":{"@type":"ImageObject","inLanguage":"nl-NL","@id":"https:\/\/flamencomalaga.com\/nl\/#\/schema\/logo\/image\/","url":"https:\/\/flamencomalaga.com\/wp-content\/uploads\/2024\/07\/flamenco-malaga_logo.png?wsr","contentUrl":"https:\/\/flamencomalaga.com\/wp-content\/uploads\/2024\/07\/flamenco-malaga_logo.png?wsr","width":166,"height":85,"caption":"Flamenco Alegr\u00eda"},"image":{"@id":"https:\/\/flamencomalaga.com\/nl\/#\/schema\/logo\/image\/"},"sameAs":["https:\/\/www.facebook.com\/alegriaflamencomalaga\/?locale=es_ES","https:\/\/www.instagram.com\/flamencomalagaalegria","https:\/\/www.tiktok.com\/@flamencomalaga"]}]}},"_links":{"self":[{"href":"https:\/\/flamencomalaga.com\/nl\/wp-json\/wp\/v2\/pages\/31965","targetHints":{"allow":["GET"]}}],"collection":[{"href":"https:\/\/flamencomalaga.com\/nl\/wp-json\/wp\/v2\/pages"}],"about":[{"href":"https:\/\/flamencomalaga.com\/nl\/wp-json\/wp\/v2\/types\/page"}],"author":[{"embeddable":true,"href":"https:\/\/flamencomalaga.com\/nl\/wp-json\/wp\/v2\/users\/8"}],"replies":[{"embeddable":true,"href":"https:\/\/flamencomalaga.com\/nl\/wp-json\/wp\/v2\/comments?post=31965"}],"version-history":[{"count":1,"href":"https:\/\/flamencomalaga.com\/nl\/wp-json\/wp\/v2\/pages\/31965\/revisions"}],"predecessor-version":[{"id":31967,"href":"https:\/\/flamencomalaga.com\/nl\/wp-json\/wp\/v2\/pages\/31965\/revisions\/31967"}],"wp:attachment":[{"href":"https:\/\/flamencomalaga.com\/nl\/wp-json\/wp\/v2\/media?parent=31965"}],"curies":[{"name":"wp","href":"https:\/\/api.w.org\/{rel}","templated":true}]}}