{"id":32180,"date":"2024-07-19T12:44:32","date_gmt":"2024-07-19T10:44:32","guid":{"rendered":"https:\/\/flamencomalaga.com\/%e9%80%a3%e7%b5%a1%e5%85%88\/"},"modified":"2025-07-17T19:57:40","modified_gmt":"2025-07-17T17:57:40","slug":"%e9%80%a3%e7%b5%a1%e5%85%88","status":"publish","type":"page","link":"https:\/\/flamencomalaga.com\/ja\/%e9%80%a3%e7%b5%a1%e5%85%88\/","title":{"rendered":"\u9023\u7d61\u5148"},"content":{"rendered":"\t\t<div data-elementor-type=\"wp-page\" data-elementor-id=\"32180\" class=\"elementor elementor-32180 elementor-21016\" data-elementor-post-type=\"page\">\n\t\t\t\t<div class=\"elementor-element elementor-element-41c6ba3 e-flex e-con-boxed e-con e-parent\" data-id=\"41c6ba3\" data-element_type=\"container\" data-e-type=\"container\" data-settings=\"{&quot;background_background&quot;:&quot;classic&quot;}\">\n\t\t\t\t\t<div class=\"e-con-inner\">\n\t\t<div class=\"elementor-element elementor-element-360d6d1 e-con-full e-flex e-con e-child\" data-id=\"360d6d1\" data-element_type=\"container\" data-e-type=\"container\">\n\t\t\t\t<div class=\"elementor-element elementor-element-9ffb6bd elementor-widget elementor-widget-breadcrumbs\" data-id=\"9ffb6bd\" data-element_type=\"widget\" data-e-type=\"widget\" data-widget_type=\"breadcrumbs.default\">\n\t\t\t\t<div class=\"elementor-widget-container\">\n\t\t\t\t\t<p id=\"breadcrumbs\"><span><span><a href=\"https:\/\/flamencomalaga.com\/ja\/\">\u30db\u30fc\u30e0<\/a><\/span><\/span><\/p>\t\t\t\t<\/div>\n\t\t\t\t<\/div>\n\t\t\t\t<div class=\"elementor-element elementor-element-d1a9f14 elementor-hidden-mobile elementor-widget elementor-widget-spacer\" data-id=\"d1a9f14\" data-element_type=\"widget\" data-e-type=\"widget\" data-widget_type=\"spacer.default\">\n\t\t\t\t<div class=\"elementor-widget-container\">\n\t\t\t\t\t\t\t<div class=\"elementor-spacer\">\n\t\t\t<div class=\"elementor-spacer-inner\"><\/div>\n\t\t<\/div>\n\t\t\t\t\t\t<\/div>\n\t\t\t\t<\/div>\n\t\t\t\t<div class=\"elementor-element elementor-element-cedf40c elementor-widget elementor-widget-heading\" data-id=\"cedf40c\" data-element_type=\"widget\" data-e-type=\"widget\" data-widget_type=\"heading.default\">\n\t\t\t\t<div class=\"elementor-widget-container\">\n\t\t\t\t\t<h1 class=\"elementor-heading-title elementor-size-default\">\u9023\u7d61\u5148<\/h1>\t\t\t\t<\/div>\n\t\t\t\t<\/div>\n\t\t\t\t<\/div>\n\t\t\t\t\t<\/div>\n\t\t\t\t<\/div>\n\t\t<div class=\"elementor-element elementor-element-1d2010e e-flex e-con-boxed e-con e-parent\" data-id=\"1d2010e\" data-element_type=\"container\" data-e-type=\"container\">\n\t\t\t\t\t<div class=\"e-con-inner\">\n\t\t<div class=\"elementor-element elementor-element-68b6386 e-con-full e-flex e-con e-child\" data-id=\"68b6386\" data-element_type=\"container\" data-e-type=\"container\">\n\t\t\t\t<div class=\"elementor-element elementor-element-a74b65a elementor-widget elementor-widget-heading\" data-id=\"a74b65a\" data-element_type=\"widget\" data-e-type=\"widget\" data-widget_type=\"heading.default\">\n\t\t\t\t<div class=\"elementor-widget-container\">\n\t\t\t\t\t<h2 class=\"elementor-heading-title elementor-size-default\">\u9023\u7d61\u5148\u3068\u55b6\u696d\u6642\u9593<\/h2>\t\t\t\t<\/div>\n\t\t\t\t<\/div>\n\t\t\t\t<div class=\"elementor-element elementor-element-e608a25 elementor-icon-list--layout-traditional elementor-list-item-link-full_width elementor-widget elementor-widget-icon-list\" data-id=\"e608a25\" data-element_type=\"widget\" data-e-type=\"widget\" data-widget_type=\"icon-list.default\">\n\t\t\t\t<div class=\"elementor-widget-container\">\n\t\t\t\t\t\t\t<ul class=\"elementor-icon-list-items\">\n\t\t\t\t\t\t\t<li class=\"elementor-icon-list-item\">\n\t\t\t\t\t\t\t\t\t\t\t<a href=\"tel:+34951474493\">\n\n\t\t\t\t\t\t\t\t\t\t\t\t<span class=\"elementor-icon-list-icon\">\n\t\t\t\t\t\t\t<svg aria-hidden=\"true\" class=\"e-font-icon-svg e-fas-phone\" viewBox=\"0 0 512 512\" xmlns=\"http:\/\/www.w3.org\/2000\/svg\"><path d=\"M493.4 24.6l-104-24c-11.3-2.6-22.9 3.3-27.5 13.9l-48 112c-4.2 9.8-1.4 21.3 6.9 28l60.6 49.6c-36 76.7-98.9 140.5-177.2 177.2l-49.6-60.6c-6.8-8.3-18.2-11.1-28-6.9l-112 48C3.9 366.5-2 378.1.6 389.4l24 104C27.1 504.2 36.7 512 48 512c256.1 0 464-207.5 464-464 0-11.2-7.7-20.9-18.6-23.4z\"><\/path><\/svg>\t\t\t\t\t\t<\/span>\n\t\t\t\t\t\t\t\t\t\t<span class=\"elementor-icon-list-text\">+34 951 47 44 93<\/span>\n\t\t\t\t\t\t\t\t\t\t\t<\/a>\n\t\t\t\t\t\t\t\t\t<\/li>\n\t\t\t\t\t\t\t\t<li class=\"elementor-icon-list-item\">\n\t\t\t\t\t\t\t\t\t\t\t<a href=\"mailto:info@flamencomalaga.com\" target=\"_blank\">\n\n\t\t\t\t\t\t\t\t\t\t\t\t<span class=\"elementor-icon-list-icon\">\n\t\t\t\t\t\t\t<svg aria-hidden=\"true\" class=\"e-font-icon-svg e-far-envelope\" viewBox=\"0 0 512 512\" xmlns=\"http:\/\/www.w3.org\/2000\/svg\"><path d=\"M464 64H48C21.49 64 0 85.49 0 112v288c0 26.51 21.49 48 48 48h416c26.51 0 48-21.49 48-48V112c0-26.51-21.49-48-48-48zm0 48v40.805c-22.422 18.259-58.168 46.651-134.587 106.49-16.841 13.247-50.201 45.072-73.413 44.701-23.208.375-56.579-31.459-73.413-44.701C106.18 199.465 70.425 171.067 48 152.805V112h416zM48 400V214.398c22.914 18.251 55.409 43.862 104.938 82.646 21.857 17.205 60.134 55.186 103.062 54.955 42.717.231 80.509-37.199 103.053-54.947 49.528-38.783 82.032-64.401 104.947-82.653V400H48z\"><\/path><\/svg>\t\t\t\t\t\t<\/span>\n\t\t\t\t\t\t\t\t\t\t<span class=\"elementor-icon-list-text\">info@flamencomalaga.com<\/span>\n\t\t\t\t\t\t\t\t\t\t\t<\/a>\n\t\t\t\t\t\t\t\t\t<\/li>\n\t\t\t\t\t\t\t\t<li class=\"elementor-icon-list-item\">\n\t\t\t\t\t\t\t\t\t\t\t<span class=\"elementor-icon-list-icon\">\n\t\t\t\t\t\t\t<svg aria-hidden=\"true\" class=\"e-font-icon-svg e-fas-clock\" viewBox=\"0 0 512 512\" xmlns=\"http:\/\/www.w3.org\/2000\/svg\"><path d=\"M256,8C119,8,8,119,8,256S119,504,256,504,504,393,504,256,393,8,256,8Zm92.49,313h0l-20,25a16,16,0,0,1-22.49,2.5h0l-67-49.72a40,40,0,0,1-15-31.23V112a16,16,0,0,1,16-16h32a16,16,0,0,1,16,16V256l58,42.5A16,16,0,0,1,348.49,321Z\"><\/path><\/svg>\t\t\t\t\t\t<\/span>\n\t\t\t\t\t\t\t\t\t\t<span class=\"elementor-icon-list-text\">\u6708\u66dc\u65e5\u304b\u3089\u65e5\u66dc\u65e5<br>10:00 - 23:00<\/span>\n\t\t\t\t\t\t\t\t\t<\/li>\n\t\t\t\t\t\t<\/ul>\n\t\t\t\t\t\t<\/div>\n\t\t\t\t<\/div>\n\t\t\t\t<div class=\"elementor-element elementor-element-cf55871 elementor-widget elementor-widget-heading\" data-id=\"cf55871\" data-element_type=\"widget\" data-e-type=\"widget\" data-widget_type=\"heading.default\">\n\t\t\t\t<div class=\"elementor-widget-container\">\n\t\t\t\t\t<h2 class=\"elementor-heading-title elementor-size-default\">\u73fe\u5728\u5730<\/h2>\t\t\t\t<\/div>\n\t\t\t\t<\/div>\n\t\t\t\t<div class=\"elementor-element elementor-element-fcfbcda elementor-icon-list--layout-traditional elementor-list-item-link-full_width elementor-widget elementor-widget-icon-list\" data-id=\"fcfbcda\" data-element_type=\"widget\" data-e-type=\"widget\" data-widget_type=\"icon-list.default\">\n\t\t\t\t<div class=\"elementor-widget-container\">\n\t\t\t\t\t\t\t<ul class=\"elementor-icon-list-items\">\n\t\t\t\t\t\t\t<li class=\"elementor-icon-list-item\">\n\t\t\t\t\t\t\t\t\t\t\t<a href=\"https:\/\/maps.app.goo.gl\/nAJgQ1XuC6LwU3xg7\">\n\n\t\t\t\t\t\t\t\t\t\t\t\t<span class=\"elementor-icon-list-icon\">\n\t\t\t\t\t\t\t<svg aria-hidden=\"true\" class=\"e-font-icon-svg e-fas-map-marker-alt\" viewBox=\"0 0 384 512\" xmlns=\"http:\/\/www.w3.org\/2000\/svg\"><path d=\"M172.268 501.67C26.97 291.031 0 269.413 0 192 0 85.961 85.961 0 192 0s192 85.961 192 192c0 77.413-26.97 99.031-172.268 309.67-9.535 13.774-29.93 13.773-39.464 0zM192 272c44.183 0 80-35.817 80-80s-35.817-80-80-80-80 35.817-80 80 35.817 80 80 80z\"><\/path><\/svg>\t\t\t\t\t\t<\/span>\n\t\t\t\t\t\t\t\t\t\t<span class=\"elementor-icon-list-text\">Calle V\u00e9lez M\u00e1laga,6<br> 29016 M\u00e1laga, Spain<\/span>\n\t\t\t\t\t\t\t\t\t\t\t<\/a>\n\t\t\t\t\t\t\t\t\t<\/li>\n\t\t\t\t\t\t<\/ul>\n\t\t\t\t\t\t<\/div>\n\t\t\t\t<\/div>\n\t\t\t\t<\/div>\n\t\t<div class=\"elementor-element elementor-element-ad88a13 e-con-full e-flex e-con e-child\" data-id=\"ad88a13\" data-element_type=\"container\" data-e-type=\"container\">\n\t\t\t\t<div class=\"elementor-element elementor-element-f52f5f4 elementor-widget elementor-widget-shortcode\" data-id=\"f52f5f4\" data-element_type=\"widget\" data-e-type=\"widget\" data-widget_type=\"shortcode.default\">\n\t\t\t\t<div class=\"elementor-widget-container\">\n\t\t\t\t\t\t\t<div class=\"elementor-shortcode\"><p class=\"wpcf7-contact-form-not-found\"><strong>\u30a8\u30e9\u30fc:<\/strong> \u30b3\u30f3\u30bf\u30af\u30c8\u30d5\u30a9\u30fc\u30e0\u304c\u898b\u3064\u304b\u308a\u307e\u305b\u3093\u3002<\/p><\/div>\n\t\t\t\t\t\t<\/div>\n\t\t\t\t<\/div>\n\t\t\t\t<\/div>\n\t\t\t\t\t<\/div>\n\t\t\t\t<\/div>\n\t\t<div class=\"elementor-element elementor-element-c7a60f0 e-con-full e-flex e-con e-parent\" data-id=\"c7a60f0\" data-element_type=\"container\" data-e-type=\"container\">\n\t\t\t\t<div class=\"elementor-element elementor-element-ad944a6 elementor-widget elementor-widget-google_maps\" data-id=\"ad944a6\" data-element_type=\"widget\" data-e-type=\"widget\" data-widget_type=\"google_maps.default\">\n\t\t\t\t<div class=\"elementor-widget-container\">\n\t\t\t\t\t\t\t<div class=\"elementor-custom-embed\">\n\t\t\t<iframe loading=\"lazy\"\n\t\t\t\t\tsrc=\"https:\/\/maps.google.com\/maps?q=Alegr%C3%ADa%20Flamenco%20y%20Gastronom%C3%ADa&#038;t=m&#038;z=15&#038;output=embed&#038;iwloc=near\"\n\t\t\t\t\ttitle=\"Alegr\u00eda Flamenco y Gastronom\u00eda\"\n\t\t\t\t\taria-label=\"Alegr\u00eda Flamenco y Gastronom\u00eda\"\n\t\t\t><\/iframe>\n\t\t<\/div>\n\t\t\t\t\t\t<\/div>\n\t\t\t\t<\/div>\n\t\t\t\t<\/div>\n\t\t<div class=\"elementor-element elementor-element-84797cf e-flex e-con-boxed e-con e-parent\" data-id=\"84797cf\" data-element_type=\"container\" data-e-type=\"container\">\n\t\t\t\t\t<div class=\"e-con-inner\">\n\t\t\t\t<div class=\"elementor-element elementor-element-c306029 elementor-widget elementor-widget-html\" data-id=\"c306029\" data-element_type=\"widget\" data-e-type=\"widget\" data-widget_type=\"html.default\">\n\t\t\t\t<div class=\"elementor-widget-container\">\n\t\t\t\t\t<script src=\"https:\/\/cdn.checkout.ventrata.com\/v3\/production\/ventrata-checkout.min.js\" type=\"module\" data-config='{\"apiKey\":\"a9089240-0a5c-49c4-ab94-082818f9b5cd\",\"embedded\":true, \"lang\": \"es\"}'><\/script>\n\n<div ventrata-embedded-widget=\"\" data-config=\"{\"productID\":\"ad24c000-cba6-426a-9a3b-f302bf5b3615\", \"lang\": \"es\"}\"><\/div>\t\t\t\t<\/div>\n\t\t\t\t<\/div>\n\t\t\t\t\t<\/div>\n\t\t\t\t<\/div>\n\t\t\t\t<\/div>\n\t\t","protected":false},"excerpt":{"rendered":"<p>\u9023\u7d61\u5148 \u9023\u7d61\u5148\u3068\u55b6\u696d\u6642\u9593 +34 951 47 44 93 info@flamencomalaga.com \u6708\u66dc\u65e5\u304b\u3089\u65e5\u66dc\u65e510:00 &#8211; 23:00 \u73fe\u5728\u5730 Calle V\u00e9lez M\u00e1laga,6 290 [&hellip;]<\/p>\n","protected":false},"author":8,"featured_media":0,"parent":0,"menu_order":0,"comment_status":"closed","ping_status":"closed","template":"","meta":{"_acf_changed":false,"footnotes":""},"class_list":["post-32180","page","type-page","status-publish","hentry"],"acf":[],"yoast_head":"<!-- This site is optimized with the Yoast SEO plugin v27.3 - https:\/\/yoast.com\/product\/yoast-seo-wordpress\/ -->\n<title>\u9023\u7d61\u5148 | Flamenco Alegr\u00eda<\/title>\n<meta name=\"description\" content=\"\u30d5\u30e9\u30e1\u30f3\u30b3\u30fb\u30de\u30e9\u30ac\u306b\u3064\u3044\u3066\u3082\u3063\u3068\u60c5\u5831\u304c\u5fc5\u8981\u3067\u3059\u304b\uff1f\u3053\u3053\u3067\u79c1\u305f\u3061\u3068\u9023\u7d61\u3092\u53d6\u308a\u3001\u7591\u554f\u70b9\u3092\u89e3\u6c7a\u3057\u3066\u304f\u3060\u3055\u3044\uff01\" \/>\n<meta name=\"robots\" content=\"noindex, nofollow\" \/>\n<meta property=\"og:locale\" content=\"ja_JP\" \/>\n<meta property=\"og:type\" content=\"article\" \/>\n<meta property=\"og:title\" content=\"\u9023\u7d61\u5148 | Flamenco Alegr\u00eda\" \/>\n<meta property=\"og:description\" content=\"\u30d5\u30e9\u30e1\u30f3\u30b3\u30fb\u30de\u30e9\u30ac\u306b\u3064\u3044\u3066\u3082\u3063\u3068\u60c5\u5831\u304c\u5fc5\u8981\u3067\u3059\u304b\uff1f\u3053\u3053\u3067\u79c1\u305f\u3061\u3068\u9023\u7d61\u3092\u53d6\u308a\u3001\u7591\u554f\u70b9\u3092\u89e3\u6c7a\u3057\u3066\u304f\u3060\u3055\u3044\uff01\" \/>\n<meta property=\"og:url\" content=\"https:\/\/flamencomalaga.com\/ja\/%e9%80%a3%e7%b5%a1%e5%85%88\/\" \/>\n<meta property=\"og:site_name\" content=\"Flamenco Alegr\u00eda\" \/>\n<meta property=\"article:publisher\" content=\"https:\/\/www.facebook.com\/alegriaflamencomalaga\/?locale=es_ES\" \/>\n<meta property=\"article:modified_time\" content=\"2025-07-17T17:57:40+00:00\" \/>\n<meta property=\"og:image\" content=\"https:\/\/flamencomalaga.com\/wp-content\/uploads\/2024\/07\/home-min-510x382-1.jpg?wsr\" \/>\n\t<meta property=\"og:image:width\" content=\"510\" \/>\n\t<meta property=\"og:image:height\" content=\"382\" \/>\n\t<meta property=\"og:image:type\" content=\"image\/jpeg\" \/>\n<meta name=\"twitter:card\" content=\"summary_large_image\" \/>\n<!-- \/ Yoast SEO plugin. -->","yoast_head_json":{"title":"\u9023\u7d61\u5148 | Flamenco Alegr\u00eda","description":"\u30d5\u30e9\u30e1\u30f3\u30b3\u30fb\u30de\u30e9\u30ac\u306b\u3064\u3044\u3066\u3082\u3063\u3068\u60c5\u5831\u304c\u5fc5\u8981\u3067\u3059\u304b\uff1f\u3053\u3053\u3067\u79c1\u305f\u3061\u3068\u9023\u7d61\u3092\u53d6\u308a\u3001\u7591\u554f\u70b9\u3092\u89e3\u6c7a\u3057\u3066\u304f\u3060\u3055\u3044\uff01","robots":{"index":"noindex","follow":"nofollow"},"og_locale":"ja_JP","og_type":"article","og_title":"\u9023\u7d61\u5148 | Flamenco Alegr\u00eda","og_description":"\u30d5\u30e9\u30e1\u30f3\u30b3\u30fb\u30de\u30e9\u30ac\u306b\u3064\u3044\u3066\u3082\u3063\u3068\u60c5\u5831\u304c\u5fc5\u8981\u3067\u3059\u304b\uff1f\u3053\u3053\u3067\u79c1\u305f\u3061\u3068\u9023\u7d61\u3092\u53d6\u308a\u3001\u7591\u554f\u70b9\u3092\u89e3\u6c7a\u3057\u3066\u304f\u3060\u3055\u3044\uff01","og_url":"https:\/\/flamencomalaga.com\/ja\/%e9%80%a3%e7%b5%a1%e5%85%88\/","og_site_name":"Flamenco Alegr\u00eda","article_publisher":"https:\/\/www.facebook.com\/alegriaflamencomalaga\/?locale=es_ES","article_modified_time":"2025-07-17T17:57:40+00:00","og_image":[{"width":510,"height":382,"url":"https:\/\/flamencomalaga.com\/wp-content\/uploads\/2024\/07\/home-min-510x382-1.jpg?wsr","type":"image\/jpeg"}],"twitter_card":"summary_large_image","schema":{"@context":"https:\/\/schema.org","@graph":[{"@type":"WebPage","@id":"https:\/\/flamencomalaga.com\/ja\/%e9%80%a3%e7%b5%a1%e5%85%88\/","url":"https:\/\/flamencomalaga.com\/ja\/%e9%80%a3%e7%b5%a1%e5%85%88\/","name":"\u9023\u7d61\u5148 | Flamenco Alegr\u00eda","isPartOf":{"@id":"https:\/\/flamencomalaga.com\/ja\/#website"},"datePublished":"2024-07-19T10:44:32+00:00","dateModified":"2025-07-17T17:57:40+00:00","description":"\u30d5\u30e9\u30e1\u30f3\u30b3\u30fb\u30de\u30e9\u30ac\u306b\u3064\u3044\u3066\u3082\u3063\u3068\u60c5\u5831\u304c\u5fc5\u8981\u3067\u3059\u304b\uff1f\u3053\u3053\u3067\u79c1\u305f\u3061\u3068\u9023\u7d61\u3092\u53d6\u308a\u3001\u7591\u554f\u70b9\u3092\u89e3\u6c7a\u3057\u3066\u304f\u3060\u3055\u3044\uff01","breadcrumb":{"@id":"https:\/\/flamencomalaga.com\/ja\/%e9%80%a3%e7%b5%a1%e5%85%88\/#breadcrumb"},"inLanguage":"ja","potentialAction":[{"@type":"ReadAction","target":["https:\/\/flamencomalaga.com\/ja\/%e9%80%a3%e7%b5%a1%e5%85%88\/"]}]},{"@type":"BreadcrumbList","@id":"https:\/\/flamencomalaga.com\/ja\/%e9%80%a3%e7%b5%a1%e5%85%88\/#breadcrumb","itemListElement":[{"@type":"ListItem","position":1,"name":"\u30db\u30fc\u30e0","item":"https:\/\/flamencomalaga.com\/ja\/"},{"@type":"ListItem","position":2,"name":"\u9023\u7d61\u5148"}]},{"@type":"WebSite","@id":"https:\/\/flamencomalaga.com\/ja\/#website","url":"https:\/\/flamencomalaga.com\/ja\/","name":"Flamenco Alegr\u00eda y Gastronomia","description":"","publisher":{"@id":"https:\/\/flamencomalaga.com\/ja\/#organization"},"alternateName":"Flamenco Alegr\u00eda","potentialAction":[{"@type":"SearchAction","target":{"@type":"EntryPoint","urlTemplate":"https:\/\/flamencomalaga.com\/ja\/?s={search_term_string}"},"query-input":{"@type":"PropertyValueSpecification","valueRequired":true,"valueName":"search_term_string"}}],"inLanguage":"ja"},{"@type":"Organization","@id":"https:\/\/flamencomalaga.com\/ja\/#organization","name":"\u30d5\u30e9\u30e1\u30f3\u30b3\u30fb\u30a2\u30ec\u30b0\u30ea\u30a2","alternateName":"Alegr\u00eda - Flamenco y Gastronom\u00eda","url":"https:\/\/flamencomalaga.com\/ja\/","logo":{"@type":"ImageObject","inLanguage":"ja","@id":"https:\/\/flamencomalaga.com\/ja\/#\/schema\/logo\/image\/","url":"https:\/\/flamencomalaga.com\/wp-content\/uploads\/2024\/07\/flamenco-malaga_logo.png?wsr","contentUrl":"https:\/\/flamencomalaga.com\/wp-content\/uploads\/2024\/07\/flamenco-malaga_logo.png?wsr","width":166,"height":85,"caption":"\u30d5\u30e9\u30e1\u30f3\u30b3\u30fb\u30a2\u30ec\u30b0\u30ea\u30a2"},"image":{"@id":"https:\/\/flamencomalaga.com\/ja\/#\/schema\/logo\/image\/"},"sameAs":["https:\/\/www.facebook.com\/alegriaflamencomalaga\/?locale=es_ES","https:\/\/www.instagram.com\/flamencomalagaalegria","https:\/\/www.tiktok.com\/@flamencomalaga"]}]}},"_links":{"self":[{"href":"https:\/\/flamencomalaga.com\/ja\/wp-json\/wp\/v2\/pages\/32180","targetHints":{"allow":["GET"]}}],"collection":[{"href":"https:\/\/flamencomalaga.com\/ja\/wp-json\/wp\/v2\/pages"}],"about":[{"href":"https:\/\/flamencomalaga.com\/ja\/wp-json\/wp\/v2\/types\/page"}],"author":[{"embeddable":true,"href":"https:\/\/flamencomalaga.com\/ja\/wp-json\/wp\/v2\/users\/8"}],"replies":[{"embeddable":true,"href":"https:\/\/flamencomalaga.com\/ja\/wp-json\/wp\/v2\/comments?post=32180"}],"version-history":[{"count":1,"href":"https:\/\/flamencomalaga.com\/ja\/wp-json\/wp\/v2\/pages\/32180\/revisions"}],"predecessor-version":[{"id":32183,"href":"https:\/\/flamencomalaga.com\/ja\/wp-json\/wp\/v2\/pages\/32180\/revisions\/32183"}],"wp:attachment":[{"href":"https:\/\/flamencomalaga.com\/ja\/wp-json\/wp\/v2\/media?parent=32180"}],"curies":[{"name":"wp","href":"https:\/\/api.w.org\/{rel}","templated":true}]}}