{"id":31969,"date":"2024-10-31T09:53:48","date_gmt":"2024-10-31T08:53:48","guid":{"rendered":"https:\/\/flamencomalaga.com\/%e3%82%a2%e3%83%ac%e3%82%b0%e3%83%aa%e3%82%a2%e3%83%bb%e3%83%95%e3%83%a9%e3%83%a1%e3%83%b3%e3%82%b3%ef%bc%86%e3%82%ac%e3%82%b9%e3%83%88%e3%83%ad%e3%83%8e%e3%83%9f%e3%83%bc%e3%81%b8%e3%81%ae%e3%82%a2\/"},"modified":"2025-06-26T16:29:37","modified_gmt":"2025-06-26T14:29:37","slug":"%e3%82%a2%e3%83%ac%e3%82%b0%e3%83%aa%e3%82%a2%e3%83%bb%e3%83%95%e3%83%a9%e3%83%a1%e3%83%b3%e3%82%b3%ef%bc%86%e3%82%ac%e3%82%b9%e3%83%88%e3%83%ad%e3%83%8e%e3%83%9f%e3%83%bc%e3%81%b8%e3%81%ae%e3%82%a2","status":"publish","type":"page","link":"https:\/\/flamencomalaga.com\/ja\/%e3%82%a2%e3%83%ac%e3%82%b0%e3%83%aa%e3%82%a2%e3%83%bb%e3%83%95%e3%83%a9%e3%83%a1%e3%83%b3%e3%82%b3%ef%bc%86%e3%82%ac%e3%82%b9%e3%83%88%e3%83%ad%e3%83%8e%e3%83%9f%e3%83%bc%e3%81%b8%e3%81%ae%e3%82%a2\/","title":{"rendered":"\u30a2\u30ec\u30b0\u30ea\u30a2\u30fb\u30d5\u30e9\u30e1\u30f3\u30b3\uff06\u30ac\u30b9\u30c8\u30ed\u30ce\u30df\u30fc\u3078\u306e\u30a2\u30af\u30bb\u30b9"},"content":{"rendered":"\t\t<div data-elementor-type=\"wp-page\" data-elementor-id=\"31969\" class=\"elementor elementor-31969 elementor-29392\" data-elementor-post-type=\"page\">\n\t\t\t\t<div class=\"elementor-element elementor-element-2139652 e-flex e-con-boxed e-con e-parent\" data-id=\"2139652\" data-element_type=\"container\" data-e-type=\"container\" data-settings=\"{&quot;background_background&quot;:&quot;classic&quot;}\">\n\t\t\t\t\t<div class=\"e-con-inner\">\n\t\t<div class=\"elementor-element elementor-element-a51b954 e-con-full e-flex e-con e-child\" data-id=\"a51b954\" data-element_type=\"container\" data-e-type=\"container\">\n\t\t\t\t<div class=\"elementor-element elementor-element-c3c7328 elementor-widget elementor-widget-heading\" data-id=\"c3c7328\" data-element_type=\"widget\" data-e-type=\"widget\" data-widget_type=\"heading.default\">\n\t\t\t\t<div class=\"elementor-widget-container\">\n\t\t\t\t\t<h1 class=\"elementor-heading-title elementor-size-default\">\u30a2\u30ec\u30b0\u30ea\u30a2\u30fb\u30d5\u30e9\u30e1\u30f3\u30b3\uff06\u30ac\u30b9\u30c8\u30ed\u30ce\u30df\u30fc\u3078\u306e\u30a2\u30af\u30bb\u30b9<\/h1>\t\t\t\t<\/div>\n\t\t\t\t<\/div>\n\t\t\t\t<\/div>\n\t\t\t\t\t<\/div>\n\t\t\t\t<\/div>\n\t\t<div class=\"elementor-element elementor-element-53b7e8e e-flex e-con-boxed e-con e-parent\" data-id=\"53b7e8e\" data-element_type=\"container\" data-e-type=\"container\" data-settings=\"{&quot;background_background&quot;:&quot;classic&quot;}\">\n\t\t\t\t\t<div class=\"e-con-inner\">\n\t\t\t\t<div class=\"elementor-element elementor-element-b86121b elementor-widget elementor-widget-text-editor\" data-id=\"b86121b\" data-element_type=\"widget\" data-e-type=\"widget\" data-widget_type=\"text-editor.default\">\n\t\t\t\t<div class=\"elementor-widget-container\">\n\t\t\t\t\t\t\t\t\t\u30a2\u30ec\u30b0\u30ea\u30a2\u30fb\u30d5\u30e9\u30e1\u30f3\u30b3\uff06\u30ac\u30b9\u30c8\u30ed\u30ce\u30df\u30a2\u306f\u3001\u30de\u30e9\u30ac\u4e2d\u5fc3\u90e8\u306eCalle V\u00e9lez M\u00e1laga, 6, 29016 M\u00e1laga\u306b\u3042\u308a\u307e\u3059\u3002\u6b74\u53f2\u7684\u306a\u4e2d\u5fc3\u90e8\u304b\u3089\u6570\u5206\u306e\u3068\u3053\u308d\u306b\u3042\u308a\u3001\u30dd\u30f3\u30d4\u30c9\u30a5\u30fc\u30fb\u30bb\u30f3\u30bf\u30fc\u3092\u671b\u3080\u30c6\u30e9\u30b9\u304c\u3042\u308a\u307e\u3059\u3002\u8fd1\u96a3\u306e\u30e9\u30f3\u30c9\u30de\u30fc\u30af\u304b\u3089\u306e\u9053\u9806\u3092\u8a18\u3057\u3066\u304a\u304d\u307e\u3059\u306e\u3067\u3001\u7c21\u5358\u306b\u898b\u3064\u3051\u308b\u3053\u3068\u304c\u3067\u304d\u307e\u3059\uff1a  \n\t\t\t\t\t\t\t\t<\/div>\n\t\t\t\t<\/div>\n\t\t\t\t\t<\/div>\n\t\t\t\t<\/div>\n\t\t<div class=\"elementor-element elementor-element-18d1caf e-flex e-con-boxed e-con e-parent\" data-id=\"18d1caf\" data-element_type=\"container\" data-e-type=\"container\" data-settings=\"{&quot;background_background&quot;:&quot;classic&quot;}\">\n\t\t\t\t\t<div class=\"e-con-inner\">\n\t\t<div class=\"elementor-element elementor-element-522e493 e-con-full e-flex e-con e-child\" data-id=\"522e493\" data-element_type=\"container\" data-e-type=\"container\">\n\t\t\t\t<div class=\"elementor-element elementor-element-8527b8b elementor-widget elementor-widget-google_maps\" data-id=\"8527b8b\" data-element_type=\"widget\" data-e-type=\"widget\" data-widget_type=\"google_maps.default\">\n\t\t\t\t<div class=\"elementor-widget-container\">\n\t\t\t\t\t\t\t<div class=\"elementor-custom-embed\">\n\t\t\t<iframe loading=\"lazy\"\n\t\t\t\t\tsrc=\"https:\/\/maps.google.com\/maps?q=C.%20V%C3%A9lez%20M%C3%A1laga%2C%206%2C%20M%C3%A1laga-Este%2C%2029016%20M%C3%A1laga&#038;t=m&#038;z=14&#038;output=embed&#038;iwloc=near\"\n\t\t\t\t\ttitle=\"C. V\u00e9lez M\u00e1laga, 6, M\u00e1laga-Este, 29016 M\u00e1laga\"\n\t\t\t\t\taria-label=\"C. V\u00e9lez M\u00e1laga, 6, M\u00e1laga-Este, 29016 M\u00e1laga\"\n\t\t\t><\/iframe>\n\t\t<\/div>\n\t\t\t\t\t\t<\/div>\n\t\t\t\t<\/div>\n\t\t\t\t<\/div>\n\t\t<div class=\"elementor-element elementor-element-9f091da e-con-full e-flex e-con e-child\" data-id=\"9f091da\" data-element_type=\"container\" data-e-type=\"container\">\n\t\t\t\t<div class=\"elementor-element elementor-element-fabf7cd elementor-widget elementor-widget-heading\" data-id=\"fabf7cd\" data-element_type=\"widget\" data-e-type=\"widget\" data-widget_type=\"heading.default\">\n\t\t\t\t<div class=\"elementor-widget-container\">\n\t\t\t\t\t<p class=\"elementor-heading-title elementor-size-default\">\u30d4\u30a2\u30ef\u30f3\/\u30b5\u30f3\u30c8\u30eb\u30fb\u30dd\u30f3\u30d4\u30c9\u30a5\u30fc\u304b\u3089\uff08\u5f92\u6b692\u5206\uff09\uff1a  \n<\/p>\t\t\t\t<\/div>\n\t\t\t\t<\/div>\n\t\t\t\t<div class=\"elementor-element elementor-element-4f3dd4d elementor-widget elementor-widget-text-editor\" data-id=\"4f3dd4d\" data-element_type=\"widget\" data-e-type=\"widget\" data-widget_type=\"text-editor.default\">\n\t\t\t\t<div class=\"elementor-widget-container\">\n\t\t\t\t\t\t\t\t\t<ol><li style=\"font-weight: 400;\" aria-level=\"2\"><span style=\"font-weight: 400;\">\u30d9\u30ec\u30b9\u30fb\u30de\u30e9\u30ac\u901a\u308a\uff08Calle V\u00e9lez M\u00e1laga\uff096\u756a\u3092\u76f4\u9032\u3002  <\/span><\/li><\/ol>\t\t\t\t\t\t\t\t<\/div>\n\t\t\t\t<\/div>\n\t\t\t\t<div class=\"elementor-element elementor-element-e7b67a2 elementor-widget elementor-widget-heading\" data-id=\"e7b67a2\" data-element_type=\"widget\" data-e-type=\"widget\" data-widget_type=\"heading.default\">\n\t\t\t\t<div class=\"elementor-widget-container\">\n\t\t\t\t\t<p class=\"elementor-heading-title elementor-size-default\">\u30c8\u30ed\u30b9\u5e83\u5834\u304b\u3089\uff08\u5f92\u6b695\u5206\uff09\uff1a<\/p>\t\t\t\t<\/div>\n\t\t\t\t<\/div>\n\t\t\t\t<div class=\"elementor-element elementor-element-0077f16 elementor-widget elementor-widget-text-editor\" data-id=\"0077f16\" data-element_type=\"widget\" data-e-type=\"widget\" data-widget_type=\"text-editor.default\">\n\t\t\t\t<div class=\"elementor-widget-container\">\n\t\t\t\t\t\t\t\t\t<ol><li><span style=\"font-weight: 400;\">Calle C\u00e1novas del Castillo\uff08\u30ab\u30ce\u30d0\u30b9\u30fb\u30c7\u30eb\u30fb\u30ab\u30b9\u30c6\u30a3\u30fc\u30b8\u30e7\u901a\u308a\uff09\u3092\u6a2a\u5207\u308a\u3001Calle Maestranza\uff08\u30de\u30a8\u30b9\u30c8\u30e9\u30f3\u30b5\u901a\u308a\uff09\u65b9\u9762\u3078\u5411\u304b\u3046\u3002<\/span><\/li><li style=\"font-weight: 400;\" aria-level=\"2\"><span style=\"font-weight: 400;\">\u305d\u3053\u304b\u3089\u53f3\u306b\u66f2\u304c\u308b\u3068\u3001Calle V\u00e9lez M\u00e1laga, 6\u306b\u79c1\u305f\u3061\u306e\u30bf\u30d6\u30e9\u30aa\u304c\u3042\u308b\u3002<\/span><\/li><\/ol>\t\t\t\t\t\t\t\t<\/div>\n\t\t\t\t<\/div>\n\t\t\t\t<div class=\"elementor-element elementor-element-d41b991 elementor-widget elementor-widget-heading\" data-id=\"d41b991\" data-element_type=\"widget\" data-e-type=\"widget\" data-widget_type=\"heading.default\">\n\t\t\t\t<div class=\"elementor-widget-container\">\n\t\t\t\t\t<p class=\"elementor-heading-title elementor-size-default\">\u99d0\u8eca\u5834\uff1a\u30d1\u30fc\u30ad\u30f3\u30b0\u30fb\u30e0\u30a8\u30eb\u30fb\u30a6\u30ce\n<\/p>\t\t\t\t<\/div>\n\t\t\t\t<\/div>\n\t\t\t\t<div class=\"elementor-element elementor-element-3079cb3 elementor-widget elementor-widget-text-editor\" data-id=\"3079cb3\" data-element_type=\"widget\" data-e-type=\"widget\" data-widget_type=\"text-editor.default\">\n\t\t\t\t<div class=\"elementor-widget-container\">\n\t\t\t\t\t\t\t\t\t<ol><li style=\"font-weight: 400;\" aria-level=\"2\"><span style=\"font-weight: 400;\">\u6700\u5bc4\u308a\u306e\u99d0\u8eca\u5834\u306fMuelle Uno\u306b\u3042\u308a\u3001\u5165\u308a\u53e3\u306fPaseo de los Curas\u3068Paseo de la Farola\u306b\u3042\u308b\u3002<\/span><\/li><\/ol>\t\t\t\t\t\t\t\t<\/div>\n\t\t\t\t<\/div>\n\t\t\t\t<\/div>\n\t\t\t\t\t<\/div>\n\t\t\t\t<\/div>\n\t\t\t\t<\/div>\n\t\t","protected":false},"excerpt":{"rendered":"<p>\u30a2\u30ec\u30b0\u30ea\u30a2\u30fb\u30d5\u30e9\u30e1\u30f3\u30b3\uff06\u30ac\u30b9\u30c8\u30ed\u30ce\u30df\u30fc\u3078\u306e\u30a2\u30af\u30bb\u30b9 \u30a2\u30ec\u30b0\u30ea\u30a2\u30fb\u30d5\u30e9\u30e1\u30f3\u30b3\uff06\u30ac\u30b9\u30c8\u30ed\u30ce\u30df\u30a2\u306f\u3001\u30de\u30e9\u30ac\u4e2d\u5fc3\u90e8\u306eCalle V\u00e9lez M\u00e1laga, 6, 29016 M\u00e1laga\u306b\u3042\u308a\u307e\u3059\u3002\u6b74\u53f2\u7684\u306a\u4e2d\u5fc3\u90e8\u304b\u3089\u6570\u5206\u306e\u3068\u3053\u308d [&hellip;]<\/p>\n","protected":false},"author":8,"featured_media":0,"parent":0,"menu_order":0,"comment_status":"closed","ping_status":"closed","template":"","meta":{"_acf_changed":false,"footnotes":""},"class_list":["post-31969","page","type-page","status-publish","hentry"],"acf":[],"yoast_head":"<!-- This site is optimized with the Yoast SEO plugin v27.3 - https:\/\/yoast.com\/product\/yoast-seo-wordpress\/ -->\n<title>\u30bf\u30d6\u30e9\u30aa\u3078\u306e\u30a2\u30af\u30bb\u30b9\uff5c\u30a2\u30ec\u30b0\u30ea\u30a2 \u30d5\u30e9\u30e1\u30f3\u30b3\uff06\u30ac\u30b9\u30c8\u30ed\u30ce\u30df\u30fc<\/title>\n<meta name=\"description\" content=\"\u30a2\u30ec\u30b0\u30ea\u30a2\u30fb\u30d5\u30e9\u30e1\u30f3\u30b3\u306f\u8857\u306e\u4e2d\u5fc3\u90e8\u306b\u4f4d\u7f6e\u3057\u3001\u6b74\u53f2\u7684\u4e2d\u5fc3\u90e8\u304b\u308910\u5206\u3067\u3059\u3002\u884c\u304d\u65b9\u306f\u3053\u3061\u3089\u3092\u3054\u89a7\u304f\u3060\u3055\u3044\u3002\" \/>\n<meta name=\"robots\" content=\"index, follow, max-snippet:-1, max-image-preview:large, max-video-preview:-1\" \/>\n<link rel=\"canonical\" href=\"https:\/\/flamencomalaga.com\/ja\/%e3%82%a2%e3%83%ac%e3%82%b0%e3%83%aa%e3%82%a2%e3%83%bb%e3%83%95%e3%83%a9%e3%83%a1%e3%83%b3%e3%82%b3%ef%bc%86%e3%82%ac%e3%82%b9%e3%83%88%e3%83%ad%e3%83%8e%e3%83%9f%e3%83%bc%e3%81%b8%e3%81%ae%e3%82%a2\/\" \/>\n<meta property=\"og:locale\" content=\"ja_JP\" \/>\n<meta property=\"og:type\" content=\"article\" \/>\n<meta property=\"og:title\" content=\"\u30bf\u30d6\u30e9\u30aa\u3078\u306e\u30a2\u30af\u30bb\u30b9\uff5c\u30a2\u30ec\u30b0\u30ea\u30a2 \u30d5\u30e9\u30e1\u30f3\u30b3\uff06\u30ac\u30b9\u30c8\u30ed\u30ce\u30df\u30fc\" \/>\n<meta property=\"og:description\" content=\"\u30a2\u30ec\u30b0\u30ea\u30a2\u30fb\u30d5\u30e9\u30e1\u30f3\u30b3\u306f\u8857\u306e\u4e2d\u5fc3\u90e8\u306b\u4f4d\u7f6e\u3057\u3001\u6b74\u53f2\u7684\u4e2d\u5fc3\u90e8\u304b\u308910\u5206\u3067\u3059\u3002\u884c\u304d\u65b9\u306f\u3053\u3061\u3089\u3092\u3054\u89a7\u304f\u3060\u3055\u3044\u3002\" \/>\n<meta property=\"og:url\" content=\"https:\/\/flamencomalaga.com\/ja\/%e3%82%a2%e3%83%ac%e3%82%b0%e3%83%aa%e3%82%a2%e3%83%bb%e3%83%95%e3%83%a9%e3%83%a1%e3%83%b3%e3%82%b3%ef%bc%86%e3%82%ac%e3%82%b9%e3%83%88%e3%83%ad%e3%83%8e%e3%83%9f%e3%83%bc%e3%81%b8%e3%81%ae%e3%82%a2\/\" \/>\n<meta property=\"og:site_name\" content=\"Flamenco Alegr\u00eda\" \/>\n<meta property=\"article:publisher\" content=\"https:\/\/www.facebook.com\/alegriaflamencomalaga\/?locale=es_ES\" \/>\n<meta property=\"article:modified_time\" content=\"2025-06-26T14:29:37+00:00\" \/>\n<meta property=\"og:image\" content=\"https:\/\/flamencomalaga.com\/wp-content\/uploads\/2024\/07\/home-min-510x382-1.jpg?wsr\" \/>\n\t<meta property=\"og:image:width\" content=\"510\" \/>\n\t<meta property=\"og:image:height\" content=\"382\" \/>\n\t<meta property=\"og:image:type\" content=\"image\/jpeg\" \/>\n<meta name=\"twitter:card\" content=\"summary_large_image\" \/>\n<!-- \/ Yoast SEO plugin. -->","yoast_head_json":{"title":"\u30bf\u30d6\u30e9\u30aa\u3078\u306e\u30a2\u30af\u30bb\u30b9\uff5c\u30a2\u30ec\u30b0\u30ea\u30a2 \u30d5\u30e9\u30e1\u30f3\u30b3\uff06\u30ac\u30b9\u30c8\u30ed\u30ce\u30df\u30fc","description":"\u30a2\u30ec\u30b0\u30ea\u30a2\u30fb\u30d5\u30e9\u30e1\u30f3\u30b3\u306f\u8857\u306e\u4e2d\u5fc3\u90e8\u306b\u4f4d\u7f6e\u3057\u3001\u6b74\u53f2\u7684\u4e2d\u5fc3\u90e8\u304b\u308910\u5206\u3067\u3059\u3002\u884c\u304d\u65b9\u306f\u3053\u3061\u3089\u3092\u3054\u89a7\u304f\u3060\u3055\u3044\u3002","robots":{"index":"index","follow":"follow","max-snippet":"max-snippet:-1","max-image-preview":"max-image-preview:large","max-video-preview":"max-video-preview:-1"},"canonical":"https:\/\/flamencomalaga.com\/ja\/%e3%82%a2%e3%83%ac%e3%82%b0%e3%83%aa%e3%82%a2%e3%83%bb%e3%83%95%e3%83%a9%e3%83%a1%e3%83%b3%e3%82%b3%ef%bc%86%e3%82%ac%e3%82%b9%e3%83%88%e3%83%ad%e3%83%8e%e3%83%9f%e3%83%bc%e3%81%b8%e3%81%ae%e3%82%a2\/","og_locale":"ja_JP","og_type":"article","og_title":"\u30bf\u30d6\u30e9\u30aa\u3078\u306e\u30a2\u30af\u30bb\u30b9\uff5c\u30a2\u30ec\u30b0\u30ea\u30a2 \u30d5\u30e9\u30e1\u30f3\u30b3\uff06\u30ac\u30b9\u30c8\u30ed\u30ce\u30df\u30fc","og_description":"\u30a2\u30ec\u30b0\u30ea\u30a2\u30fb\u30d5\u30e9\u30e1\u30f3\u30b3\u306f\u8857\u306e\u4e2d\u5fc3\u90e8\u306b\u4f4d\u7f6e\u3057\u3001\u6b74\u53f2\u7684\u4e2d\u5fc3\u90e8\u304b\u308910\u5206\u3067\u3059\u3002\u884c\u304d\u65b9\u306f\u3053\u3061\u3089\u3092\u3054\u89a7\u304f\u3060\u3055\u3044\u3002","og_url":"https:\/\/flamencomalaga.com\/ja\/%e3%82%a2%e3%83%ac%e3%82%b0%e3%83%aa%e3%82%a2%e3%83%bb%e3%83%95%e3%83%a9%e3%83%a1%e3%83%b3%e3%82%b3%ef%bc%86%e3%82%ac%e3%82%b9%e3%83%88%e3%83%ad%e3%83%8e%e3%83%9f%e3%83%bc%e3%81%b8%e3%81%ae%e3%82%a2\/","og_site_name":"Flamenco Alegr\u00eda","article_publisher":"https:\/\/www.facebook.com\/alegriaflamencomalaga\/?locale=es_ES","article_modified_time":"2025-06-26T14:29:37+00:00","og_image":[{"width":510,"height":382,"url":"https:\/\/flamencomalaga.com\/wp-content\/uploads\/2024\/07\/home-min-510x382-1.jpg?wsr","type":"image\/jpeg"}],"twitter_card":"summary_large_image","schema":{"@context":"https:\/\/schema.org","@graph":[{"@type":"WebPage","@id":"https:\/\/flamencomalaga.com\/ja\/%e3%82%a2%e3%83%ac%e3%82%b0%e3%83%aa%e3%82%a2%e3%83%bb%e3%83%95%e3%83%a9%e3%83%a1%e3%83%b3%e3%82%b3%ef%bc%86%e3%82%ac%e3%82%b9%e3%83%88%e3%83%ad%e3%83%8e%e3%83%9f%e3%83%bc%e3%81%b8%e3%81%ae%e3%82%a2\/","url":"https:\/\/flamencomalaga.com\/ja\/%e3%82%a2%e3%83%ac%e3%82%b0%e3%83%aa%e3%82%a2%e3%83%bb%e3%83%95%e3%83%a9%e3%83%a1%e3%83%b3%e3%82%b3%ef%bc%86%e3%82%ac%e3%82%b9%e3%83%88%e3%83%ad%e3%83%8e%e3%83%9f%e3%83%bc%e3%81%b8%e3%81%ae%e3%82%a2\/","name":"\u30bf\u30d6\u30e9\u30aa\u3078\u306e\u30a2\u30af\u30bb\u30b9\uff5c\u30a2\u30ec\u30b0\u30ea\u30a2 \u30d5\u30e9\u30e1\u30f3\u30b3\uff06\u30ac\u30b9\u30c8\u30ed\u30ce\u30df\u30fc","isPartOf":{"@id":"https:\/\/flamencomalaga.com\/ja\/#website"},"datePublished":"2024-10-31T08:53:48+00:00","dateModified":"2025-06-26T14:29:37+00:00","description":"\u30a2\u30ec\u30b0\u30ea\u30a2\u30fb\u30d5\u30e9\u30e1\u30f3\u30b3\u306f\u8857\u306e\u4e2d\u5fc3\u90e8\u306b\u4f4d\u7f6e\u3057\u3001\u6b74\u53f2\u7684\u4e2d\u5fc3\u90e8\u304b\u308910\u5206\u3067\u3059\u3002\u884c\u304d\u65b9\u306f\u3053\u3061\u3089\u3092\u3054\u89a7\u304f\u3060\u3055\u3044\u3002","breadcrumb":{"@id":"https:\/\/flamencomalaga.com\/ja\/%e3%82%a2%e3%83%ac%e3%82%b0%e3%83%aa%e3%82%a2%e3%83%bb%e3%83%95%e3%83%a9%e3%83%a1%e3%83%b3%e3%82%b3%ef%bc%86%e3%82%ac%e3%82%b9%e3%83%88%e3%83%ad%e3%83%8e%e3%83%9f%e3%83%bc%e3%81%b8%e3%81%ae%e3%82%a2\/#breadcrumb"},"inLanguage":"ja","potentialAction":[{"@type":"ReadAction","target":["https:\/\/flamencomalaga.com\/ja\/%e3%82%a2%e3%83%ac%e3%82%b0%e3%83%aa%e3%82%a2%e3%83%bb%e3%83%95%e3%83%a9%e3%83%a1%e3%83%b3%e3%82%b3%ef%bc%86%e3%82%ac%e3%82%b9%e3%83%88%e3%83%ad%e3%83%8e%e3%83%9f%e3%83%bc%e3%81%b8%e3%81%ae%e3%82%a2\/"]}]},{"@type":"BreadcrumbList","@id":"https:\/\/flamencomalaga.com\/ja\/%e3%82%a2%e3%83%ac%e3%82%b0%e3%83%aa%e3%82%a2%e3%83%bb%e3%83%95%e3%83%a9%e3%83%a1%e3%83%b3%e3%82%b3%ef%bc%86%e3%82%ac%e3%82%b9%e3%83%88%e3%83%ad%e3%83%8e%e3%83%9f%e3%83%bc%e3%81%b8%e3%81%ae%e3%82%a2\/#breadcrumb","itemListElement":[{"@type":"ListItem","position":1,"name":"\u30db\u30fc\u30e0","item":"https:\/\/flamencomalaga.com\/ja\/"},{"@type":"ListItem","position":2,"name":"\u30a2\u30ec\u30b0\u30ea\u30a2\u30fb\u30d5\u30e9\u30e1\u30f3\u30b3\uff06\u30ac\u30b9\u30c8\u30ed\u30ce\u30df\u30fc\u3078\u306e\u30a2\u30af\u30bb\u30b9"}]},{"@type":"WebSite","@id":"https:\/\/flamencomalaga.com\/ja\/#website","url":"https:\/\/flamencomalaga.com\/ja\/","name":"Flamenco Alegr\u00eda y Gastronomia","description":"","publisher":{"@id":"https:\/\/flamencomalaga.com\/ja\/#organization"},"alternateName":"Flamenco Alegr\u00eda","potentialAction":[{"@type":"SearchAction","target":{"@type":"EntryPoint","urlTemplate":"https:\/\/flamencomalaga.com\/ja\/?s={search_term_string}"},"query-input":{"@type":"PropertyValueSpecification","valueRequired":true,"valueName":"search_term_string"}}],"inLanguage":"ja"},{"@type":"Organization","@id":"https:\/\/flamencomalaga.com\/ja\/#organization","name":"\u30d5\u30e9\u30e1\u30f3\u30b3\u30fb\u30a2\u30ec\u30b0\u30ea\u30a2","alternateName":"Alegr\u00eda - Flamenco y Gastronom\u00eda","url":"https:\/\/flamencomalaga.com\/ja\/","logo":{"@type":"ImageObject","inLanguage":"ja","@id":"https:\/\/flamencomalaga.com\/ja\/#\/schema\/logo\/image\/","url":"https:\/\/flamencomalaga.com\/wp-content\/uploads\/2024\/07\/flamenco-malaga_logo.png?wsr","contentUrl":"https:\/\/flamencomalaga.com\/wp-content\/uploads\/2024\/07\/flamenco-malaga_logo.png?wsr","width":166,"height":85,"caption":"\u30d5\u30e9\u30e1\u30f3\u30b3\u30fb\u30a2\u30ec\u30b0\u30ea\u30a2"},"image":{"@id":"https:\/\/flamencomalaga.com\/ja\/#\/schema\/logo\/image\/"},"sameAs":["https:\/\/www.facebook.com\/alegriaflamencomalaga\/?locale=es_ES","https:\/\/www.instagram.com\/flamencomalagaalegria","https:\/\/www.tiktok.com\/@flamencomalaga"]}]}},"_links":{"self":[{"href":"https:\/\/flamencomalaga.com\/ja\/wp-json\/wp\/v2\/pages\/31969","targetHints":{"allow":["GET"]}}],"collection":[{"href":"https:\/\/flamencomalaga.com\/ja\/wp-json\/wp\/v2\/pages"}],"about":[{"href":"https:\/\/flamencomalaga.com\/ja\/wp-json\/wp\/v2\/types\/page"}],"author":[{"embeddable":true,"href":"https:\/\/flamencomalaga.com\/ja\/wp-json\/wp\/v2\/users\/8"}],"replies":[{"embeddable":true,"href":"https:\/\/flamencomalaga.com\/ja\/wp-json\/wp\/v2\/comments?post=31969"}],"version-history":[{"count":1,"href":"https:\/\/flamencomalaga.com\/ja\/wp-json\/wp\/v2\/pages\/31969\/revisions"}],"predecessor-version":[{"id":31970,"href":"https:\/\/flamencomalaga.com\/ja\/wp-json\/wp\/v2\/pages\/31969\/revisions\/31970"}],"wp:attachment":[{"href":"https:\/\/flamencomalaga.com\/ja\/wp-json\/wp\/v2\/media?parent=31969"}],"curies":[{"name":"wp","href":"https:\/\/api.w.org\/{rel}","templated":true}]}}