{"id":29574,"date":"2024-11-05T13:51:17","date_gmt":"2024-11-05T12:51:17","guid":{"rendered":"https:\/\/flamencomalaga.com\/regala-unesperienza-unica-regala-il-flamenco\/"},"modified":"2026-03-18T18:54:35","modified_gmt":"2026-03-18T17:54:35","slug":"regala-spettacolo-flamenco","status":"publish","type":"page","link":"https:\/\/flamencomalaga.com\/it\/regala-spettacolo-flamenco\/","title":{"rendered":"Regala un&#8217;esperienza unica: regala il flamenco"},"content":{"rendered":"\t\t<div data-elementor-type=\"wp-page\" data-elementor-id=\"29574\" class=\"elementor elementor-29574 elementor-29542\" data-elementor-post-type=\"page\">\n\t\t\t\t<div class=\"elementor-element elementor-element-d016687 e-flex e-con-boxed e-con e-parent\" data-id=\"d016687\" data-element_type=\"container\" data-e-type=\"container\" data-settings=\"{&quot;background_background&quot;:&quot;classic&quot;}\">\n\t\t\t\t\t<div class=\"e-con-inner\">\n\t\t<div class=\"elementor-element elementor-element-3544ba5 e-con-full e-flex e-con e-child\" data-id=\"3544ba5\" data-element_type=\"container\" data-e-type=\"container\">\n\t\t\t\t<\/div>\n\t\t<div class=\"elementor-element elementor-element-e15eac0 e-con-full e-flex e-con e-child\" data-id=\"e15eac0\" data-element_type=\"container\" data-e-type=\"container\">\n\t\t\t\t<div class=\"elementor-element elementor-element-d78ebe6 elementor-widget elementor-widget-heading\" data-id=\"d78ebe6\" data-element_type=\"widget\" data-e-type=\"widget\" data-widget_type=\"heading.default\">\n\t\t\t\t<div class=\"elementor-widget-container\">\n\t\t\t\t\t<h1 class=\"elementor-heading-title elementor-size-default\">Regala un'esperienza unica: regala il flamenco<\/h1>\t\t\t\t<\/div>\n\t\t\t\t<\/div>\n\t\t\t\t<\/div>\n\t\t\t\t\t<\/div>\n\t\t\t\t<\/div>\n\t\t<div class=\"elementor-element elementor-element-2076275 e-flex e-con-boxed e-con e-parent\" data-id=\"2076275\" data-element_type=\"container\" data-e-type=\"container\" data-settings=\"{&quot;background_background&quot;:&quot;classic&quot;}\">\n\t\t\t\t\t<div class=\"e-con-inner\">\n\t\t<div class=\"elementor-element elementor-element-a6f98fc e-con-full e-flex e-con e-child\" data-id=\"a6f98fc\" data-element_type=\"container\" data-e-type=\"container\">\n\t\t<div class=\"elementor-element elementor-element-07d06f0 e-con-full e-flex e-con e-child\" data-id=\"07d06f0\" data-element_type=\"container\" data-e-type=\"container\">\n\t\t\t\t<div class=\"elementor-element elementor-element-accdd12 elementor-widget elementor-widget-text-editor\" data-id=\"accdd12\" data-element_type=\"widget\" data-e-type=\"widget\" data-widget_type=\"text-editor.default\">\n\t\t\t\t<div class=\"elementor-widget-container\">\n\t\t\t\t\t\t\t\t\t<p>Ora puoi regalare uno spettacolo di flamenco con cena inclusa a chi vuoi tu senza dover scegliere una data specifica; lascia che siano i destinatari a scegliere la data e l&#8217;ora pi\u00f9 adatta ai loro impegni.<\/p>\n<p>Se non sai cosa regalare ai tuoi genitori per il loro 50\u00b0 anniversario, o per Natale, se stai cercando regali per i tuoi suoceri, amici, partner, familiari, o se vuoi fare un regalo speciale a una coppia che si sta per sposare, in Alegr\u00eda Flamenco ti offriamo il regalo perfetto per tutte quelle occasioni in cui fare un regalo \u00e8 solo una palla.<\/p>\n\t\t\t\t\t\t\t\t<\/div>\n\t\t\t\t<\/div>\n\t\t\t\t<div class=\"elementor-element elementor-element-6b98764 elementor-align-left elementor-widget elementor-widget-button\" data-id=\"6b98764\" data-element_type=\"widget\" data-e-type=\"widget\" data-widget_type=\"button.default\">\n\t\t\t\t<div class=\"elementor-widget-container\">\n\t\t\t\t\t\t\t\t\t<div class=\"elementor-button-wrapper\">\n\t\t\t\t\t<a class=\"elementor-button elementor-button-link elementor-size-sm\" href=\"https:\/\/show.flamencomalaga.com\/it\/1881-regala\" target=\"_blank\">\n\t\t\t\t\t\t<span class=\"elementor-button-content-wrapper\">\n\t\t\t\t\t\t\t\t\t<span class=\"elementor-button-text\">Carta regalo<\/span>\n\t\t\t\t\t<\/span>\n\t\t\t\t\t<\/a>\n\t\t\t\t<\/div>\n\t\t\t\t\t\t\t\t<\/div>\n\t\t\t\t<\/div>\n\t\t\t\t<\/div>\n\t\t<div class=\"elementor-element elementor-element-f73a2cc e-con-full e-flex e-con e-child\" data-id=\"f73a2cc\" data-element_type=\"container\" data-e-type=\"container\" data-settings=\"{&quot;background_background&quot;:&quot;classic&quot;}\">\n\t\t\t\t<\/div>\n\t\t\t\t<\/div>\n\t\t<div class=\"elementor-element elementor-element-4a478a2 e-con-full e-flex e-con e-child\" data-id=\"4a478a2\" data-element_type=\"container\" data-e-type=\"container\">\n\t\t<div class=\"elementor-element elementor-element-6a0c59a e-con-full e-flex e-con e-child\" data-id=\"6a0c59a\" data-element_type=\"container\" data-e-type=\"container\" data-settings=\"{&quot;background_background&quot;:&quot;classic&quot;}\">\n\t\t\t\t<\/div>\n\t\t<div class=\"elementor-element elementor-element-c991dfd e-con-full e-flex e-con e-child\" data-id=\"c991dfd\" data-element_type=\"container\" data-e-type=\"container\">\n\t\t\t\t<div class=\"elementor-element elementor-element-61d3718 elementor-widget elementor-widget-heading\" data-id=\"61d3718\" data-element_type=\"widget\" data-e-type=\"widget\" data-widget_type=\"heading.default\">\n\t\t\t\t<div class=\"elementor-widget-container\">\n\t\t\t\t\t<h2 class=\"elementor-heading-title elementor-size-default\">Regala uno spettacolo di flamenco con cena\n<\/h2>\t\t\t\t<\/div>\n\t\t\t\t<\/div>\n\t\t\t\t<div class=\"elementor-element elementor-element-7100f5b elementor-widget elementor-widget-text-editor\" data-id=\"7100f5b\" data-element_type=\"widget\" data-e-type=\"widget\" data-widget_type=\"text-editor.default\">\n\t\t\t\t<div class=\"elementor-widget-container\">\n\t\t\t\t\t\t\t\t\t<p>Il nostro spettacolo di flamenco presenta alcuni dei migliori artisti internazionali. \u00c8 un regalo che non lascer\u00e0 di certo indifferenti i tuoi ospiti, soprattutto per chi \u00e8 appassionato di flamenco. <\/p>\n<p>Il nostro ristorante ha un&#8217;offerta gastronomica molto ampia, con una grande selezione di piatti tipici andalusi e spagnoli, con prodotti locali e ingredienti freschi. I tuoi ospiti non solo potranno godere di uno spettacolo di flamenco professionale, ma anche di una cena che non dimenticheranno. <\/p>\n<p>Lo spazio \u00e8 molto accogliente e intimo, il che lo rende un luogo ideale per una cena romantica in coppia, ma pu\u00f2 anche essere un regalo perfetto per amici e familiari.<\/p>\n\t\t\t\t\t\t\t\t<\/div>\n\t\t\t\t<\/div>\n\t\t\t\t<\/div>\n\t\t\t\t<\/div>\n\t\t\t\t\t<\/div>\n\t\t\t\t<\/div>\n\t\t<div class=\"elementor-element elementor-element-f9cc634 e-flex e-con-boxed e-con e-parent\" data-id=\"f9cc634\" data-element_type=\"container\" data-e-type=\"container\" data-settings=\"{&quot;background_background&quot;:&quot;classic&quot;}\">\n\t\t\t\t\t<div class=\"e-con-inner\">\n\t\t<div class=\"elementor-element elementor-element-4924c86 e-con-full e-flex e-con e-child\" data-id=\"4924c86\" data-element_type=\"container\" data-e-type=\"container\" data-settings=\"{&quot;background_background&quot;:&quot;classic&quot;}\">\n\t\t\t\t<div class=\"elementor-element elementor-element-f4b3664 elementor-widget elementor-widget-heading\" data-id=\"f4b3664\" data-element_type=\"widget\" data-e-type=\"widget\" data-widget_type=\"heading.default\">\n\t\t\t\t<div class=\"elementor-widget-container\">\n\t\t\t\t\t<h2 class=\"elementor-heading-title elementor-size-default\">Come regalare uno spettacolo di flamenco\n<\/h2>\t\t\t\t<\/div>\n\t\t\t\t<\/div>\n\t\t\t\t<div class=\"elementor-element elementor-element-065c185 elementor-widget elementor-widget-text-editor\" data-id=\"065c185\" data-element_type=\"widget\" data-e-type=\"widget\" data-widget_type=\"text-editor.default\">\n\t\t\t\t<div class=\"elementor-widget-container\">\n\t\t\t\t\t\t\t\t\t<p>Regalare uno spettacolo di flamenco all&#8217;Alegr\u00eda Flamenco &amp; Gastronom\u00eda \u00e8 molto semplice: seleziona il numero di persone a cui vuoi fare il regalo, scegli se includere o meno la cena ed effettua il pagamento. Saranno i destinatari a scegliere la data e l&#8217;ora dello spettacolo a cui vogliono assistere con un margine di 1 anno. <\/p>\n<p>Uno spettacolo di flamenco \u00e8 anche un regalo perfetto per un amico invisibile, per un compleanno o per qualsiasi altra occasione speciale.<\/p>\n\t\t\t\t\t\t\t\t<\/div>\n\t\t\t\t<\/div>\n\t\t\t\t<div class=\"elementor-element elementor-element-629c448 elementor-widget elementor-widget-heading\" data-id=\"629c448\" data-element_type=\"widget\" data-e-type=\"widget\" data-widget_type=\"heading.default\">\n\t\t\t\t<div class=\"elementor-widget-container\">\n\t\t\t\t\t<h3 class=\"elementor-heading-title elementor-size-default\">Condizioni<\/h3>\t\t\t\t<\/div>\n\t\t\t\t<\/div>\n\t\t\t\t<div class=\"elementor-element elementor-element-1319456 elementor-widget elementor-widget-text-editor\" data-id=\"1319456\" data-element_type=\"widget\" data-e-type=\"widget\" data-widget_type=\"text-editor.default\">\n\t\t\t\t<div class=\"elementor-widget-container\">\n\t\t\t\t\t\t\t\t\t<p>Le carte regalo devono essere utilizzate entro 12 mesi dall&#8217;acquisto. Si consiglia di chiamare per prenotare almeno 3 giorni prima dello spettacolo per assicurarsi che ci sia spazio. \u00c8 indispensabile prenotare prima di assistere allo spettacolo.<\/p>\t\t\t\t\t\t\t\t<\/div>\n\t\t\t\t<\/div>\n\t\t\t\t<div class=\"elementor-element elementor-element-0777a1a elementor-align-left elementor-widget elementor-widget-button\" data-id=\"0777a1a\" data-element_type=\"widget\" data-e-type=\"widget\" data-widget_type=\"button.default\">\n\t\t\t\t<div class=\"elementor-widget-container\">\n\t\t\t\t\t\t\t\t\t<div class=\"elementor-button-wrapper\">\n\t\t\t\t\t<a class=\"elementor-button elementor-button-link elementor-size-sm\" href=\"https:\/\/show.flamencomalaga.com\/it\/1881-regala\" target=\"_blank\">\n\t\t\t\t\t\t<span class=\"elementor-button-content-wrapper\">\n\t\t\t\t\t\t\t\t\t<span class=\"elementor-button-text\">RISERVA<\/span>\n\t\t\t\t\t<\/span>\n\t\t\t\t\t<\/a>\n\t\t\t\t<\/div>\n\t\t\t\t\t\t\t\t<\/div>\n\t\t\t\t<\/div>\n\t\t\t\t<\/div>\n\t\t\t\t\t<\/div>\n\t\t\t\t<\/div>\n\t\t\t\t<\/div>\n\t\t","protected":false},"excerpt":{"rendered":"<p>Regala un&#8217;esperienza unica: regala il flamenco Ora puoi regalare uno spettacolo di flamenco con cena inclusa a chi vuoi tu senza dover scegliere una data specifica; lascia che siano i destinatari a scegliere la data e l&#8217;ora pi\u00f9 adatta ai loro impegni. Se non sai cosa regalare ai tuoi genitori per il loro 50\u00b0 anniversario, [&hellip;]<\/p>\n","protected":false},"author":8,"featured_media":0,"parent":0,"menu_order":0,"comment_status":"closed","ping_status":"closed","template":"","meta":{"_acf_changed":false,"footnotes":""},"class_list":["post-29574","page","type-page","status-publish","hentry"],"acf":[],"yoast_head":"<!-- This site is optimized with the Yoast SEO plugin v27.4 - https:\/\/yoast.com\/product\/yoast-seo-wordpress\/ -->\n<title>Regala un&#039;esperienza unica | Alegr\u00eda Flamenco &amp; Gastronomia<\/title>\n<meta name=\"description\" content=\"Regala un&#039;esperienza unica di flamenco. Ideale per anniversari, Natale o celebrazioni speciali, \u00e8 il regalo perfetto per ogni occasione.\" \/>\n<meta name=\"robots\" content=\"index, follow, max-snippet:-1, max-image-preview:large, max-video-preview:-1\" \/>\n<link rel=\"canonical\" href=\"https:\/\/flamencomalaga.com\/it\/regala-spettacolo-flamenco\/\" \/>\n<meta property=\"og:locale\" content=\"it_IT\" \/>\n<meta property=\"og:type\" content=\"article\" \/>\n<meta property=\"og:title\" content=\"Regala un&#039;esperienza unica | Alegr\u00eda Flamenco &amp; Gastronomia\" \/>\n<meta property=\"og:description\" content=\"Regala un&#039;esperienza unica di flamenco. Ideale per anniversari, Natale o celebrazioni speciali, \u00e8 il regalo perfetto per ogni occasione.\" \/>\n<meta property=\"og:url\" content=\"https:\/\/flamencomalaga.com\/it\/regala-spettacolo-flamenco\/\" \/>\n<meta property=\"og:site_name\" content=\"Flamenco Alegr\u00eda\" \/>\n<meta property=\"article:publisher\" content=\"https:\/\/www.facebook.com\/alegriaflamencomalaga\/?locale=es_ES\" \/>\n<meta property=\"article:modified_time\" content=\"2026-03-18T17:54:35+00:00\" \/>\n<meta property=\"og:image\" content=\"https:\/\/flamencomalaga.com\/wp-content\/uploads\/2024\/07\/home-min-510x382-1.jpg?wsr\" \/>\n\t<meta property=\"og:image:width\" content=\"510\" \/>\n\t<meta property=\"og:image:height\" content=\"382\" \/>\n\t<meta property=\"og:image:type\" content=\"image\/jpeg\" \/>\n<meta name=\"twitter:card\" content=\"summary_large_image\" \/>\n<meta name=\"twitter:label1\" content=\"Tempo di lettura stimato\" \/>\n\t<meta name=\"twitter:data1\" content=\"2 minuto\" \/>\n<!-- \/ Yoast SEO plugin. -->","yoast_head_json":{"title":"Regala un'esperienza unica | Alegr\u00eda Flamenco & Gastronomia","description":"Regala un'esperienza unica di flamenco. Ideale per anniversari, Natale o celebrazioni speciali, \u00e8 il regalo perfetto per ogni occasione.","robots":{"index":"index","follow":"follow","max-snippet":"max-snippet:-1","max-image-preview":"max-image-preview:large","max-video-preview":"max-video-preview:-1"},"canonical":"https:\/\/flamencomalaga.com\/it\/regala-spettacolo-flamenco\/","og_locale":"it_IT","og_type":"article","og_title":"Regala un'esperienza unica | Alegr\u00eda Flamenco & Gastronomia","og_description":"Regala un'esperienza unica di flamenco. Ideale per anniversari, Natale o celebrazioni speciali, \u00e8 il regalo perfetto per ogni occasione.","og_url":"https:\/\/flamencomalaga.com\/it\/regala-spettacolo-flamenco\/","og_site_name":"Flamenco Alegr\u00eda","article_publisher":"https:\/\/www.facebook.com\/alegriaflamencomalaga\/?locale=es_ES","article_modified_time":"2026-03-18T17:54:35+00:00","og_image":[{"width":510,"height":382,"url":"https:\/\/flamencomalaga.com\/wp-content\/uploads\/2024\/07\/home-min-510x382-1.jpg?wsr","type":"image\/jpeg"}],"twitter_card":"summary_large_image","twitter_misc":{"Tempo di lettura stimato":"2 minuto"},"schema":{"@context":"https:\/\/schema.org","@graph":[{"@type":"WebPage","@id":"https:\/\/flamencomalaga.com\/it\/regala-spettacolo-flamenco\/","url":"https:\/\/flamencomalaga.com\/it\/regala-spettacolo-flamenco\/","name":"Regala un'esperienza unica | Alegr\u00eda Flamenco & Gastronomia","isPartOf":{"@id":"https:\/\/flamencomalaga.com\/it\/#website"},"datePublished":"2024-11-05T12:51:17+00:00","dateModified":"2026-03-18T17:54:35+00:00","description":"Regala un'esperienza unica di flamenco. Ideale per anniversari, Natale o celebrazioni speciali, \u00e8 il regalo perfetto per ogni occasione.","breadcrumb":{"@id":"https:\/\/flamencomalaga.com\/it\/regala-spettacolo-flamenco\/#breadcrumb"},"inLanguage":"it-IT","potentialAction":[{"@type":"ReadAction","target":["https:\/\/flamencomalaga.com\/it\/regala-spettacolo-flamenco\/"]}]},{"@type":"BreadcrumbList","@id":"https:\/\/flamencomalaga.com\/it\/regala-spettacolo-flamenco\/#breadcrumb","itemListElement":[{"@type":"ListItem","position":1,"name":"Home","item":"https:\/\/flamencomalaga.com\/it\/"},{"@type":"ListItem","position":2,"name":"Regala un&#8217;esperienza unica: regala il flamenco"}]},{"@type":"WebSite","@id":"https:\/\/flamencomalaga.com\/it\/#website","url":"https:\/\/flamencomalaga.com\/it\/","name":"Flamenco Alegr\u00eda y Gastronomia","description":"","publisher":{"@id":"https:\/\/flamencomalaga.com\/it\/#organization"},"alternateName":"Flamenco Alegr\u00eda","potentialAction":[{"@type":"SearchAction","target":{"@type":"EntryPoint","urlTemplate":"https:\/\/flamencomalaga.com\/it\/?s={search_term_string}"},"query-input":{"@type":"PropertyValueSpecification","valueRequired":true,"valueName":"search_term_string"}}],"inLanguage":"it-IT"},{"@type":"Organization","@id":"https:\/\/flamencomalaga.com\/it\/#organization","name":"Flamenco Alegr\u00eda","alternateName":"Alegr\u00eda - Flamenco y Gastronom\u00eda","url":"https:\/\/flamencomalaga.com\/it\/","logo":{"@type":"ImageObject","inLanguage":"it-IT","@id":"https:\/\/flamencomalaga.com\/it\/#\/schema\/logo\/image\/","url":"https:\/\/flamencomalaga.com\/wp-content\/uploads\/2024\/07\/flamenco-malaga_logo.png?wsr","contentUrl":"https:\/\/flamencomalaga.com\/wp-content\/uploads\/2024\/07\/flamenco-malaga_logo.png?wsr","width":166,"height":85,"caption":"Flamenco Alegr\u00eda"},"image":{"@id":"https:\/\/flamencomalaga.com\/it\/#\/schema\/logo\/image\/"},"sameAs":["https:\/\/www.facebook.com\/alegriaflamencomalaga\/?locale=es_ES","https:\/\/www.instagram.com\/flamencomalagaalegria","https:\/\/www.tiktok.com\/@flamencomalaga"]}]}},"_links":{"self":[{"href":"https:\/\/flamencomalaga.com\/it\/wp-json\/wp\/v2\/pages\/29574","targetHints":{"allow":["GET"]}}],"collection":[{"href":"https:\/\/flamencomalaga.com\/it\/wp-json\/wp\/v2\/pages"}],"about":[{"href":"https:\/\/flamencomalaga.com\/it\/wp-json\/wp\/v2\/types\/page"}],"author":[{"embeddable":true,"href":"https:\/\/flamencomalaga.com\/it\/wp-json\/wp\/v2\/users\/8"}],"replies":[{"embeddable":true,"href":"https:\/\/flamencomalaga.com\/it\/wp-json\/wp\/v2\/comments?post=29574"}],"version-history":[{"count":3,"href":"https:\/\/flamencomalaga.com\/it\/wp-json\/wp\/v2\/pages\/29574\/revisions"}],"predecessor-version":[{"id":35635,"href":"https:\/\/flamencomalaga.com\/it\/wp-json\/wp\/v2\/pages\/29574\/revisions\/35635"}],"wp:attachment":[{"href":"https:\/\/flamencomalaga.com\/it\/wp-json\/wp\/v2\/media?parent=29574"}],"curies":[{"name":"wp","href":"https:\/\/api.w.org\/{rel}","templated":true}]}}