{"id":29417,"date":"2024-10-31T09:53:48","date_gmt":"2024-10-31T08:53:48","guid":{"rendered":"https:\/\/flamencomalaga.com\/come-arrivare-ad-alegria-flamenco-gastronomia\/"},"modified":"2024-11-12T12:58:41","modified_gmt":"2024-11-12T11:58:41","slug":"come-arrivare-ad-tablao","status":"publish","type":"page","link":"https:\/\/flamencomalaga.com\/it\/come-arrivare-ad-tablao\/","title":{"rendered":"Come raggiungere il Alegr\u00eda Flamenco &amp; Gastronomia"},"content":{"rendered":"\t\t<div data-elementor-type=\"wp-page\" data-elementor-id=\"29417\" class=\"elementor elementor-29417 elementor-29392\" data-elementor-post-type=\"page\">\n\t\t\t\t<div class=\"elementor-element elementor-element-2139652 e-flex e-con-boxed e-con e-parent\" data-id=\"2139652\" data-element_type=\"container\" data-e-type=\"container\" data-settings=\"{&quot;background_background&quot;:&quot;classic&quot;}\">\n\t\t\t\t\t<div class=\"e-con-inner\">\n\t\t<div class=\"elementor-element elementor-element-a51b954 e-con-full e-flex e-con e-child\" data-id=\"a51b954\" data-element_type=\"container\" data-e-type=\"container\">\n\t\t\t\t<div class=\"elementor-element elementor-element-c3c7328 elementor-widget elementor-widget-heading\" data-id=\"c3c7328\" data-element_type=\"widget\" data-e-type=\"widget\" data-widget_type=\"heading.default\">\n\t\t\t\t<div class=\"elementor-widget-container\">\n\t\t\t\t\t<h1 class=\"elementor-heading-title elementor-size-default\">Come raggiungere il Alegr\u00eda Flamenco &amp; Gastronomia<\/h1>\t\t\t\t<\/div>\n\t\t\t\t<\/div>\n\t\t\t\t<\/div>\n\t\t\t\t\t<\/div>\n\t\t\t\t<\/div>\n\t\t<div class=\"elementor-element elementor-element-53b7e8e e-flex e-con-boxed e-con e-parent\" data-id=\"53b7e8e\" data-element_type=\"container\" data-e-type=\"container\" data-settings=\"{&quot;background_background&quot;:&quot;classic&quot;}\">\n\t\t\t\t\t<div class=\"e-con-inner\">\n\t\t\t\t<div class=\"elementor-element elementor-element-b86121b elementor-widget elementor-widget-text-editor\" data-id=\"b86121b\" data-element_type=\"widget\" data-e-type=\"widget\" data-widget_type=\"text-editor.default\">\n\t\t\t\t<div class=\"elementor-widget-container\">\n\t\t\t\t\t\t\t\t\t<p><span style=\"font-weight: 400;\">Alegr\u00eda Flamenco &amp; Gastronomia si trova in Calle V\u00e9lez M\u00e1laga, 6, 29016 M\u00e1laga, nel cuore della citt\u00e0. \u00c8 molto vicino al centro storico e dispone di una terrazza con vista sul Centro Pompidou. Ti lasciamo alcune indicazioni da punti di riferimento vicini per trovarci facilmente:<\/span><\/p>\t\t\t\t\t\t\t\t<\/div>\n\t\t\t\t<\/div>\n\t\t\t\t\t<\/div>\n\t\t\t\t<\/div>\n\t\t<div class=\"elementor-element elementor-element-18d1caf e-flex e-con-boxed e-con e-parent\" data-id=\"18d1caf\" data-element_type=\"container\" data-e-type=\"container\" data-settings=\"{&quot;background_background&quot;:&quot;classic&quot;}\">\n\t\t\t\t\t<div class=\"e-con-inner\">\n\t\t<div class=\"elementor-element elementor-element-522e493 e-con-full e-flex e-con e-child\" data-id=\"522e493\" data-element_type=\"container\" data-e-type=\"container\">\n\t\t\t\t<div class=\"elementor-element elementor-element-8527b8b elementor-widget elementor-widget-google_maps\" data-id=\"8527b8b\" data-element_type=\"widget\" data-e-type=\"widget\" data-widget_type=\"google_maps.default\">\n\t\t\t\t<div class=\"elementor-widget-container\">\n\t\t\t\t\t\t\t<div class=\"elementor-custom-embed\">\n\t\t\t<iframe loading=\"lazy\"\n\t\t\t\t\tsrc=\"https:\/\/maps.google.com\/maps?q=C.%20V%C3%A9lez%20M%C3%A1laga%2C%206%2C%20M%C3%A1laga-Este%2C%2029016%20M%C3%A1laga&#038;t=m&#038;z=14&#038;output=embed&#038;iwloc=near\"\n\t\t\t\t\ttitle=\"C. V\u00e9lez M\u00e1laga, 6, M\u00e1laga-Este, 29016 M\u00e1laga\"\n\t\t\t\t\taria-label=\"C. V\u00e9lez M\u00e1laga, 6, M\u00e1laga-Este, 29016 M\u00e1laga\"\n\t\t\t><\/iframe>\n\t\t<\/div>\n\t\t\t\t\t\t<\/div>\n\t\t\t\t<\/div>\n\t\t\t\t<\/div>\n\t\t<div class=\"elementor-element elementor-element-9f091da e-con-full e-flex e-con e-child\" data-id=\"9f091da\" data-element_type=\"container\" data-e-type=\"container\">\n\t\t\t\t<div class=\"elementor-element elementor-element-fabf7cd elementor-widget elementor-widget-heading\" data-id=\"fabf7cd\" data-element_type=\"widget\" data-e-type=\"widget\" data-widget_type=\"heading.default\">\n\t\t\t\t<div class=\"elementor-widget-container\">\n\t\t\t\t\t<p class=\"elementor-heading-title elementor-size-default\">Dall'Alcazaba di M\u00e1laga (5 minuti a piedi): \n<\/p>\t\t\t\t<\/div>\n\t\t\t\t<\/div>\n\t\t\t\t<div class=\"elementor-element elementor-element-4f3dd4d elementor-widget elementor-widget-text-editor\" data-id=\"4f3dd4d\" data-element_type=\"widget\" data-e-type=\"widget\" data-widget_type=\"text-editor.default\">\n\t\t\t\t<div class=\"elementor-widget-container\">\n\t\t\t\t\t\t\t\t\t<ol><li style=\"font-weight: 400;\" aria-level=\"2\"><span style=\"font-weight: 400;\">Cammina verso sud lungo Calle Alcazabilla, poi gira a sinistra su Calle Victoria.\u00a0<\/span><\/li><li style=\"font-weight: 400;\" aria-level=\"2\"><span style=\"font-weight: 400;\">Prosegui dritto fino a raggiungere Calle V\u00e9lez M\u00e1laga e troverai il tablao al numero 6.<\/span><\/li><\/ol>\t\t\t\t\t\t\t\t<\/div>\n\t\t\t\t<\/div>\n\t\t\t\t<div class=\"elementor-element elementor-element-e7b67a2 elementor-widget elementor-widget-heading\" data-id=\"e7b67a2\" data-element_type=\"widget\" data-e-type=\"widget\" data-widget_type=\"heading.default\">\n\t\t\t\t<div class=\"elementor-widget-container\">\n\t\t\t\t\t<p class=\"elementor-heading-title elementor-size-default\">Dalla Plaza de la Merced (7 minuti a piedi): \n<\/p>\t\t\t\t<\/div>\n\t\t\t\t<\/div>\n\t\t\t\t<div class=\"elementor-element elementor-element-0077f16 elementor-widget elementor-widget-text-editor\" data-id=\"0077f16\" data-element_type=\"widget\" data-e-type=\"widget\" data-widget_type=\"text-editor.default\">\n\t\t\t\t<div class=\"elementor-widget-container\">\n\t\t\t\t\t\t\t\t\t<ol><li style=\"font-weight: 400;\" aria-level=\"2\"><span style=\"font-weight: 400;\">Dirigiti a sud lungo Calle Granada, poi gira a sinistra su Calle Victoria.\u00a0<\/span><\/li><li style=\"font-weight: 400;\" aria-level=\"2\"><span style=\"font-weight: 400;\">Continua fino a Calle V\u00e9lez M\u00e1laga, dove ci troverai al numero 6.<\/span><\/li><\/ol>\t\t\t\t\t\t\t\t<\/div>\n\t\t\t\t<\/div>\n\t\t\t\t<div class=\"elementor-element elementor-element-d41b991 elementor-widget elementor-widget-heading\" data-id=\"d41b991\" data-element_type=\"widget\" data-e-type=\"widget\" data-widget_type=\"heading.default\">\n\t\t\t\t<div class=\"elementor-widget-container\">\n\t\t\t\t\t<p class=\"elementor-heading-title elementor-size-default\">Dalla Cattedrale di M\u00e1laga (10 minuti a piedi): \n<\/p>\t\t\t\t<\/div>\n\t\t\t\t<\/div>\n\t\t\t\t<div class=\"elementor-element elementor-element-3079cb3 elementor-widget elementor-widget-text-editor\" data-id=\"3079cb3\" data-element_type=\"widget\" data-e-type=\"widget\" data-widget_type=\"text-editor.default\">\n\t\t\t\t<div class=\"elementor-widget-container\">\n\t\t\t\t\t\t\t\t\t<ol><li style=\"font-weight: 400;\" aria-level=\"2\"><span style=\"font-weight: 400;\">Cammina verso est lungo Calle Molina Lario, poi prendi Calle Alcazabilla fino a raggiungere Calle Victoria.\u00a0<\/span><\/li><li style=\"font-weight: 400;\" aria-level=\"2\"><span style=\"font-weight: 400;\">Da l\u00ec, continua dritto fino a trovare il nostro tablao in Calle V\u00e9lez M\u00e1laga.<\/span><\/li><\/ol>\t\t\t\t\t\t\t\t<\/div>\n\t\t\t\t<\/div>\n\t\t\t\t<div class=\"elementor-element elementor-element-611c54f elementor-widget elementor-widget-heading\" data-id=\"611c54f\" data-element_type=\"widget\" data-e-type=\"widget\" data-widget_type=\"heading.default\">\n\t\t\t\t<div class=\"elementor-widget-container\">\n\t\t\t\t\t<p class=\"elementor-heading-title elementor-size-default\">Dalla Playa de la Malagueta (12 minuti a piedi): \n<\/p>\t\t\t\t<\/div>\n\t\t\t\t<\/div>\n\t\t\t\t<div class=\"elementor-element elementor-element-48287e8 elementor-widget elementor-widget-text-editor\" data-id=\"48287e8\" data-element_type=\"widget\" data-e-type=\"widget\" data-widget_type=\"text-editor.default\">\n\t\t\t\t<div class=\"elementor-widget-container\">\n\t\t\t\t\t\t\t\t\t<ol><li><span style=\"font-weight: 400;\">Cammina verso nord lungo il Paseo Reding, poi prendi Calle V\u00e9lez M\u00e1laga e continua fino a raggiungere il numero 6, dove ci troviamo.<\/span><\/li><\/ol>\t\t\t\t\t\t\t\t<\/div>\n\t\t\t\t<\/div>\n\t\t\t\t<\/div>\n\t\t\t\t\t<\/div>\n\t\t\t\t<\/div>\n\t\t\t\t<\/div>\n\t\t","protected":false},"excerpt":{"rendered":"<p>Come raggiungere il Alegr\u00eda Flamenco &amp; Gastronomia Alegr\u00eda Flamenco &amp; Gastronomia si trova in Calle V\u00e9lez M\u00e1laga, 6, 29016 M\u00e1laga, nel cuore della citt\u00e0. \u00c8 molto vicino al centro storico e dispone di una terrazza con vista sul Centro Pompidou. Ti lasciamo alcune indicazioni da punti di riferimento vicini per trovarci facilmente: Dall&#8217;Alcazaba di M\u00e1laga [&hellip;]<\/p>\n","protected":false},"author":8,"featured_media":0,"parent":0,"menu_order":0,"comment_status":"closed","ping_status":"closed","template":"","meta":{"_acf_changed":false,"footnotes":""},"class_list":["post-29417","page","type-page","status-publish","hentry"],"acf":[],"yoast_head":"<!-- This site is optimized with the Yoast SEO plugin v27.3 - https:\/\/yoast.com\/product\/yoast-seo-wordpress\/ -->\n<title>Indicazioni per il nostro tablao | Alegr\u00eda Flamenco &amp; Gastronomia<\/title>\n<meta name=\"description\" content=\"L&#039;Alegr\u00eda Flamenco si trova nel cuore della citt\u00e0, a dieci minuti dal centro storico. Scopri come raggiungerla con queste indicazioni.\" \/>\n<meta name=\"robots\" content=\"index, follow, max-snippet:-1, max-image-preview:large, max-video-preview:-1\" \/>\n<link rel=\"canonical\" href=\"https:\/\/flamencomalaga.com\/it\/come-arrivare-ad-tablao\/\" \/>\n<meta property=\"og:locale\" content=\"it_IT\" \/>\n<meta property=\"og:type\" content=\"article\" \/>\n<meta property=\"og:title\" content=\"Indicazioni per il nostro tablao | Alegr\u00eda Flamenco &amp; Gastronomia\" \/>\n<meta property=\"og:description\" content=\"L&#039;Alegr\u00eda Flamenco si trova nel cuore della citt\u00e0, a dieci minuti dal centro storico. Scopri come raggiungerla con queste indicazioni.\" \/>\n<meta property=\"og:url\" content=\"https:\/\/flamencomalaga.com\/it\/come-arrivare-ad-tablao\/\" \/>\n<meta property=\"og:site_name\" content=\"Flamenco Alegr\u00eda\" \/>\n<meta property=\"article:publisher\" content=\"https:\/\/www.facebook.com\/alegriaflamencomalaga\/?locale=es_ES\" \/>\n<meta property=\"article:modified_time\" content=\"2024-11-12T11:58:41+00:00\" \/>\n<meta property=\"og:image\" content=\"https:\/\/flamencomalaga.com\/wp-content\/uploads\/2024\/07\/home-min-510x382-1.jpg?wsr\" \/>\n\t<meta property=\"og:image:width\" content=\"510\" \/>\n\t<meta property=\"og:image:height\" content=\"382\" \/>\n\t<meta property=\"og:image:type\" content=\"image\/jpeg\" \/>\n<meta name=\"twitter:card\" content=\"summary_large_image\" \/>\n<meta name=\"twitter:label1\" content=\"Tempo di lettura stimato\" \/>\n\t<meta name=\"twitter:data1\" content=\"2 minuto\" \/>\n<!-- \/ Yoast SEO plugin. -->","yoast_head_json":{"title":"Indicazioni per il nostro tablao | Alegr\u00eda Flamenco & Gastronomia","description":"L'Alegr\u00eda Flamenco si trova nel cuore della citt\u00e0, a dieci minuti dal centro storico. Scopri come raggiungerla con queste indicazioni.","robots":{"index":"index","follow":"follow","max-snippet":"max-snippet:-1","max-image-preview":"max-image-preview:large","max-video-preview":"max-video-preview:-1"},"canonical":"https:\/\/flamencomalaga.com\/it\/come-arrivare-ad-tablao\/","og_locale":"it_IT","og_type":"article","og_title":"Indicazioni per il nostro tablao | Alegr\u00eda Flamenco & Gastronomia","og_description":"L'Alegr\u00eda Flamenco si trova nel cuore della citt\u00e0, a dieci minuti dal centro storico. Scopri come raggiungerla con queste indicazioni.","og_url":"https:\/\/flamencomalaga.com\/it\/come-arrivare-ad-tablao\/","og_site_name":"Flamenco Alegr\u00eda","article_publisher":"https:\/\/www.facebook.com\/alegriaflamencomalaga\/?locale=es_ES","article_modified_time":"2024-11-12T11:58:41+00:00","og_image":[{"width":510,"height":382,"url":"https:\/\/flamencomalaga.com\/wp-content\/uploads\/2024\/07\/home-min-510x382-1.jpg?wsr","type":"image\/jpeg"}],"twitter_card":"summary_large_image","twitter_misc":{"Tempo di lettura stimato":"2 minuto"},"schema":{"@context":"https:\/\/schema.org","@graph":[{"@type":"WebPage","@id":"https:\/\/flamencomalaga.com\/it\/come-arrivare-ad-tablao\/","url":"https:\/\/flamencomalaga.com\/it\/come-arrivare-ad-tablao\/","name":"Indicazioni per il nostro tablao | Alegr\u00eda Flamenco & Gastronomia","isPartOf":{"@id":"https:\/\/flamencomalaga.com\/it\/#website"},"datePublished":"2024-10-31T08:53:48+00:00","dateModified":"2024-11-12T11:58:41+00:00","description":"L'Alegr\u00eda Flamenco si trova nel cuore della citt\u00e0, a dieci minuti dal centro storico. Scopri come raggiungerla con queste indicazioni.","breadcrumb":{"@id":"https:\/\/flamencomalaga.com\/it\/come-arrivare-ad-tablao\/#breadcrumb"},"inLanguage":"it-IT","potentialAction":[{"@type":"ReadAction","target":["https:\/\/flamencomalaga.com\/it\/come-arrivare-ad-tablao\/"]}]},{"@type":"BreadcrumbList","@id":"https:\/\/flamencomalaga.com\/it\/come-arrivare-ad-tablao\/#breadcrumb","itemListElement":[{"@type":"ListItem","position":1,"name":"Home","item":"https:\/\/flamencomalaga.com\/it\/"},{"@type":"ListItem","position":2,"name":"Come raggiungere il Alegr\u00eda Flamenco &amp; Gastronomia"}]},{"@type":"WebSite","@id":"https:\/\/flamencomalaga.com\/it\/#website","url":"https:\/\/flamencomalaga.com\/it\/","name":"Flamenco Alegr\u00eda y Gastronomia","description":"","publisher":{"@id":"https:\/\/flamencomalaga.com\/it\/#organization"},"alternateName":"Flamenco Alegr\u00eda","potentialAction":[{"@type":"SearchAction","target":{"@type":"EntryPoint","urlTemplate":"https:\/\/flamencomalaga.com\/it\/?s={search_term_string}"},"query-input":{"@type":"PropertyValueSpecification","valueRequired":true,"valueName":"search_term_string"}}],"inLanguage":"it-IT"},{"@type":"Organization","@id":"https:\/\/flamencomalaga.com\/it\/#organization","name":"Flamenco Alegr\u00eda","alternateName":"Alegr\u00eda - Flamenco y Gastronom\u00eda","url":"https:\/\/flamencomalaga.com\/it\/","logo":{"@type":"ImageObject","inLanguage":"it-IT","@id":"https:\/\/flamencomalaga.com\/it\/#\/schema\/logo\/image\/","url":"https:\/\/flamencomalaga.com\/wp-content\/uploads\/2024\/07\/flamenco-malaga_logo.png?wsr","contentUrl":"https:\/\/flamencomalaga.com\/wp-content\/uploads\/2024\/07\/flamenco-malaga_logo.png?wsr","width":166,"height":85,"caption":"Flamenco Alegr\u00eda"},"image":{"@id":"https:\/\/flamencomalaga.com\/it\/#\/schema\/logo\/image\/"},"sameAs":["https:\/\/www.facebook.com\/alegriaflamencomalaga\/?locale=es_ES","https:\/\/www.instagram.com\/flamencomalagaalegria","https:\/\/www.tiktok.com\/@flamencomalaga"]}]}},"_links":{"self":[{"href":"https:\/\/flamencomalaga.com\/it\/wp-json\/wp\/v2\/pages\/29417","targetHints":{"allow":["GET"]}}],"collection":[{"href":"https:\/\/flamencomalaga.com\/it\/wp-json\/wp\/v2\/pages"}],"about":[{"href":"https:\/\/flamencomalaga.com\/it\/wp-json\/wp\/v2\/types\/page"}],"author":[{"embeddable":true,"href":"https:\/\/flamencomalaga.com\/it\/wp-json\/wp\/v2\/users\/8"}],"replies":[{"embeddable":true,"href":"https:\/\/flamencomalaga.com\/it\/wp-json\/wp\/v2\/comments?post=29417"}],"version-history":[{"count":0,"href":"https:\/\/flamencomalaga.com\/it\/wp-json\/wp\/v2\/pages\/29417\/revisions"}],"wp:attachment":[{"href":"https:\/\/flamencomalaga.com\/it\/wp-json\/wp\/v2\/media?parent=29417"}],"curies":[{"name":"wp","href":"https:\/\/api.w.org\/{rel}","templated":true}]}}