{"id":29295,"date":"2024-10-30T10:02:25","date_gmt":"2024-10-30T09:02:25","guid":{"rendered":"https:\/\/flamencomalaga.com\/i-nostri-tablao\/"},"modified":"2024-11-13T12:43:36","modified_gmt":"2024-11-13T11:43:36","slug":"i-nostri-tablao","status":"publish","type":"page","link":"https:\/\/flamencomalaga.com\/it\/i-nostri-tablao\/","title":{"rendered":"I nostri tablao"},"content":{"rendered":"\t\t<div data-elementor-type=\"wp-page\" data-elementor-id=\"29295\" class=\"elementor elementor-29295 elementor-29275\" data-elementor-post-type=\"page\">\n\t\t\t\t<div class=\"elementor-element elementor-element-1702518 e-flex e-con-boxed e-con e-parent\" data-id=\"1702518\" data-element_type=\"container\" data-e-type=\"container\" data-settings=\"{&quot;background_background&quot;:&quot;classic&quot;}\">\n\t\t\t\t\t<div class=\"e-con-inner\">\n\t\t<div class=\"elementor-element elementor-element-7f31f6d e-con-full e-flex e-con e-child\" data-id=\"7f31f6d\" data-element_type=\"container\" data-e-type=\"container\">\n\t\t\t\t<div class=\"elementor-element elementor-element-6bcca20 elementor-widget elementor-widget-heading\" data-id=\"6bcca20\" data-element_type=\"widget\" data-e-type=\"widget\" data-widget_type=\"heading.default\">\n\t\t\t\t<div class=\"elementor-widget-container\">\n\t\t\t\t\t<h1 class=\"elementor-heading-title elementor-size-default\">I nostri tablaos a Malaga e Granada<\/h1>\t\t\t\t<\/div>\n\t\t\t\t<\/div>\n\t\t\t\t<div class=\"elementor-element elementor-element-65fa389 elementor-widget elementor-widget-text-editor\" data-id=\"65fa389\" data-element_type=\"widget\" data-e-type=\"widget\" data-widget_type=\"text-editor.default\">\n\t\t\t\t<div class=\"elementor-widget-container\">\n\t\t\t\t\t\t\t\t\tAbbiamo diversi tablaos, che offrono tutti spettacoli giornalieri in orari diversi, diverse attivit\u00e0 complementari e un&#8217;esperienza di flamenco unica. Inoltre, in tutti i tablaos \u00e8 possibile organizzare eventi per gruppi: anniversari, afterwork, addii al celibato\/nubilato o feste, il tutto contornato da uno spettacolo di flamenco.\t\t\t\t\t\t\t\t<\/div>\n\t\t\t\t<\/div>\n\t\t\t\t<\/div>\n\t\t\t\t\t<\/div>\n\t\t\t\t<\/div>\n\t\t<div class=\"elementor-element elementor-element-10a24b6 e-con-full e-flex e-con e-parent\" data-id=\"10a24b6\" data-element_type=\"container\" data-e-type=\"container\">\n\t\t<div class=\"elementor-element elementor-element-6f18bd9 e-con-full e-flex e-con e-child\" data-id=\"6f18bd9\" data-element_type=\"container\" data-e-type=\"container\">\n\t\t<div class=\"elementor-element elementor-element-da93834 e-con-full e-flex e-con e-child\" data-id=\"da93834\" data-element_type=\"container\" data-e-type=\"container\" data-settings=\"{&quot;background_background&quot;:&quot;classic&quot;}\">\n\t\t\t\t<\/div>\n\t\t<div class=\"elementor-element elementor-element-aac8d88 e-con-full e-flex e-con e-child\" data-id=\"aac8d88\" data-element_type=\"container\" data-e-type=\"container\" data-settings=\"{&quot;background_background&quot;:&quot;classic&quot;}\">\n\t\t\t\t<div class=\"elementor-element elementor-element-0215a33 elementor-widget elementor-widget-heading\" data-id=\"0215a33\" data-element_type=\"widget\" data-e-type=\"widget\" data-widget_type=\"heading.default\">\n\t\t\t\t<div class=\"elementor-widget-container\">\n\t\t\t\t\t<h2 class=\"elementor-heading-title elementor-size-default\">Palazzo del Flamenco a Granada<\/h2>\t\t\t\t<\/div>\n\t\t\t\t<\/div>\n\t\t\t\t<div class=\"elementor-element elementor-element-f53805b elementor-icon-list--layout-traditional elementor-list-item-link-full_width elementor-widget elementor-widget-icon-list\" data-id=\"f53805b\" data-element_type=\"widget\" data-e-type=\"widget\" data-widget_type=\"icon-list.default\">\n\t\t\t\t<div class=\"elementor-widget-container\">\n\t\t\t\t\t\t\t<ul class=\"elementor-icon-list-items\">\n\t\t\t\t\t\t\t<li class=\"elementor-icon-list-item\">\n\t\t\t\t\t\t\t\t\t\t\t<span class=\"elementor-icon-list-icon\">\n\t\t\t\t\t\t\t<svg aria-hidden=\"true\" class=\"e-font-icon-svg e-fas-map-marker-alt\" viewBox=\"0 0 384 512\" xmlns=\"http:\/\/www.w3.org\/2000\/svg\"><path d=\"M172.268 501.67C26.97 291.031 0 269.413 0 192 0 85.961 85.961 0 192 0s192 85.961 192 192c0 77.413-26.97 99.031-172.268 309.67-9.535 13.774-29.93 13.773-39.464 0zM192 272c44.183 0 80-35.817 80-80s-35.817-80-80-80-80 35.817-80 80 35.817 80 80 80z\"><\/path><\/svg>\t\t\t\t\t\t<\/span>\n\t\t\t\t\t\t\t\t\t\t<span class=\"elementor-icon-list-text\">Grenada<\/span>\n\t\t\t\t\t\t\t\t\t<\/li>\n\t\t\t\t\t\t<\/ul>\n\t\t\t\t\t\t<\/div>\n\t\t\t\t<\/div>\n\t\t\t\t<div class=\"elementor-element elementor-element-af62340 elementor-widget elementor-widget-text-editor\" data-id=\"af62340\" data-element_type=\"widget\" data-e-type=\"widget\" data-widget_type=\"text-editor.default\">\n\t\t\t\t<div class=\"elementor-widget-container\">\n\t\t\t\t\t\t\t\t\tQuesto tablao \u00e8 senza dubbio quello con la posizione pi\u00f9 speciale, in quanto \u00e8 l&#8217;unico tablao di flamenco di Granada situato in un palazzo, un edificio storico del XVI secolo, ai piedi dell&#8217;Alhambra. Qui potrai assistere a uno spettacolo di flamenco mentre bevi un drink al nostro bar. Inoltre, lo spazio \u00e8 perfetto per organizzare eventi in un ambiente unico, intimo ed esclusivo.\t\t\t\t\t\t\t\t<\/div>\n\t\t\t\t<\/div>\n\t\t\t\t<div class=\"elementor-element elementor-element-078fcf1 elementor-align-left elementor-widget elementor-widget-button\" data-id=\"078fcf1\" data-element_type=\"widget\" data-e-type=\"widget\" data-widget_type=\"button.default\">\n\t\t\t\t<div class=\"elementor-widget-container\">\n\t\t\t\t\t\t\t\t\t<div class=\"elementor-button-wrapper\">\n\t\t\t\t\t<a class=\"elementor-button elementor-button-link elementor-size-sm\" href=\"https:\/\/flamencoenpalacio.com\/it\/\" target=\"_blank\">\n\t\t\t\t\t\t<span class=\"elementor-button-content-wrapper\">\n\t\t\t\t\t\t\t\t\t<span class=\"elementor-button-text\">Visita il sito<\/span>\n\t\t\t\t\t<\/span>\n\t\t\t\t\t<\/a>\n\t\t\t\t<\/div>\n\t\t\t\t\t\t\t\t<\/div>\n\t\t\t\t<\/div>\n\t\t\t\t<\/div>\n\t\t\t\t<\/div>\n\t\t\t\t<\/div>\n\t\t<div class=\"elementor-element elementor-element-d735e63 e-con-full e-flex e-con e-parent\" data-id=\"d735e63\" data-element_type=\"container\" data-e-type=\"container\">\n\t\t<div class=\"elementor-element elementor-element-a7cf16e e-con-full e-flex e-con e-child\" data-id=\"a7cf16e\" data-element_type=\"container\" data-e-type=\"container\">\n\t\t<div class=\"elementor-element elementor-element-0389d43 e-con-full e-flex e-con e-child\" data-id=\"0389d43\" data-element_type=\"container\" data-e-type=\"container\" data-settings=\"{&quot;background_background&quot;:&quot;classic&quot;}\">\n\t\t\t\t<div class=\"elementor-element elementor-element-ca646ce elementor-widget elementor-widget-heading\" data-id=\"ca646ce\" data-element_type=\"widget\" data-e-type=\"widget\" data-widget_type=\"heading.default\">\n\t\t\t\t<div class=\"elementor-widget-container\">\n\t\t\t\t\t<h2 class=\"elementor-heading-title elementor-size-default\">I Giardini di Zoraya<\/h2>\t\t\t\t<\/div>\n\t\t\t\t<\/div>\n\t\t\t\t<div class=\"elementor-element elementor-element-1b8ba3a elementor-icon-list--layout-traditional elementor-list-item-link-full_width elementor-widget elementor-widget-icon-list\" data-id=\"1b8ba3a\" data-element_type=\"widget\" data-e-type=\"widget\" data-widget_type=\"icon-list.default\">\n\t\t\t\t<div class=\"elementor-widget-container\">\n\t\t\t\t\t\t\t<ul class=\"elementor-icon-list-items\">\n\t\t\t\t\t\t\t<li class=\"elementor-icon-list-item\">\n\t\t\t\t\t\t\t\t\t\t\t<span class=\"elementor-icon-list-icon\">\n\t\t\t\t\t\t\t<svg aria-hidden=\"true\" class=\"e-font-icon-svg e-fas-map-marker-alt\" viewBox=\"0 0 384 512\" xmlns=\"http:\/\/www.w3.org\/2000\/svg\"><path d=\"M172.268 501.67C26.97 291.031 0 269.413 0 192 0 85.961 85.961 0 192 0s192 85.961 192 192c0 77.413-26.97 99.031-172.268 309.67-9.535 13.774-29.93 13.773-39.464 0zM192 272c44.183 0 80-35.817 80-80s-35.817-80-80-80-80 35.817-80 80 35.817 80 80 80z\"><\/path><\/svg>\t\t\t\t\t\t<\/span>\n\t\t\t\t\t\t\t\t\t\t<span class=\"elementor-icon-list-text\">Grenada<\/span>\n\t\t\t\t\t\t\t\t\t<\/li>\n\t\t\t\t\t\t<\/ul>\n\t\t\t\t\t\t<\/div>\n\t\t\t\t<\/div>\n\t\t\t\t<div class=\"elementor-element elementor-element-ea6f7e4 elementor-widget elementor-widget-text-editor\" data-id=\"ea6f7e4\" data-element_type=\"widget\" data-e-type=\"widget\" data-widget_type=\"text-editor.default\">\n\t\t\t\t<div class=\"elementor-widget-container\">\n\t\t\t\t\t\t\t\t\tIn questo tablao potrai sperimentare il flamenco dal vivo e la gastronomia nel cuore dell&#8217;Albaic\u00edn, molto vicino al centro storico di Granada. Particolarmente apprezzata \u00e8 la sua terrazza, un luogo romantico e intimo per bere o cenare, situata dietro l&#8217;antica moschea dell&#8217;Albaic\u00edn. La tranquillit\u00e0 e il profumo delle piante aromatiche della terrazza creano un&#8217;atmosfera magica in cui trascorrere le serate estive o gli assolati pomeriggi invernali.\t\t\t\t\t\t\t\t<\/div>\n\t\t\t\t<\/div>\n\t\t\t\t<div class=\"elementor-element elementor-element-9a4a277 elementor-align-left elementor-widget elementor-widget-button\" data-id=\"9a4a277\" data-element_type=\"widget\" data-e-type=\"widget\" data-widget_type=\"button.default\">\n\t\t\t\t<div class=\"elementor-widget-container\">\n\t\t\t\t\t\t\t\t\t<div class=\"elementor-button-wrapper\">\n\t\t\t\t\t<a class=\"elementor-button elementor-button-link elementor-size-sm\" href=\"https:\/\/flamencogranada.com\/it\/\" target=\"_blank\">\n\t\t\t\t\t\t<span class=\"elementor-button-content-wrapper\">\n\t\t\t\t\t\t\t\t\t<span class=\"elementor-button-text\">Visita il sito<\/span>\n\t\t\t\t\t<\/span>\n\t\t\t\t\t<\/a>\n\t\t\t\t<\/div>\n\t\t\t\t\t\t\t\t<\/div>\n\t\t\t\t<\/div>\n\t\t\t\t<\/div>\n\t\t<div class=\"elementor-element elementor-element-bb566b9 e-con-full e-flex e-con e-child\" data-id=\"bb566b9\" data-element_type=\"container\" data-e-type=\"container\" data-settings=\"{&quot;background_background&quot;:&quot;classic&quot;}\">\n\t\t\t\t<\/div>\n\t\t\t\t<\/div>\n\t\t\t\t<\/div>\n\t\t<div class=\"elementor-element elementor-element-5c02694 e-con-full e-flex e-con e-parent\" data-id=\"5c02694\" data-element_type=\"container\" data-e-type=\"container\">\n\t\t<div class=\"elementor-element elementor-element-2213c9d e-con-full e-flex e-con e-child\" data-id=\"2213c9d\" data-element_type=\"container\" data-e-type=\"container\">\n\t\t<div class=\"elementor-element elementor-element-29e7fea e-con-full e-flex e-con e-child\" data-id=\"29e7fea\" data-element_type=\"container\" data-e-type=\"container\" data-settings=\"{&quot;background_background&quot;:&quot;classic&quot;}\">\n\t\t\t\t<\/div>\n\t\t<div class=\"elementor-element elementor-element-261fd05 e-con-full e-flex e-con e-child\" data-id=\"261fd05\" data-element_type=\"container\" data-e-type=\"container\" data-settings=\"{&quot;background_background&quot;:&quot;classic&quot;}\">\n\t\t\t\t<div class=\"elementor-element elementor-element-4c24908 elementor-widget elementor-widget-heading\" data-id=\"4c24908\" data-element_type=\"widget\" data-e-type=\"widget\" data-widget_type=\"heading.default\">\n\t\t\t\t<div class=\"elementor-widget-container\">\n\t\t\t\t\t<h2 class=\"elementor-heading-title elementor-size-default\">Flamenco ad Alegria Flamenco &amp; Gastronomia<\/h2>\t\t\t\t<\/div>\n\t\t\t\t<\/div>\n\t\t\t\t<div class=\"elementor-element elementor-element-7cd4c82 elementor-icon-list--layout-traditional elementor-list-item-link-full_width elementor-widget elementor-widget-icon-list\" data-id=\"7cd4c82\" data-element_type=\"widget\" data-e-type=\"widget\" data-widget_type=\"icon-list.default\">\n\t\t\t\t<div class=\"elementor-widget-container\">\n\t\t\t\t\t\t\t<ul class=\"elementor-icon-list-items\">\n\t\t\t\t\t\t\t<li class=\"elementor-icon-list-item\">\n\t\t\t\t\t\t\t\t\t\t\t<span class=\"elementor-icon-list-icon\">\n\t\t\t\t\t\t\t<svg aria-hidden=\"true\" class=\"e-font-icon-svg e-fas-map-marker-alt\" viewBox=\"0 0 384 512\" xmlns=\"http:\/\/www.w3.org\/2000\/svg\"><path d=\"M172.268 501.67C26.97 291.031 0 269.413 0 192 0 85.961 85.961 0 192 0s192 85.961 192 192c0 77.413-26.97 99.031-172.268 309.67-9.535 13.774-29.93 13.773-39.464 0zM192 272c44.183 0 80-35.817 80-80s-35.817-80-80-80-80 35.817-80 80 35.817 80 80 80z\"><\/path><\/svg>\t\t\t\t\t\t<\/span>\n\t\t\t\t\t\t\t\t\t\t<span class=\"elementor-icon-list-text\">Malaga<\/span>\n\t\t\t\t\t\t\t\t\t<\/li>\n\t\t\t\t\t\t<\/ul>\n\t\t\t\t\t\t<\/div>\n\t\t\t\t<\/div>\n\t\t\t\t<div class=\"elementor-element elementor-element-46762ee elementor-widget elementor-widget-text-editor\" data-id=\"46762ee\" data-element_type=\"widget\" data-e-type=\"widget\" data-widget_type=\"text-editor.default\">\n\t\t\t\t<div class=\"elementor-widget-container\">\n\t\t\t\t\t\t\t\t\tL&#8217;Alegr\u00eda Flamenco offre 3-4 spettacoli di flamenco ogni giorno della settimana. Nel suo ristorante troverai una selezione di piatti tipici andalusi per assaporare la migliore gastronomia spagnola prima dello spettacolo. All&#8217;Alegria potrai anche vivere un&#8217;esperienza di flamenco coinvolgente grazie ai nostri corsi introduttivi di flamenco.\t\t\t\t\t\t\t\t<\/div>\n\t\t\t\t<\/div>\n\t\t\t\t<div class=\"elementor-element elementor-element-fda88d8 elementor-align-left elementor-widget elementor-widget-button\" data-id=\"fda88d8\" data-element_type=\"widget\" data-e-type=\"widget\" data-widget_type=\"button.default\">\n\t\t\t\t<div class=\"elementor-widget-container\">\n\t\t\t\t\t\t\t\t\t<div class=\"elementor-button-wrapper\">\n\t\t\t\t\t<a class=\"elementor-button elementor-button-link elementor-size-sm\" href=\"https:\/\/show.flamencomalaga.com\/it\/837-show\/4723-biglietto-spettacolo-flamenco\" target=\"_blank\">\n\t\t\t\t\t\t<span class=\"elementor-button-content-wrapper\">\n\t\t\t\t\t\t\t\t\t<span class=\"elementor-button-text\">Libro<\/span>\n\t\t\t\t\t<\/span>\n\t\t\t\t\t<\/a>\n\t\t\t\t<\/div>\n\t\t\t\t\t\t\t\t<\/div>\n\t\t\t\t<\/div>\n\t\t\t\t<\/div>\n\t\t\t\t<\/div>\n\t\t\t\t<\/div>\n\t\t\t\t<\/div>\n\t\t","protected":false},"excerpt":{"rendered":"<p>I nostri tablaos a Malaga e Granada Abbiamo diversi tablaos, che offrono tutti spettacoli giornalieri in orari diversi, diverse attivit\u00e0 complementari e un&#8217;esperienza di flamenco unica. Inoltre, in tutti i tablaos \u00e8 possibile organizzare eventi per gruppi: anniversari, afterwork, addii al celibato\/nubilato o feste, il tutto contornato da uno spettacolo di flamenco. Palazzo del Flamenco [&hellip;]<\/p>\n","protected":false},"author":8,"featured_media":21457,"parent":0,"menu_order":0,"comment_status":"closed","ping_status":"closed","template":"","meta":{"_acf_changed":false,"footnotes":""},"class_list":["post-29295","page","type-page","status-publish","has-post-thumbnail","hentry"],"acf":[],"yoast_head":"<!-- This site is optimized with the Yoast SEO plugin v27.4 - https:\/\/yoast.com\/product\/yoast-seo-wordpress\/ -->\n<title>I nostri tablaos a Granada e Malaga | Flamenco Alegr\u00eda<\/title>\n<meta name=\"description\" content=\"Abbiamo diversi tablaos e ristoranti con spettacoli di flamenco a Malaga e Granada. Tutti offrono spettacoli giornalieri e attivit\u00e0 diverse.\" \/>\n<meta name=\"robots\" content=\"index, follow, max-snippet:-1, max-image-preview:large, max-video-preview:-1\" \/>\n<link rel=\"canonical\" href=\"https:\/\/flamencomalaga.com\/it\/i-nostri-tablao\/\" \/>\n<meta property=\"og:locale\" content=\"it_IT\" \/>\n<meta property=\"og:type\" content=\"article\" \/>\n<meta property=\"og:title\" content=\"I nostri tablaos a Granada e Malaga | Flamenco Alegr\u00eda\" \/>\n<meta property=\"og:description\" content=\"Abbiamo diversi tablaos e ristoranti con spettacoli di flamenco a Malaga e Granada. Tutti offrono spettacoli giornalieri e attivit\u00e0 diverse.\" \/>\n<meta property=\"og:url\" content=\"https:\/\/flamencomalaga.com\/it\/i-nostri-tablao\/\" \/>\n<meta property=\"og:site_name\" content=\"Flamenco Alegr\u00eda\" \/>\n<meta property=\"article:publisher\" content=\"https:\/\/www.facebook.com\/alegriaflamencomalaga\/?locale=es_ES\" \/>\n<meta property=\"article:modified_time\" content=\"2024-11-13T11:43:36+00:00\" \/>\n<meta property=\"og:image\" content=\"https:\/\/flamencomalaga.com\/wp-content\/uploads\/2024\/07\/home-min-510x382-1.jpg?wsr\" \/>\n\t<meta property=\"og:image:width\" content=\"510\" \/>\n\t<meta property=\"og:image:height\" content=\"382\" \/>\n\t<meta property=\"og:image:type\" content=\"image\/jpeg\" \/>\n<meta name=\"twitter:card\" content=\"summary_large_image\" \/>\n<meta name=\"twitter:label1\" content=\"Tempo di lettura stimato\" \/>\n\t<meta name=\"twitter:data1\" content=\"2 minuto\" \/>\n<!-- \/ Yoast SEO plugin. -->","yoast_head_json":{"title":"I nostri tablaos a Granada e Malaga | Flamenco Alegr\u00eda","description":"Abbiamo diversi tablaos e ristoranti con spettacoli di flamenco a Malaga e Granada. Tutti offrono spettacoli giornalieri e attivit\u00e0 diverse.","robots":{"index":"index","follow":"follow","max-snippet":"max-snippet:-1","max-image-preview":"max-image-preview:large","max-video-preview":"max-video-preview:-1"},"canonical":"https:\/\/flamencomalaga.com\/it\/i-nostri-tablao\/","og_locale":"it_IT","og_type":"article","og_title":"I nostri tablaos a Granada e Malaga | Flamenco Alegr\u00eda","og_description":"Abbiamo diversi tablaos e ristoranti con spettacoli di flamenco a Malaga e Granada. Tutti offrono spettacoli giornalieri e attivit\u00e0 diverse.","og_url":"https:\/\/flamencomalaga.com\/it\/i-nostri-tablao\/","og_site_name":"Flamenco Alegr\u00eda","article_publisher":"https:\/\/www.facebook.com\/alegriaflamencomalaga\/?locale=es_ES","article_modified_time":"2024-11-13T11:43:36+00:00","og_image":[{"width":510,"height":382,"url":"https:\/\/flamencomalaga.com\/wp-content\/uploads\/2024\/07\/home-min-510x382-1.jpg?wsr","type":"image\/jpeg"}],"twitter_card":"summary_large_image","twitter_misc":{"Tempo di lettura stimato":"2 minuto"},"schema":{"@context":"https:\/\/schema.org","@graph":[{"@type":"WebPage","@id":"https:\/\/flamencomalaga.com\/it\/i-nostri-tablao\/","url":"https:\/\/flamencomalaga.com\/it\/i-nostri-tablao\/","name":"I nostri tablaos a Granada e Malaga | Flamenco Alegr\u00eda","isPartOf":{"@id":"https:\/\/flamencomalaga.com\/it\/#website"},"primaryImageOfPage":{"@id":"https:\/\/flamencomalaga.com\/it\/i-nostri-tablao\/#primaryimage"},"image":{"@id":"https:\/\/flamencomalaga.com\/it\/i-nostri-tablao\/#primaryimage"},"thumbnailUrl":"https:\/\/flamencomalaga.com\/wp-content\/uploads\/2024\/07\/Tablao-Alegria5DJK9666-scaled-1-scaled.jpg?wsr","datePublished":"2024-10-30T09:02:25+00:00","dateModified":"2024-11-13T11:43:36+00:00","description":"Abbiamo diversi tablaos e ristoranti con spettacoli di flamenco a Malaga e Granada. Tutti offrono spettacoli giornalieri e attivit\u00e0 diverse.","breadcrumb":{"@id":"https:\/\/flamencomalaga.com\/it\/i-nostri-tablao\/#breadcrumb"},"inLanguage":"it-IT","potentialAction":[{"@type":"ReadAction","target":["https:\/\/flamencomalaga.com\/it\/i-nostri-tablao\/"]}]},{"@type":"ImageObject","inLanguage":"it-IT","@id":"https:\/\/flamencomalaga.com\/it\/i-nostri-tablao\/#primaryimage","url":"https:\/\/flamencomalaga.com\/wp-content\/uploads\/2024\/07\/Tablao-Alegria5DJK9666-scaled-1-scaled.jpg?wsr","contentUrl":"https:\/\/flamencomalaga.com\/wp-content\/uploads\/2024\/07\/Tablao-Alegria5DJK9666-scaled-1-scaled.jpg?wsr","width":1920,"height":1038,"caption":"Imagen del Tablao Alegr\u00eda Flamenco"},{"@type":"BreadcrumbList","@id":"https:\/\/flamencomalaga.com\/it\/i-nostri-tablao\/#breadcrumb","itemListElement":[{"@type":"ListItem","position":1,"name":"Home","item":"https:\/\/flamencomalaga.com\/it\/"},{"@type":"ListItem","position":2,"name":"I nostri tablao"}]},{"@type":"WebSite","@id":"https:\/\/flamencomalaga.com\/it\/#website","url":"https:\/\/flamencomalaga.com\/it\/","name":"Flamenco Alegr\u00eda y Gastronomia","description":"","publisher":{"@id":"https:\/\/flamencomalaga.com\/it\/#organization"},"alternateName":"Flamenco Alegr\u00eda","potentialAction":[{"@type":"SearchAction","target":{"@type":"EntryPoint","urlTemplate":"https:\/\/flamencomalaga.com\/it\/?s={search_term_string}"},"query-input":{"@type":"PropertyValueSpecification","valueRequired":true,"valueName":"search_term_string"}}],"inLanguage":"it-IT"},{"@type":"Organization","@id":"https:\/\/flamencomalaga.com\/it\/#organization","name":"Flamenco Alegr\u00eda","alternateName":"Alegr\u00eda - Flamenco y Gastronom\u00eda","url":"https:\/\/flamencomalaga.com\/it\/","logo":{"@type":"ImageObject","inLanguage":"it-IT","@id":"https:\/\/flamencomalaga.com\/it\/#\/schema\/logo\/image\/","url":"https:\/\/flamencomalaga.com\/wp-content\/uploads\/2024\/07\/flamenco-malaga_logo.png?wsr","contentUrl":"https:\/\/flamencomalaga.com\/wp-content\/uploads\/2024\/07\/flamenco-malaga_logo.png?wsr","width":166,"height":85,"caption":"Flamenco Alegr\u00eda"},"image":{"@id":"https:\/\/flamencomalaga.com\/it\/#\/schema\/logo\/image\/"},"sameAs":["https:\/\/www.facebook.com\/alegriaflamencomalaga\/?locale=es_ES","https:\/\/www.instagram.com\/flamencomalagaalegria","https:\/\/www.tiktok.com\/@flamencomalaga"]}]}},"_links":{"self":[{"href":"https:\/\/flamencomalaga.com\/it\/wp-json\/wp\/v2\/pages\/29295","targetHints":{"allow":["GET"]}}],"collection":[{"href":"https:\/\/flamencomalaga.com\/it\/wp-json\/wp\/v2\/pages"}],"about":[{"href":"https:\/\/flamencomalaga.com\/it\/wp-json\/wp\/v2\/types\/page"}],"author":[{"embeddable":true,"href":"https:\/\/flamencomalaga.com\/it\/wp-json\/wp\/v2\/users\/8"}],"replies":[{"embeddable":true,"href":"https:\/\/flamencomalaga.com\/it\/wp-json\/wp\/v2\/comments?post=29295"}],"version-history":[{"count":0,"href":"https:\/\/flamencomalaga.com\/it\/wp-json\/wp\/v2\/pages\/29295\/revisions"}],"wp:featuredmedia":[{"embeddable":true,"href":"https:\/\/flamencomalaga.com\/it\/wp-json\/wp\/v2\/media\/21457"}],"wp:attachment":[{"href":"https:\/\/flamencomalaga.com\/it\/wp-json\/wp\/v2\/media?parent=29295"}],"curies":[{"name":"wp","href":"https:\/\/api.w.org\/{rel}","templated":true}]}}