{"id":22721,"date":"2024-07-19T12:48:47","date_gmt":"2024-07-19T10:48:47","guid":{"rendered":"https:\/\/flamencomalaga.com\/confezioni\/"},"modified":"2024-11-21T15:54:46","modified_gmt":"2024-11-21T14:54:46","slug":"confezioni","status":"publish","type":"page","link":"https:\/\/flamencomalaga.com\/it\/confezioni\/","title":{"rendered":"Confezioni"},"content":{"rendered":"\t\t<div data-elementor-type=\"wp-page\" data-elementor-id=\"22721\" class=\"elementor elementor-22721 elementor-21026\" data-elementor-post-type=\"page\">\n\t\t\t\t<div class=\"elementor-element elementor-element-658af90 e-flex e-con-boxed e-con e-parent\" data-id=\"658af90\" data-element_type=\"container\" data-e-type=\"container\" data-settings=\"{&quot;background_background&quot;:&quot;classic&quot;}\">\n\t\t\t\t\t<div class=\"e-con-inner\">\n\t\t<div class=\"elementor-element elementor-element-7ed5b19 e-con-full e-flex e-con e-child\" data-id=\"7ed5b19\" data-element_type=\"container\" data-e-type=\"container\">\n\t\t\t\t<div class=\"elementor-element elementor-element-651f0af elementor-widget elementor-widget-heading\" data-id=\"651f0af\" data-element_type=\"widget\" data-e-type=\"widget\" data-widget_type=\"heading.default\">\n\t\t\t\t<div class=\"elementor-widget-container\">\n\t\t\t\t\t<h1 class=\"elementor-heading-title elementor-size-default\">Confezioni<\/h1>\t\t\t\t<\/div>\n\t\t\t\t<\/div>\n\t\t\t\t<div class=\"elementor-element elementor-element-091bc02 elementor-widget elementor-widget-text-editor\" data-id=\"091bc02\" data-element_type=\"widget\" data-e-type=\"widget\" data-widget_type=\"text-editor.default\">\n\t\t\t\t<div class=\"elementor-widget-container\">\n\t\t\t\t\t\t\t\t\t<p>Un&#8217;atmosfera unica, con molta &#8220;arte&#8221;.<br \/>\nUn&#8217;esperienza culturale. <\/p>\n\t\t\t\t\t\t\t\t<\/div>\n\t\t\t\t<\/div>\n\t\t\t\t<div class=\"elementor-element elementor-element-94da8bf elementor-widget elementor-widget-text-editor\" data-id=\"94da8bf\" data-element_type=\"widget\" data-e-type=\"widget\" data-widget_type=\"text-editor.default\">\n\t\t\t\t<div class=\"elementor-widget-container\">\n\t\t\t\t\t\t\t\t\t<p>Una <strong>selezione di esperienze uniche abbinate a uno spettacolo di flamenco a Malaga<\/strong>.<br \/>\nScegli il pacchetto che ti piace di pi\u00f9 e vivi un&#8217;esperienza completa.<br \/>\nTi aspettiamo!  <\/p>\n\t\t\t\t\t\t\t\t<\/div>\n\t\t\t\t<\/div>\n\t\t\t\t<\/div>\n\t\t<div class=\"elementor-element elementor-element-5342119 e-con-full elementor-hidden-mobile e-flex e-con e-child\" data-id=\"5342119\" data-element_type=\"container\" data-e-type=\"container\">\n\t\t\t\t<\/div>\n\t\t\t\t\t<\/div>\n\t\t\t\t<\/div>\n\t\t<div class=\"elementor-element elementor-element-7832d23 e-flex e-con-boxed e-con e-parent\" data-id=\"7832d23\" data-element_type=\"container\" data-e-type=\"container\">\n\t\t\t\t\t<div class=\"e-con-inner\">\n\t\t\t\t<div class=\"elementor-element elementor-element-c621efc elementor-widget elementor-widget-heading\" data-id=\"c621efc\" data-element_type=\"widget\" data-e-type=\"widget\" data-widget_type=\"heading.default\">\n\t\t\t\t<div class=\"elementor-widget-container\">\n\t\t\t\t\t<h2 class=\"elementor-heading-title elementor-size-default\">Vivi un'esperienza a 360\u00ba<\/h2>\t\t\t\t<\/div>\n\t\t\t\t<\/div>\n\t\t\t\t<div class=\"elementor-element elementor-element-876dd07 elementor-widget elementor-widget-text-editor\" data-id=\"876dd07\" data-element_type=\"widget\" data-e-type=\"widget\" data-widget_type=\"text-editor.default\">\n\t\t\t\t<div class=\"elementor-widget-container\">\n\t\t\t\t\t\t\t\t\t<p>Un ambiente magico dove non riuscirai a smettere di osservare il movimento ipnotico delle balze, la vibrazione delle corde della chitarra spagnola o l&#8217;emozione dei quej\u00edos. <strong>Scopri <\/strong><strong>un programma unico e completo, che cambia ogni settimana, con artisti prestigiosi di fama nazionale e internazionale <\/strong>.  <\/p>\n<p>Inoltre, offriamo pacchetti che combinano il flamenco con altre attivit\u00e0 tipiche di Malaga, in modo che tu possa vivere appieno l&#8217;esperienza malaghegna.<br \/>\nNon perderteli! <\/p>\n\t\t\t\t\t\t\t\t<\/div>\n\t\t\t\t<\/div>\n\t\t<div class=\"elementor-element elementor-element-2bc5d77 e-con-full e-flex e-con e-child\" data-id=\"2bc5d77\" data-element_type=\"container\" data-e-type=\"container\">\n\t\t<div class=\"elementor-element elementor-element-91fc73c e-con-full e-flex e-con e-child\" data-id=\"91fc73c\" data-element_type=\"container\" data-e-type=\"container\">\n\t\t<div class=\"elementor-element elementor-element-2d7facf e-con-full e-flex e-con e-child\" data-id=\"2d7facf\" data-element_type=\"container\" data-e-type=\"container\">\n\t\t\t\t<div class=\"elementor-element elementor-element-9c01ea9 elementor-widget elementor-widget-image\" data-id=\"9c01ea9\" data-element_type=\"widget\" data-e-type=\"widget\" data-widget_type=\"image.default\">\n\t\t\t\t<div class=\"elementor-widget-container\">\n\t\t\t\t\t\t\t\t\t\t\t\t\t\t\t<img fetchpriority=\"high\" decoding=\"async\" width=\"800\" height=\"408\" src=\"https:\/\/flamencomalaga.com\/wp-content\/uploads\/2024\/07\/tuktuki-malaga-1024x522.webp?wsr\" class=\"attachment-large size-large wp-image-22676\" alt=\"\" srcset=\"https:\/\/flamencomalaga.com\/wp-content\/uploads\/2024\/07\/tuktuki-malaga-1024x522.webp 1024w, https:\/\/flamencomalaga.com\/wp-content\/uploads\/2024\/07\/tuktuki-malaga-300x153.webp 300w, https:\/\/flamencomalaga.com\/wp-content\/uploads\/2024\/07\/tuktuki-malaga-768x391.webp 768w, https:\/\/flamencomalaga.com\/wp-content\/uploads\/2024\/07\/tuktuki-malaga-1536x783.webp 1536w, https:\/\/flamencomalaga.com\/wp-content\/uploads\/2024\/07\/tuktuki-malaga-2048x1044.webp 2048w\" sizes=\"(max-width: 800px) 100vw, 800px\" \/>\t\t\t\t\t\t\t\t\t\t\t\t\t\t\t<\/div>\n\t\t\t\t<\/div>\n\t\t\t\t<\/div>\n\t\t<div class=\"elementor-element elementor-element-761bf69 e-con-full e-flex e-con e-child\" data-id=\"761bf69\" data-element_type=\"container\" data-e-type=\"container\">\n\t\t\t\t<div class=\"elementor-element elementor-element-6c8a6a9 elementor-widget elementor-widget-heading\" data-id=\"6c8a6a9\" data-element_type=\"widget\" data-e-type=\"widget\" data-widget_type=\"heading.default\">\n\t\t\t\t<div class=\"elementor-widget-container\">\n\t\t\t\t\t<h2 class=\"elementor-heading-title elementor-size-default\">Tour TukTuk-i + Flamenco<\/h2>\t\t\t\t<\/div>\n\t\t\t\t<\/div>\n\t\t\t\t<div class=\"elementor-element elementor-element-452eedb elementor-widget elementor-widget-text-editor\" data-id=\"452eedb\" data-element_type=\"widget\" data-e-type=\"widget\" data-widget_type=\"text-editor.default\">\n\t\t\t\t<div class=\"elementor-widget-container\">\n\t\t\t\t\t\t\t\t\t<p><strong>Include 3 tapas e una bevanda.<\/strong><\/p>\t\t\t\t\t\t\t\t<\/div>\n\t\t\t\t<\/div>\n\t\t\t\t<div class=\"elementor-element elementor-element-393a774 elementor-widget elementor-widget-text-editor\" data-id=\"393a774\" data-element_type=\"widget\" data-e-type=\"widget\" data-widget_type=\"text-editor.default\">\n\t\t\t\t<div class=\"elementor-widget-container\">\n\t\t\t\t\t\t\t\t\t<p>Hai mai preso un tuk-tuk per la citt\u00e0?<br \/>\nNon puoi lasciare Malaga senza salire su un Tuk Tuk!<br \/>\nGoditi un giro per le strade di Malaga e scopri i suoi luoghi pi\u00f9 emblematici con il Tuk Tuk-i.<br \/>\nIn seguito avrai l&#8217;opportunit\u00e0 di assistere a uno spettacolare spettacolo di flamenco presso l&#8217;Alegria Malaga &amp; Gastronomia.<br \/>\nVivi un&#8217;esperienza completa di Malaga!    <\/p>\n\t\t\t\t\t\t\t\t<\/div>\n\t\t\t\t<\/div>\n\t\t\t\t<div class=\"elementor-element elementor-element-a2df6bf elementor-widget elementor-widget-html\" data-id=\"a2df6bf\" data-element_type=\"widget\" data-e-type=\"widget\" data-widget_type=\"html.default\">\n\t\t\t\t<div class=\"elementor-widget-container\">\n\t\t\t\t\t<script src=\"https:\/\/cdn.checkout.ventrata.com\/v3\/production\/ventrata-checkout.min.js\" type=\"module\" data-config='{\"env\": \"live\", \"lang\":\"it\" }'>\n<\/script>\n\n\n<aside \n     ventrata-embedded-widget\n     data-config='{\"productID\":\"fe32154e-9827-408c-a392-867cccbee020\" }'>\n  <\/aside>\n\n<button class=\"ventrataButton\" ventrata-checkout data-config='{\"apiKey\":\"a9089240-0a5c-49c4-ab94-082818f9b5cd\", \"productID\":\"fe32154e-9827-408c-a392-867cccbee020\" }'>\nACQUISTA I BIGLIETTI \n<\/button>\t\t\t\t<\/div>\n\t\t\t\t<\/div>\n\t\t\t\t<\/div>\n\t\t\t\t<\/div>\n\t\t<div class=\"elementor-element elementor-element-a65035a e-con-full e-flex e-con e-child\" data-id=\"a65035a\" data-element_type=\"container\" data-e-type=\"container\">\n\t\t\t\t<div class=\"elementor-element elementor-element-c61c075 elementor-widget-divider--view-line elementor-widget elementor-widget-divider\" data-id=\"c61c075\" data-element_type=\"widget\" data-e-type=\"widget\" data-widget_type=\"divider.default\">\n\t\t\t\t<div class=\"elementor-widget-container\">\n\t\t\t\t\t\t\t<div class=\"elementor-divider\">\n\t\t\t<span class=\"elementor-divider-separator\">\n\t\t\t\t\t\t<\/span>\n\t\t<\/div>\n\t\t\t\t\t\t<\/div>\n\t\t\t\t<\/div>\n\t\t\t\t<\/div>\n\t\t<div class=\"elementor-element elementor-element-75aad16 e-con-full e-flex e-con e-child\" data-id=\"75aad16\" data-element_type=\"container\" data-e-type=\"container\">\n\t\t<div class=\"elementor-element elementor-element-d8c8a4c e-con-full e-flex e-con e-child\" data-id=\"d8c8a4c\" data-element_type=\"container\" data-e-type=\"container\">\n\t\t\t\t<div class=\"elementor-element elementor-element-629acd9 elementor-widget elementor-widget-image\" data-id=\"629acd9\" data-element_type=\"widget\" data-e-type=\"widget\" data-widget_type=\"image.default\">\n\t\t\t\t<div class=\"elementor-widget-container\">\n\t\t\t\t\t\t\t\t\t\t\t\t\t\t\t<img decoding=\"async\" width=\"800\" height=\"450\" src=\"https:\/\/flamencomalaga.com\/wp-content\/uploads\/2024\/07\/mundomarinoflamenco-1024x576.webp?wsr\" class=\"attachment-large size-large wp-image-22681\" alt=\"\" srcset=\"https:\/\/flamencomalaga.com\/wp-content\/uploads\/2024\/07\/mundomarinoflamenco-1024x576.webp 1024w, https:\/\/flamencomalaga.com\/wp-content\/uploads\/2024\/07\/mundomarinoflamenco-300x169.webp 300w, https:\/\/flamencomalaga.com\/wp-content\/uploads\/2024\/07\/mundomarinoflamenco-768x432.webp 768w, https:\/\/flamencomalaga.com\/wp-content\/uploads\/2024\/07\/mundomarinoflamenco-1536x864.webp 1536w, https:\/\/flamencomalaga.com\/wp-content\/uploads\/2024\/07\/mundomarinoflamenco-2048x1152.webp 2048w\" sizes=\"(max-width: 800px) 100vw, 800px\" \/>\t\t\t\t\t\t\t\t\t\t\t\t\t\t\t<\/div>\n\t\t\t\t<\/div>\n\t\t\t\t<\/div>\n\t\t<div class=\"elementor-element elementor-element-ba34b40 e-con-full e-flex e-con e-child\" data-id=\"ba34b40\" data-element_type=\"container\" data-e-type=\"container\">\n\t\t\t\t<div class=\"elementor-element elementor-element-d379941 elementor-widget elementor-widget-heading\" data-id=\"d379941\" data-element_type=\"widget\" data-e-type=\"widget\" data-widget_type=\"heading.default\">\n\t\t\t\t<div class=\"elementor-widget-container\">\n\t\t\t\t\t<h2 class=\"elementor-heading-title elementor-size-default\">Gita in barca e spettacolo di flamenco<\/h2>\t\t\t\t<\/div>\n\t\t\t\t<\/div>\n\t\t\t\t<div class=\"elementor-element elementor-element-deddac1 elementor-widget elementor-widget-text-editor\" data-id=\"deddac1\" data-element_type=\"widget\" data-e-type=\"widget\" data-widget_type=\"text-editor.default\">\n\t\t\t\t<div class=\"elementor-widget-container\">\n\t\t\t\t\t\t\t\t\t<p>Vivi un&#8217;esperienza unica a Malaga.<br \/>\nTi offriamo un pacchetto esclusivo che include un tour guidato del Mundo Marino in barca lungo la Costa del Sol, dove potrai rilassarti sul mare prima dello spettacolare spettacolo serale di Flamenco all&#8217;Alegria Malaga.<br \/>\nSe ti piacciono la vela e il flamenco, questo \u00e8 il programma perfetto per te!  <\/p>\n\t\t\t\t\t\t\t\t<\/div>\n\t\t\t\t<\/div>\n\t\t\t\t<div class=\"elementor-element elementor-element-067efd8 elementor-widget elementor-widget-html\" data-id=\"067efd8\" data-element_type=\"widget\" data-e-type=\"widget\" data-widget_type=\"html.default\">\n\t\t\t\t<div class=\"elementor-widget-container\">\n\t\t\t\t\t<script src=\"https:\/\/cdn.checkout.ventrata.com\/v3\/production\/ventrata-checkout.min.js\" type=\"module\" data-config='{\"env\": \"live\", \"lang\":\"it\" }'>\n<\/script>\n\n\n<aside \n     ventrata-embedded-widget\n     data-config='{\"productID\":\"bd8b1527-a682-4d67-8cd0-48a7752f57cc\" }'>\n  <\/aside>\n\n<button class=\"ventrataButton\" ventrata-checkout data-config='{\"apiKey\":\"a9089240-0a5c-49c4-ab94-082818f9b5cd\", \"productID\":\"bd8b1527-a682-4d67-8cd0-48a7752f57cc\" }'>\nACQUISTA I BIGLIETTI\n<\/button>\t\t\t\t<\/div>\n\t\t\t\t<\/div>\n\t\t\t\t<\/div>\n\t\t\t\t<\/div>\n\t\t<div class=\"elementor-element elementor-element-101d38d e-con-full e-flex e-con e-child\" data-id=\"101d38d\" data-element_type=\"container\" data-e-type=\"container\">\n\t\t\t\t<div class=\"elementor-element elementor-element-25380af elementor-widget-divider--view-line elementor-widget elementor-widget-divider\" data-id=\"25380af\" data-element_type=\"widget\" data-e-type=\"widget\" data-widget_type=\"divider.default\">\n\t\t\t\t<div class=\"elementor-widget-container\">\n\t\t\t\t\t\t\t<div class=\"elementor-divider\">\n\t\t\t<span class=\"elementor-divider-separator\">\n\t\t\t\t\t\t<\/span>\n\t\t<\/div>\n\t\t\t\t\t\t<\/div>\n\t\t\t\t<\/div>\n\t\t\t\t<\/div>\n\t\t<div class=\"elementor-element elementor-element-d871a5d e-con-full e-flex e-con e-child\" data-id=\"d871a5d\" data-element_type=\"container\" data-e-type=\"container\">\n\t\t<div class=\"elementor-element elementor-element-e319fca e-con-full e-flex e-con e-child\" data-id=\"e319fca\" data-element_type=\"container\" data-e-type=\"container\">\n\t\t\t\t<div class=\"elementor-element elementor-element-0d31fa6 elementor-widget elementor-widget-image\" data-id=\"0d31fa6\" data-element_type=\"widget\" data-e-type=\"widget\" data-widget_type=\"image.default\">\n\t\t\t\t<div class=\"elementor-widget-container\">\n\t\t\t\t\t\t\t\t\t\t\t\t\t\t\t<img decoding=\"async\" width=\"800\" height=\"500\" src=\"https:\/\/flamencomalaga.com\/wp-content\/uploads\/2024\/07\/experiencia-flamenco.webp?wsr\" class=\"attachment-large size-large wp-image-22686\" alt=\"\" srcset=\"https:\/\/flamencomalaga.com\/wp-content\/uploads\/2024\/07\/experiencia-flamenco.webp 800w, https:\/\/flamencomalaga.com\/wp-content\/uploads\/2024\/07\/experiencia-flamenco-300x188.webp 300w, https:\/\/flamencomalaga.com\/wp-content\/uploads\/2024\/07\/experiencia-flamenco-768x480.webp 768w\" sizes=\"(max-width: 800px) 100vw, 800px\" \/>\t\t\t\t\t\t\t\t\t\t\t\t\t\t\t<\/div>\n\t\t\t\t<\/div>\n\t\t\t\t<\/div>\n\t\t<div class=\"elementor-element elementor-element-1c7fbde e-con-full e-flex e-con e-child\" data-id=\"1c7fbde\" data-element_type=\"container\" data-e-type=\"container\">\n\t\t\t\t<div class=\"elementor-element elementor-element-0be4003 elementor-widget elementor-widget-heading\" data-id=\"0be4003\" data-element_type=\"widget\" data-e-type=\"widget\" data-widget_type=\"heading.default\">\n\t\t\t\t<div class=\"elementor-widget-container\">\n\t\t\t\t\t<h2 class=\"elementor-heading-title elementor-size-default\">Introduzione al flamenco + spettacolo<\/h2>\t\t\t\t<\/div>\n\t\t\t\t<\/div>\n\t\t\t\t<div class=\"elementor-element elementor-element-5005f28 elementor-widget elementor-widget-text-editor\" data-id=\"5005f28\" data-element_type=\"widget\" data-e-type=\"widget\" data-widget_type=\"text-editor.default\">\n\t\t\t\t<div class=\"elementor-widget-container\">\n\t\t\t\t\t\t\t\t\t<p><strong>Include 3 tapas e una bevanda.<\/strong><\/p>\t\t\t\t\t\t\t\t<\/div>\n\t\t\t\t<\/div>\n\t\t\t\t<div class=\"elementor-element elementor-element-cac33d2 elementor-widget elementor-widget-text-editor\" data-id=\"cac33d2\" data-element_type=\"widget\" data-e-type=\"widget\" data-widget_type=\"text-editor.default\">\n\t\t\t\t<div class=\"elementor-widget-container\">\n\t\t\t\t\t\t\t\t\t<p>Hai mai frequentato un corso introduttivo di flamenco?<br \/>\nSe sei appassionato di flamenco, questo pacchetto \u00e8 perfetto per te.<br \/>\nAvrai l&#8217;opportunit\u00e0 di immergerti in un viaggio interattivo, sperimentare il canto, la danza e connetterti con il flamenco attraverso i nostri 5 schermi interattivi.<br \/>\nAl termine avrai l&#8217;opportunit\u00e0 di assistere a uno spettacolare spettacolo di flamenco presso Alegria Malaga &amp; Gastronomia.   <\/p>\n\t\t\t\t\t\t\t\t<\/div>\n\t\t\t\t<\/div>\n\t\t\t\t<div class=\"elementor-element elementor-element-be8c7e6 elementor-widget elementor-widget-html\" data-id=\"be8c7e6\" data-element_type=\"widget\" data-e-type=\"widget\" data-widget_type=\"html.default\">\n\t\t\t\t<div class=\"elementor-widget-container\">\n\t\t\t\t\t<script src=\"https:\/\/cdn.checkout.ventrata.com\/v3\/production\/ventrata-checkout.min.js\" type=\"module\" data-config='{\"env\": \"live\", \"lang\":\"it\" }'>\n<\/script>\n\n\n<aside \n     ventrata-embedded-widget\n     data-config='{\"productID\":\"341c397e-1387-4ad4-93b5-8129ee3264ad\" }'>\n  <\/aside>\n\n<button class=\"ventrataButton\" ventrata-checkout data-config='{\"apiKey\":\"a9089240-0a5c-49c4-ab94-082818f9b5cd\", \"productID\":\"341c397e-1387-4ad4-93b5-8129ee3264ad\" }'>\nACQUISTA I BIGLIETTI\n<\/button>\t\t\t\t<\/div>\n\t\t\t\t<\/div>\n\t\t\t\t<\/div>\n\t\t\t\t<\/div>\n\t\t\t\t<\/div>\n\t\t\t\t\t<\/div>\n\t\t\t\t<\/div>\n\t\t\t\t<\/div>\n\t\t","protected":false},"excerpt":{"rendered":"<p>Confezioni Un&#8217;atmosfera unica, con molta &#8220;arte&#8221;. Un&#8217;esperienza culturale. Una selezione di esperienze uniche abbinate a uno spettacolo di flamenco a Malaga. Scegli il pacchetto che ti piace di pi\u00f9 e vivi un&#8217;esperienza completa. Ti aspettiamo! Vivi un&#8217;esperienza a 360\u00ba Un ambiente magico dove non riuscirai a smettere di osservare il movimento ipnotico delle balze, la [&hellip;]<\/p>\n","protected":false},"author":8,"featured_media":0,"parent":0,"menu_order":0,"comment_status":"closed","ping_status":"closed","template":"","meta":{"_acf_changed":false,"footnotes":""},"class_list":["post-22721","page","type-page","status-publish","hentry"],"acf":[],"yoast_head":"<!-- This site is optimized with the Yoast SEO plugin v27.3 - https:\/\/yoast.com\/product\/yoast-seo-wordpress\/ -->\n<title>Pacchetti esperienza a 360\u00ba | Flamenco Alegr\u00eda<\/title>\n<meta name=\"description\" content=\"Vivi l&#039;esperienza completa di Malaga con i nostri pacchetti a 360\u00ba. Goditi diverse attivit\u00e0 prima di uno spettacolo di flamenco.\" \/>\n<meta name=\"robots\" content=\"index, follow, max-snippet:-1, max-image-preview:large, max-video-preview:-1\" \/>\n<link rel=\"canonical\" href=\"https:\/\/flamencomalaga.com\/it\/confezioni\/\" \/>\n<meta property=\"og:locale\" content=\"it_IT\" \/>\n<meta property=\"og:type\" content=\"article\" \/>\n<meta property=\"og:title\" content=\"Pacchetti esperienza a 360\u00ba | Flamenco Alegr\u00eda\" \/>\n<meta property=\"og:description\" content=\"Vivi l&#039;esperienza completa di Malaga con i nostri pacchetti a 360\u00ba. Goditi diverse attivit\u00e0 prima di uno spettacolo di flamenco.\" \/>\n<meta property=\"og:url\" content=\"https:\/\/flamencomalaga.com\/it\/confezioni\/\" \/>\n<meta property=\"og:site_name\" content=\"Flamenco Alegr\u00eda\" \/>\n<meta property=\"article:publisher\" content=\"https:\/\/www.facebook.com\/alegriaflamencomalaga\/?locale=es_ES\" \/>\n<meta property=\"article:modified_time\" content=\"2024-11-21T14:54:46+00:00\" \/>\n<meta property=\"og:image\" content=\"http:\/\/flamencomalaga.com\/wp-content\/uploads\/2024\/07\/tuktuki-malaga-1024x522.webp\" \/>\n<meta name=\"twitter:card\" content=\"summary_large_image\" \/>\n<meta name=\"twitter:label1\" content=\"Tempo di lettura stimato\" \/>\n\t<meta name=\"twitter:data1\" content=\"3 minuto\" \/>\n<!-- \/ Yoast SEO plugin. -->","yoast_head_json":{"title":"Pacchetti esperienza a 360\u00ba | Flamenco Alegr\u00eda","description":"Vivi l'esperienza completa di Malaga con i nostri pacchetti a 360\u00ba. Goditi diverse attivit\u00e0 prima di uno spettacolo di flamenco.","robots":{"index":"index","follow":"follow","max-snippet":"max-snippet:-1","max-image-preview":"max-image-preview:large","max-video-preview":"max-video-preview:-1"},"canonical":"https:\/\/flamencomalaga.com\/it\/confezioni\/","og_locale":"it_IT","og_type":"article","og_title":"Pacchetti esperienza a 360\u00ba | Flamenco Alegr\u00eda","og_description":"Vivi l'esperienza completa di Malaga con i nostri pacchetti a 360\u00ba. Goditi diverse attivit\u00e0 prima di uno spettacolo di flamenco.","og_url":"https:\/\/flamencomalaga.com\/it\/confezioni\/","og_site_name":"Flamenco Alegr\u00eda","article_publisher":"https:\/\/www.facebook.com\/alegriaflamencomalaga\/?locale=es_ES","article_modified_time":"2024-11-21T14:54:46+00:00","og_image":[{"url":"http:\/\/flamencomalaga.com\/wp-content\/uploads\/2024\/07\/tuktuki-malaga-1024x522.webp","type":"","width":"","height":""}],"twitter_card":"summary_large_image","twitter_misc":{"Tempo di lettura stimato":"3 minuto"},"schema":{"@context":"https:\/\/schema.org","@graph":[{"@type":"WebPage","@id":"https:\/\/flamencomalaga.com\/it\/confezioni\/","url":"https:\/\/flamencomalaga.com\/it\/confezioni\/","name":"Pacchetti esperienza a 360\u00ba | Flamenco Alegr\u00eda","isPartOf":{"@id":"https:\/\/flamencomalaga.com\/it\/#website"},"primaryImageOfPage":{"@id":"https:\/\/flamencomalaga.com\/it\/confezioni\/#primaryimage"},"image":{"@id":"https:\/\/flamencomalaga.com\/it\/confezioni\/#primaryimage"},"thumbnailUrl":"http:\/\/flamencomalaga.com\/wp-content\/uploads\/2024\/07\/tuktuki-malaga-1024x522.webp","datePublished":"2024-07-19T10:48:47+00:00","dateModified":"2024-11-21T14:54:46+00:00","description":"Vivi l'esperienza completa di Malaga con i nostri pacchetti a 360\u00ba. Goditi diverse attivit\u00e0 prima di uno spettacolo di flamenco.","breadcrumb":{"@id":"https:\/\/flamencomalaga.com\/it\/confezioni\/#breadcrumb"},"inLanguage":"it-IT","potentialAction":[{"@type":"ReadAction","target":["https:\/\/flamencomalaga.com\/it\/confezioni\/"]}]},{"@type":"ImageObject","inLanguage":"it-IT","@id":"https:\/\/flamencomalaga.com\/it\/confezioni\/#primaryimage","url":"http:\/\/flamencomalaga.com\/wp-content\/uploads\/2024\/07\/tuktuki-malaga-1024x522.webp","contentUrl":"http:\/\/flamencomalaga.com\/wp-content\/uploads\/2024\/07\/tuktuki-malaga-1024x522.webp"},{"@type":"BreadcrumbList","@id":"https:\/\/flamencomalaga.com\/it\/confezioni\/#breadcrumb","itemListElement":[{"@type":"ListItem","position":1,"name":"Home","item":"https:\/\/flamencomalaga.com\/it\/"},{"@type":"ListItem","position":2,"name":"Confezioni"}]},{"@type":"WebSite","@id":"https:\/\/flamencomalaga.com\/it\/#website","url":"https:\/\/flamencomalaga.com\/it\/","name":"Flamenco Alegr\u00eda y Gastronomia","description":"","publisher":{"@id":"https:\/\/flamencomalaga.com\/it\/#organization"},"alternateName":"Flamenco Alegr\u00eda","potentialAction":[{"@type":"SearchAction","target":{"@type":"EntryPoint","urlTemplate":"https:\/\/flamencomalaga.com\/it\/?s={search_term_string}"},"query-input":{"@type":"PropertyValueSpecification","valueRequired":true,"valueName":"search_term_string"}}],"inLanguage":"it-IT"},{"@type":"Organization","@id":"https:\/\/flamencomalaga.com\/it\/#organization","name":"Flamenco Alegr\u00eda","alternateName":"Alegr\u00eda - Flamenco y Gastronom\u00eda","url":"https:\/\/flamencomalaga.com\/it\/","logo":{"@type":"ImageObject","inLanguage":"it-IT","@id":"https:\/\/flamencomalaga.com\/it\/#\/schema\/logo\/image\/","url":"https:\/\/flamencomalaga.com\/wp-content\/uploads\/2024\/07\/flamenco-malaga_logo.png?wsr","contentUrl":"https:\/\/flamencomalaga.com\/wp-content\/uploads\/2024\/07\/flamenco-malaga_logo.png?wsr","width":166,"height":85,"caption":"Flamenco Alegr\u00eda"},"image":{"@id":"https:\/\/flamencomalaga.com\/it\/#\/schema\/logo\/image\/"},"sameAs":["https:\/\/www.facebook.com\/alegriaflamencomalaga\/?locale=es_ES","https:\/\/www.instagram.com\/flamencomalagaalegria","https:\/\/www.tiktok.com\/@flamencomalaga"]}]}},"_links":{"self":[{"href":"https:\/\/flamencomalaga.com\/it\/wp-json\/wp\/v2\/pages\/22721","targetHints":{"allow":["GET"]}}],"collection":[{"href":"https:\/\/flamencomalaga.com\/it\/wp-json\/wp\/v2\/pages"}],"about":[{"href":"https:\/\/flamencomalaga.com\/it\/wp-json\/wp\/v2\/types\/page"}],"author":[{"embeddable":true,"href":"https:\/\/flamencomalaga.com\/it\/wp-json\/wp\/v2\/users\/8"}],"replies":[{"embeddable":true,"href":"https:\/\/flamencomalaga.com\/it\/wp-json\/wp\/v2\/comments?post=22721"}],"version-history":[{"count":0,"href":"https:\/\/flamencomalaga.com\/it\/wp-json\/wp\/v2\/pages\/22721\/revisions"}],"wp:attachment":[{"href":"https:\/\/flamencomalaga.com\/it\/wp-json\/wp\/v2\/media?parent=22721"}],"curies":[{"name":"wp","href":"https:\/\/api.w.org\/{rel}","templated":true}]}}