{"id":22400,"date":"2024-07-19T12:44:20","date_gmt":"2024-07-19T12:44:20","guid":{"rendered":"https:\/\/flamencomalaga.com\/condizioni-di-acquisto\/"},"modified":"2024-07-29T08:45:52","modified_gmt":"2024-07-29T08:45:52","slug":"condizioni-di-acquisto","status":"publish","type":"page","link":"https:\/\/flamencomalaga.com\/it\/condizioni-di-acquisto\/","title":{"rendered":"Condizioni di acquisto"},"content":{"rendered":"\n<p>Nel caso in cui non sia possibile accedere a uno dei siti o non sia possibile fornire un servizio acquistato, vogliamo assicurarti che ti verr\u00e0 rimborsato l&#8217;importo proporzionale all&#8217;accesso o al servizio interessato. \u00c8 importante che tu sappia che, nel nostro impegno a garantire la tua soddisfazione, ci sforziamo di soddisfare tutte le tue aspettative e, in caso di qualsiasi eventualit\u00e0, vogliamo assicurarti che agiremo in modo rapido ed efficace per risolvere qualsiasi inconveniente che possa verificarsi.<\/p>\n\n<p>Vogliamo che tu ti senta sicuro quando scegli i nostri servizi, quindi se per qualsiasi motivo desideri cancellare la tua prenotazione, ti baster\u00e0 farlo con 24 ore di anticipo. In questo caso, il rimborso dell&#8217;importo corrispondente sar\u00e0 effettuato con lo stesso metodo utilizzato per il pagamento (contanti, carta, ecc.).<\/p>\n\n<p>In breve, nella nostra azienda ci teniamo a darti la migliore attenzione e il miglior servizio possibile, con l&#8217;impegno di risolvere qualsiasi situazione che possa influire sulla tua esperienza con noi.<\/p>\n\n<p>Grazie per esserti affidato ai nostri servizi e speriamo di vederti presto!<\/p>\n","protected":false},"excerpt":{"rendered":"<p>Nel caso in cui non sia possibile accedere a uno dei siti o non sia possibile fornire un servizio acquistato, vogliamo assicurarti che ti verr\u00e0 rimborsato l&#8217;importo proporzionale all&#8217;accesso o al servizio interessato. \u00c8 importante che tu sappia che, nel nostro impegno a garantire la tua soddisfazione, ci sforziamo di soddisfare tutte le tue aspettative [&hellip;]<\/p>\n","protected":false},"author":8,"featured_media":0,"parent":0,"menu_order":0,"comment_status":"closed","ping_status":"closed","template":"","meta":{"_acf_changed":false,"footnotes":""},"class_list":["post-22400","page","type-page","status-publish","hentry"],"acf":[],"yoast_head":"<!-- This site is optimized with the Yoast SEO plugin v27.4 - https:\/\/yoast.com\/product\/yoast-seo-wordpress\/ -->\n<title>Condizioni di acquisto | Flamenco Alegr\u00eda<\/title>\n<meta name=\"robots\" content=\"index, follow, max-snippet:-1, max-image-preview:large, max-video-preview:-1\" \/>\n<link rel=\"canonical\" href=\"https:\/\/flamencomalaga.com\/it\/condizioni-di-acquisto\/\" \/>\n<meta property=\"og:locale\" content=\"it_IT\" \/>\n<meta property=\"og:type\" content=\"article\" \/>\n<meta property=\"og:title\" content=\"Condizioni di acquisto | Flamenco Alegr\u00eda\" \/>\n<meta property=\"og:description\" content=\"Nel caso in cui non sia possibile accedere a uno dei siti o non sia possibile fornire un servizio acquistato, vogliamo assicurarti che ti verr\u00e0 rimborsato l&#8217;importo proporzionale all&#8217;accesso o al servizio interessato. \u00c8 importante che tu sappia che, nel nostro impegno a garantire la tua soddisfazione, ci sforziamo di soddisfare tutte le tue aspettative [&hellip;]\" \/>\n<meta property=\"og:url\" content=\"https:\/\/flamencomalaga.com\/it\/condizioni-di-acquisto\/\" \/>\n<meta property=\"og:site_name\" content=\"Flamenco Alegr\u00eda\" \/>\n<meta property=\"article:publisher\" content=\"https:\/\/www.facebook.com\/alegriaflamencomalaga\/?locale=es_ES\" \/>\n<meta property=\"article:modified_time\" content=\"2024-07-29T08:45:52+00:00\" \/>\n<meta property=\"og:image\" content=\"https:\/\/flamencomalaga.com\/wp-content\/uploads\/2024\/07\/home-min-510x382-1.jpg?wsr\" \/>\n\t<meta property=\"og:image:width\" content=\"510\" \/>\n\t<meta property=\"og:image:height\" content=\"382\" \/>\n\t<meta property=\"og:image:type\" content=\"image\/jpeg\" \/>\n<meta name=\"twitter:card\" content=\"summary_large_image\" \/>\n<meta name=\"twitter:label1\" content=\"Tempo di lettura stimato\" \/>\n\t<meta name=\"twitter:data1\" content=\"1 minuto\" \/>\n<!-- \/ Yoast SEO plugin. -->","yoast_head_json":{"title":"Condizioni di acquisto | Flamenco Alegr\u00eda","robots":{"index":"index","follow":"follow","max-snippet":"max-snippet:-1","max-image-preview":"max-image-preview:large","max-video-preview":"max-video-preview:-1"},"canonical":"https:\/\/flamencomalaga.com\/it\/condizioni-di-acquisto\/","og_locale":"it_IT","og_type":"article","og_title":"Condizioni di acquisto | Flamenco Alegr\u00eda","og_description":"Nel caso in cui non sia possibile accedere a uno dei siti o non sia possibile fornire un servizio acquistato, vogliamo assicurarti che ti verr\u00e0 rimborsato l&#8217;importo proporzionale all&#8217;accesso o al servizio interessato. \u00c8 importante che tu sappia che, nel nostro impegno a garantire la tua soddisfazione, ci sforziamo di soddisfare tutte le tue aspettative [&hellip;]","og_url":"https:\/\/flamencomalaga.com\/it\/condizioni-di-acquisto\/","og_site_name":"Flamenco Alegr\u00eda","article_publisher":"https:\/\/www.facebook.com\/alegriaflamencomalaga\/?locale=es_ES","article_modified_time":"2024-07-29T08:45:52+00:00","og_image":[{"width":510,"height":382,"url":"https:\/\/flamencomalaga.com\/wp-content\/uploads\/2024\/07\/home-min-510x382-1.jpg?wsr","type":"image\/jpeg"}],"twitter_card":"summary_large_image","twitter_misc":{"Tempo di lettura stimato":"1 minuto"},"schema":{"@context":"https:\/\/schema.org","@graph":[{"@type":"WebPage","@id":"https:\/\/flamencomalaga.com\/it\/condizioni-di-acquisto\/","url":"https:\/\/flamencomalaga.com\/it\/condizioni-di-acquisto\/","name":"Condizioni di acquisto | Flamenco Alegr\u00eda","isPartOf":{"@id":"https:\/\/flamencomalaga.com\/it\/#website"},"datePublished":"2024-07-19T12:44:20+00:00","dateModified":"2024-07-29T08:45:52+00:00","breadcrumb":{"@id":"https:\/\/flamencomalaga.com\/it\/condizioni-di-acquisto\/#breadcrumb"},"inLanguage":"it-IT","potentialAction":[{"@type":"ReadAction","target":["https:\/\/flamencomalaga.com\/it\/condizioni-di-acquisto\/"]}]},{"@type":"BreadcrumbList","@id":"https:\/\/flamencomalaga.com\/it\/condizioni-di-acquisto\/#breadcrumb","itemListElement":[{"@type":"ListItem","position":1,"name":"Home","item":"https:\/\/flamencomalaga.com\/it\/"},{"@type":"ListItem","position":2,"name":"Condizioni di acquisto"}]},{"@type":"WebSite","@id":"https:\/\/flamencomalaga.com\/it\/#website","url":"https:\/\/flamencomalaga.com\/it\/","name":"Flamenco Alegr\u00eda y Gastronomia","description":"","publisher":{"@id":"https:\/\/flamencomalaga.com\/it\/#organization"},"alternateName":"Flamenco Alegr\u00eda","potentialAction":[{"@type":"SearchAction","target":{"@type":"EntryPoint","urlTemplate":"https:\/\/flamencomalaga.com\/it\/?s={search_term_string}"},"query-input":{"@type":"PropertyValueSpecification","valueRequired":true,"valueName":"search_term_string"}}],"inLanguage":"it-IT"},{"@type":"Organization","@id":"https:\/\/flamencomalaga.com\/it\/#organization","name":"Flamenco Alegr\u00eda","alternateName":"Alegr\u00eda - Flamenco y Gastronom\u00eda","url":"https:\/\/flamencomalaga.com\/it\/","logo":{"@type":"ImageObject","inLanguage":"it-IT","@id":"https:\/\/flamencomalaga.com\/it\/#\/schema\/logo\/image\/","url":"https:\/\/flamencomalaga.com\/wp-content\/uploads\/2024\/07\/flamenco-malaga_logo.png?wsr","contentUrl":"https:\/\/flamencomalaga.com\/wp-content\/uploads\/2024\/07\/flamenco-malaga_logo.png?wsr","width":166,"height":85,"caption":"Flamenco Alegr\u00eda"},"image":{"@id":"https:\/\/flamencomalaga.com\/it\/#\/schema\/logo\/image\/"},"sameAs":["https:\/\/www.facebook.com\/alegriaflamencomalaga\/?locale=es_ES","https:\/\/www.instagram.com\/flamencomalagaalegria","https:\/\/www.tiktok.com\/@flamencomalaga"]}]}},"_links":{"self":[{"href":"https:\/\/flamencomalaga.com\/it\/wp-json\/wp\/v2\/pages\/22400","targetHints":{"allow":["GET"]}}],"collection":[{"href":"https:\/\/flamencomalaga.com\/it\/wp-json\/wp\/v2\/pages"}],"about":[{"href":"https:\/\/flamencomalaga.com\/it\/wp-json\/wp\/v2\/types\/page"}],"author":[{"embeddable":true,"href":"https:\/\/flamencomalaga.com\/it\/wp-json\/wp\/v2\/users\/8"}],"replies":[{"embeddable":true,"href":"https:\/\/flamencomalaga.com\/it\/wp-json\/wp\/v2\/comments?post=22400"}],"version-history":[{"count":0,"href":"https:\/\/flamencomalaga.com\/it\/wp-json\/wp\/v2\/pages\/22400\/revisions"}],"wp:attachment":[{"href":"https:\/\/flamencomalaga.com\/it\/wp-json\/wp\/v2\/media?parent=22400"}],"curies":[{"name":"wp","href":"https:\/\/api.w.org\/{rel}","templated":true}]}}