{"id":22123,"date":"2024-07-19T12:49:23","date_gmt":"2024-07-19T12:49:23","guid":{"rendered":"https:\/\/flamencomalaga.com\/informativa-sulla-privacy\/"},"modified":"2024-07-29T07:47:23","modified_gmt":"2024-07-29T07:47:23","slug":"informativa-sulla-privacy","status":"publish","type":"page","link":"https:\/\/flamencomalaga.com\/it\/informativa-sulla-privacy\/","title":{"rendered":"Informativa sulla privacy"},"content":{"rendered":"\n<p>In conformit\u00e0 con la Legge Organica 15\/1999, del 13 dicembre, sulla Protezione dei Dati Personali (LOPD), gli utenti sono informati che i dati personali che ci forniranno attraverso i moduli di questo sito web saranno inseriti negli archivi registrati presso l&#8217;Agenzia Spagnola per la Protezione dei Dati Personali, di propriet\u00e0 e sotto la responsabilit\u00e0 di Flamenco M\u00e1laga S.L., al fine di poter rispondere a qualsiasi domanda ci venga posta attraverso tali moduli. A tal fine, e in conformit\u00e0 con il Real Decreto 1720\/2007 del 21 dicembre, Flamenco M\u00e1laga S.L. adotter\u00e0 le opportune misure di sicurezza per i dati personali forniti dagli utenti e utilizzer\u00e0 i mezzi e le misure tecniche per prevenire la perdita, l&#8217;abuso, l&#8217;alterazione, l&#8217;accesso non autorizzato e il furto degli stessi. Inoltre, ti informiamo che i CV ricevuti tramite questo sito web saranno conservati per un periodo massimo di sei mesi dalla ricezione. Se dopo questo periodo non \u00e8 stato incluso in nessuna procedura di selezione, sar\u00e0 distrutto.<\/p>\n\n<p>Per quanto riguarda la pubblicazione dei dati personali su blog e social network che possono condividere questo sito web, i dati personali possono essere trattati allo scopo di rispondere ai commenti e migliorare i nostri servizi. L&#8217;informativa sulla privacy \u00e8 quella stabilita dalle entit\u00e0 responsabili di tali siti. Flamenco M\u00e1laga S.L. non \u00e8 responsabile delle informazioni personali che ciascun utente pu\u00f2 pubblicare. Iscrivendoti alla nostra newsletter riceverai informazioni sulle nostre attivit\u00e0, eventi, offerte, ecc. Puoi annullare l&#8217;iscrizione inviandoci un&#8217;e-mail indicando nell&#8217;oggetto che non desideri pi\u00f9 ricevere questa newsletter e chiedendo di essere rimosso dalla mailing list.<\/p>\n\n<p>Sul nostro sito web e sui social network potremo pubblicare foto dei nostri eventi, del nostro staff, ecc. con l&#8217;idea di far conoscere la nostra azienda e migliorare i nostri servizi. Nel caso in cui tu sia in grado di lasciarne qualcuno, puoi chiederci di rimuoverlo allegandone una copia. Tale copia sar\u00e0 sufficiente come &#8220;screenshot&#8221; per identificare correttamente la tua immagine.<\/p>\n\n<p>I tuoi dati personali non saranno trasmessi a terze persone, societ\u00e0 o enti, ad eccezione di coloro che, per obblighi di legge, sono tenuti a farlo. Gli utenti possono in qualsiasi momento esercitare i diritti di accesso, rettifica, opposizione e cancellazione dei propri dati personali, in conformit\u00e0 con le disposizioni della legislazione vigente in materia di protezione dei dati personali, scrivendo alla nostra azienda per posta o via e-mail, allegando una copia del proprio documento di identit\u00e0 nazionale.<\/p>\n","protected":false},"excerpt":{"rendered":"<p>In conformit\u00e0 con la Legge Organica 15\/1999, del 13 dicembre, sulla Protezione dei Dati Personali (LOPD), gli utenti sono informati che i dati personali che ci forniranno attraverso i moduli di questo sito web saranno inseriti negli archivi registrati presso l&#8217;Agenzia Spagnola per la Protezione dei Dati Personali, di propriet\u00e0 e sotto la responsabilit\u00e0 di [&hellip;]<\/p>\n","protected":false},"author":8,"featured_media":0,"parent":0,"menu_order":0,"comment_status":"closed","ping_status":"closed","template":"","meta":{"_acf_changed":false,"footnotes":""},"class_list":["post-22123","page","type-page","status-publish","hentry"],"acf":[],"yoast_head":"<!-- This site is optimized with the Yoast SEO plugin v27.3 - https:\/\/yoast.com\/product\/yoast-seo-wordpress\/ -->\n<title>Informativa sulla privacy | Flamenco Alegr\u00eda<\/title>\n<meta name=\"robots\" content=\"index, follow, max-snippet:-1, max-image-preview:large, max-video-preview:-1\" \/>\n<link rel=\"canonical\" href=\"https:\/\/flamencomalaga.com\/it\/informativa-sulla-privacy\/\" \/>\n<meta property=\"og:locale\" content=\"it_IT\" \/>\n<meta property=\"og:type\" content=\"article\" \/>\n<meta property=\"og:title\" content=\"Informativa sulla privacy | Flamenco Alegr\u00eda\" \/>\n<meta property=\"og:description\" content=\"In conformit\u00e0 con la Legge Organica 15\/1999, del 13 dicembre, sulla Protezione dei Dati Personali (LOPD), gli utenti sono informati che i dati personali che ci forniranno attraverso i moduli di questo sito web saranno inseriti negli archivi registrati presso l&#8217;Agenzia Spagnola per la Protezione dei Dati Personali, di propriet\u00e0 e sotto la responsabilit\u00e0 di [&hellip;]\" \/>\n<meta property=\"og:url\" content=\"https:\/\/flamencomalaga.com\/it\/informativa-sulla-privacy\/\" \/>\n<meta property=\"og:site_name\" content=\"Flamenco Alegr\u00eda\" \/>\n<meta property=\"article:publisher\" content=\"https:\/\/www.facebook.com\/alegriaflamencomalaga\/?locale=es_ES\" \/>\n<meta property=\"article:modified_time\" content=\"2024-07-29T07:47:23+00:00\" \/>\n<meta property=\"og:image\" content=\"https:\/\/flamencomalaga.com\/wp-content\/uploads\/2024\/07\/home-min-510x382-1.jpg?wsr\" \/>\n\t<meta property=\"og:image:width\" content=\"510\" \/>\n\t<meta property=\"og:image:height\" content=\"382\" \/>\n\t<meta property=\"og:image:type\" content=\"image\/jpeg\" \/>\n<meta name=\"twitter:card\" content=\"summary_large_image\" \/>\n<meta name=\"twitter:label1\" content=\"Tempo di lettura stimato\" \/>\n\t<meta name=\"twitter:data1\" content=\"2 minuto\" \/>\n<!-- \/ Yoast SEO plugin. -->","yoast_head_json":{"title":"Informativa sulla privacy | Flamenco Alegr\u00eda","robots":{"index":"index","follow":"follow","max-snippet":"max-snippet:-1","max-image-preview":"max-image-preview:large","max-video-preview":"max-video-preview:-1"},"canonical":"https:\/\/flamencomalaga.com\/it\/informativa-sulla-privacy\/","og_locale":"it_IT","og_type":"article","og_title":"Informativa sulla privacy | Flamenco Alegr\u00eda","og_description":"In conformit\u00e0 con la Legge Organica 15\/1999, del 13 dicembre, sulla Protezione dei Dati Personali (LOPD), gli utenti sono informati che i dati personali che ci forniranno attraverso i moduli di questo sito web saranno inseriti negli archivi registrati presso l&#8217;Agenzia Spagnola per la Protezione dei Dati Personali, di propriet\u00e0 e sotto la responsabilit\u00e0 di [&hellip;]","og_url":"https:\/\/flamencomalaga.com\/it\/informativa-sulla-privacy\/","og_site_name":"Flamenco Alegr\u00eda","article_publisher":"https:\/\/www.facebook.com\/alegriaflamencomalaga\/?locale=es_ES","article_modified_time":"2024-07-29T07:47:23+00:00","og_image":[{"width":510,"height":382,"url":"https:\/\/flamencomalaga.com\/wp-content\/uploads\/2024\/07\/home-min-510x382-1.jpg?wsr","type":"image\/jpeg"}],"twitter_card":"summary_large_image","twitter_misc":{"Tempo di lettura stimato":"2 minuto"},"schema":{"@context":"https:\/\/schema.org","@graph":[{"@type":"WebPage","@id":"https:\/\/flamencomalaga.com\/it\/informativa-sulla-privacy\/","url":"https:\/\/flamencomalaga.com\/it\/informativa-sulla-privacy\/","name":"Informativa sulla privacy | Flamenco Alegr\u00eda","isPartOf":{"@id":"https:\/\/flamencomalaga.com\/it\/#website"},"datePublished":"2024-07-19T12:49:23+00:00","dateModified":"2024-07-29T07:47:23+00:00","breadcrumb":{"@id":"https:\/\/flamencomalaga.com\/it\/informativa-sulla-privacy\/#breadcrumb"},"inLanguage":"it-IT","potentialAction":[{"@type":"ReadAction","target":["https:\/\/flamencomalaga.com\/it\/informativa-sulla-privacy\/"]}]},{"@type":"BreadcrumbList","@id":"https:\/\/flamencomalaga.com\/it\/informativa-sulla-privacy\/#breadcrumb","itemListElement":[{"@type":"ListItem","position":1,"name":"Home","item":"https:\/\/flamencomalaga.com\/it\/"},{"@type":"ListItem","position":2,"name":"Informativa sulla privacy"}]},{"@type":"WebSite","@id":"https:\/\/flamencomalaga.com\/it\/#website","url":"https:\/\/flamencomalaga.com\/it\/","name":"Flamenco Alegr\u00eda y Gastronomia","description":"","publisher":{"@id":"https:\/\/flamencomalaga.com\/it\/#organization"},"alternateName":"Flamenco Alegr\u00eda","potentialAction":[{"@type":"SearchAction","target":{"@type":"EntryPoint","urlTemplate":"https:\/\/flamencomalaga.com\/it\/?s={search_term_string}"},"query-input":{"@type":"PropertyValueSpecification","valueRequired":true,"valueName":"search_term_string"}}],"inLanguage":"it-IT"},{"@type":"Organization","@id":"https:\/\/flamencomalaga.com\/it\/#organization","name":"Flamenco Alegr\u00eda","alternateName":"Alegr\u00eda - Flamenco y Gastronom\u00eda","url":"https:\/\/flamencomalaga.com\/it\/","logo":{"@type":"ImageObject","inLanguage":"it-IT","@id":"https:\/\/flamencomalaga.com\/it\/#\/schema\/logo\/image\/","url":"https:\/\/flamencomalaga.com\/wp-content\/uploads\/2024\/07\/flamenco-malaga_logo.png?wsr","contentUrl":"https:\/\/flamencomalaga.com\/wp-content\/uploads\/2024\/07\/flamenco-malaga_logo.png?wsr","width":166,"height":85,"caption":"Flamenco Alegr\u00eda"},"image":{"@id":"https:\/\/flamencomalaga.com\/it\/#\/schema\/logo\/image\/"},"sameAs":["https:\/\/www.facebook.com\/alegriaflamencomalaga\/?locale=es_ES","https:\/\/www.instagram.com\/flamencomalagaalegria","https:\/\/www.tiktok.com\/@flamencomalaga"]}]}},"_links":{"self":[{"href":"https:\/\/flamencomalaga.com\/it\/wp-json\/wp\/v2\/pages\/22123","targetHints":{"allow":["GET"]}}],"collection":[{"href":"https:\/\/flamencomalaga.com\/it\/wp-json\/wp\/v2\/pages"}],"about":[{"href":"https:\/\/flamencomalaga.com\/it\/wp-json\/wp\/v2\/types\/page"}],"author":[{"embeddable":true,"href":"https:\/\/flamencomalaga.com\/it\/wp-json\/wp\/v2\/users\/8"}],"replies":[{"embeddable":true,"href":"https:\/\/flamencomalaga.com\/it\/wp-json\/wp\/v2\/comments?post=22123"}],"version-history":[{"count":0,"href":"https:\/\/flamencomalaga.com\/it\/wp-json\/wp\/v2\/pages\/22123\/revisions"}],"wp:attachment":[{"href":"https:\/\/flamencomalaga.com\/it\/wp-json\/wp\/v2\/media?parent=22123"}],"curies":[{"name":"wp","href":"https:\/\/api.w.org\/{rel}","templated":true}]}}