{"id":22095,"date":"2024-07-19T12:43:48","date_gmt":"2024-07-19T12:43:48","guid":{"rendered":"https:\/\/flamencomalaga.com\/avviso-legale\/"},"modified":"2024-07-29T07:43:17","modified_gmt":"2024-07-29T07:43:17","slug":"avviso-legale","status":"publish","type":"page","link":"https:\/\/flamencomalaga.com\/it\/avviso-legale\/","title":{"rendered":"Avviso legale"},"content":{"rendered":"\n<h2 class=\"wp-block-heading\">Oggetto<\/h2>\n\n<p>Flamenco M\u00e1laga S.L (d&#8217;ora in poi il provider), responsabile del sito web, fornisce agli utenti il presente documento che ha lo scopo di rispettare gli obblighi previsti dalla Legge 34\/2002, dei Servizi della Societ\u00e0 dell&#8217;Informazione e del Commercio Elettronico (LSSI-CE), e di informare tutti gli utenti del sito web in merito alle condizioni di utilizzo del sito web Qualsiasi persona che acceda a questo sito web assume il ruolo di utente, impegnandosi all&#8217;osservanza e all&#8217;applicazione delle disposizioni qui contenute, cos\u00ec come di qualsiasi altra disposizione di legge che possa essere applicabile.<\/p>\n\n<p>Il fornitore si riserva il diritto di modificare qualsiasi tipo di informazione che possa apparire sul sito web, senza alcun obbligo di preavviso o di informazione agli utenti, intendendo come sufficiente la pubblicazione sul sito web del fornitore.<\/p>\n\n<h2 class=\"wp-block-heading\">Responsabilit\u00e0<\/h2>\n\n<p>Il fornitore declina ogni responsabilit\u00e0 per le informazioni pubblicate sul suo sito web, nel caso in cui tali informazioni siano state manipolate o introdotte da terzi esterni allo stesso. Questo sito utilizza i &#8220;cookie&#8221;, che sono file di testo inseriti nel tuo computer, per aiutare il sito ad analizzare come gli utenti utilizzano il sito. L&#8217;utilizzo di questi file \u00e8 descritto nella scheda &#8220;Informativa sui cookie&#8221;. Puoi rifiutare il trattamento dei dati o delle informazioni rifiutando l&#8217;uso dei cookie selezionando le impostazioni appropriate sul tuo browser; tuttavia, ti ricordiamo che in tal caso potresti non essere in grado di utilizzare tutte le funzionalit\u00e0 di questo sito web. \u00c8 possibile che dal sito web del cliente si venga reindirizzati a contenuti di siti web di terzi. Poich\u00e9 il fornitore non pu\u00f2 sempre controllare i contenuti introdotti da terzi sul suo sito, non si assume alcuna responsabilit\u00e0 per tali contenuti. In ogni caso, il fornitore dichiara che rimuover\u00e0 immediatamente qualsiasi contenuto che possa contravvenire alla legislazione nazionale o internazionale, alla morale o all&#8217;ordine pubblico, eliminando immediatamente il reindirizzamento a tale sito web e informando le autorit\u00e0 competenti del contenuto in questione.<\/p>\n\n<p>Il fornitore non \u00e8 responsabile delle informazioni e dei contenuti memorizzati, inclusi, ma non solo, forum, chat, blog, commenti, social network o qualsiasi altro mezzo che consenta a terzi di pubblicare contenuti in modo indipendente sul sito web del fornitore. Tuttavia, in conformit\u00e0 con le disposizioni degli artt. 11 e 16 della LSSI-CE, il provider si mette a disposizione di tutti gli utenti, delle autorit\u00e0 e delle forze di sicurezza e collabora attivamente alla rimozione o al blocco di tutti i contenuti che potrebbero pregiudicare o contravvenire alla legislazione nazionale o internazionale, ai diritti di terzi o alla morale e all&#8217;ordine pubblico. Nel caso in cui l&#8217;utente ritenga che sul sito web siano presenti contenuti suscettibili di questa classificazione, \u00e8 pregato di comunicarlo immediatamente all&#8217;amministratore del sito. Questo sito web \u00e8 stato revisionato e testato per garantirne il corretto funzionamento. In linea di massima, il corretto funzionamento pu\u00f2 essere garantito 365 giorni all&#8217;anno, 24 ore al giorno. Tuttavia, il fornitore non esclude l&#8217;esistenza di alcuni errori di programmazione o il verificarsi di cause di forza maggiore, catastrofi naturali, scioperi o circostanze simili che rendano impossibile l&#8217;accesso al sito web.<\/p>\n\n<h2 class=\"wp-block-heading\">Propriet\u00e0 intellettuale e industriale<\/h2>\n\n<p>Il sito web, compresi, ma non solo, la programmazione, l&#8217;editing, la compilazione e altri elementi necessari al suo funzionamento, i disegni, i loghi, il testo e\/o la grafica sono di propriet\u00e0 del fornitore o, se del caso, sono concessi in licenza o espressamente autorizzati dagli autori.<\/p>\n\n<p>Indipendentemente dallo scopo per cui sono stati concepiti, la riproduzione totale o parziale, l&#8217;uso, lo sfruttamento, la distribuzione e la commercializzazione richiedono in ogni caso la previa autorizzazione scritta del fornitore. <br\/>Qualsiasi utilizzo non preventivamente autorizzato dal fornitore sar\u00e0 considerato una grave violazione dei diritti di propriet\u00e0 intellettuale o industriale dell&#8217;autore. I disegni, i loghi, i testi e\/o i grafici che non appartengono al fornitore e che possono apparire sul sito web appartengono ai rispettivi proprietari, i quali sono responsabili di qualsiasi controversia che possa sorgere in relazione agli stessi. <br\/>In ogni caso, l&#8217;offerente ha l&#8217;espressa autorizzazione preventiva dello stesso. L&#8217;offerente autorizza espressamente i terzi a reindirizzare direttamente ai contenuti specifici del sito web, e in ogni caso deve reindirizzare al sito web principale dell&#8217;offerente.L&#8217;offerente riconosce i corrispondenti diritti di propriet\u00e0 industriale e intellettuale a favore dei loro proprietari e la loro semplice menzione o apparizione sul sito web non implica l&#8217;esistenza di alcun diritto o responsabilit\u00e0 dell&#8217;offerente nei confronti degli stessi, n\u00e9 alcun avallo, sponsorizzazione o raccomandazione da parte dello stesso.<\/p>\n\n<h2 class=\"wp-block-heading\">Legge applicabile e giurisdizione<\/h2>\n\n<p>Per la risoluzione di tutte le controversie o le questioni relative a questo sito web o alle attivit\u00e0 in esso svolte, si applicher\u00e0 la legislazione spagnola, alla quale le parti si sottomettono espressamente, e i Tribunali di Granada saranno competenti per la risoluzione di tutte le controversie derivanti da o relative al suo utilizzo, ove applicabile.<\/p>\n","protected":false},"excerpt":{"rendered":"<p>Oggetto Flamenco M\u00e1laga S.L (d&#8217;ora in poi il provider), responsabile del sito web, fornisce agli utenti il presente documento che ha lo scopo di rispettare gli obblighi previsti dalla Legge 34\/2002, dei Servizi della Societ\u00e0 dell&#8217;Informazione e del Commercio Elettronico (LSSI-CE), e di informare tutti gli utenti del sito web in merito alle condizioni di [&hellip;]<\/p>\n","protected":false},"author":8,"featured_media":0,"parent":0,"menu_order":0,"comment_status":"closed","ping_status":"closed","template":"","meta":{"_acf_changed":false,"footnotes":""},"class_list":["post-22095","page","type-page","status-publish","hentry"],"acf":[],"yoast_head":"<!-- This site is optimized with the Yoast SEO plugin v27.4 - https:\/\/yoast.com\/product\/yoast-seo-wordpress\/ -->\n<title>Avviso legale | Flamenco Alegr\u00eda<\/title>\n<meta name=\"robots\" content=\"index, follow, max-snippet:-1, max-image-preview:large, max-video-preview:-1\" \/>\n<link rel=\"canonical\" href=\"https:\/\/flamencomalaga.com\/it\/avviso-legale\/\" \/>\n<meta property=\"og:locale\" content=\"it_IT\" \/>\n<meta property=\"og:type\" content=\"article\" \/>\n<meta property=\"og:title\" content=\"Avviso legale | Flamenco Alegr\u00eda\" \/>\n<meta property=\"og:description\" content=\"Oggetto Flamenco M\u00e1laga S.L (d&#8217;ora in poi il provider), responsabile del sito web, fornisce agli utenti il presente documento che ha lo scopo di rispettare gli obblighi previsti dalla Legge 34\/2002, dei Servizi della Societ\u00e0 dell&#8217;Informazione e del Commercio Elettronico (LSSI-CE), e di informare tutti gli utenti del sito web in merito alle condizioni di [&hellip;]\" \/>\n<meta property=\"og:url\" content=\"https:\/\/flamencomalaga.com\/it\/avviso-legale\/\" \/>\n<meta property=\"og:site_name\" content=\"Flamenco Alegr\u00eda\" \/>\n<meta property=\"article:publisher\" content=\"https:\/\/www.facebook.com\/alegriaflamencomalaga\/?locale=es_ES\" \/>\n<meta property=\"article:modified_time\" content=\"2024-07-29T07:43:17+00:00\" \/>\n<meta property=\"og:image\" content=\"https:\/\/flamencomalaga.com\/wp-content\/uploads\/2024\/07\/home-min-510x382-1.jpg?wsr\" \/>\n\t<meta property=\"og:image:width\" content=\"510\" \/>\n\t<meta property=\"og:image:height\" content=\"382\" \/>\n\t<meta property=\"og:image:type\" content=\"image\/jpeg\" \/>\n<meta name=\"twitter:card\" content=\"summary_large_image\" \/>\n<meta name=\"twitter:label1\" content=\"Tempo di lettura stimato\" \/>\n\t<meta name=\"twitter:data1\" content=\"4 minuto\" \/>\n<!-- \/ Yoast SEO plugin. -->","yoast_head_json":{"title":"Avviso legale | Flamenco Alegr\u00eda","robots":{"index":"index","follow":"follow","max-snippet":"max-snippet:-1","max-image-preview":"max-image-preview:large","max-video-preview":"max-video-preview:-1"},"canonical":"https:\/\/flamencomalaga.com\/it\/avviso-legale\/","og_locale":"it_IT","og_type":"article","og_title":"Avviso legale | Flamenco Alegr\u00eda","og_description":"Oggetto Flamenco M\u00e1laga S.L (d&#8217;ora in poi il provider), responsabile del sito web, fornisce agli utenti il presente documento che ha lo scopo di rispettare gli obblighi previsti dalla Legge 34\/2002, dei Servizi della Societ\u00e0 dell&#8217;Informazione e del Commercio Elettronico (LSSI-CE), e di informare tutti gli utenti del sito web in merito alle condizioni di [&hellip;]","og_url":"https:\/\/flamencomalaga.com\/it\/avviso-legale\/","og_site_name":"Flamenco Alegr\u00eda","article_publisher":"https:\/\/www.facebook.com\/alegriaflamencomalaga\/?locale=es_ES","article_modified_time":"2024-07-29T07:43:17+00:00","og_image":[{"width":510,"height":382,"url":"https:\/\/flamencomalaga.com\/wp-content\/uploads\/2024\/07\/home-min-510x382-1.jpg?wsr","type":"image\/jpeg"}],"twitter_card":"summary_large_image","twitter_misc":{"Tempo di lettura stimato":"4 minuto"},"schema":{"@context":"https:\/\/schema.org","@graph":[{"@type":"WebPage","@id":"https:\/\/flamencomalaga.com\/it\/avviso-legale\/","url":"https:\/\/flamencomalaga.com\/it\/avviso-legale\/","name":"Avviso legale | Flamenco Alegr\u00eda","isPartOf":{"@id":"https:\/\/flamencomalaga.com\/it\/#website"},"datePublished":"2024-07-19T12:43:48+00:00","dateModified":"2024-07-29T07:43:17+00:00","breadcrumb":{"@id":"https:\/\/flamencomalaga.com\/it\/avviso-legale\/#breadcrumb"},"inLanguage":"it-IT","potentialAction":[{"@type":"ReadAction","target":["https:\/\/flamencomalaga.com\/it\/avviso-legale\/"]}]},{"@type":"BreadcrumbList","@id":"https:\/\/flamencomalaga.com\/it\/avviso-legale\/#breadcrumb","itemListElement":[{"@type":"ListItem","position":1,"name":"Home","item":"https:\/\/flamencomalaga.com\/it\/"},{"@type":"ListItem","position":2,"name":"Avviso legale"}]},{"@type":"WebSite","@id":"https:\/\/flamencomalaga.com\/it\/#website","url":"https:\/\/flamencomalaga.com\/it\/","name":"Flamenco Alegr\u00eda y Gastronomia","description":"","publisher":{"@id":"https:\/\/flamencomalaga.com\/it\/#organization"},"alternateName":"Flamenco Alegr\u00eda","potentialAction":[{"@type":"SearchAction","target":{"@type":"EntryPoint","urlTemplate":"https:\/\/flamencomalaga.com\/it\/?s={search_term_string}"},"query-input":{"@type":"PropertyValueSpecification","valueRequired":true,"valueName":"search_term_string"}}],"inLanguage":"it-IT"},{"@type":"Organization","@id":"https:\/\/flamencomalaga.com\/it\/#organization","name":"Flamenco Alegr\u00eda","alternateName":"Alegr\u00eda - Flamenco y Gastronom\u00eda","url":"https:\/\/flamencomalaga.com\/it\/","logo":{"@type":"ImageObject","inLanguage":"it-IT","@id":"https:\/\/flamencomalaga.com\/it\/#\/schema\/logo\/image\/","url":"https:\/\/flamencomalaga.com\/wp-content\/uploads\/2024\/07\/flamenco-malaga_logo.png?wsr","contentUrl":"https:\/\/flamencomalaga.com\/wp-content\/uploads\/2024\/07\/flamenco-malaga_logo.png?wsr","width":166,"height":85,"caption":"Flamenco Alegr\u00eda"},"image":{"@id":"https:\/\/flamencomalaga.com\/it\/#\/schema\/logo\/image\/"},"sameAs":["https:\/\/www.facebook.com\/alegriaflamencomalaga\/?locale=es_ES","https:\/\/www.instagram.com\/flamencomalagaalegria","https:\/\/www.tiktok.com\/@flamencomalaga"]}]}},"_links":{"self":[{"href":"https:\/\/flamencomalaga.com\/it\/wp-json\/wp\/v2\/pages\/22095","targetHints":{"allow":["GET"]}}],"collection":[{"href":"https:\/\/flamencomalaga.com\/it\/wp-json\/wp\/v2\/pages"}],"about":[{"href":"https:\/\/flamencomalaga.com\/it\/wp-json\/wp\/v2\/types\/page"}],"author":[{"embeddable":true,"href":"https:\/\/flamencomalaga.com\/it\/wp-json\/wp\/v2\/users\/8"}],"replies":[{"embeddable":true,"href":"https:\/\/flamencomalaga.com\/it\/wp-json\/wp\/v2\/comments?post=22095"}],"version-history":[{"count":0,"href":"https:\/\/flamencomalaga.com\/it\/wp-json\/wp\/v2\/pages\/22095\/revisions"}],"wp:attachment":[{"href":"https:\/\/flamencomalaga.com\/it\/wp-json\/wp\/v2\/media?parent=22095"}],"curies":[{"name":"wp","href":"https:\/\/api.w.org\/{rel}","templated":true}]}}