{"id":29570,"date":"2024-11-05T13:51:17","date_gmt":"2024-11-05T12:51:17","guid":{"rendered":"https:\/\/flamencomalaga.com\/offrez-une-experience-unique-offrez-le-flamenco\/"},"modified":"2026-03-18T18:49:07","modified_gmt":"2026-03-18T17:49:07","slug":"donner-montrer-flamenco","status":"publish","type":"page","link":"https:\/\/flamencomalaga.com\/fr\/donner-montrer-flamenco\/","title":{"rendered":"Offrez une exp\u00e9rience unique : offrez le flamenco"},"content":{"rendered":"\t\t<div data-elementor-type=\"wp-page\" data-elementor-id=\"29570\" class=\"elementor elementor-29570 elementor-29542\" data-elementor-post-type=\"page\">\n\t\t\t\t<div class=\"elementor-element elementor-element-d016687 e-flex e-con-boxed e-con e-parent\" data-id=\"d016687\" data-element_type=\"container\" data-e-type=\"container\" data-settings=\"{&quot;background_background&quot;:&quot;classic&quot;}\">\n\t\t\t\t\t<div class=\"e-con-inner\">\n\t\t<div class=\"elementor-element elementor-element-3544ba5 e-con-full e-flex e-con e-child\" data-id=\"3544ba5\" data-element_type=\"container\" data-e-type=\"container\">\n\t\t\t\t<\/div>\n\t\t<div class=\"elementor-element elementor-element-e15eac0 e-con-full e-flex e-con e-child\" data-id=\"e15eac0\" data-element_type=\"container\" data-e-type=\"container\">\n\t\t\t\t<div class=\"elementor-element elementor-element-d78ebe6 elementor-widget elementor-widget-heading\" data-id=\"d78ebe6\" data-element_type=\"widget\" data-e-type=\"widget\" data-widget_type=\"heading.default\">\n\t\t\t\t<div class=\"elementor-widget-container\">\n\t\t\t\t\t<h1 class=\"elementor-heading-title elementor-size-default\">Offrez une exp\u00e9rience unique : offrez le flamenco<\/h1>\t\t\t\t<\/div>\n\t\t\t\t<\/div>\n\t\t\t\t<\/div>\n\t\t\t\t\t<\/div>\n\t\t\t\t<\/div>\n\t\t<div class=\"elementor-element elementor-element-2076275 e-flex e-con-boxed e-con e-parent\" data-id=\"2076275\" data-element_type=\"container\" data-e-type=\"container\" data-settings=\"{&quot;background_background&quot;:&quot;classic&quot;}\">\n\t\t\t\t\t<div class=\"e-con-inner\">\n\t\t<div class=\"elementor-element elementor-element-a6f98fc e-con-full e-flex e-con e-child\" data-id=\"a6f98fc\" data-element_type=\"container\" data-e-type=\"container\">\n\t\t<div class=\"elementor-element elementor-element-07d06f0 e-con-full e-flex e-con e-child\" data-id=\"07d06f0\" data-element_type=\"container\" data-e-type=\"container\">\n\t\t\t\t<div class=\"elementor-element elementor-element-accdd12 elementor-widget elementor-widget-text-editor\" data-id=\"accdd12\" data-element_type=\"widget\" data-e-type=\"widget\" data-widget_type=\"text-editor.default\">\n\t\t\t\t<div class=\"elementor-widget-container\">\n\t\t\t\t\t\t\t\t\t<p>Vous pouvez d\u00e9sormais offrir un spectacle de flamenco avec d\u00eener inclus \u00e0 qui vous voulez sans avoir \u00e0 choisir une date sp\u00e9cifique ; laissez les b\u00e9n\u00e9ficiaires choisir la date et l&rsquo;heure qui conviennent le mieux \u00e0 leur agenda.<\/p>\n<p>Si vous ne savez pas quoi offrir \u00e0 vos parents pour leur 50e anniversaire ou pour No\u00ebl, si vous cherchez des cadeaux pour vos beaux-parents, vos amis, votre partenaire, votre famille ou si vous voulez offrir un cadeau sp\u00e9cial \u00e0 un couple qui se marie, Alegr\u00eda Flamenco vous propose le cadeau id\u00e9al pour toutes les occasions o\u00f9 offrir un cadeau est un jeu d&rsquo;enfant.<\/p>\n\t\t\t\t\t\t\t\t<\/div>\n\t\t\t\t<\/div>\n\t\t\t\t<div class=\"elementor-element elementor-element-6b98764 elementor-align-left elementor-widget elementor-widget-button\" data-id=\"6b98764\" data-element_type=\"widget\" data-e-type=\"widget\" data-widget_type=\"button.default\">\n\t\t\t\t<div class=\"elementor-widget-container\">\n\t\t\t\t\t\t\t\t\t<div class=\"elementor-button-wrapper\">\n\t\t\t\t\t<a class=\"elementor-button elementor-button-link elementor-size-sm\" href=\"https:\/\/show.flamencomalaga.com\/fr\/1881-regala\" target=\"_blank\">\n\t\t\t\t\t\t<span class=\"elementor-button-content-wrapper\">\n\t\t\t\t\t\t\t\t\t<span class=\"elementor-button-text\">Carte cadeau<\/span>\n\t\t\t\t\t<\/span>\n\t\t\t\t\t<\/a>\n\t\t\t\t<\/div>\n\t\t\t\t\t\t\t\t<\/div>\n\t\t\t\t<\/div>\n\t\t\t\t<\/div>\n\t\t<div class=\"elementor-element elementor-element-f73a2cc e-con-full e-flex e-con e-child\" data-id=\"f73a2cc\" data-element_type=\"container\" data-e-type=\"container\" data-settings=\"{&quot;background_background&quot;:&quot;classic&quot;}\">\n\t\t\t\t<\/div>\n\t\t\t\t<\/div>\n\t\t<div class=\"elementor-element elementor-element-4a478a2 e-con-full e-flex e-con e-child\" data-id=\"4a478a2\" data-element_type=\"container\" data-e-type=\"container\">\n\t\t<div class=\"elementor-element elementor-element-6a0c59a e-con-full e-flex e-con e-child\" data-id=\"6a0c59a\" data-element_type=\"container\" data-e-type=\"container\" data-settings=\"{&quot;background_background&quot;:&quot;classic&quot;}\">\n\t\t\t\t<\/div>\n\t\t<div class=\"elementor-element elementor-element-c991dfd e-con-full e-flex e-con e-child\" data-id=\"c991dfd\" data-element_type=\"container\" data-e-type=\"container\">\n\t\t\t\t<div class=\"elementor-element elementor-element-61d3718 elementor-widget elementor-widget-heading\" data-id=\"61d3718\" data-element_type=\"widget\" data-e-type=\"widget\" data-widget_type=\"heading.default\">\n\t\t\t\t<div class=\"elementor-widget-container\">\n\t\t\t\t\t<h2 class=\"elementor-heading-title elementor-size-default\">Offrez un spectacle de flamenco avec d\u00eener\n<\/h2>\t\t\t\t<\/div>\n\t\t\t\t<\/div>\n\t\t\t\t<div class=\"elementor-element elementor-element-7100f5b elementor-widget elementor-widget-text-editor\" data-id=\"7100f5b\" data-element_type=\"widget\" data-e-type=\"widget\" data-widget_type=\"text-editor.default\">\n\t\t\t\t<div class=\"elementor-widget-container\">\n\t\t\t\t\t\t\t\t\t<p>Notre spectacle de flamenco r\u00e9unit quelques-uns des meilleurs artistes internationaux. C&rsquo;est un cadeau qui ne laissera pas vos invit\u00e9s indiff\u00e9rents, surtout pour les passionn\u00e9s de flamenco. <\/p>\n<p>Notre restaurant propose une offre gastronomique tr\u00e8s large, avec une grande s\u00e9lection de plats typiquement andalous et espagnols, \u00e0 base de produits locaux et d&rsquo;ingr\u00e9dients frais. Vos invit\u00e9s ne profiteront pas seulement d&rsquo;un spectacle de flamenco professionnel, mais aussi d&rsquo;un d\u00eener qu&rsquo;ils n&rsquo;oublieront pas. <\/p>\n<p>L&rsquo;espace est tr\u00e8s confortable et intime, ce qui en fait un lieu id\u00e9al pour un d\u00eener romantique en couple, mais aussi un cadeau parfait pour les amis et la famille.<\/p>\n\t\t\t\t\t\t\t\t<\/div>\n\t\t\t\t<\/div>\n\t\t\t\t<\/div>\n\t\t\t\t<\/div>\n\t\t\t\t\t<\/div>\n\t\t\t\t<\/div>\n\t\t<div class=\"elementor-element elementor-element-f9cc634 e-flex e-con-boxed e-con e-parent\" data-id=\"f9cc634\" data-element_type=\"container\" data-e-type=\"container\" data-settings=\"{&quot;background_background&quot;:&quot;classic&quot;}\">\n\t\t\t\t\t<div class=\"e-con-inner\">\n\t\t<div class=\"elementor-element elementor-element-4924c86 e-con-full e-flex e-con e-child\" data-id=\"4924c86\" data-element_type=\"container\" data-e-type=\"container\" data-settings=\"{&quot;background_background&quot;:&quot;classic&quot;}\">\n\t\t\t\t<div class=\"elementor-element elementor-element-f4b3664 elementor-widget elementor-widget-heading\" data-id=\"f4b3664\" data-element_type=\"widget\" data-e-type=\"widget\" data-widget_type=\"heading.default\">\n\t\t\t\t<div class=\"elementor-widget-container\">\n\t\t\t\t\t<h2 class=\"elementor-heading-title elementor-size-default\">Comment offrir un spectacle de flamenco ?\n<\/h2>\t\t\t\t<\/div>\n\t\t\t\t<\/div>\n\t\t\t\t<div class=\"elementor-element elementor-element-065c185 elementor-widget elementor-widget-text-editor\" data-id=\"065c185\" data-element_type=\"widget\" data-e-type=\"widget\" data-widget_type=\"text-editor.default\">\n\t\t\t\t<div class=\"elementor-widget-container\">\n\t\t\t\t\t\t\t\t\t<p>Offrir un spectacle de flamenco \u00e0 Alegr\u00eda Flamenco &amp; Gastronom\u00eda est tr\u00e8s simple. S\u00e9lectionnez le nombre de personnes \u00e0 qui vous voulez offrir le cadeau, choisissez si vous voulez inclure le d\u00eener ou non, et effectuez le paiement. Ce sont les b\u00e9n\u00e9ficiaires qui choisiront la date et l&rsquo;heure du spectacle auquel ils souhaitent assister, avec une marge d&rsquo;un an. <\/p>\n<p>Un spectacle de flamenco est \u00e9galement un cadeau id\u00e9al pour un ami invisible, pour un anniversaire ou pour toute autre occasion sp\u00e9ciale.<\/p>\n\t\t\t\t\t\t\t\t<\/div>\n\t\t\t\t<\/div>\n\t\t\t\t<div class=\"elementor-element elementor-element-629c448 elementor-widget elementor-widget-heading\" data-id=\"629c448\" data-element_type=\"widget\" data-e-type=\"widget\" data-widget_type=\"heading.default\">\n\t\t\t\t<div class=\"elementor-widget-container\">\n\t\t\t\t\t<h3 class=\"elementor-heading-title elementor-size-default\">Conditions<\/h3>\t\t\t\t<\/div>\n\t\t\t\t<\/div>\n\t\t\t\t<div class=\"elementor-element elementor-element-1319456 elementor-widget elementor-widget-text-editor\" data-id=\"1319456\" data-element_type=\"widget\" data-e-type=\"widget\" data-widget_type=\"text-editor.default\">\n\t\t\t\t<div class=\"elementor-widget-container\">\n\t\t\t\t\t\t\t\t\t<p>Les cartes cadeaux doivent \u00eatre utilis\u00e9es dans les 12 mois suivant l&rsquo;achat. Il est recommand\u00e9 d&rsquo;appeler pour r\u00e9server au moins 3 jours avant le spectacle afin de s&rsquo;assurer qu&rsquo;il y a de la place. Il est indispensable de r\u00e9server avant d&rsquo;assister au spectacle.<\/p>\t\t\t\t\t\t\t\t<\/div>\n\t\t\t\t<\/div>\n\t\t\t\t<div class=\"elementor-element elementor-element-0777a1a elementor-align-left elementor-widget elementor-widget-button\" data-id=\"0777a1a\" data-element_type=\"widget\" data-e-type=\"widget\" data-widget_type=\"button.default\">\n\t\t\t\t<div class=\"elementor-widget-container\">\n\t\t\t\t\t\t\t\t\t<div class=\"elementor-button-wrapper\">\n\t\t\t\t\t<a class=\"elementor-button elementor-button-link elementor-size-sm\" href=\"https:\/\/show.flamencomalaga.com\/fr\/1881-regala\" target=\"_blank\">\n\t\t\t\t\t\t<span class=\"elementor-button-content-wrapper\">\n\t\t\t\t\t\t\t\t\t<span class=\"elementor-button-text\">R\u00c9SERVE<\/span>\n\t\t\t\t\t<\/span>\n\t\t\t\t\t<\/a>\n\t\t\t\t<\/div>\n\t\t\t\t\t\t\t\t<\/div>\n\t\t\t\t<\/div>\n\t\t\t\t<\/div>\n\t\t\t\t\t<\/div>\n\t\t\t\t<\/div>\n\t\t\t\t<\/div>\n\t\t","protected":false},"excerpt":{"rendered":"<p>Offrez une exp\u00e9rience unique : offrez le flamenco Vous pouvez d\u00e9sormais offrir un spectacle de flamenco avec d\u00eener inclus \u00e0 qui vous voulez sans avoir \u00e0 choisir une date sp\u00e9cifique ; laissez les b\u00e9n\u00e9ficiaires choisir la date et l&rsquo;heure qui conviennent le mieux \u00e0 leur agenda. Si vous ne savez pas quoi offrir \u00e0 vos [&hellip;]<\/p>\n","protected":false},"author":8,"featured_media":0,"parent":0,"menu_order":0,"comment_status":"closed","ping_status":"closed","template":"","meta":{"_acf_changed":false,"footnotes":""},"class_list":["post-29570","page","type-page","status-publish","hentry"],"acf":[],"yoast_head":"<!-- This site is optimized with the Yoast SEO plugin v27.4 - https:\/\/yoast.com\/product\/yoast-seo-wordpress\/ -->\n<title>Offrez une exp\u00e9rience unique | Alegr\u00eda Flamenco &amp; Gastronomy<\/title>\n<meta name=\"description\" content=\"Offrez une exp\u00e9rience unique de flamenco. Id\u00e9al pour les anniversaires, No\u00ebl ou les c\u00e9l\u00e9brations sp\u00e9ciales, c&#039;est le cadeau parfait pour toutes les occasions.\" \/>\n<meta name=\"robots\" content=\"index, follow, max-snippet:-1, max-image-preview:large, max-video-preview:-1\" \/>\n<link rel=\"canonical\" href=\"https:\/\/flamencomalaga.com\/fr\/donner-montrer-flamenco\/\" \/>\n<meta property=\"og:locale\" content=\"fr_FR\" \/>\n<meta property=\"og:type\" content=\"article\" \/>\n<meta property=\"og:title\" content=\"Offrez une exp\u00e9rience unique | Alegr\u00eda Flamenco &amp; Gastronomy\" \/>\n<meta property=\"og:description\" content=\"Offrez une exp\u00e9rience unique de flamenco. Id\u00e9al pour les anniversaires, No\u00ebl ou les c\u00e9l\u00e9brations sp\u00e9ciales, c&#039;est le cadeau parfait pour toutes les occasions.\" \/>\n<meta property=\"og:url\" content=\"https:\/\/flamencomalaga.com\/fr\/donner-montrer-flamenco\/\" \/>\n<meta property=\"og:site_name\" content=\"Flamenco Alegr\u00eda\" \/>\n<meta property=\"article:publisher\" content=\"https:\/\/www.facebook.com\/alegriaflamencomalaga\/?locale=es_ES\" \/>\n<meta property=\"article:modified_time\" content=\"2026-03-18T17:49:07+00:00\" \/>\n<meta property=\"og:image\" content=\"https:\/\/flamencomalaga.com\/wp-content\/uploads\/2024\/07\/home-min-510x382-1.jpg?wsr\" \/>\n\t<meta property=\"og:image:width\" content=\"510\" \/>\n\t<meta property=\"og:image:height\" content=\"382\" \/>\n\t<meta property=\"og:image:type\" content=\"image\/jpeg\" \/>\n<meta name=\"twitter:card\" content=\"summary_large_image\" \/>\n<meta name=\"twitter:label1\" content=\"Dur\u00e9e de lecture estim\u00e9e\" \/>\n\t<meta name=\"twitter:data1\" content=\"2 minutes\" \/>\n<!-- \/ Yoast SEO plugin. -->","yoast_head_json":{"title":"Offrez une exp\u00e9rience unique | Alegr\u00eda Flamenco & Gastronomy","description":"Offrez une exp\u00e9rience unique de flamenco. Id\u00e9al pour les anniversaires, No\u00ebl ou les c\u00e9l\u00e9brations sp\u00e9ciales, c'est le cadeau parfait pour toutes les occasions.","robots":{"index":"index","follow":"follow","max-snippet":"max-snippet:-1","max-image-preview":"max-image-preview:large","max-video-preview":"max-video-preview:-1"},"canonical":"https:\/\/flamencomalaga.com\/fr\/donner-montrer-flamenco\/","og_locale":"fr_FR","og_type":"article","og_title":"Offrez une exp\u00e9rience unique | Alegr\u00eda Flamenco & Gastronomy","og_description":"Offrez une exp\u00e9rience unique de flamenco. Id\u00e9al pour les anniversaires, No\u00ebl ou les c\u00e9l\u00e9brations sp\u00e9ciales, c'est le cadeau parfait pour toutes les occasions.","og_url":"https:\/\/flamencomalaga.com\/fr\/donner-montrer-flamenco\/","og_site_name":"Flamenco Alegr\u00eda","article_publisher":"https:\/\/www.facebook.com\/alegriaflamencomalaga\/?locale=es_ES","article_modified_time":"2026-03-18T17:49:07+00:00","og_image":[{"width":510,"height":382,"url":"https:\/\/flamencomalaga.com\/wp-content\/uploads\/2024\/07\/home-min-510x382-1.jpg?wsr","type":"image\/jpeg"}],"twitter_card":"summary_large_image","twitter_misc":{"Dur\u00e9e de lecture estim\u00e9e":"2 minutes"},"schema":{"@context":"https:\/\/schema.org","@graph":[{"@type":"WebPage","@id":"https:\/\/flamencomalaga.com\/fr\/donner-montrer-flamenco\/","url":"https:\/\/flamencomalaga.com\/fr\/donner-montrer-flamenco\/","name":"Offrez une exp\u00e9rience unique | Alegr\u00eda Flamenco & Gastronomy","isPartOf":{"@id":"https:\/\/flamencomalaga.com\/fr\/#website"},"datePublished":"2024-11-05T12:51:17+00:00","dateModified":"2026-03-18T17:49:07+00:00","description":"Offrez une exp\u00e9rience unique de flamenco. Id\u00e9al pour les anniversaires, No\u00ebl ou les c\u00e9l\u00e9brations sp\u00e9ciales, c'est le cadeau parfait pour toutes les occasions.","breadcrumb":{"@id":"https:\/\/flamencomalaga.com\/fr\/donner-montrer-flamenco\/#breadcrumb"},"inLanguage":"fr-FR","potentialAction":[{"@type":"ReadAction","target":["https:\/\/flamencomalaga.com\/fr\/donner-montrer-flamenco\/"]}]},{"@type":"BreadcrumbList","@id":"https:\/\/flamencomalaga.com\/fr\/donner-montrer-flamenco\/#breadcrumb","itemListElement":[{"@type":"ListItem","position":1,"name":"Accueil","item":"https:\/\/flamencomalaga.com\/fr\/"},{"@type":"ListItem","position":2,"name":"Offrez une exp\u00e9rience unique : offrez le flamenco"}]},{"@type":"WebSite","@id":"https:\/\/flamencomalaga.com\/fr\/#website","url":"https:\/\/flamencomalaga.com\/fr\/","name":"Flamenco Alegr\u00eda y Gastronomia","description":"","publisher":{"@id":"https:\/\/flamencomalaga.com\/fr\/#organization"},"alternateName":"Flamenco Alegr\u00eda","potentialAction":[{"@type":"SearchAction","target":{"@type":"EntryPoint","urlTemplate":"https:\/\/flamencomalaga.com\/fr\/?s={search_term_string}"},"query-input":{"@type":"PropertyValueSpecification","valueRequired":true,"valueName":"search_term_string"}}],"inLanguage":"fr-FR"},{"@type":"Organization","@id":"https:\/\/flamencomalaga.com\/fr\/#organization","name":"Flamenco Alegr\u00eda","alternateName":"Alegr\u00eda - Flamenco y Gastronom\u00eda","url":"https:\/\/flamencomalaga.com\/fr\/","logo":{"@type":"ImageObject","inLanguage":"fr-FR","@id":"https:\/\/flamencomalaga.com\/fr\/#\/schema\/logo\/image\/","url":"https:\/\/flamencomalaga.com\/wp-content\/uploads\/2024\/07\/flamenco-malaga_logo.png?wsr","contentUrl":"https:\/\/flamencomalaga.com\/wp-content\/uploads\/2024\/07\/flamenco-malaga_logo.png?wsr","width":166,"height":85,"caption":"Flamenco Alegr\u00eda"},"image":{"@id":"https:\/\/flamencomalaga.com\/fr\/#\/schema\/logo\/image\/"},"sameAs":["https:\/\/www.facebook.com\/alegriaflamencomalaga\/?locale=es_ES","https:\/\/www.instagram.com\/flamencomalagaalegria","https:\/\/www.tiktok.com\/@flamencomalaga"]}]}},"_links":{"self":[{"href":"https:\/\/flamencomalaga.com\/fr\/wp-json\/wp\/v2\/pages\/29570","targetHints":{"allow":["GET"]}}],"collection":[{"href":"https:\/\/flamencomalaga.com\/fr\/wp-json\/wp\/v2\/pages"}],"about":[{"href":"https:\/\/flamencomalaga.com\/fr\/wp-json\/wp\/v2\/types\/page"}],"author":[{"embeddable":true,"href":"https:\/\/flamencomalaga.com\/fr\/wp-json\/wp\/v2\/users\/8"}],"replies":[{"embeddable":true,"href":"https:\/\/flamencomalaga.com\/fr\/wp-json\/wp\/v2\/comments?post=29570"}],"version-history":[{"count":3,"href":"https:\/\/flamencomalaga.com\/fr\/wp-json\/wp\/v2\/pages\/29570\/revisions"}],"predecessor-version":[{"id":35632,"href":"https:\/\/flamencomalaga.com\/fr\/wp-json\/wp\/v2\/pages\/29570\/revisions\/35632"}],"wp:attachment":[{"href":"https:\/\/flamencomalaga.com\/fr\/wp-json\/wp\/v2\/media?parent=29570"}],"curies":[{"name":"wp","href":"https:\/\/api.w.org\/{rel}","templated":true}]}}