{"id":29405,"date":"2024-10-31T09:53:48","date_gmt":"2024-10-31T08:53:48","guid":{"rendered":"https:\/\/flamencomalaga.com\/comment-se-rendre-a-alegria-flamenco-gastronomy\/"},"modified":"2024-11-12T12:54:27","modified_gmt":"2024-11-12T11:54:27","slug":"comment-se-rendre-a-tablao","status":"publish","type":"page","link":"https:\/\/flamencomalaga.com\/fr\/comment-se-rendre-a-tablao\/","title":{"rendered":"Comment arriver \u00e0 Alegr\u00eda Flamenco &amp; Gastronomie"},"content":{"rendered":"\t\t<div data-elementor-type=\"wp-page\" data-elementor-id=\"29405\" class=\"elementor elementor-29405 elementor-29392\" data-elementor-post-type=\"page\">\n\t\t\t\t<div class=\"elementor-element elementor-element-2139652 e-flex e-con-boxed e-con e-parent\" data-id=\"2139652\" data-element_type=\"container\" data-e-type=\"container\" data-settings=\"{&quot;background_background&quot;:&quot;classic&quot;}\">\n\t\t\t\t\t<div class=\"e-con-inner\">\n\t\t<div class=\"elementor-element elementor-element-a51b954 e-con-full e-flex e-con e-child\" data-id=\"a51b954\" data-element_type=\"container\" data-e-type=\"container\">\n\t\t\t\t<div class=\"elementor-element elementor-element-c3c7328 elementor-widget elementor-widget-heading\" data-id=\"c3c7328\" data-element_type=\"widget\" data-e-type=\"widget\" data-widget_type=\"heading.default\">\n\t\t\t\t<div class=\"elementor-widget-container\">\n\t\t\t\t\t<h1 class=\"elementor-heading-title elementor-size-default\">Comment arriver \u00e0 Alegr\u00eda Flamenco &amp; Gastronomie<\/h1>\t\t\t\t<\/div>\n\t\t\t\t<\/div>\n\t\t\t\t<\/div>\n\t\t\t\t\t<\/div>\n\t\t\t\t<\/div>\n\t\t<div class=\"elementor-element elementor-element-53b7e8e e-flex e-con-boxed e-con e-parent\" data-id=\"53b7e8e\" data-element_type=\"container\" data-e-type=\"container\" data-settings=\"{&quot;background_background&quot;:&quot;classic&quot;}\">\n\t\t\t\t\t<div class=\"e-con-inner\">\n\t\t\t\t<div class=\"elementor-element elementor-element-b86121b elementor-widget elementor-widget-text-editor\" data-id=\"b86121b\" data-element_type=\"widget\" data-e-type=\"widget\" data-widget_type=\"text-editor.default\">\n\t\t\t\t<div class=\"elementor-widget-container\">\n\t\t\t\t\t\t\t\t\t<p><span style=\"font-weight: 400;\">Alegr\u00eda Flamenco &amp; Gastronomie est situ\u00e9 au Calle V\u00e9lez M\u00e1laga, 6, 29016 M\u00e1laga, au c\u0153ur de la ville. Il se trouve tout pr\u00e8s du centre historique et dispose d&rsquo;une terrasse avec vue sur le Centre Pompidou. Voici quelques indications depuis des points de rep\u00e8re proches pour nous trouver facilement:<\/span><\/p>\t\t\t\t\t\t\t\t<\/div>\n\t\t\t\t<\/div>\n\t\t\t\t\t<\/div>\n\t\t\t\t<\/div>\n\t\t<div class=\"elementor-element elementor-element-18d1caf e-flex e-con-boxed e-con e-parent\" data-id=\"18d1caf\" data-element_type=\"container\" data-e-type=\"container\" data-settings=\"{&quot;background_background&quot;:&quot;classic&quot;}\">\n\t\t\t\t\t<div class=\"e-con-inner\">\n\t\t<div class=\"elementor-element elementor-element-522e493 e-con-full e-flex e-con e-child\" data-id=\"522e493\" data-element_type=\"container\" data-e-type=\"container\">\n\t\t\t\t<div class=\"elementor-element elementor-element-8527b8b elementor-widget elementor-widget-google_maps\" data-id=\"8527b8b\" data-element_type=\"widget\" data-e-type=\"widget\" data-widget_type=\"google_maps.default\">\n\t\t\t\t<div class=\"elementor-widget-container\">\n\t\t\t\t\t\t\t<div class=\"elementor-custom-embed\">\n\t\t\t<iframe loading=\"lazy\"\n\t\t\t\t\tsrc=\"https:\/\/maps.google.com\/maps?q=C.%20V%C3%A9lez%20M%C3%A1laga%2C%206%2C%20M%C3%A1laga-Este%2C%2029016%20M%C3%A1laga&#038;t=m&#038;z=14&#038;output=embed&#038;iwloc=near\"\n\t\t\t\t\ttitle=\"C. V\u00e9lez M\u00e1laga, 6, M\u00e1laga-Este, 29016 M\u00e1laga\"\n\t\t\t\t\taria-label=\"C. V\u00e9lez M\u00e1laga, 6, M\u00e1laga-Este, 29016 M\u00e1laga\"\n\t\t\t><\/iframe>\n\t\t<\/div>\n\t\t\t\t\t\t<\/div>\n\t\t\t\t<\/div>\n\t\t\t\t<\/div>\n\t\t<div class=\"elementor-element elementor-element-9f091da e-con-full e-flex e-con e-child\" data-id=\"9f091da\" data-element_type=\"container\" data-e-type=\"container\">\n\t\t\t\t<div class=\"elementor-element elementor-element-fabf7cd elementor-widget elementor-widget-heading\" data-id=\"fabf7cd\" data-element_type=\"widget\" data-e-type=\"widget\" data-widget_type=\"heading.default\">\n\t\t\t\t<div class=\"elementor-widget-container\">\n\t\t\t\t\t<p class=\"elementor-heading-title elementor-size-default\">Depuis l'Alcazaba de M\u00e1laga (5 minutes \u00e0 pied) : \n<\/p>\t\t\t\t<\/div>\n\t\t\t\t<\/div>\n\t\t\t\t<div class=\"elementor-element elementor-element-4f3dd4d elementor-widget elementor-widget-text-editor\" data-id=\"4f3dd4d\" data-element_type=\"widget\" data-e-type=\"widget\" data-widget_type=\"text-editor.default\">\n\t\t\t\t<div class=\"elementor-widget-container\">\n\t\t\t\t\t\t\t\t\t<ol><li style=\"font-weight: 400;\" aria-level=\"2\"><span style=\"font-weight: 400;\">Marchez vers le sud sur Calle Alcazabilla, puis tournez \u00e0 gauche dans Calle Victoria.\u00a0<\/span><\/li><li style=\"font-weight: 400;\" aria-level=\"2\"><span style=\"font-weight: 400;\">Continuez tout droit jusqu&rsquo;\u00e0 arriver \u00e0 Calle V\u00e9lez M\u00e1laga, et vous trouverez le tablao au num\u00e9ro 6.<\/span><\/li><\/ol>\t\t\t\t\t\t\t\t<\/div>\n\t\t\t\t<\/div>\n\t\t\t\t<div class=\"elementor-element elementor-element-e7b67a2 elementor-widget elementor-widget-heading\" data-id=\"e7b67a2\" data-element_type=\"widget\" data-e-type=\"widget\" data-widget_type=\"heading.default\">\n\t\t\t\t<div class=\"elementor-widget-container\">\n\t\t\t\t\t<p class=\"elementor-heading-title elementor-size-default\">Depuis la Plaza de la Merced (7 minutes \u00e0 pied) : \n<\/p>\t\t\t\t<\/div>\n\t\t\t\t<\/div>\n\t\t\t\t<div class=\"elementor-element elementor-element-0077f16 elementor-widget elementor-widget-text-editor\" data-id=\"0077f16\" data-element_type=\"widget\" data-e-type=\"widget\" data-widget_type=\"text-editor.default\">\n\t\t\t\t<div class=\"elementor-widget-container\">\n\t\t\t\t\t\t\t\t\t<ol><li style=\"font-weight: 400;\" aria-level=\"2\"><span style=\"font-weight: 400;\">Dirigez-vous vers le sud sur Calle Granada, puis tournez \u00e0 gauche dans Calle Victoria.\u00a0<\/span><\/li><li style=\"font-weight: 400;\" aria-level=\"2\"><span style=\"font-weight: 400;\">Continuez jusqu&rsquo;\u00e0 Calle V\u00e9lez M\u00e1laga, o\u00f9 vous nous trouverez au num\u00e9ro 6.<\/span><\/li><\/ol>\t\t\t\t\t\t\t\t<\/div>\n\t\t\t\t<\/div>\n\t\t\t\t<div class=\"elementor-element elementor-element-d41b991 elementor-widget elementor-widget-heading\" data-id=\"d41b991\" data-element_type=\"widget\" data-e-type=\"widget\" data-widget_type=\"heading.default\">\n\t\t\t\t<div class=\"elementor-widget-container\">\n\t\t\t\t\t<p class=\"elementor-heading-title elementor-size-default\">Depuis la Cath\u00e9drale de M\u00e1laga (10 minutes \u00e0 pied) : \n<\/p>\t\t\t\t<\/div>\n\t\t\t\t<\/div>\n\t\t\t\t<div class=\"elementor-element elementor-element-3079cb3 elementor-widget elementor-widget-text-editor\" data-id=\"3079cb3\" data-element_type=\"widget\" data-e-type=\"widget\" data-widget_type=\"text-editor.default\">\n\t\t\t\t<div class=\"elementor-widget-container\">\n\t\t\t\t\t\t\t\t\t<ol><li style=\"font-weight: 400;\" aria-level=\"2\"><span style=\"font-weight: 400;\">Marchez vers l&rsquo;est sur Calle Molina Lario, puis prenez Calle Alcazabilla jusqu&rsquo;\u00e0 arriver \u00e0 Calle Victoria.\u00a0<\/span><\/li><li style=\"font-weight: 400;\" aria-level=\"2\"><span style=\"font-weight: 400;\">De l\u00e0, continuez tout droit jusqu&rsquo;\u00e0 notre tablao situ\u00e9 Calle V\u00e9lez M\u00e1laga.<\/span><\/li><\/ol>\t\t\t\t\t\t\t\t<\/div>\n\t\t\t\t<\/div>\n\t\t\t\t<div class=\"elementor-element elementor-element-611c54f elementor-widget elementor-widget-heading\" data-id=\"611c54f\" data-element_type=\"widget\" data-e-type=\"widget\" data-widget_type=\"heading.default\">\n\t\t\t\t<div class=\"elementor-widget-container\">\n\t\t\t\t\t<p class=\"elementor-heading-title elementor-size-default\">Depuis la Plage de la Malagueta (12 minutes \u00e0 pied) : <\/p>\t\t\t\t<\/div>\n\t\t\t\t<\/div>\n\t\t\t\t<div class=\"elementor-element elementor-element-48287e8 elementor-widget elementor-widget-text-editor\" data-id=\"48287e8\" data-element_type=\"widget\" data-e-type=\"widget\" data-widget_type=\"text-editor.default\">\n\t\t\t\t<div class=\"elementor-widget-container\">\n\t\t\t\t\t\t\t\t\t<ol><li style=\"font-weight: 400;\" aria-level=\"2\"><span style=\"font-weight: 400;\">Marchez vers le nord sur le Paseo Reding, puis prenez Calle V\u00e9lez M\u00e1laga et continuez jusqu&rsquo;au num\u00e9ro 6, o\u00f9 nous nous trouvons.<\/span><\/li><\/ol>\t\t\t\t\t\t\t\t<\/div>\n\t\t\t\t<\/div>\n\t\t\t\t<\/div>\n\t\t\t\t\t<\/div>\n\t\t\t\t<\/div>\n\t\t\t\t<\/div>\n\t\t","protected":false},"excerpt":{"rendered":"<p>Comment arriver \u00e0 Alegr\u00eda Flamenco &amp; Gastronomie Alegr\u00eda Flamenco &amp; Gastronomie est situ\u00e9 au Calle V\u00e9lez M\u00e1laga, 6, 29016 M\u00e1laga, au c\u0153ur de la ville. Il se trouve tout pr\u00e8s du centre historique et dispose d&rsquo;une terrasse avec vue sur le Centre Pompidou. Voici quelques indications depuis des points de rep\u00e8re proches pour nous trouver [&hellip;]<\/p>\n","protected":false},"author":8,"featured_media":0,"parent":0,"menu_order":0,"comment_status":"closed","ping_status":"closed","template":"","meta":{"_acf_changed":false,"footnotes":""},"class_list":["post-29405","page","type-page","status-publish","hentry"],"acf":[],"yoast_head":"<!-- This site is optimized with the Yoast SEO plugin v27.3 - https:\/\/yoast.com\/product\/yoast-seo-wordpress\/ -->\n<title>Plan d&#039;acc\u00e8s \u00e0 notre tablao | Alegr\u00eda Flamenco &amp; Gastronomy<\/title>\n<meta name=\"description\" content=\"Alegr\u00eda Flamenco est situ\u00e9 au c\u0153ur de la ville, \u00e0 dix minutes du centre historique. D\u00e9couvrez comment vous y rendre gr\u00e2ce \u00e0 ces indications.\" \/>\n<meta name=\"robots\" content=\"index, follow, max-snippet:-1, max-image-preview:large, max-video-preview:-1\" \/>\n<link rel=\"canonical\" href=\"https:\/\/flamencomalaga.com\/fr\/comment-se-rendre-a-tablao\/\" \/>\n<meta property=\"og:locale\" content=\"fr_FR\" \/>\n<meta property=\"og:type\" content=\"article\" \/>\n<meta property=\"og:title\" content=\"Plan d&#039;acc\u00e8s \u00e0 notre tablao | Alegr\u00eda Flamenco &amp; Gastronomy\" \/>\n<meta property=\"og:description\" content=\"Alegr\u00eda Flamenco est situ\u00e9 au c\u0153ur de la ville, \u00e0 dix minutes du centre historique. D\u00e9couvrez comment vous y rendre gr\u00e2ce \u00e0 ces indications.\" \/>\n<meta property=\"og:url\" content=\"https:\/\/flamencomalaga.com\/fr\/comment-se-rendre-a-tablao\/\" \/>\n<meta property=\"og:site_name\" content=\"Flamenco Alegr\u00eda\" \/>\n<meta property=\"article:publisher\" content=\"https:\/\/www.facebook.com\/alegriaflamencomalaga\/?locale=es_ES\" \/>\n<meta property=\"article:modified_time\" content=\"2024-11-12T11:54:27+00:00\" \/>\n<meta property=\"og:image\" content=\"https:\/\/flamencomalaga.com\/wp-content\/uploads\/2024\/07\/home-min-510x382-1.jpg?wsr\" \/>\n\t<meta property=\"og:image:width\" content=\"510\" \/>\n\t<meta property=\"og:image:height\" content=\"382\" \/>\n\t<meta property=\"og:image:type\" content=\"image\/jpeg\" \/>\n<meta name=\"twitter:card\" content=\"summary_large_image\" \/>\n<meta name=\"twitter:label1\" content=\"Dur\u00e9e de lecture estim\u00e9e\" \/>\n\t<meta name=\"twitter:data1\" content=\"2 minutes\" \/>\n<!-- \/ Yoast SEO plugin. -->","yoast_head_json":{"title":"Plan d'acc\u00e8s \u00e0 notre tablao | Alegr\u00eda Flamenco & Gastronomy","description":"Alegr\u00eda Flamenco est situ\u00e9 au c\u0153ur de la ville, \u00e0 dix minutes du centre historique. D\u00e9couvrez comment vous y rendre gr\u00e2ce \u00e0 ces indications.","robots":{"index":"index","follow":"follow","max-snippet":"max-snippet:-1","max-image-preview":"max-image-preview:large","max-video-preview":"max-video-preview:-1"},"canonical":"https:\/\/flamencomalaga.com\/fr\/comment-se-rendre-a-tablao\/","og_locale":"fr_FR","og_type":"article","og_title":"Plan d'acc\u00e8s \u00e0 notre tablao | Alegr\u00eda Flamenco & Gastronomy","og_description":"Alegr\u00eda Flamenco est situ\u00e9 au c\u0153ur de la ville, \u00e0 dix minutes du centre historique. D\u00e9couvrez comment vous y rendre gr\u00e2ce \u00e0 ces indications.","og_url":"https:\/\/flamencomalaga.com\/fr\/comment-se-rendre-a-tablao\/","og_site_name":"Flamenco Alegr\u00eda","article_publisher":"https:\/\/www.facebook.com\/alegriaflamencomalaga\/?locale=es_ES","article_modified_time":"2024-11-12T11:54:27+00:00","og_image":[{"width":510,"height":382,"url":"https:\/\/flamencomalaga.com\/wp-content\/uploads\/2024\/07\/home-min-510x382-1.jpg?wsr","type":"image\/jpeg"}],"twitter_card":"summary_large_image","twitter_misc":{"Dur\u00e9e de lecture estim\u00e9e":"2 minutes"},"schema":{"@context":"https:\/\/schema.org","@graph":[{"@type":"WebPage","@id":"https:\/\/flamencomalaga.com\/fr\/comment-se-rendre-a-tablao\/","url":"https:\/\/flamencomalaga.com\/fr\/comment-se-rendre-a-tablao\/","name":"Plan d'acc\u00e8s \u00e0 notre tablao | Alegr\u00eda Flamenco & Gastronomy","isPartOf":{"@id":"https:\/\/flamencomalaga.com\/fr\/#website"},"datePublished":"2024-10-31T08:53:48+00:00","dateModified":"2024-11-12T11:54:27+00:00","description":"Alegr\u00eda Flamenco est situ\u00e9 au c\u0153ur de la ville, \u00e0 dix minutes du centre historique. D\u00e9couvrez comment vous y rendre gr\u00e2ce \u00e0 ces indications.","breadcrumb":{"@id":"https:\/\/flamencomalaga.com\/fr\/comment-se-rendre-a-tablao\/#breadcrumb"},"inLanguage":"fr-FR","potentialAction":[{"@type":"ReadAction","target":["https:\/\/flamencomalaga.com\/fr\/comment-se-rendre-a-tablao\/"]}]},{"@type":"BreadcrumbList","@id":"https:\/\/flamencomalaga.com\/fr\/comment-se-rendre-a-tablao\/#breadcrumb","itemListElement":[{"@type":"ListItem","position":1,"name":"Accueil","item":"https:\/\/flamencomalaga.com\/fr\/"},{"@type":"ListItem","position":2,"name":"Comment arriver \u00e0 Alegr\u00eda Flamenco &amp; Gastronomie"}]},{"@type":"WebSite","@id":"https:\/\/flamencomalaga.com\/fr\/#website","url":"https:\/\/flamencomalaga.com\/fr\/","name":"Flamenco Alegr\u00eda y Gastronomia","description":"","publisher":{"@id":"https:\/\/flamencomalaga.com\/fr\/#organization"},"alternateName":"Flamenco Alegr\u00eda","potentialAction":[{"@type":"SearchAction","target":{"@type":"EntryPoint","urlTemplate":"https:\/\/flamencomalaga.com\/fr\/?s={search_term_string}"},"query-input":{"@type":"PropertyValueSpecification","valueRequired":true,"valueName":"search_term_string"}}],"inLanguage":"fr-FR"},{"@type":"Organization","@id":"https:\/\/flamencomalaga.com\/fr\/#organization","name":"Flamenco Alegr\u00eda","alternateName":"Alegr\u00eda - Flamenco y Gastronom\u00eda","url":"https:\/\/flamencomalaga.com\/fr\/","logo":{"@type":"ImageObject","inLanguage":"fr-FR","@id":"https:\/\/flamencomalaga.com\/fr\/#\/schema\/logo\/image\/","url":"https:\/\/flamencomalaga.com\/wp-content\/uploads\/2024\/07\/flamenco-malaga_logo.png?wsr","contentUrl":"https:\/\/flamencomalaga.com\/wp-content\/uploads\/2024\/07\/flamenco-malaga_logo.png?wsr","width":166,"height":85,"caption":"Flamenco Alegr\u00eda"},"image":{"@id":"https:\/\/flamencomalaga.com\/fr\/#\/schema\/logo\/image\/"},"sameAs":["https:\/\/www.facebook.com\/alegriaflamencomalaga\/?locale=es_ES","https:\/\/www.instagram.com\/flamencomalagaalegria","https:\/\/www.tiktok.com\/@flamencomalaga"]}]}},"_links":{"self":[{"href":"https:\/\/flamencomalaga.com\/fr\/wp-json\/wp\/v2\/pages\/29405","targetHints":{"allow":["GET"]}}],"collection":[{"href":"https:\/\/flamencomalaga.com\/fr\/wp-json\/wp\/v2\/pages"}],"about":[{"href":"https:\/\/flamencomalaga.com\/fr\/wp-json\/wp\/v2\/types\/page"}],"author":[{"embeddable":true,"href":"https:\/\/flamencomalaga.com\/fr\/wp-json\/wp\/v2\/users\/8"}],"replies":[{"embeddable":true,"href":"https:\/\/flamencomalaga.com\/fr\/wp-json\/wp\/v2\/comments?post=29405"}],"version-history":[{"count":0,"href":"https:\/\/flamencomalaga.com\/fr\/wp-json\/wp\/v2\/pages\/29405\/revisions"}],"wp:attachment":[{"href":"https:\/\/flamencomalaga.com\/fr\/wp-json\/wp\/v2\/media?parent=29405"}],"curies":[{"name":"wp","href":"https:\/\/api.w.org\/{rel}","templated":true}]}}