{"id":22726,"date":"2024-07-19T12:48:47","date_gmt":"2024-07-19T10:48:47","guid":{"rendered":"https:\/\/flamencomalaga.com\/paquets\/"},"modified":"2024-11-21T15:54:01","modified_gmt":"2024-11-21T14:54:01","slug":"paquets","status":"publish","type":"page","link":"https:\/\/flamencomalaga.com\/fr\/paquets\/","title":{"rendered":"Paquets"},"content":{"rendered":"\t\t<div data-elementor-type=\"wp-page\" data-elementor-id=\"22726\" class=\"elementor elementor-22726 elementor-21026\" data-elementor-post-type=\"page\">\n\t\t\t\t<div class=\"elementor-element elementor-element-658af90 e-flex e-con-boxed e-con e-parent\" data-id=\"658af90\" data-element_type=\"container\" data-e-type=\"container\" data-settings=\"{&quot;background_background&quot;:&quot;classic&quot;}\">\n\t\t\t\t\t<div class=\"e-con-inner\">\n\t\t<div class=\"elementor-element elementor-element-7ed5b19 e-con-full e-flex e-con e-child\" data-id=\"7ed5b19\" data-element_type=\"container\" data-e-type=\"container\">\n\t\t\t\t<div class=\"elementor-element elementor-element-651f0af elementor-widget elementor-widget-heading\" data-id=\"651f0af\" data-element_type=\"widget\" data-e-type=\"widget\" data-widget_type=\"heading.default\">\n\t\t\t\t<div class=\"elementor-widget-container\">\n\t\t\t\t\t<h1 class=\"elementor-heading-title elementor-size-default\">Paquets<\/h1>\t\t\t\t<\/div>\n\t\t\t\t<\/div>\n\t\t\t\t<div class=\"elementor-element elementor-element-091bc02 elementor-widget elementor-widget-text-editor\" data-id=\"091bc02\" data-element_type=\"widget\" data-e-type=\"widget\" data-widget_type=\"text-editor.default\">\n\t\t\t\t<div class=\"elementor-widget-container\">\n\t\t\t\t\t\t\t\t\t<p>Une atmosph\u00e8re unique, avec beaucoup d'\u00a0\u00bbart\u00a0\u00bb.<br \/>\nUne exp\u00e9rience culturelle. <\/p>\n\t\t\t\t\t\t\t\t<\/div>\n\t\t\t\t<\/div>\n\t\t\t\t<div class=\"elementor-element elementor-element-94da8bf elementor-widget elementor-widget-text-editor\" data-id=\"94da8bf\" data-element_type=\"widget\" data-e-type=\"widget\" data-widget_type=\"text-editor.default\">\n\t\t\t\t<div class=\"elementor-widget-container\">\n\t\t\t\t\t\t\t\t\t<p>Une <strong>s\u00e9lection d&rsquo;exp\u00e9riences uniques combin\u00e9es \u00e0 un spectacle de flamenco \u00e0 Malaga<\/strong>.<br \/>\nChoisissez le pack qui vous pla\u00eet le plus et vivez l&rsquo;exp\u00e9rience compl\u00e8te.<br \/>\nNous vous attendons !  <\/p>\n\t\t\t\t\t\t\t\t<\/div>\n\t\t\t\t<\/div>\n\t\t\t\t<\/div>\n\t\t<div class=\"elementor-element elementor-element-5342119 e-con-full elementor-hidden-mobile e-flex e-con e-child\" data-id=\"5342119\" data-element_type=\"container\" data-e-type=\"container\">\n\t\t\t\t<\/div>\n\t\t\t\t\t<\/div>\n\t\t\t\t<\/div>\n\t\t<div class=\"elementor-element elementor-element-7832d23 e-flex e-con-boxed e-con e-parent\" data-id=\"7832d23\" data-element_type=\"container\" data-e-type=\"container\">\n\t\t\t\t\t<div class=\"e-con-inner\">\n\t\t\t\t<div class=\"elementor-element elementor-element-c621efc elementor-widget elementor-widget-heading\" data-id=\"c621efc\" data-element_type=\"widget\" data-e-type=\"widget\" data-widget_type=\"heading.default\">\n\t\t\t\t<div class=\"elementor-widget-container\">\n\t\t\t\t\t<h2 class=\"elementor-heading-title elementor-size-default\">Profitez d'une exp\u00e9rience \u00e0 360<\/h2>\t\t\t\t<\/div>\n\t\t\t\t<\/div>\n\t\t\t\t<div class=\"elementor-element elementor-element-876dd07 elementor-widget elementor-widget-text-editor\" data-id=\"876dd07\" data-element_type=\"widget\" data-e-type=\"widget\" data-widget_type=\"text-editor.default\">\n\t\t\t\t<div class=\"elementor-widget-container\">\n\t\t\t\t\t\t\t\t\t<p>Un cadre magique o\u00f9 vous ne pourrez vous emp\u00eacher de regarder le mouvement hypnotique des flonflons, la vibration des cordes de la guitare espagnole ou l&rsquo;\u00e9motion des quej\u00edos. <strong>D\u00e9couvrez <\/strong><strong>un programme unique et complet, qui change chaque semaine, avec des artistes prestigieux de renomm\u00e9e nationale et internationale <\/strong>.  <\/p>\n<p>En outre, nous proposons des packs qui combinent le flamenco avec d&rsquo;autres activit\u00e9s typiques de Malaga, afin que vous puissiez vivre pleinement l&rsquo;exp\u00e9rience malagu\u00e8ne.<br \/>\nNe les manquez pas ! <\/p>\n\t\t\t\t\t\t\t\t<\/div>\n\t\t\t\t<\/div>\n\t\t<div class=\"elementor-element elementor-element-2bc5d77 e-con-full e-flex e-con e-child\" data-id=\"2bc5d77\" data-element_type=\"container\" data-e-type=\"container\">\n\t\t<div class=\"elementor-element elementor-element-91fc73c e-con-full e-flex e-con e-child\" data-id=\"91fc73c\" data-element_type=\"container\" data-e-type=\"container\">\n\t\t<div class=\"elementor-element elementor-element-2d7facf e-con-full e-flex e-con e-child\" data-id=\"2d7facf\" data-element_type=\"container\" data-e-type=\"container\">\n\t\t\t\t<div class=\"elementor-element elementor-element-9c01ea9 elementor-widget elementor-widget-image\" data-id=\"9c01ea9\" data-element_type=\"widget\" data-e-type=\"widget\" data-widget_type=\"image.default\">\n\t\t\t\t<div class=\"elementor-widget-container\">\n\t\t\t\t\t\t\t\t\t\t\t\t\t\t\t<img fetchpriority=\"high\" decoding=\"async\" width=\"800\" height=\"408\" src=\"https:\/\/flamencomalaga.com\/wp-content\/uploads\/2024\/07\/tuktuki-malaga-1024x522.webp?wsr\" class=\"attachment-large size-large wp-image-22674\" alt=\"\" srcset=\"https:\/\/flamencomalaga.com\/wp-content\/uploads\/2024\/07\/tuktuki-malaga-1024x522.webp 1024w, https:\/\/flamencomalaga.com\/wp-content\/uploads\/2024\/07\/tuktuki-malaga-300x153.webp 300w, https:\/\/flamencomalaga.com\/wp-content\/uploads\/2024\/07\/tuktuki-malaga-768x391.webp 768w, https:\/\/flamencomalaga.com\/wp-content\/uploads\/2024\/07\/tuktuki-malaga-1536x783.webp 1536w, https:\/\/flamencomalaga.com\/wp-content\/uploads\/2024\/07\/tuktuki-malaga-2048x1044.webp 2048w\" sizes=\"(max-width: 800px) 100vw, 800px\" \/>\t\t\t\t\t\t\t\t\t\t\t\t\t\t\t<\/div>\n\t\t\t\t<\/div>\n\t\t\t\t<\/div>\n\t\t<div class=\"elementor-element elementor-element-761bf69 e-con-full e-flex e-con e-child\" data-id=\"761bf69\" data-element_type=\"container\" data-e-type=\"container\">\n\t\t\t\t<div class=\"elementor-element elementor-element-6c8a6a9 elementor-widget elementor-widget-heading\" data-id=\"6c8a6a9\" data-element_type=\"widget\" data-e-type=\"widget\" data-widget_type=\"heading.default\">\n\t\t\t\t<div class=\"elementor-widget-container\">\n\t\t\t\t\t<h2 class=\"elementor-heading-title elementor-size-default\">TukTuk-i Tour + Flamenco<\/h2>\t\t\t\t<\/div>\n\t\t\t\t<\/div>\n\t\t\t\t<div class=\"elementor-element elementor-element-452eedb elementor-widget elementor-widget-text-editor\" data-id=\"452eedb\" data-element_type=\"widget\" data-e-type=\"widget\" data-widget_type=\"text-editor.default\">\n\t\t\t\t<div class=\"elementor-widget-container\">\n\t\t\t\t\t\t\t\t\t<p><strong>Comprend 3 tapas et une boisson.<\/strong><\/p>\t\t\t\t\t\t\t\t<\/div>\n\t\t\t\t<\/div>\n\t\t\t\t<div class=\"elementor-element elementor-element-393a774 elementor-widget elementor-widget-text-editor\" data-id=\"393a774\" data-element_type=\"widget\" data-e-type=\"widget\" data-widget_type=\"text-editor.default\">\n\t\t\t\t<div class=\"elementor-widget-container\">\n\t\t\t\t\t\t\t\t\t<p>Avez-vous d\u00e9j\u00e0 pris un tuk-tuk pour faire le tour de la ville ?<br \/>\nVous ne pouvez pas quitter Malaga sans monter \u00e0 bord d&rsquo;un Tuk Tuk !<br \/>\nProfitez d&rsquo;une balade dans les rues de Malaga tout en d\u00e9couvrant ses lieux les plus embl\u00e9matiques avec Tuk Tuk-i.<br \/>\nVous aurez ensuite l&rsquo;occasion d&rsquo;assister \u00e0 un spectaculaire spectacle de flamenco \u00e0 l&rsquo;Alegria Malaga &amp; Gastronomy.<br \/>\nVivez l&rsquo;exp\u00e9rience compl\u00e8te de Malaga !    <\/p>\n\t\t\t\t\t\t\t\t<\/div>\n\t\t\t\t<\/div>\n\t\t\t\t<div class=\"elementor-element elementor-element-a2df6bf elementor-widget elementor-widget-html\" data-id=\"a2df6bf\" data-element_type=\"widget\" data-e-type=\"widget\" data-widget_type=\"html.default\">\n\t\t\t\t<div class=\"elementor-widget-container\">\n\t\t\t\t\t<script src=\"https:\/\/cdn.checkout.ventrata.com\/v3\/production\/ventrata-checkout.min.js\" type=\"module\" data-config='{\"env\": \"live\", \"lang\":\"fr\" }'>\n<\/script>\n\n\n<aside \n     ventrata-embedded-widget\n     data-config='{\"productID\":\"fe32154e-9827-408c-a392-867cccbee020\" }'>\n  <\/aside>\n\n<button class=\"ventrataButton\" ventrata-checkout data-config='{\"apiKey\":\"a9089240-0a5c-49c4-ab94-082818f9b5cd\", \"productID\":\"fe32154e-9827-408c-a392-867cccbee020\" }'>\nACHETER DES BILLETS\n<\/button>\n\t\t\t\t<\/div>\n\t\t\t\t<\/div>\n\t\t\t\t<\/div>\n\t\t\t\t<\/div>\n\t\t<div class=\"elementor-element elementor-element-a65035a e-con-full e-flex e-con e-child\" data-id=\"a65035a\" data-element_type=\"container\" data-e-type=\"container\">\n\t\t\t\t<div class=\"elementor-element elementor-element-c61c075 elementor-widget-divider--view-line elementor-widget elementor-widget-divider\" data-id=\"c61c075\" data-element_type=\"widget\" data-e-type=\"widget\" data-widget_type=\"divider.default\">\n\t\t\t\t<div class=\"elementor-widget-container\">\n\t\t\t\t\t\t\t<div class=\"elementor-divider\">\n\t\t\t<span class=\"elementor-divider-separator\">\n\t\t\t\t\t\t<\/span>\n\t\t<\/div>\n\t\t\t\t\t\t<\/div>\n\t\t\t\t<\/div>\n\t\t\t\t<\/div>\n\t\t<div class=\"elementor-element elementor-element-75aad16 e-con-full e-flex e-con e-child\" data-id=\"75aad16\" data-element_type=\"container\" data-e-type=\"container\">\n\t\t<div class=\"elementor-element elementor-element-d8c8a4c e-con-full e-flex e-con e-child\" data-id=\"d8c8a4c\" data-element_type=\"container\" data-e-type=\"container\">\n\t\t\t\t<div class=\"elementor-element elementor-element-629acd9 elementor-widget elementor-widget-image\" data-id=\"629acd9\" data-element_type=\"widget\" data-e-type=\"widget\" data-widget_type=\"image.default\">\n\t\t\t\t<div class=\"elementor-widget-container\">\n\t\t\t\t\t\t\t\t\t\t\t\t\t\t\t<img decoding=\"async\" width=\"800\" height=\"450\" src=\"https:\/\/flamencomalaga.com\/wp-content\/uploads\/2024\/07\/mundomarinoflamenco-1024x576.webp?wsr\" class=\"attachment-large size-large wp-image-22679\" alt=\"\" srcset=\"https:\/\/flamencomalaga.com\/wp-content\/uploads\/2024\/07\/mundomarinoflamenco-1024x576.webp 1024w, https:\/\/flamencomalaga.com\/wp-content\/uploads\/2024\/07\/mundomarinoflamenco-300x169.webp 300w, https:\/\/flamencomalaga.com\/wp-content\/uploads\/2024\/07\/mundomarinoflamenco-768x432.webp 768w, https:\/\/flamencomalaga.com\/wp-content\/uploads\/2024\/07\/mundomarinoflamenco-1536x864.webp 1536w, https:\/\/flamencomalaga.com\/wp-content\/uploads\/2024\/07\/mundomarinoflamenco-2048x1152.webp 2048w\" sizes=\"(max-width: 800px) 100vw, 800px\" \/>\t\t\t\t\t\t\t\t\t\t\t\t\t\t\t<\/div>\n\t\t\t\t<\/div>\n\t\t\t\t<\/div>\n\t\t<div class=\"elementor-element elementor-element-ba34b40 e-con-full e-flex e-con e-child\" data-id=\"ba34b40\" data-element_type=\"container\" data-e-type=\"container\">\n\t\t\t\t<div class=\"elementor-element elementor-element-d379941 elementor-widget elementor-widget-heading\" data-id=\"d379941\" data-element_type=\"widget\" data-e-type=\"widget\" data-widget_type=\"heading.default\">\n\t\t\t\t<div class=\"elementor-widget-container\">\n\t\t\t\t\t<h2 class=\"elementor-heading-title elementor-size-default\">Excursion en bateau et spectacle de flamenco<\/h2>\t\t\t\t<\/div>\n\t\t\t\t<\/div>\n\t\t\t\t<div class=\"elementor-element elementor-element-deddac1 elementor-widget elementor-widget-text-editor\" data-id=\"deddac1\" data-element_type=\"widget\" data-e-type=\"widget\" data-widget_type=\"text-editor.default\">\n\t\t\t\t<div class=\"elementor-widget-container\">\n\t\t\t\t\t\t\t\t\t<p>Vivez une exp\u00e9rience unique \u00e0 Malaga.<br \/>\nNous vous proposons un pack exclusif comprenant une visite guid\u00e9e du Mundo Marino en bateau le long de la Costa del Sol, o\u00f9 vous pourrez vous d\u00e9tendre sur la mer avant le spectaculaire spectacle de flamenco du soir \u00e0 l&rsquo;Alegria Malaga.<br \/>\nSi vous aimez la voile et le flamenco, c&rsquo;est le programme id\u00e9al pour vous !  <\/p>\n\t\t\t\t\t\t\t\t<\/div>\n\t\t\t\t<\/div>\n\t\t\t\t<div class=\"elementor-element elementor-element-067efd8 elementor-widget elementor-widget-html\" data-id=\"067efd8\" data-element_type=\"widget\" data-e-type=\"widget\" data-widget_type=\"html.default\">\n\t\t\t\t<div class=\"elementor-widget-container\">\n\t\t\t\t\t<script src=\"https:\/\/cdn.checkout.ventrata.com\/v3\/production\/ventrata-checkout.min.js\" type=\"module\" data-config='{\"env\": \"live\", \"lang\":\"fr\" }'>\n<\/script>\n\n\n<aside \n     ventrata-embedded-widget\n     data-config='{\"productID\":\"bd8b1527-a682-4d67-8cd0-48a7752f57cc\" }'>\n  <\/aside>\n\n<button class=\"ventrataButton\" ventrata-checkout data-config='{\"apiKey\":\"a9089240-0a5c-49c4-ab94-082818f9b5cd\", \"productID\":\"bd8b1527-a682-4d67-8cd0-48a7752f57cc\" }'>\nACHETER DES BILLETS\n<\/button>\t\t\t\t<\/div>\n\t\t\t\t<\/div>\n\t\t\t\t<\/div>\n\t\t\t\t<\/div>\n\t\t<div class=\"elementor-element elementor-element-101d38d e-con-full e-flex e-con e-child\" data-id=\"101d38d\" data-element_type=\"container\" data-e-type=\"container\">\n\t\t\t\t<div class=\"elementor-element elementor-element-25380af elementor-widget-divider--view-line elementor-widget elementor-widget-divider\" data-id=\"25380af\" data-element_type=\"widget\" data-e-type=\"widget\" data-widget_type=\"divider.default\">\n\t\t\t\t<div class=\"elementor-widget-container\">\n\t\t\t\t\t\t\t<div class=\"elementor-divider\">\n\t\t\t<span class=\"elementor-divider-separator\">\n\t\t\t\t\t\t<\/span>\n\t\t<\/div>\n\t\t\t\t\t\t<\/div>\n\t\t\t\t<\/div>\n\t\t\t\t<\/div>\n\t\t<div class=\"elementor-element elementor-element-d871a5d e-con-full e-flex e-con e-child\" data-id=\"d871a5d\" data-element_type=\"container\" data-e-type=\"container\">\n\t\t<div class=\"elementor-element elementor-element-e319fca e-con-full e-flex e-con e-child\" data-id=\"e319fca\" data-element_type=\"container\" data-e-type=\"container\">\n\t\t\t\t<div class=\"elementor-element elementor-element-0d31fa6 elementor-widget elementor-widget-image\" data-id=\"0d31fa6\" data-element_type=\"widget\" data-e-type=\"widget\" data-widget_type=\"image.default\">\n\t\t\t\t<div class=\"elementor-widget-container\">\n\t\t\t\t\t\t\t\t\t\t\t\t\t\t\t<img decoding=\"async\" width=\"800\" height=\"500\" src=\"https:\/\/flamencomalaga.com\/wp-content\/uploads\/2024\/07\/experiencia-flamenco.webp?wsr\" class=\"attachment-large size-large wp-image-22684\" alt=\"\" srcset=\"https:\/\/flamencomalaga.com\/wp-content\/uploads\/2024\/07\/experiencia-flamenco.webp 800w, https:\/\/flamencomalaga.com\/wp-content\/uploads\/2024\/07\/experiencia-flamenco-300x188.webp 300w, https:\/\/flamencomalaga.com\/wp-content\/uploads\/2024\/07\/experiencia-flamenco-768x480.webp 768w\" sizes=\"(max-width: 800px) 100vw, 800px\" \/>\t\t\t\t\t\t\t\t\t\t\t\t\t\t\t<\/div>\n\t\t\t\t<\/div>\n\t\t\t\t<\/div>\n\t\t<div class=\"elementor-element elementor-element-1c7fbde e-con-full e-flex e-con e-child\" data-id=\"1c7fbde\" data-element_type=\"container\" data-e-type=\"container\">\n\t\t\t\t<div class=\"elementor-element elementor-element-0be4003 elementor-widget elementor-widget-heading\" data-id=\"0be4003\" data-element_type=\"widget\" data-e-type=\"widget\" data-widget_type=\"heading.default\">\n\t\t\t\t<div class=\"elementor-widget-container\">\n\t\t\t\t\t<h2 class=\"elementor-heading-title elementor-size-default\">Introduction au flamenco + spectacle<\/h2>\t\t\t\t<\/div>\n\t\t\t\t<\/div>\n\t\t\t\t<div class=\"elementor-element elementor-element-5005f28 elementor-widget elementor-widget-text-editor\" data-id=\"5005f28\" data-element_type=\"widget\" data-e-type=\"widget\" data-widget_type=\"text-editor.default\">\n\t\t\t\t<div class=\"elementor-widget-container\">\n\t\t\t\t\t\t\t\t\t<p><strong>Comprend 3 tapas et une boisson.<\/strong><\/p>\t\t\t\t\t\t\t\t<\/div>\n\t\t\t\t<\/div>\n\t\t\t\t<div class=\"elementor-element elementor-element-cac33d2 elementor-widget elementor-widget-text-editor\" data-id=\"cac33d2\" data-element_type=\"widget\" data-e-type=\"widget\" data-widget_type=\"text-editor.default\">\n\t\t\t\t<div class=\"elementor-widget-container\">\n\t\t\t\t\t\t\t\t\t<p>Avez-vous d\u00e9j\u00e0 suivi un cours d&rsquo;initiation au flamenco ?<br \/>\nSi vous \u00eates passionn\u00e9 par le flamenco, ce pack est parfait pour vous.<br \/>\nVous aurez l&rsquo;occasion de vous immerger dans un voyage interactif, de faire l&rsquo;exp\u00e9rience du chant, de la danse et de vous connecter au flamenco gr\u00e2ce \u00e0 nos 5 \u00e9crans interactifs.<br \/>\n\u00c0 la fin du cours, vous pourrez assister \u00e0 un spectacle de flamenco \u00e0 l&rsquo;Alegria Malaga &amp; Gastronomy.   <\/p>\n\t\t\t\t\t\t\t\t<\/div>\n\t\t\t\t<\/div>\n\t\t\t\t<div class=\"elementor-element elementor-element-be8c7e6 elementor-widget elementor-widget-html\" data-id=\"be8c7e6\" data-element_type=\"widget\" data-e-type=\"widget\" data-widget_type=\"html.default\">\n\t\t\t\t<div class=\"elementor-widget-container\">\n\t\t\t\t\t<script src=\"https:\/\/cdn.checkout.ventrata.com\/v3\/production\/ventrata-checkout.min.js\" type=\"module\" data-config='{\"env\": \"live\", \"lang\":\"fr\" }'>\n<\/script>\n\n\n<aside \n     ventrata-embedded-widget\n     data-config='{\"productID\":\"341c397e-1387-4ad4-93b5-8129ee3264ad\" }'>\n  <\/aside>\n\n<button class=\"ventrataButton\" ventrata-checkout data-config='{\"apiKey\":\"a9089240-0a5c-49c4-ab94-082818f9b5cd\", \"productID\":\"341c397e-1387-4ad4-93b5-8129ee3264ad\" }'>\nACHETER DES BILLETS\n<\/button>\t\t\t\t<\/div>\n\t\t\t\t<\/div>\n\t\t\t\t<\/div>\n\t\t\t\t<\/div>\n\t\t\t\t<\/div>\n\t\t\t\t\t<\/div>\n\t\t\t\t<\/div>\n\t\t\t\t<\/div>\n\t\t","protected":false},"excerpt":{"rendered":"<p>Paquets Une atmosph\u00e8re unique, avec beaucoup d&rsquo;\u00a0\u00bbart\u00a0\u00bb. Une exp\u00e9rience culturelle. Une s\u00e9lection d&rsquo;exp\u00e9riences uniques combin\u00e9es \u00e0 un spectacle de flamenco \u00e0 Malaga. Choisissez le pack qui vous pla\u00eet le plus et vivez l&rsquo;exp\u00e9rience compl\u00e8te. Nous vous attendons ! Profitez d&rsquo;une exp\u00e9rience \u00e0 360 Un cadre magique o\u00f9 vous ne pourrez vous emp\u00eacher de regarder le [&hellip;]<\/p>\n","protected":false},"author":8,"featured_media":0,"parent":0,"menu_order":0,"comment_status":"closed","ping_status":"closed","template":"","meta":{"_acf_changed":false,"footnotes":""},"class_list":["post-22726","page","type-page","status-publish","hentry"],"acf":[],"yoast_head":"<!-- This site is optimized with the Yoast SEO plugin v27.3 - https:\/\/yoast.com\/product\/yoast-seo-wordpress\/ -->\n<title>Paquets | Flamenco Alegr\u00eda<\/title>\n<meta name=\"description\" content=\"Vivez l&#039;exp\u00e9rience compl\u00e8te de Malaga avec nos packs 360\u00ba. Profitez de diff\u00e9rentes activit\u00e9s avant d&#039;assister \u00e0 un spectacle de flamenco.\" \/>\n<meta name=\"robots\" content=\"index, follow, max-snippet:-1, max-image-preview:large, max-video-preview:-1\" \/>\n<link rel=\"canonical\" href=\"https:\/\/flamencomalaga.com\/fr\/paquets\/\" \/>\n<meta property=\"og:locale\" content=\"fr_FR\" \/>\n<meta property=\"og:type\" content=\"article\" \/>\n<meta property=\"og:title\" content=\"Paquets | Flamenco Alegr\u00eda\" \/>\n<meta property=\"og:description\" content=\"Vivez l&#039;exp\u00e9rience compl\u00e8te de Malaga avec nos packs 360\u00ba. Profitez de diff\u00e9rentes activit\u00e9s avant d&#039;assister \u00e0 un spectacle de flamenco.\" \/>\n<meta property=\"og:url\" content=\"https:\/\/flamencomalaga.com\/fr\/paquets\/\" \/>\n<meta property=\"og:site_name\" content=\"Flamenco Alegr\u00eda\" \/>\n<meta property=\"article:publisher\" content=\"https:\/\/www.facebook.com\/alegriaflamencomalaga\/?locale=es_ES\" \/>\n<meta property=\"article:modified_time\" content=\"2024-11-21T14:54:01+00:00\" \/>\n<meta property=\"og:image\" content=\"http:\/\/flamencomalaga.com\/wp-content\/uploads\/2024\/07\/tuktuki-malaga-1024x522.webp\" \/>\n<meta name=\"twitter:card\" content=\"summary_large_image\" \/>\n<meta name=\"twitter:label1\" content=\"Dur\u00e9e de lecture estim\u00e9e\" \/>\n\t<meta name=\"twitter:data1\" content=\"3 minutes\" \/>\n<!-- \/ Yoast SEO plugin. -->","yoast_head_json":{"title":"Paquets | Flamenco Alegr\u00eda","description":"Vivez l'exp\u00e9rience compl\u00e8te de Malaga avec nos packs 360\u00ba. Profitez de diff\u00e9rentes activit\u00e9s avant d'assister \u00e0 un spectacle de flamenco.","robots":{"index":"index","follow":"follow","max-snippet":"max-snippet:-1","max-image-preview":"max-image-preview:large","max-video-preview":"max-video-preview:-1"},"canonical":"https:\/\/flamencomalaga.com\/fr\/paquets\/","og_locale":"fr_FR","og_type":"article","og_title":"Paquets | Flamenco Alegr\u00eda","og_description":"Vivez l'exp\u00e9rience compl\u00e8te de Malaga avec nos packs 360\u00ba. Profitez de diff\u00e9rentes activit\u00e9s avant d'assister \u00e0 un spectacle de flamenco.","og_url":"https:\/\/flamencomalaga.com\/fr\/paquets\/","og_site_name":"Flamenco Alegr\u00eda","article_publisher":"https:\/\/www.facebook.com\/alegriaflamencomalaga\/?locale=es_ES","article_modified_time":"2024-11-21T14:54:01+00:00","og_image":[{"url":"http:\/\/flamencomalaga.com\/wp-content\/uploads\/2024\/07\/tuktuki-malaga-1024x522.webp","type":"","width":"","height":""}],"twitter_card":"summary_large_image","twitter_misc":{"Dur\u00e9e de lecture estim\u00e9e":"3 minutes"},"schema":{"@context":"https:\/\/schema.org","@graph":[{"@type":"WebPage","@id":"https:\/\/flamencomalaga.com\/fr\/paquets\/","url":"https:\/\/flamencomalaga.com\/fr\/paquets\/","name":"Paquets | Flamenco Alegr\u00eda","isPartOf":{"@id":"https:\/\/flamencomalaga.com\/fr\/#website"},"primaryImageOfPage":{"@id":"https:\/\/flamencomalaga.com\/fr\/paquets\/#primaryimage"},"image":{"@id":"https:\/\/flamencomalaga.com\/fr\/paquets\/#primaryimage"},"thumbnailUrl":"http:\/\/flamencomalaga.com\/wp-content\/uploads\/2024\/07\/tuktuki-malaga-1024x522.webp","datePublished":"2024-07-19T10:48:47+00:00","dateModified":"2024-11-21T14:54:01+00:00","description":"Vivez l'exp\u00e9rience compl\u00e8te de Malaga avec nos packs 360\u00ba. Profitez de diff\u00e9rentes activit\u00e9s avant d'assister \u00e0 un spectacle de flamenco.","breadcrumb":{"@id":"https:\/\/flamencomalaga.com\/fr\/paquets\/#breadcrumb"},"inLanguage":"fr-FR","potentialAction":[{"@type":"ReadAction","target":["https:\/\/flamencomalaga.com\/fr\/paquets\/"]}]},{"@type":"ImageObject","inLanguage":"fr-FR","@id":"https:\/\/flamencomalaga.com\/fr\/paquets\/#primaryimage","url":"http:\/\/flamencomalaga.com\/wp-content\/uploads\/2024\/07\/tuktuki-malaga-1024x522.webp","contentUrl":"http:\/\/flamencomalaga.com\/wp-content\/uploads\/2024\/07\/tuktuki-malaga-1024x522.webp"},{"@type":"BreadcrumbList","@id":"https:\/\/flamencomalaga.com\/fr\/paquets\/#breadcrumb","itemListElement":[{"@type":"ListItem","position":1,"name":"Accueil","item":"https:\/\/flamencomalaga.com\/fr\/"},{"@type":"ListItem","position":2,"name":"Paquets"}]},{"@type":"WebSite","@id":"https:\/\/flamencomalaga.com\/fr\/#website","url":"https:\/\/flamencomalaga.com\/fr\/","name":"Flamenco Alegr\u00eda y Gastronomia","description":"","publisher":{"@id":"https:\/\/flamencomalaga.com\/fr\/#organization"},"alternateName":"Flamenco Alegr\u00eda","potentialAction":[{"@type":"SearchAction","target":{"@type":"EntryPoint","urlTemplate":"https:\/\/flamencomalaga.com\/fr\/?s={search_term_string}"},"query-input":{"@type":"PropertyValueSpecification","valueRequired":true,"valueName":"search_term_string"}}],"inLanguage":"fr-FR"},{"@type":"Organization","@id":"https:\/\/flamencomalaga.com\/fr\/#organization","name":"Flamenco Alegr\u00eda","alternateName":"Alegr\u00eda - Flamenco y Gastronom\u00eda","url":"https:\/\/flamencomalaga.com\/fr\/","logo":{"@type":"ImageObject","inLanguage":"fr-FR","@id":"https:\/\/flamencomalaga.com\/fr\/#\/schema\/logo\/image\/","url":"https:\/\/flamencomalaga.com\/wp-content\/uploads\/2024\/07\/flamenco-malaga_logo.png?wsr","contentUrl":"https:\/\/flamencomalaga.com\/wp-content\/uploads\/2024\/07\/flamenco-malaga_logo.png?wsr","width":166,"height":85,"caption":"Flamenco Alegr\u00eda"},"image":{"@id":"https:\/\/flamencomalaga.com\/fr\/#\/schema\/logo\/image\/"},"sameAs":["https:\/\/www.facebook.com\/alegriaflamencomalaga\/?locale=es_ES","https:\/\/www.instagram.com\/flamencomalagaalegria","https:\/\/www.tiktok.com\/@flamencomalaga"]}]}},"_links":{"self":[{"href":"https:\/\/flamencomalaga.com\/fr\/wp-json\/wp\/v2\/pages\/22726","targetHints":{"allow":["GET"]}}],"collection":[{"href":"https:\/\/flamencomalaga.com\/fr\/wp-json\/wp\/v2\/pages"}],"about":[{"href":"https:\/\/flamencomalaga.com\/fr\/wp-json\/wp\/v2\/types\/page"}],"author":[{"embeddable":true,"href":"https:\/\/flamencomalaga.com\/fr\/wp-json\/wp\/v2\/users\/8"}],"replies":[{"embeddable":true,"href":"https:\/\/flamencomalaga.com\/fr\/wp-json\/wp\/v2\/comments?post=22726"}],"version-history":[{"count":0,"href":"https:\/\/flamencomalaga.com\/fr\/wp-json\/wp\/v2\/pages\/22726\/revisions"}],"wp:attachment":[{"href":"https:\/\/flamencomalaga.com\/fr\/wp-json\/wp\/v2\/media?parent=22726"}],"curies":[{"name":"wp","href":"https:\/\/api.w.org\/{rel}","templated":true}]}}