{"id":22404,"date":"2024-07-19T12:44:20","date_gmt":"2024-07-19T12:44:20","guid":{"rendered":"https:\/\/flamencomalaga.com\/conditions-dachat\/"},"modified":"2024-07-29T08:45:52","modified_gmt":"2024-07-29T08:45:52","slug":"conditions-dachat","status":"publish","type":"page","link":"https:\/\/flamencomalaga.com\/fr\/conditions-dachat\/","title":{"rendered":"Conditions d&rsquo;achat"},"content":{"rendered":"\n<p>S&rsquo;il n&rsquo;est pas possible d&rsquo;acc\u00e9der \u00e0 l&rsquo;un des sites ou si un service achet\u00e9 ne peut \u00eatre fourni, nous tenons \u00e0 vous assurer que vous serez rembours\u00e9 du montant proportionnel \u00e0 l&rsquo;acc\u00e8s ou au service affect\u00e9. Il est important que vous sachiez que, dans notre engagement \u00e0 garantir votre satisfaction, nous nous effor\u00e7ons de r\u00e9pondre \u00e0 toutes vos attentes et, en cas d&rsquo;\u00e9ventualit\u00e9, nous voulons vous assurer que nous agirons rapidement et efficacement pour r\u00e9soudre tout inconv\u00e9nient qui pourrait survenir.<\/p>\n\n<p>Nous voulons que vous vous sentiez en s\u00e9curit\u00e9 lorsque vous choisissez nos services. C&rsquo;est pourquoi, si vous souhaitez annuler votre r\u00e9servation pour quelque raison que ce soit, il vous suffit de le faire 24 heures \u00e0 l&rsquo;avance. Dans ce cas, le remboursement du montant correspondant sera effectu\u00e9 par le m\u00eame moyen que celui utilis\u00e9 pour le paiement (esp\u00e8ces, carte, etc.).<\/p>\n\n<p>En bref, dans notre entreprise, nous avons \u00e0 c\u0153ur de vous offrir la meilleure attention et le meilleur service possible, en nous engageant \u00e0 r\u00e9soudre toute situation susceptible d&rsquo;influer sur votre exp\u00e9rience avec nous.<\/p>\n\n<p>Nous vous remercions de votre confiance et esp\u00e9rons vous revoir bient\u00f4t !<\/p>\n","protected":false},"excerpt":{"rendered":"<p>S&rsquo;il n&rsquo;est pas possible d&rsquo;acc\u00e9der \u00e0 l&rsquo;un des sites ou si un service achet\u00e9 ne peut \u00eatre fourni, nous tenons \u00e0 vous assurer que vous serez rembours\u00e9 du montant proportionnel \u00e0 l&rsquo;acc\u00e8s ou au service affect\u00e9. Il est important que vous sachiez que, dans notre engagement \u00e0 garantir votre satisfaction, nous nous effor\u00e7ons de r\u00e9pondre [&hellip;]<\/p>\n","protected":false},"author":8,"featured_media":0,"parent":0,"menu_order":0,"comment_status":"closed","ping_status":"closed","template":"","meta":{"_acf_changed":false,"footnotes":""},"class_list":["post-22404","page","type-page","status-publish","hentry"],"acf":[],"yoast_head":"<!-- This site is optimized with the Yoast SEO plugin v27.4 - https:\/\/yoast.com\/product\/yoast-seo-wordpress\/ -->\n<title>Conditions d&#039;achat | Flamenco Alegr\u00eda<\/title>\n<meta name=\"robots\" content=\"index, follow, max-snippet:-1, max-image-preview:large, max-video-preview:-1\" \/>\n<link rel=\"canonical\" href=\"https:\/\/flamencomalaga.com\/fr\/conditions-dachat\/\" \/>\n<meta property=\"og:locale\" content=\"fr_FR\" \/>\n<meta property=\"og:type\" content=\"article\" \/>\n<meta property=\"og:title\" content=\"Conditions d&#039;achat | Flamenco Alegr\u00eda\" \/>\n<meta property=\"og:description\" content=\"S&rsquo;il n&rsquo;est pas possible d&rsquo;acc\u00e9der \u00e0 l&rsquo;un des sites ou si un service achet\u00e9 ne peut \u00eatre fourni, nous tenons \u00e0 vous assurer que vous serez rembours\u00e9 du montant proportionnel \u00e0 l&rsquo;acc\u00e8s ou au service affect\u00e9. Il est important que vous sachiez que, dans notre engagement \u00e0 garantir votre satisfaction, nous nous effor\u00e7ons de r\u00e9pondre [&hellip;]\" \/>\n<meta property=\"og:url\" content=\"https:\/\/flamencomalaga.com\/fr\/conditions-dachat\/\" \/>\n<meta property=\"og:site_name\" content=\"Flamenco Alegr\u00eda\" \/>\n<meta property=\"article:publisher\" content=\"https:\/\/www.facebook.com\/alegriaflamencomalaga\/?locale=es_ES\" \/>\n<meta property=\"article:modified_time\" content=\"2024-07-29T08:45:52+00:00\" \/>\n<meta property=\"og:image\" content=\"https:\/\/flamencomalaga.com\/wp-content\/uploads\/2024\/07\/home-min-510x382-1.jpg?wsr\" \/>\n\t<meta property=\"og:image:width\" content=\"510\" \/>\n\t<meta property=\"og:image:height\" content=\"382\" \/>\n\t<meta property=\"og:image:type\" content=\"image\/jpeg\" \/>\n<meta name=\"twitter:card\" content=\"summary_large_image\" \/>\n<meta name=\"twitter:label1\" content=\"Dur\u00e9e de lecture estim\u00e9e\" \/>\n\t<meta name=\"twitter:data1\" content=\"1 minute\" \/>\n<!-- \/ Yoast SEO plugin. -->","yoast_head_json":{"title":"Conditions d'achat | Flamenco Alegr\u00eda","robots":{"index":"index","follow":"follow","max-snippet":"max-snippet:-1","max-image-preview":"max-image-preview:large","max-video-preview":"max-video-preview:-1"},"canonical":"https:\/\/flamencomalaga.com\/fr\/conditions-dachat\/","og_locale":"fr_FR","og_type":"article","og_title":"Conditions d'achat | Flamenco Alegr\u00eda","og_description":"S&rsquo;il n&rsquo;est pas possible d&rsquo;acc\u00e9der \u00e0 l&rsquo;un des sites ou si un service achet\u00e9 ne peut \u00eatre fourni, nous tenons \u00e0 vous assurer que vous serez rembours\u00e9 du montant proportionnel \u00e0 l&rsquo;acc\u00e8s ou au service affect\u00e9. Il est important que vous sachiez que, dans notre engagement \u00e0 garantir votre satisfaction, nous nous effor\u00e7ons de r\u00e9pondre [&hellip;]","og_url":"https:\/\/flamencomalaga.com\/fr\/conditions-dachat\/","og_site_name":"Flamenco Alegr\u00eda","article_publisher":"https:\/\/www.facebook.com\/alegriaflamencomalaga\/?locale=es_ES","article_modified_time":"2024-07-29T08:45:52+00:00","og_image":[{"width":510,"height":382,"url":"https:\/\/flamencomalaga.com\/wp-content\/uploads\/2024\/07\/home-min-510x382-1.jpg?wsr","type":"image\/jpeg"}],"twitter_card":"summary_large_image","twitter_misc":{"Dur\u00e9e de lecture estim\u00e9e":"1 minute"},"schema":{"@context":"https:\/\/schema.org","@graph":[{"@type":"WebPage","@id":"https:\/\/flamencomalaga.com\/fr\/conditions-dachat\/","url":"https:\/\/flamencomalaga.com\/fr\/conditions-dachat\/","name":"Conditions d'achat | Flamenco Alegr\u00eda","isPartOf":{"@id":"https:\/\/flamencomalaga.com\/fr\/#website"},"datePublished":"2024-07-19T12:44:20+00:00","dateModified":"2024-07-29T08:45:52+00:00","breadcrumb":{"@id":"https:\/\/flamencomalaga.com\/fr\/conditions-dachat\/#breadcrumb"},"inLanguage":"fr-FR","potentialAction":[{"@type":"ReadAction","target":["https:\/\/flamencomalaga.com\/fr\/conditions-dachat\/"]}]},{"@type":"BreadcrumbList","@id":"https:\/\/flamencomalaga.com\/fr\/conditions-dachat\/#breadcrumb","itemListElement":[{"@type":"ListItem","position":1,"name":"Accueil","item":"https:\/\/flamencomalaga.com\/fr\/"},{"@type":"ListItem","position":2,"name":"Conditions d&#8217;achat"}]},{"@type":"WebSite","@id":"https:\/\/flamencomalaga.com\/fr\/#website","url":"https:\/\/flamencomalaga.com\/fr\/","name":"Flamenco Alegr\u00eda y Gastronomia","description":"","publisher":{"@id":"https:\/\/flamencomalaga.com\/fr\/#organization"},"alternateName":"Flamenco Alegr\u00eda","potentialAction":[{"@type":"SearchAction","target":{"@type":"EntryPoint","urlTemplate":"https:\/\/flamencomalaga.com\/fr\/?s={search_term_string}"},"query-input":{"@type":"PropertyValueSpecification","valueRequired":true,"valueName":"search_term_string"}}],"inLanguage":"fr-FR"},{"@type":"Organization","@id":"https:\/\/flamencomalaga.com\/fr\/#organization","name":"Flamenco Alegr\u00eda","alternateName":"Alegr\u00eda - Flamenco y Gastronom\u00eda","url":"https:\/\/flamencomalaga.com\/fr\/","logo":{"@type":"ImageObject","inLanguage":"fr-FR","@id":"https:\/\/flamencomalaga.com\/fr\/#\/schema\/logo\/image\/","url":"https:\/\/flamencomalaga.com\/wp-content\/uploads\/2024\/07\/flamenco-malaga_logo.png?wsr","contentUrl":"https:\/\/flamencomalaga.com\/wp-content\/uploads\/2024\/07\/flamenco-malaga_logo.png?wsr","width":166,"height":85,"caption":"Flamenco Alegr\u00eda"},"image":{"@id":"https:\/\/flamencomalaga.com\/fr\/#\/schema\/logo\/image\/"},"sameAs":["https:\/\/www.facebook.com\/alegriaflamencomalaga\/?locale=es_ES","https:\/\/www.instagram.com\/flamencomalagaalegria","https:\/\/www.tiktok.com\/@flamencomalaga"]}]}},"_links":{"self":[{"href":"https:\/\/flamencomalaga.com\/fr\/wp-json\/wp\/v2\/pages\/22404","targetHints":{"allow":["GET"]}}],"collection":[{"href":"https:\/\/flamencomalaga.com\/fr\/wp-json\/wp\/v2\/pages"}],"about":[{"href":"https:\/\/flamencomalaga.com\/fr\/wp-json\/wp\/v2\/types\/page"}],"author":[{"embeddable":true,"href":"https:\/\/flamencomalaga.com\/fr\/wp-json\/wp\/v2\/users\/8"}],"replies":[{"embeddable":true,"href":"https:\/\/flamencomalaga.com\/fr\/wp-json\/wp\/v2\/comments?post=22404"}],"version-history":[{"count":0,"href":"https:\/\/flamencomalaga.com\/fr\/wp-json\/wp\/v2\/pages\/22404\/revisions"}],"wp:attachment":[{"href":"https:\/\/flamencomalaga.com\/fr\/wp-json\/wp\/v2\/media?parent=22404"}],"curies":[{"name":"wp","href":"https:\/\/api.w.org\/{rel}","templated":true}]}}