{"id":22139,"date":"2024-07-19T12:48:11","date_gmt":"2024-07-19T12:48:11","guid":{"rendered":"https:\/\/flamencomalaga.com\/galerie-video\/"},"modified":"2025-06-26T14:22:52","modified_gmt":"2025-06-26T12:22:52","slug":"video","status":"publish","type":"page","link":"https:\/\/flamencomalaga.com\/fr\/video\/","title":{"rendered":"Galerie vid\u00e9o"},"content":{"rendered":"\t\t<div data-elementor-type=\"wp-page\" data-elementor-id=\"22139\" class=\"elementor elementor-22139 elementor-21024\" data-elementor-post-type=\"page\">\n\t\t\t\t<div class=\"elementor-element elementor-element-5022511b elementor-hidden-mobile e-flex e-con-boxed e-con e-parent\" data-id=\"5022511b\" data-element_type=\"container\" data-e-type=\"container\">\n\t\t\t\t\t<div class=\"e-con-inner\">\n\t\t\t\t<div class=\"elementor-element elementor-element-3d66d3e6 elementor-widget elementor-widget-spacer\" data-id=\"3d66d3e6\" data-element_type=\"widget\" data-e-type=\"widget\" data-widget_type=\"spacer.default\">\n\t\t\t\t<div class=\"elementor-widget-container\">\n\t\t\t\t\t\t\t<div class=\"elementor-spacer\">\n\t\t\t<div class=\"elementor-spacer-inner\"><\/div>\n\t\t<\/div>\n\t\t\t\t\t\t<\/div>\n\t\t\t\t<\/div>\n\t\t\t\t\t<\/div>\n\t\t\t\t<\/div>\n\t\t<div class=\"elementor-element elementor-element-660ef9b0 e-flex e-con-boxed e-con e-parent\" data-id=\"660ef9b0\" data-element_type=\"container\" data-e-type=\"container\">\n\t\t\t\t\t<div class=\"e-con-inner\">\n\t\t<div class=\"elementor-element elementor-element-e40a566 e-con-full e-flex e-con e-child\" data-id=\"e40a566\" data-element_type=\"container\" data-e-type=\"container\">\n\t\t<div class=\"elementor-element elementor-element-5e792326 e-con-full e-flex e-con e-child\" data-id=\"5e792326\" data-element_type=\"container\" data-e-type=\"container\" data-settings=\"{&quot;background_background&quot;:&quot;classic&quot;}\">\n\t\t\t\t<div class=\"elementor-element elementor-element-4e0b81d3 elementor-widget elementor-widget-breadcrumbs\" data-id=\"4e0b81d3\" data-element_type=\"widget\" data-e-type=\"widget\" data-widget_type=\"breadcrumbs.default\">\n\t\t\t\t<div class=\"elementor-widget-container\">\n\t\t\t\t\t<p id=\"breadcrumbs\"><span><span><a href=\"https:\/\/flamencomalaga.com\/fr\/\">Accueil<\/a><\/span><\/span><\/p>\t\t\t\t<\/div>\n\t\t\t\t<\/div>\n\t\t\t\t<div class=\"elementor-element elementor-element-414b8896 elementor-widget elementor-widget-heading\" data-id=\"414b8896\" data-element_type=\"widget\" data-e-type=\"widget\" data-widget_type=\"heading.default\">\n\t\t\t\t<div class=\"elementor-widget-container\">\n\t\t\t\t\t<h1 class=\"elementor-heading-title elementor-size-default\">Galerie vid\u00e9o<\/h1>\t\t\t\t<\/div>\n\t\t\t\t<\/div>\n\t\t\t\t<div class=\"elementor-element elementor-element-204e0549 elementor-widget elementor-widget-heading\" data-id=\"204e0549\" data-element_type=\"widget\" data-e-type=\"widget\" data-widget_type=\"heading.default\">\n\t\t\t\t<div class=\"elementor-widget-container\">\n\t\t\t\t\t<p class=\"elementor-heading-title elementor-size-default\">Un lieu unique pour appr\u00e9cier l'art du flamenco en direct.<\/p>\t\t\t\t<\/div>\n\t\t\t\t<\/div>\n\t\t<div class=\"elementor-element elementor-element-75a98832 e-con-full e-flex e-con e-child\" data-id=\"75a98832\" data-element_type=\"container\" data-e-type=\"container\">\n\t\t<div class=\"elementor-element elementor-element-10591030 e-con-full e-flex e-con e-child\" data-id=\"10591030\" data-element_type=\"container\" data-e-type=\"container\">\n\t\t\t\t<div class=\"elementor-element elementor-element-7534d607 elementor-widget elementor-widget-text-editor\" data-id=\"7534d607\" data-element_type=\"widget\" data-e-type=\"widget\" data-widget_type=\"text-editor.default\">\n\t\t\t\t<div class=\"elementor-widget-container\">\n\t\t\t\t\t\t\t\t\t<p>Chaque semaine, nous renouvelons notre programme en veillant \u00e0 la qualit\u00e9, avec des <strong>artistes de premier ordre, de grande r\u00e9percussion nationale et internationale<\/strong>, qui vous feront d\u00e9couvrir l&rsquo;essence de chaque palo flamenco.<\/p><p>Notre th\u00e9\u00e2tre et notre salle de spectacles offrent aux visiteurs un magnifique espace sc\u00e9nique qui permet aux artistes de partager leur art de mani\u00e8re proche et intime. Chaque soir, cinq artistes laissent leur \u00e2me sur sc\u00e8ne pour faire de notre salle une v\u00e9ritable f\u00eate.<\/p>\t\t\t\t\t\t\t\t<\/div>\n\t\t\t\t<\/div>\n\t\t\t\t<div class=\"elementor-element elementor-element-74a90299 elementor-widget elementor-widget-text-editor\" data-id=\"74a90299\" data-element_type=\"widget\" data-e-type=\"widget\" data-widget_type=\"text-editor.default\">\n\t\t\t\t<div class=\"elementor-widget-container\">\n\t\t\t\t\t\t\t\t\t<p>Un lieu id\u00e9al pour vivre toute la passion d&rsquo;un genre qui, en 2010, a \u00e9t\u00e9 d\u00e9clar\u00e9 <strong>patrimoine immat\u00e9riel de l&rsquo;humanit\u00e9 par l&rsquo;UNESCO<\/strong> et qui trouve ses origines dans les m\u00e9lodies mauresques et s\u00e9farades, entre autres. Pour compl\u00e9ter une exp\u00e9rience sensorielle totale, go\u00fbtez \u00e0 notre gastronomie exquise.<\/p><p>Visitez notre cha\u00eene <a href=\"https:\/\/www.youtube.com\/channel\/UCtrEiT-LDASedHg6FoUa4Sg\">YouTube<\/a> et profitez de nos meilleures \u00e9missions !<\/p>\t\t\t\t\t\t\t\t<\/div>\n\t\t\t\t<\/div>\n\t\t\t\t<\/div>\n\t\t\t\t<\/div>\n\t\t<div class=\"elementor-element elementor-element-21352d4 e-con-full e-flex e-con e-child\" data-id=\"21352d4\" data-element_type=\"container\" data-e-type=\"container\">\n\t\t\t\t<div class=\"elementor-element elementor-element-7e777c elementor-align-left elementor-widget elementor-widget-button\" data-id=\"7e777c\" data-element_type=\"widget\" data-e-type=\"widget\" data-widget_type=\"button.default\">\n\t\t\t\t<div class=\"elementor-widget-container\">\n\t\t\t\t\t\t\t\t\t<div class=\"elementor-button-wrapper\">\n\t\t\t\t\t<a class=\"elementor-button elementor-button-link elementor-size-sm\" href=\"#galeria\">\n\t\t\t\t\t\t<span class=\"elementor-button-content-wrapper\">\n\t\t\t\t\t\t\t\t\t<span class=\"elementor-button-text\">VOIR LA GALERIE<\/span>\n\t\t\t\t\t<\/span>\n\t\t\t\t\t<\/a>\n\t\t\t\t<\/div>\n\t\t\t\t\t\t\t\t<\/div>\n\t\t\t\t<\/div>\n\t\t\t\t<\/div>\n\t\t\t\t<\/div>\n\t\t\t\t<\/div>\n\t\t\t\t\t<\/div>\n\t\t\t\t<\/div>\n\t\t<div class=\"elementor-element elementor-element-9012c3f e-flex e-con-boxed e-con e-parent\" data-id=\"9012c3f\" data-element_type=\"container\" data-e-type=\"container\">\n\t\t\t\t\t<div class=\"e-con-inner\">\n\t\t<div class=\"elementor-element elementor-element-5d4997f9 e-con-full e-flex e-con e-child\" data-id=\"5d4997f9\" data-element_type=\"container\" data-e-type=\"container\" id=\"galeria\">\n\t\t<div class=\"elementor-element elementor-element-814b2aa e-con-full e-flex e-con e-child\" data-id=\"814b2aa\" data-element_type=\"container\" data-e-type=\"container\">\n\t\t\t\t<div class=\"elementor-element elementor-element-be42609 elementor-widget elementor-widget-video\" data-id=\"be42609\" data-element_type=\"widget\" data-e-type=\"widget\" data-settings=\"{&quot;youtube_url&quot;:&quot;https:\\\/\\\/www.youtube.com\\\/watch?v=NAagp1vITdM&amp;ab_channel=FlamencoyGastronomiaAlegriaenM%C3%A1laga&quot;,&quot;video_type&quot;:&quot;youtube&quot;,&quot;controls&quot;:&quot;yes&quot;}\" data-widget_type=\"video.default\">\n\t\t\t\t<div class=\"elementor-widget-container\">\n\t\t\t\t\t\t\t<div class=\"elementor-wrapper elementor-open-inline\">\n\t\t\t<div class=\"elementor-video\"><\/div>\t\t<\/div>\n\t\t\t\t\t\t<\/div>\n\t\t\t\t<\/div>\n\t\t\t\t<\/div>\n\t\t<div class=\"elementor-element elementor-element-bb66231 e-con-full e-flex e-con e-child\" data-id=\"bb66231\" data-element_type=\"container\" data-e-type=\"container\">\n\t\t\t\t<div class=\"elementor-element elementor-element-3518106 elementor-widget elementor-widget-video\" data-id=\"3518106\" data-element_type=\"widget\" data-e-type=\"widget\" data-settings=\"{&quot;youtube_url&quot;:&quot;https:\\\/\\\/www.youtube.com\\\/watch?v=pqRrf6cPUdc&amp;ab_channel=FlamencoyGastronomiaAlegriaenM%C3%A1laga&quot;,&quot;video_type&quot;:&quot;youtube&quot;,&quot;controls&quot;:&quot;yes&quot;}\" data-widget_type=\"video.default\">\n\t\t\t\t<div class=\"elementor-widget-container\">\n\t\t\t\t\t\t\t<div class=\"elementor-wrapper elementor-open-inline\">\n\t\t\t<div class=\"elementor-video\"><\/div>\t\t<\/div>\n\t\t\t\t\t\t<\/div>\n\t\t\t\t<\/div>\n\t\t\t\t<\/div>\n\t\t<div class=\"elementor-element elementor-element-33d5615 e-con-full e-flex e-con e-child\" data-id=\"33d5615\" data-element_type=\"container\" data-e-type=\"container\">\n\t\t\t\t<div class=\"elementor-element elementor-element-42f489b elementor-widget elementor-widget-video\" data-id=\"42f489b\" data-element_type=\"widget\" data-e-type=\"widget\" data-settings=\"{&quot;youtube_url&quot;:&quot;https:\\\/\\\/www.youtube.com\\\/watch?v=BwgJotg8DkY&amp;ab_channel=FlamencoyGastronomiaAlegriaenM%C3%A1laga&quot;,&quot;video_type&quot;:&quot;youtube&quot;,&quot;controls&quot;:&quot;yes&quot;}\" data-widget_type=\"video.default\">\n\t\t\t\t<div class=\"elementor-widget-container\">\n\t\t\t\t\t\t\t<div class=\"elementor-wrapper elementor-open-inline\">\n\t\t\t<div class=\"elementor-video\"><\/div>\t\t<\/div>\n\t\t\t\t\t\t<\/div>\n\t\t\t\t<\/div>\n\t\t\t\t<\/div>\n\t\t\t\t<\/div>\n\t\t<div class=\"elementor-element elementor-element-c4cc8b3 e-con-full e-flex e-con e-child\" data-id=\"c4cc8b3\" data-element_type=\"container\" data-e-type=\"container\">\n\t\t<div class=\"elementor-element elementor-element-27b3a63 e-con-full e-flex e-con e-child\" data-id=\"27b3a63\" data-element_type=\"container\" data-e-type=\"container\">\n\t\t\t\t<div class=\"elementor-element elementor-element-1ae527f elementor-widget elementor-widget-video\" data-id=\"1ae527f\" data-element_type=\"widget\" data-e-type=\"widget\" data-settings=\"{&quot;youtube_url&quot;:&quot;https:\\\/\\\/www.youtube.com\\\/watch?v=xMjk-8uYhsc&amp;ab_channel=FlamencoyGastronomiaAlegriaenM%C3%A1laga&quot;,&quot;video_type&quot;:&quot;youtube&quot;,&quot;controls&quot;:&quot;yes&quot;}\" data-widget_type=\"video.default\">\n\t\t\t\t<div class=\"elementor-widget-container\">\n\t\t\t\t\t\t\t<div class=\"elementor-wrapper elementor-open-inline\">\n\t\t\t<div class=\"elementor-video\"><\/div>\t\t<\/div>\n\t\t\t\t\t\t<\/div>\n\t\t\t\t<\/div>\n\t\t\t\t<\/div>\n\t\t<div class=\"elementor-element elementor-element-da4743c e-con-full e-flex e-con e-child\" data-id=\"da4743c\" data-element_type=\"container\" data-e-type=\"container\">\n\t\t\t\t<div class=\"elementor-element elementor-element-70aedd6 elementor-widget elementor-widget-video\" data-id=\"70aedd6\" data-element_type=\"widget\" data-e-type=\"widget\" data-settings=\"{&quot;youtube_url&quot;:&quot;https:\\\/\\\/www.youtube.com\\\/watch?v=UewrYfVpRBs&amp;ab_channel=FlamencoyGastronomiaAlegriaenM%C3%A1laga&quot;,&quot;video_type&quot;:&quot;youtube&quot;,&quot;controls&quot;:&quot;yes&quot;}\" data-widget_type=\"video.default\">\n\t\t\t\t<div class=\"elementor-widget-container\">\n\t\t\t\t\t\t\t<div class=\"elementor-wrapper elementor-open-inline\">\n\t\t\t<div class=\"elementor-video\"><\/div>\t\t<\/div>\n\t\t\t\t\t\t<\/div>\n\t\t\t\t<\/div>\n\t\t\t\t<\/div>\n\t\t<div class=\"elementor-element elementor-element-8c0fa44 e-con-full e-flex e-con e-child\" data-id=\"8c0fa44\" data-element_type=\"container\" data-e-type=\"container\">\n\t\t\t\t<div class=\"elementor-element elementor-element-8520d2f elementor-widget elementor-widget-video\" data-id=\"8520d2f\" data-element_type=\"widget\" data-e-type=\"widget\" data-settings=\"{&quot;youtube_url&quot;:&quot;https:\\\/\\\/www.youtube.com\\\/watch?v=afK0FiK_Rak&amp;ab_channel=FlamencoyGastronomiaAlegriaenM%C3%A1laga&quot;,&quot;video_type&quot;:&quot;youtube&quot;,&quot;controls&quot;:&quot;yes&quot;}\" data-widget_type=\"video.default\">\n\t\t\t\t<div class=\"elementor-widget-container\">\n\t\t\t\t\t\t\t<div class=\"elementor-wrapper elementor-open-inline\">\n\t\t\t<div class=\"elementor-video\"><\/div>\t\t<\/div>\n\t\t\t\t\t\t<\/div>\n\t\t\t\t<\/div>\n\t\t\t\t<\/div>\n\t\t\t\t<\/div>\n\t\t<div class=\"elementor-element elementor-element-2207f86 e-con-full e-flex e-con e-child\" data-id=\"2207f86\" data-element_type=\"container\" data-e-type=\"container\">\n\t\t<div class=\"elementor-element elementor-element-8ef88d0 e-con-full e-flex e-con e-child\" data-id=\"8ef88d0\" data-element_type=\"container\" data-e-type=\"container\">\n\t\t\t\t<div class=\"elementor-element elementor-element-56c273f elementor-widget elementor-widget-video\" data-id=\"56c273f\" data-element_type=\"widget\" data-e-type=\"widget\" data-settings=\"{&quot;youtube_url&quot;:&quot;https:\\\/\\\/www.youtube.com\\\/watch?v=-EtcyO2dOFw&amp;ab_channel=FlamencoyGastronomiaAlegriaenM%C3%A1laga&quot;,&quot;video_type&quot;:&quot;youtube&quot;,&quot;controls&quot;:&quot;yes&quot;}\" data-widget_type=\"video.default\">\n\t\t\t\t<div class=\"elementor-widget-container\">\n\t\t\t\t\t\t\t<div class=\"elementor-wrapper elementor-open-inline\">\n\t\t\t<div class=\"elementor-video\"><\/div>\t\t<\/div>\n\t\t\t\t\t\t<\/div>\n\t\t\t\t<\/div>\n\t\t\t\t<\/div>\n\t\t<div class=\"elementor-element elementor-element-4511613 e-con-full e-flex e-con e-child\" data-id=\"4511613\" data-element_type=\"container\" data-e-type=\"container\">\n\t\t\t\t<div class=\"elementor-element elementor-element-c4d8d9a elementor-widget elementor-widget-video\" data-id=\"c4d8d9a\" data-element_type=\"widget\" data-e-type=\"widget\" data-settings=\"{&quot;youtube_url&quot;:&quot;https:\\\/\\\/www.youtube.com\\\/watch?v=Ps28V4gpFcY&amp;ab_channel=FlamencoyGastronomiaAlegriaenM%C3%A1laga&quot;,&quot;video_type&quot;:&quot;youtube&quot;,&quot;controls&quot;:&quot;yes&quot;}\" data-widget_type=\"video.default\">\n\t\t\t\t<div class=\"elementor-widget-container\">\n\t\t\t\t\t\t\t<div class=\"elementor-wrapper elementor-open-inline\">\n\t\t\t<div class=\"elementor-video\"><\/div>\t\t<\/div>\n\t\t\t\t\t\t<\/div>\n\t\t\t\t<\/div>\n\t\t\t\t<\/div>\n\t\t<div class=\"elementor-element elementor-element-a748824 e-con-full e-flex e-con e-child\" data-id=\"a748824\" data-element_type=\"container\" data-e-type=\"container\">\n\t\t\t\t<div class=\"elementor-element elementor-element-524e826 elementor-widget elementor-widget-video\" data-id=\"524e826\" data-element_type=\"widget\" data-e-type=\"widget\" data-settings=\"{&quot;youtube_url&quot;:&quot;https:\\\/\\\/www.youtube.com\\\/watch?v=TQuqrtH4xPA&amp;ab_channel=FlamencoyGastronomiaAlegriaenM%C3%A1laga&quot;,&quot;video_type&quot;:&quot;youtube&quot;,&quot;controls&quot;:&quot;yes&quot;}\" data-widget_type=\"video.default\">\n\t\t\t\t<div class=\"elementor-widget-container\">\n\t\t\t\t\t\t\t<div class=\"elementor-wrapper elementor-open-inline\">\n\t\t\t<div class=\"elementor-video\"><\/div>\t\t<\/div>\n\t\t\t\t\t\t<\/div>\n\t\t\t\t<\/div>\n\t\t\t\t<\/div>\n\t\t\t\t<\/div>\n\t\t\t\t\t<\/div>\n\t\t\t\t<\/div>\n\t\t<div class=\"elementor-element elementor-element-cf721eb e-flex e-con-boxed e-con e-parent\" data-id=\"cf721eb\" data-element_type=\"container\" data-e-type=\"container\">\n\t\t\t\t\t<div class=\"e-con-inner\">\n\t\t\t\t<div class=\"elementor-element elementor-element-376e681 elementor-align-center elementor-widget elementor-widget-button\" data-id=\"376e681\" data-element_type=\"widget\" data-e-type=\"widget\" data-widget_type=\"button.default\">\n\t\t\t\t<div class=\"elementor-widget-container\">\n\t\t\t\t\t\t\t\t\t<div class=\"elementor-button-wrapper\">\n\t\t\t\t\t<a class=\"elementor-button elementor-button-link elementor-size-sm\" href=\"https:\/\/www.youtube.com\/channel\/UCtrEiT-LDASedHg6FoUa4Sg\" target=\"_blank\">\n\t\t\t\t\t\t<span class=\"elementor-button-content-wrapper\">\n\t\t\t\t\t\t\t\t\t<span class=\"elementor-button-text\">Aller sur youtube<\/span>\n\t\t\t\t\t<\/span>\n\t\t\t\t\t<\/a>\n\t\t\t\t<\/div>\n\t\t\t\t\t\t\t\t<\/div>\n\t\t\t\t<\/div>\n\t\t\t\t\t<\/div>\n\t\t\t\t<\/div>\n\t\t\t\t<\/div>\n\t\t","protected":false},"excerpt":{"rendered":"<p>Galerie vid\u00e9o Un lieu unique pour appr\u00e9cier l&rsquo;art du flamenco en direct. Chaque semaine, nous renouvelons notre programme en veillant \u00e0 la qualit\u00e9, avec des artistes de premier ordre, de grande r\u00e9percussion nationale et internationale, qui vous feront d\u00e9couvrir l&rsquo;essence de chaque palo flamenco. Notre th\u00e9\u00e2tre et notre salle de spectacles offrent aux visiteurs un [&hellip;]<\/p>\n","protected":false},"author":8,"featured_media":0,"parent":0,"menu_order":0,"comment_status":"closed","ping_status":"closed","template":"","meta":{"_acf_changed":false,"footnotes":""},"class_list":["post-22139","page","type-page","status-publish","hentry"],"acf":[],"yoast_head":"<!-- This site is optimized with the Yoast SEO plugin v27.3 - https:\/\/yoast.com\/product\/yoast-seo-wordpress\/ -->\n<title>Galerie vid\u00e9o | Flamenco Alegr\u00eda<\/title>\n<meta name=\"description\" content=\"Rem\u00e9morez-vous votre exp\u00e9rience en regardant les meilleures vid\u00e9os de nos spectacles en direct. Appr\u00e9ciez l&#039;art du flamenco. Les meilleures vid\u00e9os de flamenco ici !\" \/>\n<meta name=\"robots\" content=\"index, follow, max-snippet:-1, max-image-preview:large, max-video-preview:-1\" \/>\n<link rel=\"canonical\" href=\"https:\/\/flamencomalaga.com\/fr\/video\/\" \/>\n<meta property=\"og:locale\" content=\"fr_FR\" \/>\n<meta property=\"og:type\" content=\"article\" \/>\n<meta property=\"og:title\" content=\"Galerie vid\u00e9o | Flamenco Alegr\u00eda\" \/>\n<meta property=\"og:description\" content=\"Rem\u00e9morez-vous votre exp\u00e9rience en regardant les meilleures vid\u00e9os de nos spectacles en direct. Appr\u00e9ciez l&#039;art du flamenco. Les meilleures vid\u00e9os de flamenco ici !\" \/>\n<meta property=\"og:url\" content=\"https:\/\/flamencomalaga.com\/fr\/video\/\" \/>\n<meta property=\"og:site_name\" content=\"Flamenco Alegr\u00eda\" \/>\n<meta property=\"article:publisher\" content=\"https:\/\/www.facebook.com\/alegriaflamencomalaga\/?locale=es_ES\" \/>\n<meta property=\"article:modified_time\" content=\"2025-06-26T12:22:52+00:00\" \/>\n<meta property=\"og:image\" content=\"https:\/\/flamencomalaga.com\/wp-content\/uploads\/2024\/07\/home-min-510x382-1.jpg?wsr\" \/>\n\t<meta property=\"og:image:width\" content=\"510\" \/>\n\t<meta property=\"og:image:height\" content=\"382\" \/>\n\t<meta property=\"og:image:type\" content=\"image\/jpeg\" \/>\n<meta name=\"twitter:card\" content=\"summary_large_image\" \/>\n<meta name=\"twitter:label1\" content=\"Dur\u00e9e de lecture estim\u00e9e\" \/>\n\t<meta name=\"twitter:data1\" content=\"1 minute\" \/>\n<!-- \/ Yoast SEO plugin. -->","yoast_head_json":{"title":"Galerie vid\u00e9o | Flamenco Alegr\u00eda","description":"Rem\u00e9morez-vous votre exp\u00e9rience en regardant les meilleures vid\u00e9os de nos spectacles en direct. Appr\u00e9ciez l'art du flamenco. Les meilleures vid\u00e9os de flamenco ici !","robots":{"index":"index","follow":"follow","max-snippet":"max-snippet:-1","max-image-preview":"max-image-preview:large","max-video-preview":"max-video-preview:-1"},"canonical":"https:\/\/flamencomalaga.com\/fr\/video\/","og_locale":"fr_FR","og_type":"article","og_title":"Galerie vid\u00e9o | Flamenco Alegr\u00eda","og_description":"Rem\u00e9morez-vous votre exp\u00e9rience en regardant les meilleures vid\u00e9os de nos spectacles en direct. Appr\u00e9ciez l'art du flamenco. Les meilleures vid\u00e9os de flamenco ici !","og_url":"https:\/\/flamencomalaga.com\/fr\/video\/","og_site_name":"Flamenco Alegr\u00eda","article_publisher":"https:\/\/www.facebook.com\/alegriaflamencomalaga\/?locale=es_ES","article_modified_time":"2025-06-26T12:22:52+00:00","og_image":[{"width":510,"height":382,"url":"https:\/\/flamencomalaga.com\/wp-content\/uploads\/2024\/07\/home-min-510x382-1.jpg?wsr","type":"image\/jpeg"}],"twitter_card":"summary_large_image","twitter_misc":{"Dur\u00e9e de lecture estim\u00e9e":"1 minute"},"schema":{"@context":"https:\/\/schema.org","@graph":[{"@type":"WebPage","@id":"https:\/\/flamencomalaga.com\/fr\/video\/","url":"https:\/\/flamencomalaga.com\/fr\/video\/","name":"Galerie vid\u00e9o | Flamenco Alegr\u00eda","isPartOf":{"@id":"https:\/\/flamencomalaga.com\/fr\/#website"},"datePublished":"2024-07-19T12:48:11+00:00","dateModified":"2025-06-26T12:22:52+00:00","description":"Rem\u00e9morez-vous votre exp\u00e9rience en regardant les meilleures vid\u00e9os de nos spectacles en direct. Appr\u00e9ciez l'art du flamenco. Les meilleures vid\u00e9os de flamenco ici !","breadcrumb":{"@id":"https:\/\/flamencomalaga.com\/fr\/video\/#breadcrumb"},"inLanguage":"fr-FR","potentialAction":[{"@type":"ReadAction","target":["https:\/\/flamencomalaga.com\/fr\/video\/"]}]},{"@type":"BreadcrumbList","@id":"https:\/\/flamencomalaga.com\/fr\/video\/#breadcrumb","itemListElement":[{"@type":"ListItem","position":1,"name":"Accueil","item":"https:\/\/flamencomalaga.com\/fr\/"},{"@type":"ListItem","position":2,"name":"Galerie vid\u00e9o"}]},{"@type":"WebSite","@id":"https:\/\/flamencomalaga.com\/fr\/#website","url":"https:\/\/flamencomalaga.com\/fr\/","name":"Flamenco Alegr\u00eda y Gastronomia","description":"","publisher":{"@id":"https:\/\/flamencomalaga.com\/fr\/#organization"},"alternateName":"Flamenco Alegr\u00eda","potentialAction":[{"@type":"SearchAction","target":{"@type":"EntryPoint","urlTemplate":"https:\/\/flamencomalaga.com\/fr\/?s={search_term_string}"},"query-input":{"@type":"PropertyValueSpecification","valueRequired":true,"valueName":"search_term_string"}}],"inLanguage":"fr-FR"},{"@type":"Organization","@id":"https:\/\/flamencomalaga.com\/fr\/#organization","name":"Flamenco Alegr\u00eda","alternateName":"Alegr\u00eda - Flamenco y Gastronom\u00eda","url":"https:\/\/flamencomalaga.com\/fr\/","logo":{"@type":"ImageObject","inLanguage":"fr-FR","@id":"https:\/\/flamencomalaga.com\/fr\/#\/schema\/logo\/image\/","url":"https:\/\/flamencomalaga.com\/wp-content\/uploads\/2024\/07\/flamenco-malaga_logo.png?wsr","contentUrl":"https:\/\/flamencomalaga.com\/wp-content\/uploads\/2024\/07\/flamenco-malaga_logo.png?wsr","width":166,"height":85,"caption":"Flamenco Alegr\u00eda"},"image":{"@id":"https:\/\/flamencomalaga.com\/fr\/#\/schema\/logo\/image\/"},"sameAs":["https:\/\/www.facebook.com\/alegriaflamencomalaga\/?locale=es_ES","https:\/\/www.instagram.com\/flamencomalagaalegria","https:\/\/www.tiktok.com\/@flamencomalaga"]}]}},"_links":{"self":[{"href":"https:\/\/flamencomalaga.com\/fr\/wp-json\/wp\/v2\/pages\/22139","targetHints":{"allow":["GET"]}}],"collection":[{"href":"https:\/\/flamencomalaga.com\/fr\/wp-json\/wp\/v2\/pages"}],"about":[{"href":"https:\/\/flamencomalaga.com\/fr\/wp-json\/wp\/v2\/types\/page"}],"author":[{"embeddable":true,"href":"https:\/\/flamencomalaga.com\/fr\/wp-json\/wp\/v2\/users\/8"}],"replies":[{"embeddable":true,"href":"https:\/\/flamencomalaga.com\/fr\/wp-json\/wp\/v2\/comments?post=22139"}],"version-history":[{"count":2,"href":"https:\/\/flamencomalaga.com\/fr\/wp-json\/wp\/v2\/pages\/22139\/revisions"}],"predecessor-version":[{"id":31935,"href":"https:\/\/flamencomalaga.com\/fr\/wp-json\/wp\/v2\/pages\/22139\/revisions\/31935"}],"wp:attachment":[{"href":"https:\/\/flamencomalaga.com\/fr\/wp-json\/wp\/v2\/media?parent=22139"}],"curies":[{"name":"wp","href":"https:\/\/api.w.org\/{rel}","templated":true}]}}