{"id":22119,"date":"2024-07-19T12:49:23","date_gmt":"2024-07-19T12:49:23","guid":{"rendered":"https:\/\/flamencomalaga.com\/politique-de-confidentialite\/"},"modified":"2024-07-29T07:46:01","modified_gmt":"2024-07-29T07:46:01","slug":"politique-de-confidentialite","status":"publish","type":"page","link":"https:\/\/flamencomalaga.com\/fr\/politique-de-confidentialite\/","title":{"rendered":"Politique de confidentialit\u00e9"},"content":{"rendered":"\n<p>Conform\u00e9ment \u00e0 la loi organique 15\/1999, du 13 d\u00e9cembre, sur la protection des donn\u00e9es \u00e0 caract\u00e8re personnel (LOPD), les utilisateurs sont inform\u00e9s que les donn\u00e9es \u00e0 caract\u00e8re personnel qu&rsquo;ils pourraient nous fournir par le biais des formulaires de ce site web seront incluses dans les fichiers inscrits \u00e0 l&rsquo;Agence espagnole de protection des donn\u00e9es, dont Flamenco M\u00e1laga S.L. est propri\u00e9taire et responsable, afin de pouvoir r\u00e9pondre aux questions qu&rsquo;ils pourraient nous poser par le biais de ces formulaires. \u00c0 cette fin, et conform\u00e9ment au d\u00e9cret royal 1720\/2007 du 21 d\u00e9cembre, Flamenco M\u00e1laga S.L. adoptera les mesures de s\u00e9curit\u00e9 appropri\u00e9es pour les donn\u00e9es personnelles fournies par les utilisateurs et utilisera les moyens et les mesures techniques pour \u00e9viter la perte, le mauvais usage, l&rsquo;alt\u00e9ration, l&rsquo;acc\u00e8s non autoris\u00e9 et le vol de ces donn\u00e9es. En outre, nous vous informons que les CV re\u00e7us par l&rsquo;interm\u00e9diaire de ce site web seront conserv\u00e9s pendant une p\u00e9riode maximale de six mois \u00e0 compter de leur r\u00e9ception. Si, apr\u00e8s cette p\u00e9riode, il n&rsquo;a pas \u00e9t\u00e9 inclus dans une proc\u00e9dure de s\u00e9lection, il est d\u00e9truit.<\/p>\n\n<p>En ce qui concerne la publication de donn\u00e9es personnelles sur des blogs et des r\u00e9seaux sociaux qui peuvent partager ce site web, les donn\u00e9es personnelles peuvent \u00eatre trait\u00e9es dans le but de r\u00e9pondre aux commentaires et d&rsquo;am\u00e9liorer nos services. La politique de confidentialit\u00e9 est celle d\u00e9finie par les entit\u00e9s responsables de ces sites. Flamenco M\u00e1laga S.L. n&rsquo;est pas responsable des informations personnelles que chaque utilisateur peut publier. En vous inscrivant \u00e0 notre lettre d&rsquo;information, vous recevrez des informations sur nos activit\u00e9s, nos \u00e9v\u00e9nements, nos offres, etc. Vous pouvez vous d\u00e9sinscrire en nous envoyant un e-mail indiquant dans l&rsquo;objet du message que vous ne souhaitez plus recevoir cette lettre d&rsquo;information et demandant \u00e0 \u00eatre retir\u00e9 de la liste de diffusion.<\/p>\n\n<p>Sur notre site web et nos r\u00e9seaux sociaux, nous pourrons publier des photos de nos \u00e9v\u00e9nements, de notre personnel, etc. dans le but de faire conna\u00eetre notre entreprise et d&rsquo;am\u00e9liorer nos services. Dans le cas o\u00f9 vous seriez en mesure de quitter l&rsquo;un d&rsquo;entre eux, vous pouvez nous demander de les retirer en joignant une copie. Une telle copie suffira comme \u00ab\u00a0capture d&rsquo;\u00e9cran\u00a0\u00bb pour identifier correctement votre image.<\/p>\n\n<p>Vos donn\u00e9es personnelles ne seront pas transmises \u00e0 une tierce personne, soci\u00e9t\u00e9 ou entit\u00e9, \u00e0 l&rsquo;exception de celles qui, en raison d&rsquo;obligations l\u00e9gales, sont tenues de le faire. L&rsquo;utilisateur peut \u00e0 tout moment exercer ses droits d&rsquo;acc\u00e8s, de rectification, d&rsquo;opposition et d&rsquo;annulation de ses donn\u00e9es personnelles, conform\u00e9ment aux dispositions de la l\u00e9gislation en vigueur en mati\u00e8re de protection des donn\u00e9es personnelles, en \u00e9crivant \u00e0 notre soci\u00e9t\u00e9 par courrier ou par e-mail, en joignant une copie de son document national d&rsquo;identit\u00e9.<\/p>\n","protected":false},"excerpt":{"rendered":"<p>Conform\u00e9ment \u00e0 la loi organique 15\/1999, du 13 d\u00e9cembre, sur la protection des donn\u00e9es \u00e0 caract\u00e8re personnel (LOPD), les utilisateurs sont inform\u00e9s que les donn\u00e9es \u00e0 caract\u00e8re personnel qu&rsquo;ils pourraient nous fournir par le biais des formulaires de ce site web seront incluses dans les fichiers inscrits \u00e0 l&rsquo;Agence espagnole de protection des donn\u00e9es, dont [&hellip;]<\/p>\n","protected":false},"author":8,"featured_media":0,"parent":0,"menu_order":0,"comment_status":"closed","ping_status":"closed","template":"","meta":{"_acf_changed":false,"footnotes":""},"class_list":["post-22119","page","type-page","status-publish","hentry"],"acf":[],"yoast_head":"<!-- This site is optimized with the Yoast SEO plugin v27.3 - https:\/\/yoast.com\/product\/yoast-seo-wordpress\/ -->\n<title>Politique de confidentialit\u00e9 | Flamenco Alegr\u00eda<\/title>\n<meta name=\"robots\" content=\"index, follow, max-snippet:-1, max-image-preview:large, max-video-preview:-1\" \/>\n<link rel=\"canonical\" href=\"https:\/\/flamencomalaga.com\/fr\/politique-de-confidentialite\/\" \/>\n<meta property=\"og:locale\" content=\"fr_FR\" \/>\n<meta property=\"og:type\" content=\"article\" \/>\n<meta property=\"og:title\" content=\"Politique de confidentialit\u00e9 | Flamenco Alegr\u00eda\" \/>\n<meta property=\"og:description\" content=\"Conform\u00e9ment \u00e0 la loi organique 15\/1999, du 13 d\u00e9cembre, sur la protection des donn\u00e9es \u00e0 caract\u00e8re personnel (LOPD), les utilisateurs sont inform\u00e9s que les donn\u00e9es \u00e0 caract\u00e8re personnel qu&rsquo;ils pourraient nous fournir par le biais des formulaires de ce site web seront incluses dans les fichiers inscrits \u00e0 l&rsquo;Agence espagnole de protection des donn\u00e9es, dont [&hellip;]\" \/>\n<meta property=\"og:url\" content=\"https:\/\/flamencomalaga.com\/fr\/politique-de-confidentialite\/\" \/>\n<meta property=\"og:site_name\" content=\"Flamenco Alegr\u00eda\" \/>\n<meta property=\"article:publisher\" content=\"https:\/\/www.facebook.com\/alegriaflamencomalaga\/?locale=es_ES\" \/>\n<meta property=\"article:modified_time\" content=\"2024-07-29T07:46:01+00:00\" \/>\n<meta property=\"og:image\" content=\"https:\/\/flamencomalaga.com\/wp-content\/uploads\/2024\/07\/home-min-510x382-1.jpg?wsr\" \/>\n\t<meta property=\"og:image:width\" content=\"510\" \/>\n\t<meta property=\"og:image:height\" content=\"382\" \/>\n\t<meta property=\"og:image:type\" content=\"image\/jpeg\" \/>\n<meta name=\"twitter:card\" content=\"summary_large_image\" \/>\n<meta name=\"twitter:label1\" content=\"Dur\u00e9e de lecture estim\u00e9e\" \/>\n\t<meta name=\"twitter:data1\" content=\"2 minutes\" \/>\n<!-- \/ Yoast SEO plugin. -->","yoast_head_json":{"title":"Politique de confidentialit\u00e9 | Flamenco Alegr\u00eda","robots":{"index":"index","follow":"follow","max-snippet":"max-snippet:-1","max-image-preview":"max-image-preview:large","max-video-preview":"max-video-preview:-1"},"canonical":"https:\/\/flamencomalaga.com\/fr\/politique-de-confidentialite\/","og_locale":"fr_FR","og_type":"article","og_title":"Politique de confidentialit\u00e9 | Flamenco Alegr\u00eda","og_description":"Conform\u00e9ment \u00e0 la loi organique 15\/1999, du 13 d\u00e9cembre, sur la protection des donn\u00e9es \u00e0 caract\u00e8re personnel (LOPD), les utilisateurs sont inform\u00e9s que les donn\u00e9es \u00e0 caract\u00e8re personnel qu&rsquo;ils pourraient nous fournir par le biais des formulaires de ce site web seront incluses dans les fichiers inscrits \u00e0 l&rsquo;Agence espagnole de protection des donn\u00e9es, dont [&hellip;]","og_url":"https:\/\/flamencomalaga.com\/fr\/politique-de-confidentialite\/","og_site_name":"Flamenco Alegr\u00eda","article_publisher":"https:\/\/www.facebook.com\/alegriaflamencomalaga\/?locale=es_ES","article_modified_time":"2024-07-29T07:46:01+00:00","og_image":[{"width":510,"height":382,"url":"https:\/\/flamencomalaga.com\/wp-content\/uploads\/2024\/07\/home-min-510x382-1.jpg?wsr","type":"image\/jpeg"}],"twitter_card":"summary_large_image","twitter_misc":{"Dur\u00e9e de lecture estim\u00e9e":"2 minutes"},"schema":{"@context":"https:\/\/schema.org","@graph":[{"@type":"WebPage","@id":"https:\/\/flamencomalaga.com\/fr\/politique-de-confidentialite\/","url":"https:\/\/flamencomalaga.com\/fr\/politique-de-confidentialite\/","name":"Politique de confidentialit\u00e9 | Flamenco Alegr\u00eda","isPartOf":{"@id":"https:\/\/flamencomalaga.com\/fr\/#website"},"datePublished":"2024-07-19T12:49:23+00:00","dateModified":"2024-07-29T07:46:01+00:00","breadcrumb":{"@id":"https:\/\/flamencomalaga.com\/fr\/politique-de-confidentialite\/#breadcrumb"},"inLanguage":"fr-FR","potentialAction":[{"@type":"ReadAction","target":["https:\/\/flamencomalaga.com\/fr\/politique-de-confidentialite\/"]}]},{"@type":"BreadcrumbList","@id":"https:\/\/flamencomalaga.com\/fr\/politique-de-confidentialite\/#breadcrumb","itemListElement":[{"@type":"ListItem","position":1,"name":"Accueil","item":"https:\/\/flamencomalaga.com\/fr\/"},{"@type":"ListItem","position":2,"name":"Politique de confidentialit\u00e9"}]},{"@type":"WebSite","@id":"https:\/\/flamencomalaga.com\/fr\/#website","url":"https:\/\/flamencomalaga.com\/fr\/","name":"Flamenco Alegr\u00eda y Gastronomia","description":"","publisher":{"@id":"https:\/\/flamencomalaga.com\/fr\/#organization"},"alternateName":"Flamenco Alegr\u00eda","potentialAction":[{"@type":"SearchAction","target":{"@type":"EntryPoint","urlTemplate":"https:\/\/flamencomalaga.com\/fr\/?s={search_term_string}"},"query-input":{"@type":"PropertyValueSpecification","valueRequired":true,"valueName":"search_term_string"}}],"inLanguage":"fr-FR"},{"@type":"Organization","@id":"https:\/\/flamencomalaga.com\/fr\/#organization","name":"Flamenco Alegr\u00eda","alternateName":"Alegr\u00eda - Flamenco y Gastronom\u00eda","url":"https:\/\/flamencomalaga.com\/fr\/","logo":{"@type":"ImageObject","inLanguage":"fr-FR","@id":"https:\/\/flamencomalaga.com\/fr\/#\/schema\/logo\/image\/","url":"https:\/\/flamencomalaga.com\/wp-content\/uploads\/2024\/07\/flamenco-malaga_logo.png?wsr","contentUrl":"https:\/\/flamencomalaga.com\/wp-content\/uploads\/2024\/07\/flamenco-malaga_logo.png?wsr","width":166,"height":85,"caption":"Flamenco Alegr\u00eda"},"image":{"@id":"https:\/\/flamencomalaga.com\/fr\/#\/schema\/logo\/image\/"},"sameAs":["https:\/\/www.facebook.com\/alegriaflamencomalaga\/?locale=es_ES","https:\/\/www.instagram.com\/flamencomalagaalegria","https:\/\/www.tiktok.com\/@flamencomalaga"]}]}},"_links":{"self":[{"href":"https:\/\/flamencomalaga.com\/fr\/wp-json\/wp\/v2\/pages\/22119","targetHints":{"allow":["GET"]}}],"collection":[{"href":"https:\/\/flamencomalaga.com\/fr\/wp-json\/wp\/v2\/pages"}],"about":[{"href":"https:\/\/flamencomalaga.com\/fr\/wp-json\/wp\/v2\/types\/page"}],"author":[{"embeddable":true,"href":"https:\/\/flamencomalaga.com\/fr\/wp-json\/wp\/v2\/users\/8"}],"replies":[{"embeddable":true,"href":"https:\/\/flamencomalaga.com\/fr\/wp-json\/wp\/v2\/comments?post=22119"}],"version-history":[{"count":0,"href":"https:\/\/flamencomalaga.com\/fr\/wp-json\/wp\/v2\/pages\/22119\/revisions"}],"wp:attachment":[{"href":"https:\/\/flamencomalaga.com\/fr\/wp-json\/wp\/v2\/media?parent=22119"}],"curies":[{"name":"wp","href":"https:\/\/api.w.org\/{rel}","templated":true}]}}