{"id":22114,"date":"2024-07-19T12:49:12","date_gmt":"2024-07-19T12:49:12","guid":{"rendered":"https:\/\/flamencomalaga.com\/politique-en-matiere-de-cookies\/"},"modified":"2024-07-31T13:50:18","modified_gmt":"2024-07-31T13:50:18","slug":"politique-en-matiere-de-cookies","status":"publish","type":"page","link":"https:\/\/flamencomalaga.com\/fr\/politique-en-matiere-de-cookies\/","title":{"rendered":"Politique en mati\u00e8re de cookies"},"content":{"rendered":"\t\t<div data-elementor-type=\"wp-page\" data-elementor-id=\"22114\" class=\"elementor elementor-22114 elementor-21028\" data-elementor-post-type=\"page\">\n\t\t\t\t<div class=\"elementor-element elementor-element-3683957d e-flex e-con-boxed e-con e-parent\" data-id=\"3683957d\" data-element_type=\"container\" data-e-type=\"container\">\n\t\t\t\t\t<div class=\"e-con-inner\">\n\t\t\t\t<div class=\"elementor-element elementor-element-c402dac elementor-widget elementor-widget-html\" data-id=\"c402dac\" data-element_type=\"widget\" data-e-type=\"widget\" data-widget_type=\"html.default\">\n\t\t\t\t<div class=\"elementor-widget-container\">\n\t\t\t\t\t<script id=\"CookieDeclaration\" src=\"https:\/\/consent.cookiebot.com\/ccb13dc2-846b-44fa-8a4e-7eb8b13af8f1\/cd.js\" type=\"text\/javascript\" async=\"\"><\/script>\t\t\t\t<\/div>\n\t\t\t\t<\/div>\n\t\t\t\t<div class=\"elementor-element elementor-element-69e63e28 elementor-widget elementor-widget-text-editor\" data-id=\"69e63e28\" data-element_type=\"widget\" data-e-type=\"widget\" data-widget_type=\"text-editor.default\">\n\t\t\t\t<div class=\"elementor-widget-container\">\n\t\t\t\t\t\t\t\t\t\n<p>Un cookie est un petit fichier texte qui est stock\u00e9 dans votre navigateur lorsque vous visitez presque n&rsquo;importe quel site web. Il est utile pour le site web de pouvoir se souvenir de votre visite lorsque vous revenez sur cette page. Les cookies stockent g\u00e9n\u00e9ralement des informations de nature technique, des pr\u00e9f\u00e9rences personnelles, la personnalisation du contenu, des statistiques d&rsquo;utilisation, des liens vers des r\u00e9seaux sociaux, l&rsquo;acc\u00e8s \u00e0 des comptes d&rsquo;utilisateurs, etc. L&rsquo;objectif du cookie est d&rsquo;adapter le contenu du site web \u00e0 votre profil et \u00e0 vos besoins. Sans cookies, les services offerts par chaque page seraient consid\u00e9rablement r\u00e9duits. Pour plus d&rsquo;informations sur ce que sont les cookies, ce qu&rsquo;ils stockent, comment les supprimer, les d\u00e9sactiver, etc., veuillez suivre <a href=\"https:\/\/support.google.com\/chrome\/answer\/95647?hl=es\" target=\"_blank\" rel=\"noreferrer noopener\">ce lien<\/a>.<\/p>\n\n<pre class=\"wp-block-code\"><code>&lt;script id=\"CookieDeclaration\" src=\"https:\/\/consent.cookiebot.com\/ccb13dc2-846b-44fa-8a4e-7eb8b13af8f1\/cd.js\" type=\"text\/javascript\" async=\"\"&gt;&lt;\/script&gt;<\/code><\/pre>\n\t\t\t\t\t\t\t\t<\/div>\n\t\t\t\t<\/div>\n\t\t\t\t\t<\/div>\n\t\t\t\t<\/div>\n\t\t\t\t<\/div>\n\t\t","protected":false},"excerpt":{"rendered":"<p>Un cookie est un petit fichier texte qui est stock\u00e9 dans votre navigateur lorsque vous visitez presque n&rsquo;importe quel site web. Il est utile pour le site web de pouvoir se souvenir de votre visite lorsque vous revenez sur cette page. Les cookies stockent g\u00e9n\u00e9ralement des informations de nature technique, des pr\u00e9f\u00e9rences personnelles, la personnalisation [&hellip;]<\/p>\n","protected":false},"author":8,"featured_media":0,"parent":0,"menu_order":0,"comment_status":"closed","ping_status":"closed","template":"","meta":{"_acf_changed":false,"footnotes":""},"class_list":["post-22114","page","type-page","status-publish","hentry"],"acf":[],"yoast_head":"<!-- This site is optimized with the Yoast SEO plugin v27.3 - https:\/\/yoast.com\/product\/yoast-seo-wordpress\/ -->\n<title>Politique en mati\u00e8re de cookies | Flamenco Alegr\u00eda<\/title>\n<meta name=\"robots\" content=\"index, follow, max-snippet:-1, max-image-preview:large, max-video-preview:-1\" \/>\n<link rel=\"canonical\" href=\"https:\/\/flamencomalaga.com\/fr\/politique-en-matiere-de-cookies\/\" \/>\n<meta property=\"og:locale\" content=\"fr_FR\" \/>\n<meta property=\"og:type\" content=\"article\" \/>\n<meta property=\"og:title\" content=\"Politique en mati\u00e8re de cookies | Flamenco Alegr\u00eda\" \/>\n<meta property=\"og:description\" content=\"Un cookie est un petit fichier texte qui est stock\u00e9 dans votre navigateur lorsque vous visitez presque n&rsquo;importe quel site web. Il est utile pour le site web de pouvoir se souvenir de votre visite lorsque vous revenez sur cette page. Les cookies stockent g\u00e9n\u00e9ralement des informations de nature technique, des pr\u00e9f\u00e9rences personnelles, la personnalisation [&hellip;]\" \/>\n<meta property=\"og:url\" content=\"https:\/\/flamencomalaga.com\/fr\/politique-en-matiere-de-cookies\/\" \/>\n<meta property=\"og:site_name\" content=\"Flamenco Alegr\u00eda\" \/>\n<meta property=\"article:publisher\" content=\"https:\/\/www.facebook.com\/alegriaflamencomalaga\/?locale=es_ES\" \/>\n<meta property=\"article:modified_time\" content=\"2024-07-31T13:50:18+00:00\" \/>\n<meta property=\"og:image\" content=\"https:\/\/flamencomalaga.com\/wp-content\/uploads\/2024\/07\/home-min-510x382-1.jpg?wsr\" \/>\n\t<meta property=\"og:image:width\" content=\"510\" \/>\n\t<meta property=\"og:image:height\" content=\"382\" \/>\n\t<meta property=\"og:image:type\" content=\"image\/jpeg\" \/>\n<meta name=\"twitter:card\" content=\"summary_large_image\" \/>\n<meta name=\"twitter:label1\" content=\"Dur\u00e9e de lecture estim\u00e9e\" \/>\n\t<meta name=\"twitter:data1\" content=\"1 minute\" \/>\n<!-- \/ Yoast SEO plugin. -->","yoast_head_json":{"title":"Politique en mati\u00e8re de cookies | Flamenco Alegr\u00eda","robots":{"index":"index","follow":"follow","max-snippet":"max-snippet:-1","max-image-preview":"max-image-preview:large","max-video-preview":"max-video-preview:-1"},"canonical":"https:\/\/flamencomalaga.com\/fr\/politique-en-matiere-de-cookies\/","og_locale":"fr_FR","og_type":"article","og_title":"Politique en mati\u00e8re de cookies | Flamenco Alegr\u00eda","og_description":"Un cookie est un petit fichier texte qui est stock\u00e9 dans votre navigateur lorsque vous visitez presque n&rsquo;importe quel site web. Il est utile pour le site web de pouvoir se souvenir de votre visite lorsque vous revenez sur cette page. Les cookies stockent g\u00e9n\u00e9ralement des informations de nature technique, des pr\u00e9f\u00e9rences personnelles, la personnalisation [&hellip;]","og_url":"https:\/\/flamencomalaga.com\/fr\/politique-en-matiere-de-cookies\/","og_site_name":"Flamenco Alegr\u00eda","article_publisher":"https:\/\/www.facebook.com\/alegriaflamencomalaga\/?locale=es_ES","article_modified_time":"2024-07-31T13:50:18+00:00","og_image":[{"width":510,"height":382,"url":"https:\/\/flamencomalaga.com\/wp-content\/uploads\/2024\/07\/home-min-510x382-1.jpg?wsr","type":"image\/jpeg"}],"twitter_card":"summary_large_image","twitter_misc":{"Dur\u00e9e de lecture estim\u00e9e":"1 minute"},"schema":{"@context":"https:\/\/schema.org","@graph":[{"@type":"WebPage","@id":"https:\/\/flamencomalaga.com\/fr\/politique-en-matiere-de-cookies\/","url":"https:\/\/flamencomalaga.com\/fr\/politique-en-matiere-de-cookies\/","name":"Politique en mati\u00e8re de cookies | Flamenco Alegr\u00eda","isPartOf":{"@id":"https:\/\/flamencomalaga.com\/fr\/#website"},"datePublished":"2024-07-19T12:49:12+00:00","dateModified":"2024-07-31T13:50:18+00:00","breadcrumb":{"@id":"https:\/\/flamencomalaga.com\/fr\/politique-en-matiere-de-cookies\/#breadcrumb"},"inLanguage":"fr-FR","potentialAction":[{"@type":"ReadAction","target":["https:\/\/flamencomalaga.com\/fr\/politique-en-matiere-de-cookies\/"]}]},{"@type":"BreadcrumbList","@id":"https:\/\/flamencomalaga.com\/fr\/politique-en-matiere-de-cookies\/#breadcrumb","itemListElement":[{"@type":"ListItem","position":1,"name":"Accueil","item":"https:\/\/flamencomalaga.com\/fr\/"},{"@type":"ListItem","position":2,"name":"Politique en mati\u00e8re de cookies"}]},{"@type":"WebSite","@id":"https:\/\/flamencomalaga.com\/fr\/#website","url":"https:\/\/flamencomalaga.com\/fr\/","name":"Flamenco Alegr\u00eda y Gastronomia","description":"","publisher":{"@id":"https:\/\/flamencomalaga.com\/fr\/#organization"},"alternateName":"Flamenco Alegr\u00eda","potentialAction":[{"@type":"SearchAction","target":{"@type":"EntryPoint","urlTemplate":"https:\/\/flamencomalaga.com\/fr\/?s={search_term_string}"},"query-input":{"@type":"PropertyValueSpecification","valueRequired":true,"valueName":"search_term_string"}}],"inLanguage":"fr-FR"},{"@type":"Organization","@id":"https:\/\/flamencomalaga.com\/fr\/#organization","name":"Flamenco Alegr\u00eda","alternateName":"Alegr\u00eda - Flamenco y Gastronom\u00eda","url":"https:\/\/flamencomalaga.com\/fr\/","logo":{"@type":"ImageObject","inLanguage":"fr-FR","@id":"https:\/\/flamencomalaga.com\/fr\/#\/schema\/logo\/image\/","url":"https:\/\/flamencomalaga.com\/wp-content\/uploads\/2024\/07\/flamenco-malaga_logo.png?wsr","contentUrl":"https:\/\/flamencomalaga.com\/wp-content\/uploads\/2024\/07\/flamenco-malaga_logo.png?wsr","width":166,"height":85,"caption":"Flamenco Alegr\u00eda"},"image":{"@id":"https:\/\/flamencomalaga.com\/fr\/#\/schema\/logo\/image\/"},"sameAs":["https:\/\/www.facebook.com\/alegriaflamencomalaga\/?locale=es_ES","https:\/\/www.instagram.com\/flamencomalagaalegria","https:\/\/www.tiktok.com\/@flamencomalaga"]}]}},"_links":{"self":[{"href":"https:\/\/flamencomalaga.com\/fr\/wp-json\/wp\/v2\/pages\/22114","targetHints":{"allow":["GET"]}}],"collection":[{"href":"https:\/\/flamencomalaga.com\/fr\/wp-json\/wp\/v2\/pages"}],"about":[{"href":"https:\/\/flamencomalaga.com\/fr\/wp-json\/wp\/v2\/types\/page"}],"author":[{"embeddable":true,"href":"https:\/\/flamencomalaga.com\/fr\/wp-json\/wp\/v2\/users\/8"}],"replies":[{"embeddable":true,"href":"https:\/\/flamencomalaga.com\/fr\/wp-json\/wp\/v2\/comments?post=22114"}],"version-history":[{"count":0,"href":"https:\/\/flamencomalaga.com\/fr\/wp-json\/wp\/v2\/pages\/22114\/revisions"}],"wp:attachment":[{"href":"https:\/\/flamencomalaga.com\/fr\/wp-json\/wp\/v2\/media?parent=22114"}],"curies":[{"name":"wp","href":"https:\/\/api.w.org\/{rel}","templated":true}]}}