{"id":29568,"date":"2024-11-05T13:51:17","date_gmt":"2024-11-05T12:51:17","guid":{"rendered":"https:\/\/flamencomalaga.com\/give-the-gift-of-a-unique-experience-give-the-gift-of-flamenco\/"},"modified":"2026-03-18T18:41:02","modified_gmt":"2026-03-18T17:41:02","slug":"give-flamenco-show","status":"publish","type":"page","link":"https:\/\/flamencomalaga.com\/en\/give-flamenco-show\/","title":{"rendered":"Give the gift of a unique experience: give the gift of flamenco"},"content":{"rendered":"\t\t<div data-elementor-type=\"wp-page\" data-elementor-id=\"29568\" class=\"elementor elementor-29568 elementor-29542\" data-elementor-post-type=\"page\">\n\t\t\t\t<div class=\"elementor-element elementor-element-d016687 e-flex e-con-boxed e-con e-parent\" data-id=\"d016687\" data-element_type=\"container\" data-e-type=\"container\" data-settings=\"{&quot;background_background&quot;:&quot;classic&quot;}\">\n\t\t\t\t\t<div class=\"e-con-inner\">\n\t\t<div class=\"elementor-element elementor-element-3544ba5 e-con-full e-flex e-con e-child\" data-id=\"3544ba5\" data-element_type=\"container\" data-e-type=\"container\">\n\t\t\t\t<\/div>\n\t\t<div class=\"elementor-element elementor-element-e15eac0 e-con-full e-flex e-con e-child\" data-id=\"e15eac0\" data-element_type=\"container\" data-e-type=\"container\">\n\t\t\t\t<div class=\"elementor-element elementor-element-d78ebe6 elementor-widget elementor-widget-heading\" data-id=\"d78ebe6\" data-element_type=\"widget\" data-e-type=\"widget\" data-widget_type=\"heading.default\">\n\t\t\t\t<div class=\"elementor-widget-container\">\n\t\t\t\t\t<h1 class=\"elementor-heading-title elementor-size-default\">Give the gift of a unique experience: give the gift of flamenco<\/h1>\t\t\t\t<\/div>\n\t\t\t\t<\/div>\n\t\t\t\t<\/div>\n\t\t\t\t\t<\/div>\n\t\t\t\t<\/div>\n\t\t<div class=\"elementor-element elementor-element-2076275 e-flex e-con-boxed e-con e-parent\" data-id=\"2076275\" data-element_type=\"container\" data-e-type=\"container\" data-settings=\"{&quot;background_background&quot;:&quot;classic&quot;}\">\n\t\t\t\t\t<div class=\"e-con-inner\">\n\t\t<div class=\"elementor-element elementor-element-a6f98fc e-con-full e-flex e-con e-child\" data-id=\"a6f98fc\" data-element_type=\"container\" data-e-type=\"container\">\n\t\t<div class=\"elementor-element elementor-element-07d06f0 e-con-full e-flex e-con e-child\" data-id=\"07d06f0\" data-element_type=\"container\" data-e-type=\"container\">\n\t\t\t\t<div class=\"elementor-element elementor-element-accdd12 elementor-widget elementor-widget-text-editor\" data-id=\"accdd12\" data-element_type=\"widget\" data-e-type=\"widget\" data-widget_type=\"text-editor.default\">\n\t\t\t\t<div class=\"elementor-widget-container\">\n\t\t\t\t\t\t\t\t\t<p>Now you can give a flamenco show with dinner included to whomever you want without having to choose a specific date; let the recipients choose the date and time that best suits their schedule.<\/p>\n<p>If you do not know what to give your parents for their 50th anniversary, or for Christmas, if you are looking for gifts for in-laws, friends, partner, family, or if you want to give a special gift to a couple getting married, in Alegria Flamenco we propose the perfect gift for all those occasions in which giving a gift is a ball.<\/p>\n\t\t\t\t\t\t\t\t<\/div>\n\t\t\t\t<\/div>\n\t\t\t\t<div class=\"elementor-element elementor-element-6b98764 elementor-align-left elementor-widget elementor-widget-button\" data-id=\"6b98764\" data-element_type=\"widget\" data-e-type=\"widget\" data-widget_type=\"button.default\">\n\t\t\t\t<div class=\"elementor-widget-container\">\n\t\t\t\t\t\t\t\t\t<div class=\"elementor-button-wrapper\">\n\t\t\t\t\t<a class=\"elementor-button elementor-button-link elementor-size-sm\" href=\"https:\/\/show.flamencomalaga.com\/en\/1881-regala\" target=\"_blank\">\n\t\t\t\t\t\t<span class=\"elementor-button-content-wrapper\">\n\t\t\t\t\t\t\t\t\t<span class=\"elementor-button-text\">Gift card<\/span>\n\t\t\t\t\t<\/span>\n\t\t\t\t\t<\/a>\n\t\t\t\t<\/div>\n\t\t\t\t\t\t\t\t<\/div>\n\t\t\t\t<\/div>\n\t\t\t\t<\/div>\n\t\t<div class=\"elementor-element elementor-element-f73a2cc e-con-full e-flex e-con e-child\" data-id=\"f73a2cc\" data-element_type=\"container\" data-e-type=\"container\" data-settings=\"{&quot;background_background&quot;:&quot;classic&quot;}\">\n\t\t\t\t<\/div>\n\t\t\t\t<\/div>\n\t\t<div class=\"elementor-element elementor-element-4a478a2 e-con-full e-flex e-con e-child\" data-id=\"4a478a2\" data-element_type=\"container\" data-e-type=\"container\">\n\t\t<div class=\"elementor-element elementor-element-6a0c59a e-con-full e-flex e-con e-child\" data-id=\"6a0c59a\" data-element_type=\"container\" data-e-type=\"container\" data-settings=\"{&quot;background_background&quot;:&quot;classic&quot;}\">\n\t\t\t\t<\/div>\n\t\t<div class=\"elementor-element elementor-element-c991dfd e-con-full e-flex e-con e-child\" data-id=\"c991dfd\" data-element_type=\"container\" data-e-type=\"container\">\n\t\t\t\t<div class=\"elementor-element elementor-element-61d3718 elementor-widget elementor-widget-heading\" data-id=\"61d3718\" data-element_type=\"widget\" data-e-type=\"widget\" data-widget_type=\"heading.default\">\n\t\t\t\t<div class=\"elementor-widget-container\">\n\t\t\t\t\t<h2 class=\"elementor-heading-title elementor-size-default\">Give the gift of a flamenco show with dinner\n<\/h2>\t\t\t\t<\/div>\n\t\t\t\t<\/div>\n\t\t\t\t<div class=\"elementor-element elementor-element-7100f5b elementor-widget elementor-widget-text-editor\" data-id=\"7100f5b\" data-element_type=\"widget\" data-e-type=\"widget\" data-widget_type=\"text-editor.default\">\n\t\t\t\t<div class=\"elementor-widget-container\">\n\t\t\t\t\t\t\t\t\t<p>Our flamenco show features some of the best international artists. It is a gift that will surely not leave your guests indifferent, especially for those who are passionate about flamenco. <\/p>\n<p>Our restaurant has a very wide gastronomic offer, with a great selection of typical dishes of Andalusian and Spanish cuisine, with local products and fresh ingredients. Your guests will not only enjoy a professional flamenco show, but also a dinner they will not forget. <\/p>\n<p>The space is very cozy and intimate, making it a great place for a romantic dinner as a couple, but it can also be a perfect gift for friends and family.<\/p>\n\t\t\t\t\t\t\t\t<\/div>\n\t\t\t\t<\/div>\n\t\t\t\t<\/div>\n\t\t\t\t<\/div>\n\t\t\t\t\t<\/div>\n\t\t\t\t<\/div>\n\t\t<div class=\"elementor-element elementor-element-f9cc634 e-flex e-con-boxed e-con e-parent\" data-id=\"f9cc634\" data-element_type=\"container\" data-e-type=\"container\" data-settings=\"{&quot;background_background&quot;:&quot;classic&quot;}\">\n\t\t\t\t\t<div class=\"e-con-inner\">\n\t\t<div class=\"elementor-element elementor-element-4924c86 e-con-full e-flex e-con e-child\" data-id=\"4924c86\" data-element_type=\"container\" data-e-type=\"container\" data-settings=\"{&quot;background_background&quot;:&quot;classic&quot;}\">\n\t\t\t\t<div class=\"elementor-element elementor-element-f4b3664 elementor-widget elementor-widget-heading\" data-id=\"f4b3664\" data-element_type=\"widget\" data-e-type=\"widget\" data-widget_type=\"heading.default\">\n\t\t\t\t<div class=\"elementor-widget-container\">\n\t\t\t\t\t<h2 class=\"elementor-heading-title elementor-size-default\">How to give a flamenco show as a gift\n<\/h2>\t\t\t\t<\/div>\n\t\t\t\t<\/div>\n\t\t\t\t<div class=\"elementor-element elementor-element-065c185 elementor-widget elementor-widget-text-editor\" data-id=\"065c185\" data-element_type=\"widget\" data-e-type=\"widget\" data-widget_type=\"text-editor.default\">\n\t\t\t\t<div class=\"elementor-widget-container\">\n\t\t\t\t\t\t\t\t\t<p>Giving a flamenco show at Alegr\u00eda Flamenco &amp; Gastronom\u00eda is very easy, select the number of people you want to make the gift, choose whether you want to include dinner or not, and make the payment. The recipients are the ones who will pick the date and time of the show they want to attend with a margin of 1 year. <\/p>\n<p>A flamenco show is also a perfect gift for an invisible friend, for a birthday or any other special occasion.<\/p>\n\t\t\t\t\t\t\t\t<\/div>\n\t\t\t\t<\/div>\n\t\t\t\t<div class=\"elementor-element elementor-element-629c448 elementor-widget elementor-widget-heading\" data-id=\"629c448\" data-element_type=\"widget\" data-e-type=\"widget\" data-widget_type=\"heading.default\">\n\t\t\t\t<div class=\"elementor-widget-container\">\n\t\t\t\t\t<h3 class=\"elementor-heading-title elementor-size-default\">Conditions<\/h3>\t\t\t\t<\/div>\n\t\t\t\t<\/div>\n\t\t\t\t<div class=\"elementor-element elementor-element-1319456 elementor-widget elementor-widget-text-editor\" data-id=\"1319456\" data-element_type=\"widget\" data-e-type=\"widget\" data-widget_type=\"text-editor.default\">\n\t\t\t\t<div class=\"elementor-widget-container\">\n\t\t\t\t\t\t\t\t\t<p>Gift cards must be used within 12 months of purchase. It is recommended to call for reservations at least 3 days before the show to ensure space is available. Reservations must be made prior to attending the show.<\/p>\t\t\t\t\t\t\t\t<\/div>\n\t\t\t\t<\/div>\n\t\t\t\t<div class=\"elementor-element elementor-element-0777a1a elementor-align-left elementor-widget elementor-widget-button\" data-id=\"0777a1a\" data-element_type=\"widget\" data-e-type=\"widget\" data-widget_type=\"button.default\">\n\t\t\t\t<div class=\"elementor-widget-container\">\n\t\t\t\t\t\t\t\t\t<div class=\"elementor-button-wrapper\">\n\t\t\t\t\t<a class=\"elementor-button elementor-button-link elementor-size-sm\" href=\"https:\/\/show.flamencomalaga.com\/en\/1881-regala\" target=\"_blank\">\n\t\t\t\t\t\t<span class=\"elementor-button-content-wrapper\">\n\t\t\t\t\t\t\t\t\t<span class=\"elementor-button-text\">RESERVE<\/span>\n\t\t\t\t\t<\/span>\n\t\t\t\t\t<\/a>\n\t\t\t\t<\/div>\n\t\t\t\t\t\t\t\t<\/div>\n\t\t\t\t<\/div>\n\t\t\t\t<\/div>\n\t\t\t\t\t<\/div>\n\t\t\t\t<\/div>\n\t\t\t\t<\/div>\n\t\t","protected":false},"excerpt":{"rendered":"<p>Give the gift of a unique experience: give the gift of flamenco Now you can give a flamenco show with dinner included to whomever you want without having to choose a specific date; let the recipients choose the date and time that best suits their schedule. If you do not know what to give your [&hellip;]<\/p>\n","protected":false},"author":8,"featured_media":0,"parent":0,"menu_order":0,"comment_status":"closed","ping_status":"closed","template":"","meta":{"_acf_changed":false,"footnotes":""},"class_list":["post-29568","page","type-page","status-publish","hentry"],"acf":[],"yoast_head":"<!-- This site is optimized with the Yoast SEO plugin v27.4 - https:\/\/yoast.com\/product\/yoast-seo-wordpress\/ -->\n<title>Give the gift of a unique experience | Alegria Flamenco &amp; Gastronomy<\/title>\n<meta name=\"description\" content=\"Give the gift of a unique flamenco experience. Ideal for anniversaries, Christmas or special celebrations, it is the perfect gift for any occasion.\" \/>\n<meta name=\"robots\" content=\"index, follow, max-snippet:-1, max-image-preview:large, max-video-preview:-1\" \/>\n<link rel=\"canonical\" href=\"https:\/\/flamencomalaga.com\/en\/give-flamenco-show\/\" \/>\n<meta property=\"og:locale\" content=\"en_US\" \/>\n<meta property=\"og:type\" content=\"article\" \/>\n<meta property=\"og:title\" content=\"Give the gift of a unique experience | Alegria Flamenco &amp; Gastronomy\" \/>\n<meta property=\"og:description\" content=\"Give the gift of a unique flamenco experience. Ideal for anniversaries, Christmas or special celebrations, it is the perfect gift for any occasion.\" \/>\n<meta property=\"og:url\" content=\"https:\/\/flamencomalaga.com\/en\/give-flamenco-show\/\" \/>\n<meta property=\"og:site_name\" content=\"Flamenco Alegr\u00eda\" \/>\n<meta property=\"article:publisher\" content=\"https:\/\/www.facebook.com\/alegriaflamencomalaga\/?locale=es_ES\" \/>\n<meta property=\"article:modified_time\" content=\"2026-03-18T17:41:02+00:00\" \/>\n<meta property=\"og:image\" content=\"https:\/\/flamencomalaga.com\/wp-content\/uploads\/2024\/07\/home-min-510x382-1.jpg?wsr\" \/>\n\t<meta property=\"og:image:width\" content=\"510\" \/>\n\t<meta property=\"og:image:height\" content=\"382\" \/>\n\t<meta property=\"og:image:type\" content=\"image\/jpeg\" \/>\n<meta name=\"twitter:card\" content=\"summary_large_image\" \/>\n<meta name=\"twitter:label1\" content=\"Est. reading time\" \/>\n\t<meta name=\"twitter:data1\" content=\"2 minutes\" \/>\n<!-- \/ Yoast SEO plugin. -->","yoast_head_json":{"title":"Give the gift of a unique experience | Alegria Flamenco & Gastronomy","description":"Give the gift of a unique flamenco experience. Ideal for anniversaries, Christmas or special celebrations, it is the perfect gift for any occasion.","robots":{"index":"index","follow":"follow","max-snippet":"max-snippet:-1","max-image-preview":"max-image-preview:large","max-video-preview":"max-video-preview:-1"},"canonical":"https:\/\/flamencomalaga.com\/en\/give-flamenco-show\/","og_locale":"en_US","og_type":"article","og_title":"Give the gift of a unique experience | Alegria Flamenco & Gastronomy","og_description":"Give the gift of a unique flamenco experience. Ideal for anniversaries, Christmas or special celebrations, it is the perfect gift for any occasion.","og_url":"https:\/\/flamencomalaga.com\/en\/give-flamenco-show\/","og_site_name":"Flamenco Alegr\u00eda","article_publisher":"https:\/\/www.facebook.com\/alegriaflamencomalaga\/?locale=es_ES","article_modified_time":"2026-03-18T17:41:02+00:00","og_image":[{"width":510,"height":382,"url":"https:\/\/flamencomalaga.com\/wp-content\/uploads\/2024\/07\/home-min-510x382-1.jpg?wsr","type":"image\/jpeg"}],"twitter_card":"summary_large_image","twitter_misc":{"Est. reading time":"2 minutes"},"schema":{"@context":"https:\/\/schema.org","@graph":[{"@type":"WebPage","@id":"https:\/\/flamencomalaga.com\/en\/give-flamenco-show\/","url":"https:\/\/flamencomalaga.com\/en\/give-flamenco-show\/","name":"Give the gift of a unique experience | Alegria Flamenco & Gastronomy","isPartOf":{"@id":"https:\/\/flamencomalaga.com\/en\/#website"},"datePublished":"2024-11-05T12:51:17+00:00","dateModified":"2026-03-18T17:41:02+00:00","description":"Give the gift of a unique flamenco experience. Ideal for anniversaries, Christmas or special celebrations, it is the perfect gift for any occasion.","breadcrumb":{"@id":"https:\/\/flamencomalaga.com\/en\/give-flamenco-show\/#breadcrumb"},"inLanguage":"en-US","potentialAction":[{"@type":"ReadAction","target":["https:\/\/flamencomalaga.com\/en\/give-flamenco-show\/"]}]},{"@type":"BreadcrumbList","@id":"https:\/\/flamencomalaga.com\/en\/give-flamenco-show\/#breadcrumb","itemListElement":[{"@type":"ListItem","position":1,"name":"Home","item":"https:\/\/flamencomalaga.com\/en\/"},{"@type":"ListItem","position":2,"name":"Give the gift of a unique experience: give the gift of flamenco"}]},{"@type":"WebSite","@id":"https:\/\/flamencomalaga.com\/en\/#website","url":"https:\/\/flamencomalaga.com\/en\/","name":"Flamenco Alegr\u00eda y Gastronomia","description":"","publisher":{"@id":"https:\/\/flamencomalaga.com\/en\/#organization"},"alternateName":"Flamenco Alegr\u00eda","potentialAction":[{"@type":"SearchAction","target":{"@type":"EntryPoint","urlTemplate":"https:\/\/flamencomalaga.com\/en\/?s={search_term_string}"},"query-input":{"@type":"PropertyValueSpecification","valueRequired":true,"valueName":"search_term_string"}}],"inLanguage":"en-US"},{"@type":"Organization","@id":"https:\/\/flamencomalaga.com\/en\/#organization","name":"Flamenco Alegr\u00eda y Gastronomia","alternateName":"Alegr\u00eda - Flamenco y Gastronom\u00eda","url":"https:\/\/flamencomalaga.com\/en\/","logo":{"@type":"ImageObject","inLanguage":"en-US","@id":"https:\/\/flamencomalaga.com\/en\/#\/schema\/logo\/image\/","url":"https:\/\/flamencomalaga.com\/wp-content\/uploads\/2024\/07\/flamenco-malaga_logo.png?wsr","contentUrl":"https:\/\/flamencomalaga.com\/wp-content\/uploads\/2024\/07\/flamenco-malaga_logo.png?wsr","width":166,"height":85,"caption":"Flamenco Alegr\u00eda y Gastronomia"},"image":{"@id":"https:\/\/flamencomalaga.com\/en\/#\/schema\/logo\/image\/"},"sameAs":["https:\/\/www.facebook.com\/alegriaflamencomalaga\/?locale=es_ES","https:\/\/www.instagram.com\/flamencomalagaalegria","https:\/\/www.tiktok.com\/@flamencomalaga"]}]}},"_links":{"self":[{"href":"https:\/\/flamencomalaga.com\/en\/wp-json\/wp\/v2\/pages\/29568","targetHints":{"allow":["GET"]}}],"collection":[{"href":"https:\/\/flamencomalaga.com\/en\/wp-json\/wp\/v2\/pages"}],"about":[{"href":"https:\/\/flamencomalaga.com\/en\/wp-json\/wp\/v2\/types\/page"}],"author":[{"embeddable":true,"href":"https:\/\/flamencomalaga.com\/en\/wp-json\/wp\/v2\/users\/8"}],"replies":[{"embeddable":true,"href":"https:\/\/flamencomalaga.com\/en\/wp-json\/wp\/v2\/comments?post=29568"}],"version-history":[{"count":6,"href":"https:\/\/flamencomalaga.com\/en\/wp-json\/wp\/v2\/pages\/29568\/revisions"}],"predecessor-version":[{"id":35625,"href":"https:\/\/flamencomalaga.com\/en\/wp-json\/wp\/v2\/pages\/29568\/revisions\/35625"}],"wp:attachment":[{"href":"https:\/\/flamencomalaga.com\/en\/wp-json\/wp\/v2\/media?parent=29568"}],"curies":[{"name":"wp","href":"https:\/\/api.w.org\/{rel}","templated":true}]}}