{"id":22406,"date":"2024-07-19T12:44:20","date_gmt":"2024-07-19T12:44:20","guid":{"rendered":"https:\/\/flamencomalaga.com\/terms-and-conditions-of-purchase\/"},"modified":"2024-07-29T08:45:52","modified_gmt":"2024-07-29T08:45:52","slug":"terms-and-conditions-of-purchase","status":"publish","type":"page","link":"https:\/\/flamencomalaga.com\/en\/terms-and-conditions-of-purchase\/","title":{"rendered":"Terms and conditions of purchase"},"content":{"rendered":"\n<p>In the event that it is not possible to access one of the sites or a purchased service cannot be provided, we want to assure you that you will be refunded the amount proportional to the access or service affected. It is important for you to know that in our commitment to guarantee your satisfaction, we strive to meet all your expectations and in case of any eventuality, we want to assure you that we will act quickly and effectively to solve any inconvenience that may arise.<\/p>\n\n<p>We want you to feel safe when choosing our services, so if for any reason you wish to cancel your reservation, you only need to do it 24 hours in advance. In this case, the corresponding amount will be refunded by the same method used for payment (cash, card, etc.).<\/p>\n\n<p>In short, in our company we care about giving you the best attention and service possible, with the commitment to solve any situation that may affect your experience with us.<\/p>\n\n<p>Thank you for trusting in our services and we hope to see you soon!<\/p>\n","protected":false},"excerpt":{"rendered":"<p>In the event that it is not possible to access one of the sites or a purchased service cannot be provided, we want to assure you that you will be refunded the amount proportional to the access or service affected. It is important for you to know that in our commitment to guarantee your satisfaction, [&hellip;]<\/p>\n","protected":false},"author":8,"featured_media":0,"parent":0,"menu_order":0,"comment_status":"closed","ping_status":"closed","template":"","meta":{"_acf_changed":false,"footnotes":""},"class_list":["post-22406","page","type-page","status-publish","hentry"],"acf":[],"yoast_head":"<!-- This site is optimized with the Yoast SEO plugin v27.4 - https:\/\/yoast.com\/product\/yoast-seo-wordpress\/ -->\n<title>Terms and conditions of purchase | Flamenco Alegr\u00eda<\/title>\n<meta name=\"robots\" content=\"index, follow, max-snippet:-1, max-image-preview:large, max-video-preview:-1\" \/>\n<link rel=\"canonical\" href=\"https:\/\/flamencomalaga.com\/en\/terms-and-conditions-of-purchase\/\" \/>\n<meta property=\"og:locale\" content=\"en_US\" \/>\n<meta property=\"og:type\" content=\"article\" \/>\n<meta property=\"og:title\" content=\"Terms and conditions of purchase | Flamenco Alegr\u00eda\" \/>\n<meta property=\"og:description\" content=\"In the event that it is not possible to access one of the sites or a purchased service cannot be provided, we want to assure you that you will be refunded the amount proportional to the access or service affected. It is important for you to know that in our commitment to guarantee your satisfaction, [&hellip;]\" \/>\n<meta property=\"og:url\" content=\"https:\/\/flamencomalaga.com\/en\/terms-and-conditions-of-purchase\/\" \/>\n<meta property=\"og:site_name\" content=\"Flamenco Alegr\u00eda\" \/>\n<meta property=\"article:publisher\" content=\"https:\/\/www.facebook.com\/alegriaflamencomalaga\/?locale=es_ES\" \/>\n<meta property=\"article:modified_time\" content=\"2024-07-29T08:45:52+00:00\" \/>\n<meta property=\"og:image\" content=\"https:\/\/flamencomalaga.com\/wp-content\/uploads\/2024\/07\/home-min-510x382-1.jpg?wsr\" \/>\n\t<meta property=\"og:image:width\" content=\"510\" \/>\n\t<meta property=\"og:image:height\" content=\"382\" \/>\n\t<meta property=\"og:image:type\" content=\"image\/jpeg\" \/>\n<meta name=\"twitter:card\" content=\"summary_large_image\" \/>\n<meta name=\"twitter:label1\" content=\"Est. reading time\" \/>\n\t<meta name=\"twitter:data1\" content=\"1 minute\" \/>\n<!-- \/ Yoast SEO plugin. -->","yoast_head_json":{"title":"Terms and conditions of purchase | Flamenco Alegr\u00eda","robots":{"index":"index","follow":"follow","max-snippet":"max-snippet:-1","max-image-preview":"max-image-preview:large","max-video-preview":"max-video-preview:-1"},"canonical":"https:\/\/flamencomalaga.com\/en\/terms-and-conditions-of-purchase\/","og_locale":"en_US","og_type":"article","og_title":"Terms and conditions of purchase | Flamenco Alegr\u00eda","og_description":"In the event that it is not possible to access one of the sites or a purchased service cannot be provided, we want to assure you that you will be refunded the amount proportional to the access or service affected. It is important for you to know that in our commitment to guarantee your satisfaction, [&hellip;]","og_url":"https:\/\/flamencomalaga.com\/en\/terms-and-conditions-of-purchase\/","og_site_name":"Flamenco Alegr\u00eda","article_publisher":"https:\/\/www.facebook.com\/alegriaflamencomalaga\/?locale=es_ES","article_modified_time":"2024-07-29T08:45:52+00:00","og_image":[{"width":510,"height":382,"url":"https:\/\/flamencomalaga.com\/wp-content\/uploads\/2024\/07\/home-min-510x382-1.jpg?wsr","type":"image\/jpeg"}],"twitter_card":"summary_large_image","twitter_misc":{"Est. reading time":"1 minute"},"schema":{"@context":"https:\/\/schema.org","@graph":[{"@type":"WebPage","@id":"https:\/\/flamencomalaga.com\/en\/terms-and-conditions-of-purchase\/","url":"https:\/\/flamencomalaga.com\/en\/terms-and-conditions-of-purchase\/","name":"Terms and conditions of purchase | Flamenco Alegr\u00eda","isPartOf":{"@id":"https:\/\/flamencomalaga.com\/en\/#website"},"datePublished":"2024-07-19T12:44:20+00:00","dateModified":"2024-07-29T08:45:52+00:00","breadcrumb":{"@id":"https:\/\/flamencomalaga.com\/en\/terms-and-conditions-of-purchase\/#breadcrumb"},"inLanguage":"en-US","potentialAction":[{"@type":"ReadAction","target":["https:\/\/flamencomalaga.com\/en\/terms-and-conditions-of-purchase\/"]}]},{"@type":"BreadcrumbList","@id":"https:\/\/flamencomalaga.com\/en\/terms-and-conditions-of-purchase\/#breadcrumb","itemListElement":[{"@type":"ListItem","position":1,"name":"Home","item":"https:\/\/flamencomalaga.com\/en\/"},{"@type":"ListItem","position":2,"name":"Terms and conditions of purchase"}]},{"@type":"WebSite","@id":"https:\/\/flamencomalaga.com\/en\/#website","url":"https:\/\/flamencomalaga.com\/en\/","name":"Flamenco Alegr\u00eda y Gastronomia","description":"","publisher":{"@id":"https:\/\/flamencomalaga.com\/en\/#organization"},"alternateName":"Flamenco Alegr\u00eda","potentialAction":[{"@type":"SearchAction","target":{"@type":"EntryPoint","urlTemplate":"https:\/\/flamencomalaga.com\/en\/?s={search_term_string}"},"query-input":{"@type":"PropertyValueSpecification","valueRequired":true,"valueName":"search_term_string"}}],"inLanguage":"en-US"},{"@type":"Organization","@id":"https:\/\/flamencomalaga.com\/en\/#organization","name":"Flamenco Alegr\u00eda y Gastronomia","alternateName":"Alegr\u00eda - Flamenco y Gastronom\u00eda","url":"https:\/\/flamencomalaga.com\/en\/","logo":{"@type":"ImageObject","inLanguage":"en-US","@id":"https:\/\/flamencomalaga.com\/en\/#\/schema\/logo\/image\/","url":"https:\/\/flamencomalaga.com\/wp-content\/uploads\/2024\/07\/flamenco-malaga_logo.png?wsr","contentUrl":"https:\/\/flamencomalaga.com\/wp-content\/uploads\/2024\/07\/flamenco-malaga_logo.png?wsr","width":166,"height":85,"caption":"Flamenco Alegr\u00eda y Gastronomia"},"image":{"@id":"https:\/\/flamencomalaga.com\/en\/#\/schema\/logo\/image\/"},"sameAs":["https:\/\/www.facebook.com\/alegriaflamencomalaga\/?locale=es_ES","https:\/\/www.instagram.com\/flamencomalagaalegria","https:\/\/www.tiktok.com\/@flamencomalaga"]}]}},"_links":{"self":[{"href":"https:\/\/flamencomalaga.com\/en\/wp-json\/wp\/v2\/pages\/22406","targetHints":{"allow":["GET"]}}],"collection":[{"href":"https:\/\/flamencomalaga.com\/en\/wp-json\/wp\/v2\/pages"}],"about":[{"href":"https:\/\/flamencomalaga.com\/en\/wp-json\/wp\/v2\/types\/page"}],"author":[{"embeddable":true,"href":"https:\/\/flamencomalaga.com\/en\/wp-json\/wp\/v2\/users\/8"}],"replies":[{"embeddable":true,"href":"https:\/\/flamencomalaga.com\/en\/wp-json\/wp\/v2\/comments?post=22406"}],"version-history":[{"count":0,"href":"https:\/\/flamencomalaga.com\/en\/wp-json\/wp\/v2\/pages\/22406\/revisions"}],"wp:attachment":[{"href":"https:\/\/flamencomalaga.com\/en\/wp-json\/wp\/v2\/media?parent=22406"}],"curies":[{"name":"wp","href":"https:\/\/api.w.org\/{rel}","templated":true}]}}