{"id":29572,"date":"2024-11-05T13:51:17","date_gmt":"2024-11-05T12:51:17","guid":{"rendered":"https:\/\/flamencomalaga.com\/schenken-sie-ein-einzigartiges-erlebnis-schenken-sie-flamenco\/"},"modified":"2026-03-18T18:58:26","modified_gmt":"2026-03-18T17:58:26","slug":"geben-zeigen-flamenco","status":"publish","type":"page","link":"https:\/\/flamencomalaga.com\/de\/geben-zeigen-flamenco\/","title":{"rendered":"Schenken Sie ein einzigartiges Erlebnis: Schenken Sie Flamenco"},"content":{"rendered":"\t\t<div data-elementor-type=\"wp-page\" data-elementor-id=\"29572\" class=\"elementor elementor-29572 elementor-29542\" data-elementor-post-type=\"page\">\n\t\t\t\t<div class=\"elementor-element elementor-element-d016687 e-flex e-con-boxed e-con e-parent\" data-id=\"d016687\" data-element_type=\"container\" data-e-type=\"container\" data-settings=\"{&quot;background_background&quot;:&quot;classic&quot;}\">\n\t\t\t\t\t<div class=\"e-con-inner\">\n\t\t<div class=\"elementor-element elementor-element-3544ba5 e-con-full e-flex e-con e-child\" data-id=\"3544ba5\" data-element_type=\"container\" data-e-type=\"container\">\n\t\t\t\t<\/div>\n\t\t<div class=\"elementor-element elementor-element-e15eac0 e-con-full e-flex e-con e-child\" data-id=\"e15eac0\" data-element_type=\"container\" data-e-type=\"container\">\n\t\t\t\t<div class=\"elementor-element elementor-element-d78ebe6 elementor-widget elementor-widget-heading\" data-id=\"d78ebe6\" data-element_type=\"widget\" data-e-type=\"widget\" data-widget_type=\"heading.default\">\n\t\t\t\t<div class=\"elementor-widget-container\">\n\t\t\t\t\t<h1 class=\"elementor-heading-title elementor-size-default\">Schenken Sie ein einzigartiges Erlebnis: Schenken Sie Flamenco<\/h1>\t\t\t\t<\/div>\n\t\t\t\t<\/div>\n\t\t\t\t<\/div>\n\t\t\t\t\t<\/div>\n\t\t\t\t<\/div>\n\t\t<div class=\"elementor-element elementor-element-2076275 e-flex e-con-boxed e-con e-parent\" data-id=\"2076275\" data-element_type=\"container\" data-e-type=\"container\" data-settings=\"{&quot;background_background&quot;:&quot;classic&quot;}\">\n\t\t\t\t\t<div class=\"e-con-inner\">\n\t\t<div class=\"elementor-element elementor-element-a6f98fc e-con-full e-flex e-con e-child\" data-id=\"a6f98fc\" data-element_type=\"container\" data-e-type=\"container\">\n\t\t<div class=\"elementor-element elementor-element-07d06f0 e-con-full e-flex e-con e-child\" data-id=\"07d06f0\" data-element_type=\"container\" data-e-type=\"container\">\n\t\t\t\t<div class=\"elementor-element elementor-element-accdd12 elementor-widget elementor-widget-text-editor\" data-id=\"accdd12\" data-element_type=\"widget\" data-e-type=\"widget\" data-widget_type=\"text-editor.default\">\n\t\t\t\t<div class=\"elementor-widget-container\">\n\t\t\t\t\t\t\t\t\t<p>Jetzt k\u00f6nnen Sie eine Flamenco-Show mit Abendessen verschenken, an wen immer Sie wollen, ohne sich auf ein bestimmtes Datum festlegen zu m\u00fcssen. Lassen Sie die Empf\u00e4nger das Datum und die Uhrzeit w\u00e4hlen, die am besten in ihre Agenda passen.<\/p>\n<p>Wenn Sie nicht wissen, was Sie Ihren Eltern zum 50. Hochzeitstag oder zu Weihnachten schenken sollen, wenn Sie nach Geschenken f\u00fcr Ihre Schwiegereltern, Freunde, Ihren Partner oder Ihre Familie suchen oder wenn Sie einem Paar, das heiratet, ein besonderes Geschenk machen wollen, dann bieten wir Ihnen in Alegr\u00eda Flamenco das perfekte Geschenk f\u00fcr all die Anl\u00e4sse, bei denen Schenken einfach ein Kinderspiel ist.<\/p>\n\t\t\t\t\t\t\t\t<\/div>\n\t\t\t\t<\/div>\n\t\t\t\t<div class=\"elementor-element elementor-element-6b98764 elementor-align-left elementor-widget elementor-widget-button\" data-id=\"6b98764\" data-element_type=\"widget\" data-e-type=\"widget\" data-widget_type=\"button.default\">\n\t\t\t\t<div class=\"elementor-widget-container\">\n\t\t\t\t\t\t\t\t\t<div class=\"elementor-button-wrapper\">\n\t\t\t\t\t<a class=\"elementor-button elementor-button-link elementor-size-sm\" href=\"https:\/\/show.flamencomalaga.com\/en\" target=\"_blank\">\n\t\t\t\t\t\t<span class=\"elementor-button-content-wrapper\">\n\t\t\t\t\t\t\t\t\t<span class=\"elementor-button-text\">Geschenkkarte<\/span>\n\t\t\t\t\t<\/span>\n\t\t\t\t\t<\/a>\n\t\t\t\t<\/div>\n\t\t\t\t\t\t\t\t<\/div>\n\t\t\t\t<\/div>\n\t\t\t\t<\/div>\n\t\t<div class=\"elementor-element elementor-element-f73a2cc e-con-full e-flex e-con e-child\" data-id=\"f73a2cc\" data-element_type=\"container\" data-e-type=\"container\" data-settings=\"{&quot;background_background&quot;:&quot;classic&quot;}\">\n\t\t\t\t<\/div>\n\t\t\t\t<\/div>\n\t\t<div class=\"elementor-element elementor-element-4a478a2 e-con-full e-flex e-con e-child\" data-id=\"4a478a2\" data-element_type=\"container\" data-e-type=\"container\">\n\t\t<div class=\"elementor-element elementor-element-6a0c59a e-con-full e-flex e-con e-child\" data-id=\"6a0c59a\" data-element_type=\"container\" data-e-type=\"container\" data-settings=\"{&quot;background_background&quot;:&quot;classic&quot;}\">\n\t\t\t\t<\/div>\n\t\t<div class=\"elementor-element elementor-element-c991dfd e-con-full e-flex e-con e-child\" data-id=\"c991dfd\" data-element_type=\"container\" data-e-type=\"container\">\n\t\t\t\t<div class=\"elementor-element elementor-element-61d3718 elementor-widget elementor-widget-heading\" data-id=\"61d3718\" data-element_type=\"widget\" data-e-type=\"widget\" data-widget_type=\"heading.default\">\n\t\t\t\t<div class=\"elementor-widget-container\">\n\t\t\t\t\t<h2 class=\"elementor-heading-title elementor-size-default\">Schenken Sie eine Flamenco-Show mit Abendessen\n<\/h2>\t\t\t\t<\/div>\n\t\t\t\t<\/div>\n\t\t\t\t<div class=\"elementor-element elementor-element-7100f5b elementor-widget elementor-widget-text-editor\" data-id=\"7100f5b\" data-element_type=\"widget\" data-e-type=\"widget\" data-widget_type=\"text-editor.default\">\n\t\t\t\t<div class=\"elementor-widget-container\">\n\t\t\t\t\t\t\t\t\t<p>In unserer Flamenco-Show treten einige der besten internationalen K\u00fcnstler auf. Ein Geschenk, das Ihre G\u00e4ste sicher nicht gleichg\u00fcltig lassen wird, besonders f\u00fcr diejenigen, die sich f\u00fcr Flamenco begeistern. <\/p>\n<p>Unser Restaurant verf\u00fcgt \u00fcber ein sehr umfangreiches gastronomisches Angebot mit einer gro\u00dfen Auswahl an typisch andalusischen und spanischen Gerichten, mit lokalen Produkten und frischen Zutaten. Ihre G\u00e4ste werden nicht nur eine professionelle Flamenco-Show genie\u00dfen, sondern auch ein Abendessen, das sie nicht vergessen werden. <\/p>\n<p>Der Raum ist sehr gem\u00fctlich und intim, was ihn zu einem gro\u00dfartigen Ort f\u00fcr ein romantisches Abendessen zu zweit macht, aber er ist auch ein perfektes Geschenk f\u00fcr Freunde und Familie.<\/p>\n\t\t\t\t\t\t\t\t<\/div>\n\t\t\t\t<\/div>\n\t\t\t\t<\/div>\n\t\t\t\t<\/div>\n\t\t\t\t\t<\/div>\n\t\t\t\t<\/div>\n\t\t<div class=\"elementor-element elementor-element-f9cc634 e-flex e-con-boxed e-con e-parent\" data-id=\"f9cc634\" data-element_type=\"container\" data-e-type=\"container\" data-settings=\"{&quot;background_background&quot;:&quot;classic&quot;}\">\n\t\t\t\t\t<div class=\"e-con-inner\">\n\t\t<div class=\"elementor-element elementor-element-4924c86 e-con-full e-flex e-con e-child\" data-id=\"4924c86\" data-element_type=\"container\" data-e-type=\"container\" data-settings=\"{&quot;background_background&quot;:&quot;classic&quot;}\">\n\t\t\t\t<div class=\"elementor-element elementor-element-f4b3664 elementor-widget elementor-widget-heading\" data-id=\"f4b3664\" data-element_type=\"widget\" data-e-type=\"widget\" data-widget_type=\"heading.default\">\n\t\t\t\t<div class=\"elementor-widget-container\">\n\t\t\t\t\t<h2 class=\"elementor-heading-title elementor-size-default\">Wie man eine Flamenco-Show verschenkt\n<\/h2>\t\t\t\t<\/div>\n\t\t\t\t<\/div>\n\t\t\t\t<div class=\"elementor-element elementor-element-065c185 elementor-widget elementor-widget-text-editor\" data-id=\"065c185\" data-element_type=\"widget\" data-e-type=\"widget\" data-widget_type=\"text-editor.default\">\n\t\t\t\t<div class=\"elementor-widget-container\">\n\t\t\t\t\t\t\t\t\t<p>Eine Flamenco-Show bei Alegr\u00eda Flamenco &amp; Gastronom\u00eda zu verschenken ist ganz einfach. W\u00e4hlen Sie die Anzahl der Personen, die Sie beschenken m\u00f6chten, w\u00e4hlen Sie, ob Sie ein Abendessen einschlie\u00dfen m\u00f6chten oder nicht, und nehmen Sie die Zahlung vor. Die Empf\u00e4nger sind diejenigen, die das Datum und die Uhrzeit der Show, die sie besuchen m\u00f6chten, mit einem Spielraum von 1 Jahr ausw\u00e4hlen. <\/p>\n<p>Eine Flamenco-Show ist auch ein perfektes Geschenk f\u00fcr einen unsichtbaren Freund, f\u00fcr einen Geburtstag oder einen anderen besonderen Anlass.<\/p>\n\t\t\t\t\t\t\t\t<\/div>\n\t\t\t\t<\/div>\n\t\t\t\t<div class=\"elementor-element elementor-element-629c448 elementor-widget elementor-widget-heading\" data-id=\"629c448\" data-element_type=\"widget\" data-e-type=\"widget\" data-widget_type=\"heading.default\">\n\t\t\t\t<div class=\"elementor-widget-container\">\n\t\t\t\t\t<h3 class=\"elementor-heading-title elementor-size-default\">Bedingungen<\/h3>\t\t\t\t<\/div>\n\t\t\t\t<\/div>\n\t\t\t\t<div class=\"elementor-element elementor-element-1319456 elementor-widget elementor-widget-text-editor\" data-id=\"1319456\" data-element_type=\"widget\" data-e-type=\"widget\" data-widget_type=\"text-editor.default\">\n\t\t\t\t<div class=\"elementor-widget-container\">\n\t\t\t\t\t\t\t\t\t<p>Geschenkkarten m\u00fcssen innerhalb von 12 Monaten nach dem Kauf verwendet werden. Es wird empfohlen, mindestens 3 Tage vor der Show anzurufen, um sicherzustellen, dass noch Pl\u00e4tze frei sind. Eine Reservierung vor dem Besuch der Show ist unbedingt erforderlich.<\/p>\t\t\t\t\t\t\t\t<\/div>\n\t\t\t\t<\/div>\n\t\t\t\t<div class=\"elementor-element elementor-element-0777a1a elementor-align-left elementor-widget elementor-widget-button\" data-id=\"0777a1a\" data-element_type=\"widget\" data-e-type=\"widget\" data-widget_type=\"button.default\">\n\t\t\t\t<div class=\"elementor-widget-container\">\n\t\t\t\t\t\t\t\t\t<div class=\"elementor-button-wrapper\">\n\t\t\t\t\t<a class=\"elementor-button elementor-button-link elementor-size-sm\" href=\"https:\/\/show.flamencomalaga.com\/en\" target=\"_blank\">\n\t\t\t\t\t\t<span class=\"elementor-button-content-wrapper\">\n\t\t\t\t\t\t\t\t\t<span class=\"elementor-button-text\">RESERVIEREN<\/span>\n\t\t\t\t\t<\/span>\n\t\t\t\t\t<\/a>\n\t\t\t\t<\/div>\n\t\t\t\t\t\t\t\t<\/div>\n\t\t\t\t<\/div>\n\t\t\t\t<\/div>\n\t\t\t\t\t<\/div>\n\t\t\t\t<\/div>\n\t\t\t\t<\/div>\n\t\t","protected":false},"excerpt":{"rendered":"<p>Schenken Sie ein einzigartiges Erlebnis: Schenken Sie Flamenco Jetzt k\u00f6nnen Sie eine Flamenco-Show mit Abendessen verschenken, an wen immer Sie wollen, ohne sich auf ein bestimmtes Datum festlegen zu m\u00fcssen. Lassen Sie die Empf\u00e4nger das Datum und die Uhrzeit w\u00e4hlen, die am besten in ihre Agenda passen. Wenn Sie nicht wissen, was Sie Ihren Eltern [&hellip;]<\/p>\n","protected":false},"author":8,"featured_media":0,"parent":0,"menu_order":0,"comment_status":"closed","ping_status":"closed","template":"","meta":{"_acf_changed":false,"footnotes":""},"class_list":["post-29572","page","type-page","status-publish","hentry"],"acf":[],"yoast_head":"<!-- This site is optimized with the Yoast SEO plugin v27.4 - https:\/\/yoast.com\/product\/yoast-seo-wordpress\/ -->\n<title>Schenken Sie ein einzigartiges Erlebnis | Alegr\u00eda Flamenco &amp; Gastronomie<\/title>\n<meta name=\"description\" content=\"Verschenken Sie ein einzigartiges Flamenco-Erlebnis. Ideal f\u00fcr Jubil\u00e4en, Weihnachten oder besondere Anl\u00e4sse, ist es das perfekte Geschenk f\u00fcr jede Gelegenheit.\" \/>\n<meta name=\"robots\" content=\"index, follow, max-snippet:-1, max-image-preview:large, max-video-preview:-1\" \/>\n<link rel=\"canonical\" href=\"https:\/\/flamencomalaga.com\/de\/geben-zeigen-flamenco\/\" \/>\n<meta property=\"og:locale\" content=\"de_DE\" \/>\n<meta property=\"og:type\" content=\"article\" \/>\n<meta property=\"og:title\" content=\"Schenken Sie ein einzigartiges Erlebnis | Alegr\u00eda Flamenco &amp; Gastronomie\" \/>\n<meta property=\"og:description\" content=\"Verschenken Sie ein einzigartiges Flamenco-Erlebnis. Ideal f\u00fcr Jubil\u00e4en, Weihnachten oder besondere Anl\u00e4sse, ist es das perfekte Geschenk f\u00fcr jede Gelegenheit.\" \/>\n<meta property=\"og:url\" content=\"https:\/\/flamencomalaga.com\/de\/geben-zeigen-flamenco\/\" \/>\n<meta property=\"og:site_name\" content=\"Flamenco Alegr\u00eda\" \/>\n<meta property=\"article:publisher\" content=\"https:\/\/www.facebook.com\/alegriaflamencomalaga\/?locale=es_ES\" \/>\n<meta property=\"article:modified_time\" content=\"2026-03-18T17:58:26+00:00\" \/>\n<meta property=\"og:image\" content=\"https:\/\/flamencomalaga.com\/wp-content\/uploads\/2024\/07\/home-min-510x382-1.jpg?wsr\" \/>\n\t<meta property=\"og:image:width\" content=\"510\" \/>\n\t<meta property=\"og:image:height\" content=\"382\" \/>\n\t<meta property=\"og:image:type\" content=\"image\/jpeg\" \/>\n<meta name=\"twitter:card\" content=\"summary_large_image\" \/>\n<meta name=\"twitter:label1\" content=\"Gesch\u00e4tzte Lesezeit\" \/>\n\t<meta name=\"twitter:data1\" content=\"2\u00a0Minute\" \/>\n<!-- \/ Yoast SEO plugin. -->","yoast_head_json":{"title":"Schenken Sie ein einzigartiges Erlebnis | Alegr\u00eda Flamenco & Gastronomie","description":"Verschenken Sie ein einzigartiges Flamenco-Erlebnis. Ideal f\u00fcr Jubil\u00e4en, Weihnachten oder besondere Anl\u00e4sse, ist es das perfekte Geschenk f\u00fcr jede Gelegenheit.","robots":{"index":"index","follow":"follow","max-snippet":"max-snippet:-1","max-image-preview":"max-image-preview:large","max-video-preview":"max-video-preview:-1"},"canonical":"https:\/\/flamencomalaga.com\/de\/geben-zeigen-flamenco\/","og_locale":"de_DE","og_type":"article","og_title":"Schenken Sie ein einzigartiges Erlebnis | Alegr\u00eda Flamenco & Gastronomie","og_description":"Verschenken Sie ein einzigartiges Flamenco-Erlebnis. Ideal f\u00fcr Jubil\u00e4en, Weihnachten oder besondere Anl\u00e4sse, ist es das perfekte Geschenk f\u00fcr jede Gelegenheit.","og_url":"https:\/\/flamencomalaga.com\/de\/geben-zeigen-flamenco\/","og_site_name":"Flamenco Alegr\u00eda","article_publisher":"https:\/\/www.facebook.com\/alegriaflamencomalaga\/?locale=es_ES","article_modified_time":"2026-03-18T17:58:26+00:00","og_image":[{"width":510,"height":382,"url":"https:\/\/flamencomalaga.com\/wp-content\/uploads\/2024\/07\/home-min-510x382-1.jpg?wsr","type":"image\/jpeg"}],"twitter_card":"summary_large_image","twitter_misc":{"Gesch\u00e4tzte Lesezeit":"2\u00a0Minute"},"schema":{"@context":"https:\/\/schema.org","@graph":[{"@type":"WebPage","@id":"https:\/\/flamencomalaga.com\/de\/geben-zeigen-flamenco\/","url":"https:\/\/flamencomalaga.com\/de\/geben-zeigen-flamenco\/","name":"Schenken Sie ein einzigartiges Erlebnis | Alegr\u00eda Flamenco & Gastronomie","isPartOf":{"@id":"https:\/\/flamencomalaga.com\/de\/#website"},"datePublished":"2024-11-05T12:51:17+00:00","dateModified":"2026-03-18T17:58:26+00:00","description":"Verschenken Sie ein einzigartiges Flamenco-Erlebnis. Ideal f\u00fcr Jubil\u00e4en, Weihnachten oder besondere Anl\u00e4sse, ist es das perfekte Geschenk f\u00fcr jede Gelegenheit.","breadcrumb":{"@id":"https:\/\/flamencomalaga.com\/de\/geben-zeigen-flamenco\/#breadcrumb"},"inLanguage":"de","potentialAction":[{"@type":"ReadAction","target":["https:\/\/flamencomalaga.com\/de\/geben-zeigen-flamenco\/"]}]},{"@type":"BreadcrumbList","@id":"https:\/\/flamencomalaga.com\/de\/geben-zeigen-flamenco\/#breadcrumb","itemListElement":[{"@type":"ListItem","position":1,"name":"Startseite","item":"https:\/\/flamencomalaga.com\/de\/"},{"@type":"ListItem","position":2,"name":"Schenken Sie ein einzigartiges Erlebnis: Schenken Sie Flamenco"}]},{"@type":"WebSite","@id":"https:\/\/flamencomalaga.com\/de\/#website","url":"https:\/\/flamencomalaga.com\/de\/","name":"Flamenco Alegr\u00eda y Gastronomia","description":"","publisher":{"@id":"https:\/\/flamencomalaga.com\/de\/#organization"},"alternateName":"Flamenco Alegr\u00eda","potentialAction":[{"@type":"SearchAction","target":{"@type":"EntryPoint","urlTemplate":"https:\/\/flamencomalaga.com\/de\/?s={search_term_string}"},"query-input":{"@type":"PropertyValueSpecification","valueRequired":true,"valueName":"search_term_string"}}],"inLanguage":"de"},{"@type":"Organization","@id":"https:\/\/flamencomalaga.com\/de\/#organization","name":"Flamenco Alegr\u00eda","alternateName":"Alegr\u00eda - Flamenco y Gastronom\u00eda","url":"https:\/\/flamencomalaga.com\/de\/","logo":{"@type":"ImageObject","inLanguage":"de","@id":"https:\/\/flamencomalaga.com\/de\/#\/schema\/logo\/image\/","url":"https:\/\/flamencomalaga.com\/wp-content\/uploads\/2024\/07\/flamenco-malaga_logo.png?wsr","contentUrl":"https:\/\/flamencomalaga.com\/wp-content\/uploads\/2024\/07\/flamenco-malaga_logo.png?wsr","width":166,"height":85,"caption":"Flamenco Alegr\u00eda"},"image":{"@id":"https:\/\/flamencomalaga.com\/de\/#\/schema\/logo\/image\/"},"sameAs":["https:\/\/www.facebook.com\/alegriaflamencomalaga\/?locale=es_ES","https:\/\/www.instagram.com\/flamencomalagaalegria","https:\/\/www.tiktok.com\/@flamencomalaga"]}]}},"_links":{"self":[{"href":"https:\/\/flamencomalaga.com\/de\/wp-json\/wp\/v2\/pages\/29572","targetHints":{"allow":["GET"]}}],"collection":[{"href":"https:\/\/flamencomalaga.com\/de\/wp-json\/wp\/v2\/pages"}],"about":[{"href":"https:\/\/flamencomalaga.com\/de\/wp-json\/wp\/v2\/types\/page"}],"author":[{"embeddable":true,"href":"https:\/\/flamencomalaga.com\/de\/wp-json\/wp\/v2\/users\/8"}],"replies":[{"embeddable":true,"href":"https:\/\/flamencomalaga.com\/de\/wp-json\/wp\/v2\/comments?post=29572"}],"version-history":[{"count":3,"href":"https:\/\/flamencomalaga.com\/de\/wp-json\/wp\/v2\/pages\/29572\/revisions"}],"predecessor-version":[{"id":35646,"href":"https:\/\/flamencomalaga.com\/de\/wp-json\/wp\/v2\/pages\/29572\/revisions\/35646"}],"wp:attachment":[{"href":"https:\/\/flamencomalaga.com\/de\/wp-json\/wp\/v2\/media?parent=29572"}],"curies":[{"name":"wp","href":"https:\/\/api.w.org\/{rel}","templated":true}]}}