{"id":29427,"date":"2024-10-31T09:53:48","date_gmt":"2024-10-31T08:53:48","guid":{"rendered":"https:\/\/flamencomalaga.com\/wie-sie-zu-alegria-flamenco-gastronomie-kommen\/"},"modified":"2024-11-12T13:01:22","modified_gmt":"2024-11-12T12:01:22","slug":"wie-sie-zu-tablao","status":"publish","type":"page","link":"https:\/\/flamencomalaga.com\/de\/wie-sie-zu-tablao\/","title":{"rendered":"Wie Sie unser Alegr\u00eda Flamenco &amp; Gastronomie erreichen"},"content":{"rendered":"\t\t<div data-elementor-type=\"wp-page\" data-elementor-id=\"29427\" class=\"elementor elementor-29427 elementor-29392\" data-elementor-post-type=\"page\">\n\t\t\t\t<div class=\"elementor-element elementor-element-2139652 e-flex e-con-boxed e-con e-parent\" data-id=\"2139652\" data-element_type=\"container\" data-e-type=\"container\" data-settings=\"{&quot;background_background&quot;:&quot;classic&quot;}\">\n\t\t\t\t\t<div class=\"e-con-inner\">\n\t\t<div class=\"elementor-element elementor-element-a51b954 e-con-full e-flex e-con e-child\" data-id=\"a51b954\" data-element_type=\"container\" data-e-type=\"container\">\n\t\t\t\t<div class=\"elementor-element elementor-element-c3c7328 elementor-widget elementor-widget-heading\" data-id=\"c3c7328\" data-element_type=\"widget\" data-e-type=\"widget\" data-widget_type=\"heading.default\">\n\t\t\t\t<div class=\"elementor-widget-container\">\n\t\t\t\t\t<h1 class=\"elementor-heading-title elementor-size-default\">Wie Sie unser Alegr\u00eda Flamenco &amp; Gastronomie erreichen<\/h1>\t\t\t\t<\/div>\n\t\t\t\t<\/div>\n\t\t\t\t<\/div>\n\t\t\t\t\t<\/div>\n\t\t\t\t<\/div>\n\t\t<div class=\"elementor-element elementor-element-53b7e8e e-flex e-con-boxed e-con e-parent\" data-id=\"53b7e8e\" data-element_type=\"container\" data-e-type=\"container\" data-settings=\"{&quot;background_background&quot;:&quot;classic&quot;}\">\n\t\t\t\t\t<div class=\"e-con-inner\">\n\t\t\t\t<div class=\"elementor-element elementor-element-b86121b elementor-widget elementor-widget-text-editor\" data-id=\"b86121b\" data-element_type=\"widget\" data-e-type=\"widget\" data-widget_type=\"text-editor.default\">\n\t\t\t\t<div class=\"elementor-widget-container\">\n\t\t\t\t\t\t\t\t\t<p><span style=\"font-weight: 400;\">Alegr\u00eda Flamenco &amp; Gastronom\u00eda befindet sich in der Calle V\u00e9lez M\u00e1laga, 6, 29016 M\u00e1laga, im Herzen der Stadt. Es liegt ganz in der N\u00e4he des historischen Zentrums und verf\u00fcgt \u00fcber eine Terrasse mit Blick auf das Pompidou-Zentrum. Hier sind einige Anweisungen von nahegelegenen Orientierungspunkten, damit Sie uns leicht finden k\u00f6nnen:<\/span><\/p>\t\t\t\t\t\t\t\t<\/div>\n\t\t\t\t<\/div>\n\t\t\t\t\t<\/div>\n\t\t\t\t<\/div>\n\t\t<div class=\"elementor-element elementor-element-18d1caf e-flex e-con-boxed e-con e-parent\" data-id=\"18d1caf\" data-element_type=\"container\" data-e-type=\"container\" data-settings=\"{&quot;background_background&quot;:&quot;classic&quot;}\">\n\t\t\t\t\t<div class=\"e-con-inner\">\n\t\t<div class=\"elementor-element elementor-element-522e493 e-con-full e-flex e-con e-child\" data-id=\"522e493\" data-element_type=\"container\" data-e-type=\"container\">\n\t\t\t\t<div class=\"elementor-element elementor-element-8527b8b elementor-widget elementor-widget-google_maps\" data-id=\"8527b8b\" data-element_type=\"widget\" data-e-type=\"widget\" data-widget_type=\"google_maps.default\">\n\t\t\t\t<div class=\"elementor-widget-container\">\n\t\t\t\t\t\t\t<div class=\"elementor-custom-embed\">\n\t\t\t<iframe loading=\"lazy\"\n\t\t\t\t\tsrc=\"https:\/\/maps.google.com\/maps?q=C.%20V%C3%A9lez%20M%C3%A1laga%2C%206%2C%20M%C3%A1laga-Este%2C%2029016%20M%C3%A1laga&#038;t=m&#038;z=14&#038;output=embed&#038;iwloc=near\"\n\t\t\t\t\ttitle=\"C. V\u00e9lez M\u00e1laga, 6, M\u00e1laga-Este, 29016 M\u00e1laga\"\n\t\t\t\t\taria-label=\"C. V\u00e9lez M\u00e1laga, 6, M\u00e1laga-Este, 29016 M\u00e1laga\"\n\t\t\t><\/iframe>\n\t\t<\/div>\n\t\t\t\t\t\t<\/div>\n\t\t\t\t<\/div>\n\t\t\t\t<\/div>\n\t\t<div class=\"elementor-element elementor-element-9f091da e-con-full e-flex e-con e-child\" data-id=\"9f091da\" data-element_type=\"container\" data-e-type=\"container\">\n\t\t\t\t<div class=\"elementor-element elementor-element-fabf7cd elementor-widget elementor-widget-heading\" data-id=\"fabf7cd\" data-element_type=\"widget\" data-e-type=\"widget\" data-widget_type=\"heading.default\">\n\t\t\t\t<div class=\"elementor-widget-container\">\n\t\t\t\t\t<p class=\"elementor-heading-title elementor-size-default\">Von der Alcazaba von M\u00e1laga (5 Minuten zu Fu\u00df): \n<\/p>\t\t\t\t<\/div>\n\t\t\t\t<\/div>\n\t\t\t\t<div class=\"elementor-element elementor-element-4f3dd4d elementor-widget elementor-widget-text-editor\" data-id=\"4f3dd4d\" data-element_type=\"widget\" data-e-type=\"widget\" data-widget_type=\"text-editor.default\">\n\t\t\t\t<div class=\"elementor-widget-container\">\n\t\t\t\t\t\t\t\t\t<ol><li style=\"font-weight: 400;\" aria-level=\"2\"><span style=\"font-weight: 400;\">Gehen Sie nach S\u00fcden entlang der Calle Alcazabilla und biegen Sie dann links in die Calle Victoria ein.\u00a0<\/span><\/li><li style=\"font-weight: 400;\" aria-level=\"2\"><span style=\"font-weight: 400;\">Gehen Sie geradeaus weiter, bis Sie die Calle V\u00e9lez M\u00e1laga erreichen, und Sie finden das Tablao bei der Nummer 6.<\/span><\/li><\/ol>\t\t\t\t\t\t\t\t<\/div>\n\t\t\t\t<\/div>\n\t\t\t\t<div class=\"elementor-element elementor-element-e7b67a2 elementor-widget elementor-widget-heading\" data-id=\"e7b67a2\" data-element_type=\"widget\" data-e-type=\"widget\" data-widget_type=\"heading.default\">\n\t\t\t\t<div class=\"elementor-widget-container\">\n\t\t\t\t\t<p class=\"elementor-heading-title elementor-size-default\">Von der Plaza de la Merced (7 Minuten zu Fu\u00df): \n<\/p>\t\t\t\t<\/div>\n\t\t\t\t<\/div>\n\t\t\t\t<div class=\"elementor-element elementor-element-0077f16 elementor-widget elementor-widget-text-editor\" data-id=\"0077f16\" data-element_type=\"widget\" data-e-type=\"widget\" data-widget_type=\"text-editor.default\">\n\t\t\t\t<div class=\"elementor-widget-container\">\n\t\t\t\t\t\t\t\t\t<ol><li style=\"font-weight: 400;\" aria-level=\"2\"><span style=\"font-weight: 400;\">Gehen Sie nach S\u00fcden entlang der Calle Granada und biegen Sie dann links in die Calle Victoria ein.\u00a0<\/span><\/li><li style=\"font-weight: 400;\" aria-level=\"2\"><span style=\"font-weight: 400;\">Gehen Sie weiter bis zur Calle V\u00e9lez M\u00e1laga, wo Sie uns bei der Nummer 6 finden.<\/span><\/li><\/ol>\t\t\t\t\t\t\t\t<\/div>\n\t\t\t\t<\/div>\n\t\t\t\t<div class=\"elementor-element elementor-element-d41b991 elementor-widget elementor-widget-heading\" data-id=\"d41b991\" data-element_type=\"widget\" data-e-type=\"widget\" data-widget_type=\"heading.default\">\n\t\t\t\t<div class=\"elementor-widget-container\">\n\t\t\t\t\t<p class=\"elementor-heading-title elementor-size-default\">Von der Kathedrale von M\u00e1laga (10 Minuten zu Fu\u00df): \n<\/p>\t\t\t\t<\/div>\n\t\t\t\t<\/div>\n\t\t\t\t<div class=\"elementor-element elementor-element-3079cb3 elementor-widget elementor-widget-text-editor\" data-id=\"3079cb3\" data-element_type=\"widget\" data-e-type=\"widget\" data-widget_type=\"text-editor.default\">\n\t\t\t\t<div class=\"elementor-widget-container\">\n\t\t\t\t\t\t\t\t\t<ol><li style=\"font-weight: 400;\" aria-level=\"2\"><span style=\"font-weight: 400;\">Gehen Sie nach Osten entlang der Calle Molina Lario und nehmen Sie dann die Calle Alcazabilla bis zur Calle Victoria.\u00a0<\/span><\/li><li style=\"font-weight: 400;\" aria-level=\"2\"><span style=\"font-weight: 400;\">Von dort aus gehen Sie geradeaus weiter, bis Sie unser Tablao in der Calle V\u00e9lez M\u00e1laga finden.<\/span><\/li><\/ol>\t\t\t\t\t\t\t\t<\/div>\n\t\t\t\t<\/div>\n\t\t\t\t<div class=\"elementor-element elementor-element-611c54f elementor-widget elementor-widget-heading\" data-id=\"611c54f\" data-element_type=\"widget\" data-e-type=\"widget\" data-widget_type=\"heading.default\">\n\t\t\t\t<div class=\"elementor-widget-container\">\n\t\t\t\t\t<p class=\"elementor-heading-title elementor-size-default\">Vom Strand von Malagueta (12 Minuten zu Fu\u00df): \n<\/p>\t\t\t\t<\/div>\n\t\t\t\t<\/div>\n\t\t\t\t<div class=\"elementor-element elementor-element-48287e8 elementor-widget elementor-widget-text-editor\" data-id=\"48287e8\" data-element_type=\"widget\" data-e-type=\"widget\" data-widget_type=\"text-editor.default\">\n\t\t\t\t<div class=\"elementor-widget-container\">\n\t\t\t\t\t\t\t\t\t<ol><li style=\"font-weight: 400;\" aria-level=\"2\"><span style=\"font-weight: 400;\">Gehen Sie nach Norden entlang des Paseo Reding, dann nehmen Sie die Calle V\u00e9lez M\u00e1laga und gehen weiter bis zur Nummer 6, wo wir uns befinden.<\/span><\/li><\/ol>\t\t\t\t\t\t\t\t<\/div>\n\t\t\t\t<\/div>\n\t\t\t\t<\/div>\n\t\t\t\t\t<\/div>\n\t\t\t\t<\/div>\n\t\t\t\t<\/div>\n\t\t","protected":false},"excerpt":{"rendered":"<p>Wie Sie unser Alegr\u00eda Flamenco &amp; Gastronomie erreichen Alegr\u00eda Flamenco &amp; Gastronom\u00eda befindet sich in der Calle V\u00e9lez M\u00e1laga, 6, 29016 M\u00e1laga, im Herzen der Stadt. Es liegt ganz in der N\u00e4he des historischen Zentrums und verf\u00fcgt \u00fcber eine Terrasse mit Blick auf das Pompidou-Zentrum. Hier sind einige Anweisungen von nahegelegenen Orientierungspunkten, damit Sie uns [&hellip;]<\/p>\n","protected":false},"author":8,"featured_media":0,"parent":0,"menu_order":0,"comment_status":"closed","ping_status":"closed","template":"","meta":{"_acf_changed":false,"footnotes":""},"class_list":["post-29427","page","type-page","status-publish","hentry"],"acf":[],"yoast_head":"<!-- This site is optimized with the Yoast SEO plugin v27.4 - https:\/\/yoast.com\/product\/yoast-seo-wordpress\/ -->\n<title>Wegbeschreibung zu unserem Tablao | Alegr\u00eda Flamenco &amp; Gastronomy<\/title>\n<meta name=\"description\" content=\"Das Alegr\u00eda Flamenco befindet sich im Herzen der Stadt, zehn Minuten vom historischen Zentrum entfernt. Finden Sie mit dieser Wegbeschreibung heraus, wie Sie dorthin gelangen.\" \/>\n<meta name=\"robots\" content=\"index, follow, max-snippet:-1, max-image-preview:large, max-video-preview:-1\" \/>\n<link rel=\"canonical\" href=\"https:\/\/flamencomalaga.com\/de\/wie-sie-zu-tablao\/\" \/>\n<meta property=\"og:locale\" content=\"de_DE\" \/>\n<meta property=\"og:type\" content=\"article\" \/>\n<meta property=\"og:title\" content=\"Wegbeschreibung zu unserem Tablao | Alegr\u00eda Flamenco &amp; Gastronomy\" \/>\n<meta property=\"og:description\" content=\"Das Alegr\u00eda Flamenco befindet sich im Herzen der Stadt, zehn Minuten vom historischen Zentrum entfernt. Finden Sie mit dieser Wegbeschreibung heraus, wie Sie dorthin gelangen.\" \/>\n<meta property=\"og:url\" content=\"https:\/\/flamencomalaga.com\/de\/wie-sie-zu-tablao\/\" \/>\n<meta property=\"og:site_name\" content=\"Flamenco Alegr\u00eda\" \/>\n<meta property=\"article:publisher\" content=\"https:\/\/www.facebook.com\/alegriaflamencomalaga\/?locale=es_ES\" \/>\n<meta property=\"article:modified_time\" content=\"2024-11-12T12:01:22+00:00\" \/>\n<meta property=\"og:image\" content=\"https:\/\/flamencomalaga.com\/wp-content\/uploads\/2024\/07\/home-min-510x382-1.jpg?wsr\" \/>\n\t<meta property=\"og:image:width\" content=\"510\" \/>\n\t<meta property=\"og:image:height\" content=\"382\" \/>\n\t<meta property=\"og:image:type\" content=\"image\/jpeg\" \/>\n<meta name=\"twitter:card\" content=\"summary_large_image\" \/>\n<meta name=\"twitter:label1\" content=\"Gesch\u00e4tzte Lesezeit\" \/>\n\t<meta name=\"twitter:data1\" content=\"2\u00a0Minute\" \/>\n<!-- \/ Yoast SEO plugin. -->","yoast_head_json":{"title":"Wegbeschreibung zu unserem Tablao | Alegr\u00eda Flamenco & Gastronomy","description":"Das Alegr\u00eda Flamenco befindet sich im Herzen der Stadt, zehn Minuten vom historischen Zentrum entfernt. Finden Sie mit dieser Wegbeschreibung heraus, wie Sie dorthin gelangen.","robots":{"index":"index","follow":"follow","max-snippet":"max-snippet:-1","max-image-preview":"max-image-preview:large","max-video-preview":"max-video-preview:-1"},"canonical":"https:\/\/flamencomalaga.com\/de\/wie-sie-zu-tablao\/","og_locale":"de_DE","og_type":"article","og_title":"Wegbeschreibung zu unserem Tablao | Alegr\u00eda Flamenco & Gastronomy","og_description":"Das Alegr\u00eda Flamenco befindet sich im Herzen der Stadt, zehn Minuten vom historischen Zentrum entfernt. Finden Sie mit dieser Wegbeschreibung heraus, wie Sie dorthin gelangen.","og_url":"https:\/\/flamencomalaga.com\/de\/wie-sie-zu-tablao\/","og_site_name":"Flamenco Alegr\u00eda","article_publisher":"https:\/\/www.facebook.com\/alegriaflamencomalaga\/?locale=es_ES","article_modified_time":"2024-11-12T12:01:22+00:00","og_image":[{"width":510,"height":382,"url":"https:\/\/flamencomalaga.com\/wp-content\/uploads\/2024\/07\/home-min-510x382-1.jpg?wsr","type":"image\/jpeg"}],"twitter_card":"summary_large_image","twitter_misc":{"Gesch\u00e4tzte Lesezeit":"2\u00a0Minute"},"schema":{"@context":"https:\/\/schema.org","@graph":[{"@type":"WebPage","@id":"https:\/\/flamencomalaga.com\/de\/wie-sie-zu-tablao\/","url":"https:\/\/flamencomalaga.com\/de\/wie-sie-zu-tablao\/","name":"Wegbeschreibung zu unserem Tablao | Alegr\u00eda Flamenco & Gastronomy","isPartOf":{"@id":"https:\/\/flamencomalaga.com\/de\/#website"},"datePublished":"2024-10-31T08:53:48+00:00","dateModified":"2024-11-12T12:01:22+00:00","description":"Das Alegr\u00eda Flamenco befindet sich im Herzen der Stadt, zehn Minuten vom historischen Zentrum entfernt. Finden Sie mit dieser Wegbeschreibung heraus, wie Sie dorthin gelangen.","breadcrumb":{"@id":"https:\/\/flamencomalaga.com\/de\/wie-sie-zu-tablao\/#breadcrumb"},"inLanguage":"de","potentialAction":[{"@type":"ReadAction","target":["https:\/\/flamencomalaga.com\/de\/wie-sie-zu-tablao\/"]}]},{"@type":"BreadcrumbList","@id":"https:\/\/flamencomalaga.com\/de\/wie-sie-zu-tablao\/#breadcrumb","itemListElement":[{"@type":"ListItem","position":1,"name":"Startseite","item":"https:\/\/flamencomalaga.com\/de\/"},{"@type":"ListItem","position":2,"name":"Wie Sie unser Alegr\u00eda Flamenco &amp; Gastronomie erreichen"}]},{"@type":"WebSite","@id":"https:\/\/flamencomalaga.com\/de\/#website","url":"https:\/\/flamencomalaga.com\/de\/","name":"Flamenco Alegr\u00eda y Gastronomia","description":"","publisher":{"@id":"https:\/\/flamencomalaga.com\/de\/#organization"},"alternateName":"Flamenco Alegr\u00eda","potentialAction":[{"@type":"SearchAction","target":{"@type":"EntryPoint","urlTemplate":"https:\/\/flamencomalaga.com\/de\/?s={search_term_string}"},"query-input":{"@type":"PropertyValueSpecification","valueRequired":true,"valueName":"search_term_string"}}],"inLanguage":"de"},{"@type":"Organization","@id":"https:\/\/flamencomalaga.com\/de\/#organization","name":"Flamenco Alegr\u00eda","alternateName":"Alegr\u00eda - Flamenco y Gastronom\u00eda","url":"https:\/\/flamencomalaga.com\/de\/","logo":{"@type":"ImageObject","inLanguage":"de","@id":"https:\/\/flamencomalaga.com\/de\/#\/schema\/logo\/image\/","url":"https:\/\/flamencomalaga.com\/wp-content\/uploads\/2024\/07\/flamenco-malaga_logo.png?wsr","contentUrl":"https:\/\/flamencomalaga.com\/wp-content\/uploads\/2024\/07\/flamenco-malaga_logo.png?wsr","width":166,"height":85,"caption":"Flamenco Alegr\u00eda"},"image":{"@id":"https:\/\/flamencomalaga.com\/de\/#\/schema\/logo\/image\/"},"sameAs":["https:\/\/www.facebook.com\/alegriaflamencomalaga\/?locale=es_ES","https:\/\/www.instagram.com\/flamencomalagaalegria","https:\/\/www.tiktok.com\/@flamencomalaga"]}]}},"_links":{"self":[{"href":"https:\/\/flamencomalaga.com\/de\/wp-json\/wp\/v2\/pages\/29427","targetHints":{"allow":["GET"]}}],"collection":[{"href":"https:\/\/flamencomalaga.com\/de\/wp-json\/wp\/v2\/pages"}],"about":[{"href":"https:\/\/flamencomalaga.com\/de\/wp-json\/wp\/v2\/types\/page"}],"author":[{"embeddable":true,"href":"https:\/\/flamencomalaga.com\/de\/wp-json\/wp\/v2\/users\/8"}],"replies":[{"embeddable":true,"href":"https:\/\/flamencomalaga.com\/de\/wp-json\/wp\/v2\/comments?post=29427"}],"version-history":[{"count":0,"href":"https:\/\/flamencomalaga.com\/de\/wp-json\/wp\/v2\/pages\/29427\/revisions"}],"wp:attachment":[{"href":"https:\/\/flamencomalaga.com\/de\/wp-json\/wp\/v2\/media?parent=29427"}],"curies":[{"name":"wp","href":"https:\/\/api.w.org\/{rel}","templated":true}]}}