{"id":22723,"date":"2024-07-19T12:48:47","date_gmt":"2024-07-19T10:48:47","guid":{"rendered":"https:\/\/flamencomalaga.com\/packs\/"},"modified":"2024-11-21T15:54:22","modified_gmt":"2024-11-21T14:54:22","slug":"packs","status":"publish","type":"page","link":"https:\/\/flamencomalaga.com\/de\/packs\/","title":{"rendered":"Packs"},"content":{"rendered":"\t\t<div data-elementor-type=\"wp-page\" data-elementor-id=\"22723\" class=\"elementor elementor-22723 elementor-21026\" data-elementor-post-type=\"page\">\n\t\t\t\t<div class=\"elementor-element elementor-element-658af90 e-flex e-con-boxed e-con e-parent\" data-id=\"658af90\" data-element_type=\"container\" data-e-type=\"container\" data-settings=\"{&quot;background_background&quot;:&quot;classic&quot;}\">\n\t\t\t\t\t<div class=\"e-con-inner\">\n\t\t<div class=\"elementor-element elementor-element-7ed5b19 e-con-full e-flex e-con e-child\" data-id=\"7ed5b19\" data-element_type=\"container\" data-e-type=\"container\">\n\t\t\t\t<div class=\"elementor-element elementor-element-651f0af elementor-widget elementor-widget-heading\" data-id=\"651f0af\" data-element_type=\"widget\" data-e-type=\"widget\" data-widget_type=\"heading.default\">\n\t\t\t\t<div class=\"elementor-widget-container\">\n\t\t\t\t\t<h1 class=\"elementor-heading-title elementor-size-default\">Packs<\/h1>\t\t\t\t<\/div>\n\t\t\t\t<\/div>\n\t\t\t\t<div class=\"elementor-element elementor-element-091bc02 elementor-widget elementor-widget-text-editor\" data-id=\"091bc02\" data-element_type=\"widget\" data-e-type=\"widget\" data-widget_type=\"text-editor.default\">\n\t\t\t\t<div class=\"elementor-widget-container\">\n\t\t\t\t\t\t\t\t\t<p>Eine einzigartige Atmosph\u00e4re, mit viel &#8222;Kunst&#8220;.<br \/>\nEine kulturelle Erfahrung. <\/p>\n\t\t\t\t\t\t\t\t<\/div>\n\t\t\t\t<\/div>\n\t\t\t\t<div class=\"elementor-element elementor-element-94da8bf elementor-widget elementor-widget-text-editor\" data-id=\"94da8bf\" data-element_type=\"widget\" data-e-type=\"widget\" data-widget_type=\"text-editor.default\">\n\t\t\t\t<div class=\"elementor-widget-container\">\n\t\t\t\t\t\t\t\t\t<p>Eine <strong>Auswahl einzigartiger Erlebnisse in Kombination mit einer Flamenco-Show in M\u00e1laga<\/strong>.<br \/>\nW\u00e4hlen Sie das Paket, das Ihnen am besten gef\u00e4llt, und erleben Sie es in vollen Z\u00fcgen.<br \/>\nWir warten auf Sie!  <\/p>\n\t\t\t\t\t\t\t\t<\/div>\n\t\t\t\t<\/div>\n\t\t\t\t<\/div>\n\t\t<div class=\"elementor-element elementor-element-5342119 e-con-full elementor-hidden-mobile e-flex e-con e-child\" data-id=\"5342119\" data-element_type=\"container\" data-e-type=\"container\">\n\t\t\t\t<\/div>\n\t\t\t\t\t<\/div>\n\t\t\t\t<\/div>\n\t\t<div class=\"elementor-element elementor-element-7832d23 e-flex e-con-boxed e-con e-parent\" data-id=\"7832d23\" data-element_type=\"container\" data-e-type=\"container\">\n\t\t\t\t\t<div class=\"e-con-inner\">\n\t\t\t\t<div class=\"elementor-element elementor-element-c621efc elementor-widget elementor-widget-heading\" data-id=\"c621efc\" data-element_type=\"widget\" data-e-type=\"widget\" data-widget_type=\"heading.default\">\n\t\t\t\t<div class=\"elementor-widget-container\">\n\t\t\t\t\t<h2 class=\"elementor-heading-title elementor-size-default\">Genie\u00dfen Sie ein 360\u00ba Erlebnis<\/h2>\t\t\t\t<\/div>\n\t\t\t\t<\/div>\n\t\t\t\t<div class=\"elementor-element elementor-element-876dd07 elementor-widget elementor-widget-text-editor\" data-id=\"876dd07\" data-element_type=\"widget\" data-e-type=\"widget\" data-widget_type=\"text-editor.default\">\n\t\t\t\t<div class=\"elementor-widget-container\">\n\t\t\t\t\t\t\t\t\t<p>Ein magischer Rahmen, in dem Sie nicht aufh\u00f6ren k\u00f6nnen, die hypnotische Bewegung der Volants, das Vibrieren der Saiten der spanischen Gitarre oder die Emotionen der Quej\u00edos zu beobachten. <strong>Entdecken Sie <\/strong><strong>ein einzigartiges und komplettes Programm, das jede Woche wechselt, mit renommierten K\u00fcnstlern von nationalem und internationalem Ruhm <\/strong>.  <\/p>\n<p>Au\u00dferdem bieten wir Pakete an, die den Flamenco mit anderen typischen Malaga-Aktivit\u00e4ten kombinieren, so dass Sie das volle Malaga-Erlebnis erleben k\u00f6nnen.<br \/>\nVerpassen Sie sie nicht! <\/p>\n\t\t\t\t\t\t\t\t<\/div>\n\t\t\t\t<\/div>\n\t\t<div class=\"elementor-element elementor-element-2bc5d77 e-con-full e-flex e-con e-child\" data-id=\"2bc5d77\" data-element_type=\"container\" data-e-type=\"container\">\n\t\t<div class=\"elementor-element elementor-element-91fc73c e-con-full e-flex e-con e-child\" data-id=\"91fc73c\" data-element_type=\"container\" data-e-type=\"container\">\n\t\t<div class=\"elementor-element elementor-element-2d7facf e-con-full e-flex e-con e-child\" data-id=\"2d7facf\" data-element_type=\"container\" data-e-type=\"container\">\n\t\t\t\t<div class=\"elementor-element elementor-element-9c01ea9 elementor-widget elementor-widget-image\" data-id=\"9c01ea9\" data-element_type=\"widget\" data-e-type=\"widget\" data-widget_type=\"image.default\">\n\t\t\t\t<div class=\"elementor-widget-container\">\n\t\t\t\t\t\t\t\t\t\t\t\t\t\t\t<img fetchpriority=\"high\" decoding=\"async\" width=\"800\" height=\"408\" src=\"https:\/\/flamencomalaga.com\/wp-content\/uploads\/2024\/07\/tuktuki-malaga-1024x522.webp?wsr\" class=\"attachment-large size-large wp-image-22675\" alt=\"\" srcset=\"https:\/\/flamencomalaga.com\/wp-content\/uploads\/2024\/07\/tuktuki-malaga-1024x522.webp 1024w, https:\/\/flamencomalaga.com\/wp-content\/uploads\/2024\/07\/tuktuki-malaga-300x153.webp 300w, https:\/\/flamencomalaga.com\/wp-content\/uploads\/2024\/07\/tuktuki-malaga-768x391.webp 768w, https:\/\/flamencomalaga.com\/wp-content\/uploads\/2024\/07\/tuktuki-malaga-1536x783.webp 1536w, https:\/\/flamencomalaga.com\/wp-content\/uploads\/2024\/07\/tuktuki-malaga-2048x1044.webp 2048w\" sizes=\"(max-width: 800px) 100vw, 800px\" \/>\t\t\t\t\t\t\t\t\t\t\t\t\t\t\t<\/div>\n\t\t\t\t<\/div>\n\t\t\t\t<\/div>\n\t\t<div class=\"elementor-element elementor-element-761bf69 e-con-full e-flex e-con e-child\" data-id=\"761bf69\" data-element_type=\"container\" data-e-type=\"container\">\n\t\t\t\t<div class=\"elementor-element elementor-element-6c8a6a9 elementor-widget elementor-widget-heading\" data-id=\"6c8a6a9\" data-element_type=\"widget\" data-e-type=\"widget\" data-widget_type=\"heading.default\">\n\t\t\t\t<div class=\"elementor-widget-container\">\n\t\t\t\t\t<h2 class=\"elementor-heading-title elementor-size-default\">TukTuk-i Tour + Flamenco<\/h2>\t\t\t\t<\/div>\n\t\t\t\t<\/div>\n\t\t\t\t<div class=\"elementor-element elementor-element-452eedb elementor-widget elementor-widget-text-editor\" data-id=\"452eedb\" data-element_type=\"widget\" data-e-type=\"widget\" data-widget_type=\"text-editor.default\">\n\t\t\t\t<div class=\"elementor-widget-container\">\n\t\t\t\t\t\t\t\t\t<p><strong>Inklusive 3 Tapas und Getr\u00e4nk.<\/strong><\/p>\t\t\t\t\t\t\t\t<\/div>\n\t\t\t\t<\/div>\n\t\t\t\t<div class=\"elementor-element elementor-element-393a774 elementor-widget elementor-widget-text-editor\" data-id=\"393a774\" data-element_type=\"widget\" data-e-type=\"widget\" data-widget_type=\"text-editor.default\">\n\t\t\t\t<div class=\"elementor-widget-container\">\n\t\t\t\t\t\t\t\t\t<p>Sind Sie jemals mit einem Tuk-Tuk durch die Stadt gefahren?<br \/>\nSie k\u00f6nnen M\u00e1laga nicht verlassen, ohne in ein Tuk Tuk zu steigen!<br \/>\nGenie\u00dfen Sie eine Fahrt durch die Stra\u00dfen von M\u00e1laga, w\u00e4hrend Sie mit dem Tuk Tuk-i die emblematischsten Orte der Stadt entdecken.<br \/>\nAnschlie\u00dfend haben Sie die M\u00f6glichkeit, eine spektakul\u00e4re Flamenco-Show im Alegria Malaga &amp; Gastronomy zu genie\u00dfen.<br \/>\nErleben Sie M\u00e1laga in vollen Z\u00fcgen!    <\/p>\n\t\t\t\t\t\t\t\t<\/div>\n\t\t\t\t<\/div>\n\t\t\t\t<div class=\"elementor-element elementor-element-a2df6bf elementor-widget elementor-widget-html\" data-id=\"a2df6bf\" data-element_type=\"widget\" data-e-type=\"widget\" data-widget_type=\"html.default\">\n\t\t\t\t<div class=\"elementor-widget-container\">\n\t\t\t\t\t<script src=\"https:\/\/cdn.checkout.ventrata.com\/v3\/production\/ventrata-checkout.min.js\" type=\"module\" data-config='{\"env\": \"live\", \"lang\":\"de\" }'>\n<\/script>\n\n\n<aside \n     ventrata-embedded-widget\n     data-config='{\"productID\":\"fe32154e-9827-408c-a392-867cccbee020\" }'>\n  <\/aside>\n\n<button class=\"ventrataButton\" ventrata-checkout data-config='{\"apiKey\":\"a9089240-0a5c-49c4-ab94-082818f9b5cd\", \"productID\":\"fe32154e-9827-408c-a392-867cccbee020\" }'>\nTICKETS KAUFEN\n<\/button>\t\t\t\t<\/div>\n\t\t\t\t<\/div>\n\t\t\t\t<\/div>\n\t\t\t\t<\/div>\n\t\t<div class=\"elementor-element elementor-element-a65035a e-con-full e-flex e-con e-child\" data-id=\"a65035a\" data-element_type=\"container\" data-e-type=\"container\">\n\t\t\t\t<div class=\"elementor-element elementor-element-c61c075 elementor-widget-divider--view-line elementor-widget elementor-widget-divider\" data-id=\"c61c075\" data-element_type=\"widget\" data-e-type=\"widget\" data-widget_type=\"divider.default\">\n\t\t\t\t<div class=\"elementor-widget-container\">\n\t\t\t\t\t\t\t<div class=\"elementor-divider\">\n\t\t\t<span class=\"elementor-divider-separator\">\n\t\t\t\t\t\t<\/span>\n\t\t<\/div>\n\t\t\t\t\t\t<\/div>\n\t\t\t\t<\/div>\n\t\t\t\t<\/div>\n\t\t<div class=\"elementor-element elementor-element-75aad16 e-con-full e-flex e-con e-child\" data-id=\"75aad16\" data-element_type=\"container\" data-e-type=\"container\">\n\t\t<div class=\"elementor-element elementor-element-d8c8a4c e-con-full e-flex e-con e-child\" data-id=\"d8c8a4c\" data-element_type=\"container\" data-e-type=\"container\">\n\t\t\t\t<div class=\"elementor-element elementor-element-629acd9 elementor-widget elementor-widget-image\" data-id=\"629acd9\" data-element_type=\"widget\" data-e-type=\"widget\" data-widget_type=\"image.default\">\n\t\t\t\t<div class=\"elementor-widget-container\">\n\t\t\t\t\t\t\t\t\t\t\t\t\t\t\t<img decoding=\"async\" width=\"800\" height=\"450\" src=\"https:\/\/flamencomalaga.com\/wp-content\/uploads\/2024\/07\/mundomarinoflamenco-1024x576.webp?wsr\" class=\"attachment-large size-large wp-image-22680\" alt=\"\" srcset=\"https:\/\/flamencomalaga.com\/wp-content\/uploads\/2024\/07\/mundomarinoflamenco-1024x576.webp 1024w, https:\/\/flamencomalaga.com\/wp-content\/uploads\/2024\/07\/mundomarinoflamenco-300x169.webp 300w, https:\/\/flamencomalaga.com\/wp-content\/uploads\/2024\/07\/mundomarinoflamenco-768x432.webp 768w, https:\/\/flamencomalaga.com\/wp-content\/uploads\/2024\/07\/mundomarinoflamenco-1536x864.webp 1536w, https:\/\/flamencomalaga.com\/wp-content\/uploads\/2024\/07\/mundomarinoflamenco-2048x1152.webp 2048w\" sizes=\"(max-width: 800px) 100vw, 800px\" \/>\t\t\t\t\t\t\t\t\t\t\t\t\t\t\t<\/div>\n\t\t\t\t<\/div>\n\t\t\t\t<\/div>\n\t\t<div class=\"elementor-element elementor-element-ba34b40 e-con-full e-flex e-con e-child\" data-id=\"ba34b40\" data-element_type=\"container\" data-e-type=\"container\">\n\t\t\t\t<div class=\"elementor-element elementor-element-d379941 elementor-widget elementor-widget-heading\" data-id=\"d379941\" data-element_type=\"widget\" data-e-type=\"widget\" data-widget_type=\"heading.default\">\n\t\t\t\t<div class=\"elementor-widget-container\">\n\t\t\t\t\t<h2 class=\"elementor-heading-title elementor-size-default\">Bootsfahrt und Flamenco Show<\/h2>\t\t\t\t<\/div>\n\t\t\t\t<\/div>\n\t\t\t\t<div class=\"elementor-element elementor-element-deddac1 elementor-widget elementor-widget-text-editor\" data-id=\"deddac1\" data-element_type=\"widget\" data-e-type=\"widget\" data-widget_type=\"text-editor.default\">\n\t\t\t\t<div class=\"elementor-widget-container\">\n\t\t\t\t\t\t\t\t\t<p>Erleben Sie eine einzigartige Erfahrung in M\u00e1laga.<br \/>\nWir bieten Ihnen ein exklusives Paket, das eine gef\u00fchrte Bootstour mit Mundo Marino entlang der Costa del Sol beinhaltet, bei der Sie sich vor der spektakul\u00e4ren Flamenco-Show am Abend im Alegria Malaga auf dem Meer entspannen k\u00f6nnen.<br \/>\nWenn Sie Segeln und Flamenco m\u00f6gen, ist dies der perfekte Plan f\u00fcr Sie!  <\/p>\n\t\t\t\t\t\t\t\t<\/div>\n\t\t\t\t<\/div>\n\t\t\t\t<div class=\"elementor-element elementor-element-067efd8 elementor-widget elementor-widget-html\" data-id=\"067efd8\" data-element_type=\"widget\" data-e-type=\"widget\" data-widget_type=\"html.default\">\n\t\t\t\t<div class=\"elementor-widget-container\">\n\t\t\t\t\t<script src=\"https:\/\/cdn.checkout.ventrata.com\/v3\/production\/ventrata-checkout.min.js\" type=\"module\" data-config='{\"env\": \"live\", \"lang\":\"de\" }'>\n<\/script>\n\n\n<aside \n     ventrata-embedded-widget\n     data-config='{\"productID\":\"bd8b1527-a682-4d67-8cd0-48a7752f57cc\" }'>\n  <\/aside>\n\n<button class=\"ventrataButton\" ventrata-checkout data-config='{\"apiKey\":\"a9089240-0a5c-49c4-ab94-082818f9b5cd\", \"productID\":\"bd8b1527-a682-4d67-8cd0-48a7752f57cc\" }'>\nTICKETS KAUFEN\n<\/button>\t\t\t\t<\/div>\n\t\t\t\t<\/div>\n\t\t\t\t<\/div>\n\t\t\t\t<\/div>\n\t\t<div class=\"elementor-element elementor-element-101d38d e-con-full e-flex e-con e-child\" data-id=\"101d38d\" data-element_type=\"container\" data-e-type=\"container\">\n\t\t\t\t<div class=\"elementor-element elementor-element-25380af elementor-widget-divider--view-line elementor-widget elementor-widget-divider\" data-id=\"25380af\" data-element_type=\"widget\" data-e-type=\"widget\" data-widget_type=\"divider.default\">\n\t\t\t\t<div class=\"elementor-widget-container\">\n\t\t\t\t\t\t\t<div class=\"elementor-divider\">\n\t\t\t<span class=\"elementor-divider-separator\">\n\t\t\t\t\t\t<\/span>\n\t\t<\/div>\n\t\t\t\t\t\t<\/div>\n\t\t\t\t<\/div>\n\t\t\t\t<\/div>\n\t\t<div class=\"elementor-element elementor-element-d871a5d e-con-full e-flex e-con e-child\" data-id=\"d871a5d\" data-element_type=\"container\" data-e-type=\"container\">\n\t\t<div class=\"elementor-element elementor-element-e319fca e-con-full e-flex e-con e-child\" data-id=\"e319fca\" data-element_type=\"container\" data-e-type=\"container\">\n\t\t\t\t<div class=\"elementor-element elementor-element-0d31fa6 elementor-widget elementor-widget-image\" data-id=\"0d31fa6\" data-element_type=\"widget\" data-e-type=\"widget\" data-widget_type=\"image.default\">\n\t\t\t\t<div class=\"elementor-widget-container\">\n\t\t\t\t\t\t\t\t\t\t\t\t\t\t\t<img decoding=\"async\" width=\"800\" height=\"500\" src=\"https:\/\/flamencomalaga.com\/wp-content\/uploads\/2024\/07\/experiencia-flamenco.webp?wsr\" class=\"attachment-large size-large wp-image-22685\" alt=\"\" srcset=\"https:\/\/flamencomalaga.com\/wp-content\/uploads\/2024\/07\/experiencia-flamenco.webp 800w, https:\/\/flamencomalaga.com\/wp-content\/uploads\/2024\/07\/experiencia-flamenco-300x188.webp 300w, https:\/\/flamencomalaga.com\/wp-content\/uploads\/2024\/07\/experiencia-flamenco-768x480.webp 768w\" sizes=\"(max-width: 800px) 100vw, 800px\" \/>\t\t\t\t\t\t\t\t\t\t\t\t\t\t\t<\/div>\n\t\t\t\t<\/div>\n\t\t\t\t<\/div>\n\t\t<div class=\"elementor-element elementor-element-1c7fbde e-con-full e-flex e-con e-child\" data-id=\"1c7fbde\" data-element_type=\"container\" data-e-type=\"container\">\n\t\t\t\t<div class=\"elementor-element elementor-element-0be4003 elementor-widget elementor-widget-heading\" data-id=\"0be4003\" data-element_type=\"widget\" data-e-type=\"widget\" data-widget_type=\"heading.default\">\n\t\t\t\t<div class=\"elementor-widget-container\">\n\t\t\t\t\t<h2 class=\"elementor-heading-title elementor-size-default\">Einf\u00fchrung in den Flamenco + Show<\/h2>\t\t\t\t<\/div>\n\t\t\t\t<\/div>\n\t\t\t\t<div class=\"elementor-element elementor-element-5005f28 elementor-widget elementor-widget-text-editor\" data-id=\"5005f28\" data-element_type=\"widget\" data-e-type=\"widget\" data-widget_type=\"text-editor.default\">\n\t\t\t\t<div class=\"elementor-widget-container\">\n\t\t\t\t\t\t\t\t\t<p><strong>Inklusive 3 Tapas und Getr\u00e4nk.<\/strong><\/p>\t\t\t\t\t\t\t\t<\/div>\n\t\t\t\t<\/div>\n\t\t\t\t<div class=\"elementor-element elementor-element-cac33d2 elementor-widget elementor-widget-text-editor\" data-id=\"cac33d2\" data-element_type=\"widget\" data-e-type=\"widget\" data-widget_type=\"text-editor.default\">\n\t\t\t\t<div class=\"elementor-widget-container\">\n\t\t\t\t\t\t\t\t\t<p>Haben Sie jemals einen Flamenco-Einf\u00fchrungskurs besucht?<br \/>\nWenn Sie sich f\u00fcr Flamenco begeistern, ist dieses Paket perfekt f\u00fcr Sie.<br \/>\nSie werden die Gelegenheit haben, in eine interaktive Reise einzutauchen, den Gesang und den Tanz zu erleben und sich durch unsere 5 interaktiven Bildschirme mit dem Flamenco zu verbinden.<br \/>\nZum Abschluss haben Sie die M\u00f6glichkeit, eine spektakul\u00e4re Flamenco-Show im Alegria Malaga &amp; Gastronomie zu genie\u00dfen.   <\/p>\n\t\t\t\t\t\t\t\t<\/div>\n\t\t\t\t<\/div>\n\t\t\t\t<div class=\"elementor-element elementor-element-be8c7e6 elementor-widget elementor-widget-html\" data-id=\"be8c7e6\" data-element_type=\"widget\" data-e-type=\"widget\" data-widget_type=\"html.default\">\n\t\t\t\t<div class=\"elementor-widget-container\">\n\t\t\t\t\t<script src=\"https:\/\/cdn.checkout.ventrata.com\/v3\/production\/ventrata-checkout.min.js\" type=\"module\" data-config='{\"env\": \"live\", \"lang\":\"de\" }'>\n<\/script>\n\n\n<aside \n     ventrata-embedded-widget\n     data-config='{\"productID\":\"341c397e-1387-4ad4-93b5-8129ee3264ad\" }'>\n  <\/aside>\n\n<button class=\"ventrataButton\" ventrata-checkout data-config='{\"apiKey\":\"a9089240-0a5c-49c4-ab94-082818f9b5cd\", \"productID\":\"341c397e-1387-4ad4-93b5-8129ee3264ad\" }'>\nTICKETS KAUFEN\n<\/button>\t\t\t\t<\/div>\n\t\t\t\t<\/div>\n\t\t\t\t<\/div>\n\t\t\t\t<\/div>\n\t\t\t\t<\/div>\n\t\t\t\t\t<\/div>\n\t\t\t\t<\/div>\n\t\t\t\t<\/div>\n\t\t","protected":false},"excerpt":{"rendered":"<p>Packs Eine einzigartige Atmosph\u00e4re, mit viel &#8222;Kunst&#8220;. Eine kulturelle Erfahrung. Eine Auswahl einzigartiger Erlebnisse in Kombination mit einer Flamenco-Show in M\u00e1laga. W\u00e4hlen Sie das Paket, das Ihnen am besten gef\u00e4llt, und erleben Sie es in vollen Z\u00fcgen. Wir warten auf Sie! Genie\u00dfen Sie ein 360\u00ba Erlebnis Ein magischer Rahmen, in dem Sie nicht aufh\u00f6ren k\u00f6nnen, [&hellip;]<\/p>\n","protected":false},"author":8,"featured_media":0,"parent":0,"menu_order":0,"comment_status":"closed","ping_status":"closed","template":"","meta":{"_acf_changed":false,"footnotes":""},"class_list":["post-22723","page","type-page","status-publish","hentry"],"acf":[],"yoast_head":"<!-- This site is optimized with the Yoast SEO plugin v27.3 - https:\/\/yoast.com\/product\/yoast-seo-wordpress\/ -->\n<title>Packs | Flamenco Alegr\u00eda<\/title>\n<meta name=\"description\" content=\"Erleben Sie M\u00e1laga mit unseren 360\u00ba-Paketen in vollen Z\u00fcgen. Genie\u00dfen Sie verschiedene Aktivit\u00e4ten vor einer Flamenco-Show.\" \/>\n<meta name=\"robots\" content=\"index, follow, max-snippet:-1, max-image-preview:large, max-video-preview:-1\" \/>\n<link rel=\"canonical\" href=\"https:\/\/flamencomalaga.com\/de\/packs\/\" \/>\n<meta property=\"og:locale\" content=\"de_DE\" \/>\n<meta property=\"og:type\" content=\"article\" \/>\n<meta property=\"og:title\" content=\"Packs | Flamenco Alegr\u00eda\" \/>\n<meta property=\"og:description\" content=\"Erleben Sie M\u00e1laga mit unseren 360\u00ba-Paketen in vollen Z\u00fcgen. Genie\u00dfen Sie verschiedene Aktivit\u00e4ten vor einer Flamenco-Show.\" \/>\n<meta property=\"og:url\" content=\"https:\/\/flamencomalaga.com\/de\/packs\/\" \/>\n<meta property=\"og:site_name\" content=\"Flamenco Alegr\u00eda\" \/>\n<meta property=\"article:publisher\" content=\"https:\/\/www.facebook.com\/alegriaflamencomalaga\/?locale=es_ES\" \/>\n<meta property=\"article:modified_time\" content=\"2024-11-21T14:54:22+00:00\" \/>\n<meta property=\"og:image\" content=\"http:\/\/flamencomalaga.com\/wp-content\/uploads\/2024\/07\/tuktuki-malaga-1024x522.webp\" \/>\n<meta name=\"twitter:card\" content=\"summary_large_image\" \/>\n<meta name=\"twitter:label1\" content=\"Gesch\u00e4tzte Lesezeit\" \/>\n\t<meta name=\"twitter:data1\" content=\"3\u00a0Minute\" \/>\n<!-- \/ Yoast SEO plugin. -->","yoast_head_json":{"title":"Packs | Flamenco Alegr\u00eda","description":"Erleben Sie M\u00e1laga mit unseren 360\u00ba-Paketen in vollen Z\u00fcgen. Genie\u00dfen Sie verschiedene Aktivit\u00e4ten vor einer Flamenco-Show.","robots":{"index":"index","follow":"follow","max-snippet":"max-snippet:-1","max-image-preview":"max-image-preview:large","max-video-preview":"max-video-preview:-1"},"canonical":"https:\/\/flamencomalaga.com\/de\/packs\/","og_locale":"de_DE","og_type":"article","og_title":"Packs | Flamenco Alegr\u00eda","og_description":"Erleben Sie M\u00e1laga mit unseren 360\u00ba-Paketen in vollen Z\u00fcgen. Genie\u00dfen Sie verschiedene Aktivit\u00e4ten vor einer Flamenco-Show.","og_url":"https:\/\/flamencomalaga.com\/de\/packs\/","og_site_name":"Flamenco Alegr\u00eda","article_publisher":"https:\/\/www.facebook.com\/alegriaflamencomalaga\/?locale=es_ES","article_modified_time":"2024-11-21T14:54:22+00:00","og_image":[{"url":"http:\/\/flamencomalaga.com\/wp-content\/uploads\/2024\/07\/tuktuki-malaga-1024x522.webp","type":"","width":"","height":""}],"twitter_card":"summary_large_image","twitter_misc":{"Gesch\u00e4tzte Lesezeit":"3\u00a0Minute"},"schema":{"@context":"https:\/\/schema.org","@graph":[{"@type":"WebPage","@id":"https:\/\/flamencomalaga.com\/de\/packs\/","url":"https:\/\/flamencomalaga.com\/de\/packs\/","name":"Packs | Flamenco Alegr\u00eda","isPartOf":{"@id":"https:\/\/flamencomalaga.com\/de\/#website"},"primaryImageOfPage":{"@id":"https:\/\/flamencomalaga.com\/de\/packs\/#primaryimage"},"image":{"@id":"https:\/\/flamencomalaga.com\/de\/packs\/#primaryimage"},"thumbnailUrl":"http:\/\/flamencomalaga.com\/wp-content\/uploads\/2024\/07\/tuktuki-malaga-1024x522.webp","datePublished":"2024-07-19T10:48:47+00:00","dateModified":"2024-11-21T14:54:22+00:00","description":"Erleben Sie M\u00e1laga mit unseren 360\u00ba-Paketen in vollen Z\u00fcgen. Genie\u00dfen Sie verschiedene Aktivit\u00e4ten vor einer Flamenco-Show.","breadcrumb":{"@id":"https:\/\/flamencomalaga.com\/de\/packs\/#breadcrumb"},"inLanguage":"de","potentialAction":[{"@type":"ReadAction","target":["https:\/\/flamencomalaga.com\/de\/packs\/"]}]},{"@type":"ImageObject","inLanguage":"de","@id":"https:\/\/flamencomalaga.com\/de\/packs\/#primaryimage","url":"http:\/\/flamencomalaga.com\/wp-content\/uploads\/2024\/07\/tuktuki-malaga-1024x522.webp","contentUrl":"http:\/\/flamencomalaga.com\/wp-content\/uploads\/2024\/07\/tuktuki-malaga-1024x522.webp"},{"@type":"BreadcrumbList","@id":"https:\/\/flamencomalaga.com\/de\/packs\/#breadcrumb","itemListElement":[{"@type":"ListItem","position":1,"name":"Startseite","item":"https:\/\/flamencomalaga.com\/de\/"},{"@type":"ListItem","position":2,"name":"Packs"}]},{"@type":"WebSite","@id":"https:\/\/flamencomalaga.com\/de\/#website","url":"https:\/\/flamencomalaga.com\/de\/","name":"Flamenco Alegr\u00eda y Gastronomia","description":"","publisher":{"@id":"https:\/\/flamencomalaga.com\/de\/#organization"},"alternateName":"Flamenco Alegr\u00eda","potentialAction":[{"@type":"SearchAction","target":{"@type":"EntryPoint","urlTemplate":"https:\/\/flamencomalaga.com\/de\/?s={search_term_string}"},"query-input":{"@type":"PropertyValueSpecification","valueRequired":true,"valueName":"search_term_string"}}],"inLanguage":"de"},{"@type":"Organization","@id":"https:\/\/flamencomalaga.com\/de\/#organization","name":"Flamenco Alegr\u00eda","alternateName":"Alegr\u00eda - Flamenco y Gastronom\u00eda","url":"https:\/\/flamencomalaga.com\/de\/","logo":{"@type":"ImageObject","inLanguage":"de","@id":"https:\/\/flamencomalaga.com\/de\/#\/schema\/logo\/image\/","url":"https:\/\/flamencomalaga.com\/wp-content\/uploads\/2024\/07\/flamenco-malaga_logo.png?wsr","contentUrl":"https:\/\/flamencomalaga.com\/wp-content\/uploads\/2024\/07\/flamenco-malaga_logo.png?wsr","width":166,"height":85,"caption":"Flamenco Alegr\u00eda"},"image":{"@id":"https:\/\/flamencomalaga.com\/de\/#\/schema\/logo\/image\/"},"sameAs":["https:\/\/www.facebook.com\/alegriaflamencomalaga\/?locale=es_ES","https:\/\/www.instagram.com\/flamencomalagaalegria","https:\/\/www.tiktok.com\/@flamencomalaga"]}]}},"_links":{"self":[{"href":"https:\/\/flamencomalaga.com\/de\/wp-json\/wp\/v2\/pages\/22723","targetHints":{"allow":["GET"]}}],"collection":[{"href":"https:\/\/flamencomalaga.com\/de\/wp-json\/wp\/v2\/pages"}],"about":[{"href":"https:\/\/flamencomalaga.com\/de\/wp-json\/wp\/v2\/types\/page"}],"author":[{"embeddable":true,"href":"https:\/\/flamencomalaga.com\/de\/wp-json\/wp\/v2\/users\/8"}],"replies":[{"embeddable":true,"href":"https:\/\/flamencomalaga.com\/de\/wp-json\/wp\/v2\/comments?post=22723"}],"version-history":[{"count":0,"href":"https:\/\/flamencomalaga.com\/de\/wp-json\/wp\/v2\/pages\/22723\/revisions"}],"wp:attachment":[{"href":"https:\/\/flamencomalaga.com\/de\/wp-json\/wp\/v2\/media?parent=22723"}],"curies":[{"name":"wp","href":"https:\/\/api.w.org\/{rel}","templated":true}]}}