{"id":22402,"date":"2024-07-19T12:44:20","date_gmt":"2024-07-19T12:44:20","guid":{"rendered":"https:\/\/flamencomalaga.com\/bedingungen-fuer-den-kauf\/"},"modified":"2024-07-29T08:45:52","modified_gmt":"2024-07-29T08:45:52","slug":"bedingungen-fuer-den-kauf","status":"publish","type":"page","link":"https:\/\/flamencomalaga.com\/de\/bedingungen-fuer-den-kauf\/","title":{"rendered":"Bedingungen f\u00fcr den Kauf"},"content":{"rendered":"\n<p>Sollte es nicht m\u00f6glich sein, auf eine der Websites zuzugreifen oder eine erworbene Dienstleistung zu erbringen, m\u00f6chten wir Ihnen versichern, dass Sie den Betrag im Verh\u00e4ltnis zu dem betroffenen Zugang oder der betroffenen Dienstleistung zur\u00fcckerstattet bekommen. Es ist wichtig f\u00fcr Sie zu wissen, dass wir uns im Rahmen unserer Verpflichtung, Ihre Zufriedenheit zu garantieren, bem\u00fchen, alle Ihre Erwartungen zu erf\u00fcllen und im Falle eines Falles m\u00f6chten wir Ihnen versichern, dass wir schnell und effektiv handeln werden, um alle Unannehmlichkeiten zu l\u00f6sen, die auftreten k\u00f6nnen.<\/p>\n\n<p>Wir m\u00f6chten, dass Sie sich sicher f\u00fchlen, wenn Sie unsere Dienste in Anspruch nehmen. Wenn Sie also aus irgendeinem Grund Ihre Buchung stornieren m\u00f6chten, m\u00fcssen Sie dies nur 24 Stunden im Voraus tun. In diesem Fall erfolgt die R\u00fcckerstattung des entsprechenden Betrags auf demselben Weg, der f\u00fcr die Zahlung verwendet wurde (Bargeld, Karte usw.).<\/p>\n\n<p>Kurz gesagt, in unserem Unternehmen sind wir bestrebt, Ihnen die bestm\u00f6gliche Aufmerksamkeit und den bestm\u00f6glichen Service zu bieten, mit der Verpflichtung, jede Situation zu l\u00f6sen, die Ihre Erfahrung mit uns beeintr\u00e4chtigen k\u00f6nnte.<\/p>\n\n<p>Vielen Dank f\u00fcr Ihr Vertrauen in unsere Dienste und wir hoffen, Sie bald wiederzusehen!<\/p>\n","protected":false},"excerpt":{"rendered":"<p>Sollte es nicht m\u00f6glich sein, auf eine der Websites zuzugreifen oder eine erworbene Dienstleistung zu erbringen, m\u00f6chten wir Ihnen versichern, dass Sie den Betrag im Verh\u00e4ltnis zu dem betroffenen Zugang oder der betroffenen Dienstleistung zur\u00fcckerstattet bekommen. Es ist wichtig f\u00fcr Sie zu wissen, dass wir uns im Rahmen unserer Verpflichtung, Ihre Zufriedenheit zu garantieren, bem\u00fchen, [&hellip;]<\/p>\n","protected":false},"author":8,"featured_media":0,"parent":0,"menu_order":0,"comment_status":"closed","ping_status":"closed","template":"","meta":{"_acf_changed":false,"footnotes":""},"class_list":["post-22402","page","type-page","status-publish","hentry"],"acf":[],"yoast_head":"<!-- This site is optimized with the Yoast SEO plugin v27.3 - https:\/\/yoast.com\/product\/yoast-seo-wordpress\/ -->\n<title>Bedingungen f\u00fcr den Kauf | Flamenco Alegr\u00eda<\/title>\n<meta name=\"robots\" content=\"index, follow, max-snippet:-1, max-image-preview:large, max-video-preview:-1\" \/>\n<link rel=\"canonical\" href=\"https:\/\/flamencomalaga.com\/de\/bedingungen-fuer-den-kauf\/\" \/>\n<meta property=\"og:locale\" content=\"de_DE\" \/>\n<meta property=\"og:type\" content=\"article\" \/>\n<meta property=\"og:title\" content=\"Bedingungen f\u00fcr den Kauf | Flamenco Alegr\u00eda\" \/>\n<meta property=\"og:description\" content=\"Sollte es nicht m\u00f6glich sein, auf eine der Websites zuzugreifen oder eine erworbene Dienstleistung zu erbringen, m\u00f6chten wir Ihnen versichern, dass Sie den Betrag im Verh\u00e4ltnis zu dem betroffenen Zugang oder der betroffenen Dienstleistung zur\u00fcckerstattet bekommen. Es ist wichtig f\u00fcr Sie zu wissen, dass wir uns im Rahmen unserer Verpflichtung, Ihre Zufriedenheit zu garantieren, bem\u00fchen, [&hellip;]\" \/>\n<meta property=\"og:url\" content=\"https:\/\/flamencomalaga.com\/de\/bedingungen-fuer-den-kauf\/\" \/>\n<meta property=\"og:site_name\" content=\"Flamenco Alegr\u00eda\" \/>\n<meta property=\"article:publisher\" content=\"https:\/\/www.facebook.com\/alegriaflamencomalaga\/?locale=es_ES\" \/>\n<meta property=\"article:modified_time\" content=\"2024-07-29T08:45:52+00:00\" \/>\n<meta property=\"og:image\" content=\"https:\/\/flamencomalaga.com\/wp-content\/uploads\/2024\/07\/home-min-510x382-1.jpg?wsr\" \/>\n\t<meta property=\"og:image:width\" content=\"510\" \/>\n\t<meta property=\"og:image:height\" content=\"382\" \/>\n\t<meta property=\"og:image:type\" content=\"image\/jpeg\" \/>\n<meta name=\"twitter:card\" content=\"summary_large_image\" \/>\n<meta name=\"twitter:label1\" content=\"Gesch\u00e4tzte Lesezeit\" \/>\n\t<meta name=\"twitter:data1\" content=\"1\u00a0Minute\" \/>\n<!-- \/ Yoast SEO plugin. -->","yoast_head_json":{"title":"Bedingungen f\u00fcr den Kauf | Flamenco Alegr\u00eda","robots":{"index":"index","follow":"follow","max-snippet":"max-snippet:-1","max-image-preview":"max-image-preview:large","max-video-preview":"max-video-preview:-1"},"canonical":"https:\/\/flamencomalaga.com\/de\/bedingungen-fuer-den-kauf\/","og_locale":"de_DE","og_type":"article","og_title":"Bedingungen f\u00fcr den Kauf | Flamenco Alegr\u00eda","og_description":"Sollte es nicht m\u00f6glich sein, auf eine der Websites zuzugreifen oder eine erworbene Dienstleistung zu erbringen, m\u00f6chten wir Ihnen versichern, dass Sie den Betrag im Verh\u00e4ltnis zu dem betroffenen Zugang oder der betroffenen Dienstleistung zur\u00fcckerstattet bekommen. Es ist wichtig f\u00fcr Sie zu wissen, dass wir uns im Rahmen unserer Verpflichtung, Ihre Zufriedenheit zu garantieren, bem\u00fchen, [&hellip;]","og_url":"https:\/\/flamencomalaga.com\/de\/bedingungen-fuer-den-kauf\/","og_site_name":"Flamenco Alegr\u00eda","article_publisher":"https:\/\/www.facebook.com\/alegriaflamencomalaga\/?locale=es_ES","article_modified_time":"2024-07-29T08:45:52+00:00","og_image":[{"width":510,"height":382,"url":"https:\/\/flamencomalaga.com\/wp-content\/uploads\/2024\/07\/home-min-510x382-1.jpg?wsr","type":"image\/jpeg"}],"twitter_card":"summary_large_image","twitter_misc":{"Gesch\u00e4tzte Lesezeit":"1\u00a0Minute"},"schema":{"@context":"https:\/\/schema.org","@graph":[{"@type":"WebPage","@id":"https:\/\/flamencomalaga.com\/de\/bedingungen-fuer-den-kauf\/","url":"https:\/\/flamencomalaga.com\/de\/bedingungen-fuer-den-kauf\/","name":"Bedingungen f\u00fcr den Kauf | Flamenco Alegr\u00eda","isPartOf":{"@id":"https:\/\/flamencomalaga.com\/de\/#website"},"datePublished":"2024-07-19T12:44:20+00:00","dateModified":"2024-07-29T08:45:52+00:00","breadcrumb":{"@id":"https:\/\/flamencomalaga.com\/de\/bedingungen-fuer-den-kauf\/#breadcrumb"},"inLanguage":"de","potentialAction":[{"@type":"ReadAction","target":["https:\/\/flamencomalaga.com\/de\/bedingungen-fuer-den-kauf\/"]}]},{"@type":"BreadcrumbList","@id":"https:\/\/flamencomalaga.com\/de\/bedingungen-fuer-den-kauf\/#breadcrumb","itemListElement":[{"@type":"ListItem","position":1,"name":"Startseite","item":"https:\/\/flamencomalaga.com\/de\/"},{"@type":"ListItem","position":2,"name":"Bedingungen f\u00fcr den Kauf"}]},{"@type":"WebSite","@id":"https:\/\/flamencomalaga.com\/de\/#website","url":"https:\/\/flamencomalaga.com\/de\/","name":"Flamenco Alegr\u00eda y Gastronomia","description":"","publisher":{"@id":"https:\/\/flamencomalaga.com\/de\/#organization"},"alternateName":"Flamenco Alegr\u00eda","potentialAction":[{"@type":"SearchAction","target":{"@type":"EntryPoint","urlTemplate":"https:\/\/flamencomalaga.com\/de\/?s={search_term_string}"},"query-input":{"@type":"PropertyValueSpecification","valueRequired":true,"valueName":"search_term_string"}}],"inLanguage":"de"},{"@type":"Organization","@id":"https:\/\/flamencomalaga.com\/de\/#organization","name":"Flamenco Alegr\u00eda","alternateName":"Alegr\u00eda - Flamenco y Gastronom\u00eda","url":"https:\/\/flamencomalaga.com\/de\/","logo":{"@type":"ImageObject","inLanguage":"de","@id":"https:\/\/flamencomalaga.com\/de\/#\/schema\/logo\/image\/","url":"https:\/\/flamencomalaga.com\/wp-content\/uploads\/2024\/07\/flamenco-malaga_logo.png?wsr","contentUrl":"https:\/\/flamencomalaga.com\/wp-content\/uploads\/2024\/07\/flamenco-malaga_logo.png?wsr","width":166,"height":85,"caption":"Flamenco Alegr\u00eda"},"image":{"@id":"https:\/\/flamencomalaga.com\/de\/#\/schema\/logo\/image\/"},"sameAs":["https:\/\/www.facebook.com\/alegriaflamencomalaga\/?locale=es_ES","https:\/\/www.instagram.com\/flamencomalagaalegria","https:\/\/www.tiktok.com\/@flamencomalaga"]}]}},"_links":{"self":[{"href":"https:\/\/flamencomalaga.com\/de\/wp-json\/wp\/v2\/pages\/22402","targetHints":{"allow":["GET"]}}],"collection":[{"href":"https:\/\/flamencomalaga.com\/de\/wp-json\/wp\/v2\/pages"}],"about":[{"href":"https:\/\/flamencomalaga.com\/de\/wp-json\/wp\/v2\/types\/page"}],"author":[{"embeddable":true,"href":"https:\/\/flamencomalaga.com\/de\/wp-json\/wp\/v2\/users\/8"}],"replies":[{"embeddable":true,"href":"https:\/\/flamencomalaga.com\/de\/wp-json\/wp\/v2\/comments?post=22402"}],"version-history":[{"count":0,"href":"https:\/\/flamencomalaga.com\/de\/wp-json\/wp\/v2\/pages\/22402\/revisions"}],"wp:attachment":[{"href":"https:\/\/flamencomalaga.com\/de\/wp-json\/wp\/v2\/media?parent=22402"}],"curies":[{"name":"wp","href":"https:\/\/api.w.org\/{rel}","templated":true}]}}