{"id":22125,"date":"2024-07-19T12:49:23","date_gmt":"2024-07-19T12:49:23","guid":{"rendered":"https:\/\/flamencomalaga.com\/datenschutzbestimmungen\/"},"modified":"2024-07-29T07:47:23","modified_gmt":"2024-07-29T07:47:23","slug":"datenschutzbestimmungen","status":"publish","type":"page","link":"https:\/\/flamencomalaga.com\/de\/datenschutzbestimmungen\/","title":{"rendered":"Datenschutzbestimmungen"},"content":{"rendered":"\n<p>Gem\u00e4\u00df dem Organgesetz 15\/1999 vom 13. Dezember \u00fcber den Schutz personenbezogener Daten (LOPD) werden die Nutzer dar\u00fcber informiert, dass alle personenbezogenen Daten, die sie uns \u00fcber die Formulare auf dieser Website mitteilen, in die bei der spanischen Datenschutzbeh\u00f6rde registrierten Dateien aufgenommen werden, deren Eigent\u00fcmer und Verantwortlicher Flamenco M\u00e1laga S.L. ist, um alle Fragen, die sie uns \u00fcber diese Formulare stellen, beantworten zu k\u00f6nnen. Zu diesem Zweck und in \u00dcbereinstimmung mit dem K\u00f6niglichen Dekret 1720\/2007 vom 21. Dezember ergreift Flamenco M\u00e1laga S.L. geeignete Sicherheitsma\u00dfnahmen f\u00fcr die von den Nutzern zur Verf\u00fcgung gestellten personenbezogenen Daten und setzt die technischen Mittel und Ma\u00dfnahmen ein, um den Verlust, den Missbrauch, die Ver\u00e4nderung, den unbefugten Zugriff und den Diebstahl derselben zu verhindern. Au\u00dferdem informieren wir Sie dar\u00fcber, dass die \u00fcber diese Website eingegangenen Lebensl\u00e4ufe f\u00fcr einen Zeitraum von maximal sechs Monaten nach Erhalt gespeichert werden. Wenn es nach Ablauf dieser Frist nicht in ein Auswahlverfahren einbezogen wurde, wird es vernichtet.<\/p>\n\n<p>In Bezug auf die Ver\u00f6ffentlichung personenbezogener Daten in Blogs und sozialen Netzwerken, die diese Website m\u00f6glicherweise teilen, k\u00f6nnen personenbezogene Daten zum Zweck der Beantwortung von Kommentaren und der Verbesserung unserer Dienstleistungen verarbeitet werden. Die Datenschutzpolitik wird von den f\u00fcr diese Websites verantwortlichen Stellen festgelegt. Flamenco M\u00e1laga S.L. ist nicht verantwortlich f\u00fcr die pers\u00f6nlichen Daten, die jeder Benutzer ver\u00f6ffentlicht. Wenn Sie unseren Newsletter abonnieren, erhalten Sie Informationen \u00fcber unsere Aktivit\u00e4ten, Veranstaltungen, Angebote usw. Sie k\u00f6nnen sich abmelden, indem Sie uns eine E-Mail schicken, in der Sie in der Betreffzeile angeben, dass Sie diesen Newsletter nicht mehr erhalten m\u00f6chten und darum bitten, von der Mailingliste gestrichen zu werden.<\/p>\n\n<p>Auf unserer Website und in den sozialen Netzwerken k\u00f6nnen wir Fotos von unseren Veranstaltungen, Mitarbeitern usw. ver\u00f6ffentlichen, um unser Unternehmen bekannt zu machen und unsere Dienstleistungen zu verbessern. Sollten Sie in der Lage sein, eines davon zu verlassen, k\u00f6nnen Sie uns bitten, es zu entfernen, indem Sie eine Kopie beif\u00fcgen. Eine solche Kopie reicht als &#8222;Bildschirmfoto&#8220; aus, um Ihr Bild korrekt zu identifizieren.<\/p>\n\n<p>Ihre pers\u00f6nlichen Daten werden nicht an Dritte weitergegeben, au\u00dfer an diejenigen, die aufgrund gesetzlicher Verpflichtungen dazu verpflichtet sind. Der Benutzer kann jederzeit sein Recht auf Zugang, Berichtigung, Widerspruch und L\u00f6schung seiner personenbezogenen Daten gem\u00e4\u00df den Bestimmungen der geltenden Gesetzgebung zum Schutz personenbezogener Daten aus\u00fcben, indem er sich schriftlich per Post oder E-Mail an unser Unternehmen wendet und eine Kopie seines Personalausweises beif\u00fcgt.<\/p>\n","protected":false},"excerpt":{"rendered":"<p>Gem\u00e4\u00df dem Organgesetz 15\/1999 vom 13. Dezember \u00fcber den Schutz personenbezogener Daten (LOPD) werden die Nutzer dar\u00fcber informiert, dass alle personenbezogenen Daten, die sie uns \u00fcber die Formulare auf dieser Website mitteilen, in die bei der spanischen Datenschutzbeh\u00f6rde registrierten Dateien aufgenommen werden, deren Eigent\u00fcmer und Verantwortlicher Flamenco M\u00e1laga S.L. ist, um alle Fragen, die sie [&hellip;]<\/p>\n","protected":false},"author":8,"featured_media":0,"parent":0,"menu_order":0,"comment_status":"closed","ping_status":"closed","template":"","meta":{"_acf_changed":false,"footnotes":""},"class_list":["post-22125","page","type-page","status-publish","hentry"],"acf":[],"yoast_head":"<!-- This site is optimized with the Yoast SEO plugin v27.3 - https:\/\/yoast.com\/product\/yoast-seo-wordpress\/ -->\n<title>Datenschutzbestimmungen | Flamenco Alegr\u00eda<\/title>\n<meta name=\"robots\" content=\"index, follow, max-snippet:-1, max-image-preview:large, max-video-preview:-1\" \/>\n<link rel=\"canonical\" href=\"https:\/\/flamencomalaga.com\/de\/datenschutzbestimmungen\/\" \/>\n<meta property=\"og:locale\" content=\"de_DE\" \/>\n<meta property=\"og:type\" content=\"article\" \/>\n<meta property=\"og:title\" content=\"Datenschutzbestimmungen | Flamenco Alegr\u00eda\" \/>\n<meta property=\"og:description\" content=\"Gem\u00e4\u00df dem Organgesetz 15\/1999 vom 13. Dezember \u00fcber den Schutz personenbezogener Daten (LOPD) werden die Nutzer dar\u00fcber informiert, dass alle personenbezogenen Daten, die sie uns \u00fcber die Formulare auf dieser Website mitteilen, in die bei der spanischen Datenschutzbeh\u00f6rde registrierten Dateien aufgenommen werden, deren Eigent\u00fcmer und Verantwortlicher Flamenco M\u00e1laga S.L. ist, um alle Fragen, die sie [&hellip;]\" \/>\n<meta property=\"og:url\" content=\"https:\/\/flamencomalaga.com\/de\/datenschutzbestimmungen\/\" \/>\n<meta property=\"og:site_name\" content=\"Flamenco Alegr\u00eda\" \/>\n<meta property=\"article:publisher\" content=\"https:\/\/www.facebook.com\/alegriaflamencomalaga\/?locale=es_ES\" \/>\n<meta property=\"article:modified_time\" content=\"2024-07-29T07:47:23+00:00\" \/>\n<meta property=\"og:image\" content=\"https:\/\/flamencomalaga.com\/wp-content\/uploads\/2024\/07\/home-min-510x382-1.jpg?wsr\" \/>\n\t<meta property=\"og:image:width\" content=\"510\" \/>\n\t<meta property=\"og:image:height\" content=\"382\" \/>\n\t<meta property=\"og:image:type\" content=\"image\/jpeg\" \/>\n<meta name=\"twitter:card\" content=\"summary_large_image\" \/>\n<meta name=\"twitter:label1\" content=\"Gesch\u00e4tzte Lesezeit\" \/>\n\t<meta name=\"twitter:data1\" content=\"2\u00a0Minute\" \/>\n<!-- \/ Yoast SEO plugin. -->","yoast_head_json":{"title":"Datenschutzbestimmungen | Flamenco Alegr\u00eda","robots":{"index":"index","follow":"follow","max-snippet":"max-snippet:-1","max-image-preview":"max-image-preview:large","max-video-preview":"max-video-preview:-1"},"canonical":"https:\/\/flamencomalaga.com\/de\/datenschutzbestimmungen\/","og_locale":"de_DE","og_type":"article","og_title":"Datenschutzbestimmungen | Flamenco Alegr\u00eda","og_description":"Gem\u00e4\u00df dem Organgesetz 15\/1999 vom 13. Dezember \u00fcber den Schutz personenbezogener Daten (LOPD) werden die Nutzer dar\u00fcber informiert, dass alle personenbezogenen Daten, die sie uns \u00fcber die Formulare auf dieser Website mitteilen, in die bei der spanischen Datenschutzbeh\u00f6rde registrierten Dateien aufgenommen werden, deren Eigent\u00fcmer und Verantwortlicher Flamenco M\u00e1laga S.L. ist, um alle Fragen, die sie [&hellip;]","og_url":"https:\/\/flamencomalaga.com\/de\/datenschutzbestimmungen\/","og_site_name":"Flamenco Alegr\u00eda","article_publisher":"https:\/\/www.facebook.com\/alegriaflamencomalaga\/?locale=es_ES","article_modified_time":"2024-07-29T07:47:23+00:00","og_image":[{"width":510,"height":382,"url":"https:\/\/flamencomalaga.com\/wp-content\/uploads\/2024\/07\/home-min-510x382-1.jpg?wsr","type":"image\/jpeg"}],"twitter_card":"summary_large_image","twitter_misc":{"Gesch\u00e4tzte Lesezeit":"2\u00a0Minute"},"schema":{"@context":"https:\/\/schema.org","@graph":[{"@type":"WebPage","@id":"https:\/\/flamencomalaga.com\/de\/datenschutzbestimmungen\/","url":"https:\/\/flamencomalaga.com\/de\/datenschutzbestimmungen\/","name":"Datenschutzbestimmungen | Flamenco Alegr\u00eda","isPartOf":{"@id":"https:\/\/flamencomalaga.com\/de\/#website"},"datePublished":"2024-07-19T12:49:23+00:00","dateModified":"2024-07-29T07:47:23+00:00","breadcrumb":{"@id":"https:\/\/flamencomalaga.com\/de\/datenschutzbestimmungen\/#breadcrumb"},"inLanguage":"de","potentialAction":[{"@type":"ReadAction","target":["https:\/\/flamencomalaga.com\/de\/datenschutzbestimmungen\/"]}]},{"@type":"BreadcrumbList","@id":"https:\/\/flamencomalaga.com\/de\/datenschutzbestimmungen\/#breadcrumb","itemListElement":[{"@type":"ListItem","position":1,"name":"Startseite","item":"https:\/\/flamencomalaga.com\/de\/"},{"@type":"ListItem","position":2,"name":"Datenschutzbestimmungen"}]},{"@type":"WebSite","@id":"https:\/\/flamencomalaga.com\/de\/#website","url":"https:\/\/flamencomalaga.com\/de\/","name":"Flamenco Alegr\u00eda y Gastronomia","description":"","publisher":{"@id":"https:\/\/flamencomalaga.com\/de\/#organization"},"alternateName":"Flamenco Alegr\u00eda","potentialAction":[{"@type":"SearchAction","target":{"@type":"EntryPoint","urlTemplate":"https:\/\/flamencomalaga.com\/de\/?s={search_term_string}"},"query-input":{"@type":"PropertyValueSpecification","valueRequired":true,"valueName":"search_term_string"}}],"inLanguage":"de"},{"@type":"Organization","@id":"https:\/\/flamencomalaga.com\/de\/#organization","name":"Flamenco Alegr\u00eda","alternateName":"Alegr\u00eda - Flamenco y Gastronom\u00eda","url":"https:\/\/flamencomalaga.com\/de\/","logo":{"@type":"ImageObject","inLanguage":"de","@id":"https:\/\/flamencomalaga.com\/de\/#\/schema\/logo\/image\/","url":"https:\/\/flamencomalaga.com\/wp-content\/uploads\/2024\/07\/flamenco-malaga_logo.png?wsr","contentUrl":"https:\/\/flamencomalaga.com\/wp-content\/uploads\/2024\/07\/flamenco-malaga_logo.png?wsr","width":166,"height":85,"caption":"Flamenco Alegr\u00eda"},"image":{"@id":"https:\/\/flamencomalaga.com\/de\/#\/schema\/logo\/image\/"},"sameAs":["https:\/\/www.facebook.com\/alegriaflamencomalaga\/?locale=es_ES","https:\/\/www.instagram.com\/flamencomalagaalegria","https:\/\/www.tiktok.com\/@flamencomalaga"]}]}},"_links":{"self":[{"href":"https:\/\/flamencomalaga.com\/de\/wp-json\/wp\/v2\/pages\/22125","targetHints":{"allow":["GET"]}}],"collection":[{"href":"https:\/\/flamencomalaga.com\/de\/wp-json\/wp\/v2\/pages"}],"about":[{"href":"https:\/\/flamencomalaga.com\/de\/wp-json\/wp\/v2\/types\/page"}],"author":[{"embeddable":true,"href":"https:\/\/flamencomalaga.com\/de\/wp-json\/wp\/v2\/users\/8"}],"replies":[{"embeddable":true,"href":"https:\/\/flamencomalaga.com\/de\/wp-json\/wp\/v2\/comments?post=22125"}],"version-history":[{"count":0,"href":"https:\/\/flamencomalaga.com\/de\/wp-json\/wp\/v2\/pages\/22125\/revisions"}],"wp:attachment":[{"href":"https:\/\/flamencomalaga.com\/de\/wp-json\/wp\/v2\/media?parent=22125"}],"curies":[{"name":"wp","href":"https:\/\/api.w.org\/{rel}","templated":true}]}}