{"id":22112,"date":"2024-07-19T12:49:12","date_gmt":"2024-07-19T12:49:12","guid":{"rendered":"https:\/\/flamencomalaga.com\/cookies-politik\/"},"modified":"2024-07-31T13:50:19","modified_gmt":"2024-07-31T13:50:19","slug":"cookies-politik","status":"publish","type":"page","link":"https:\/\/flamencomalaga.com\/de\/cookies-politik\/","title":{"rendered":"Cookies Politik"},"content":{"rendered":"\t\t<div data-elementor-type=\"wp-page\" data-elementor-id=\"22112\" class=\"elementor elementor-22112 elementor-21028\" data-elementor-post-type=\"page\">\n\t\t\t\t<div class=\"elementor-element elementor-element-3683957d e-flex e-con-boxed e-con e-parent\" data-id=\"3683957d\" data-element_type=\"container\" data-e-type=\"container\">\n\t\t\t\t\t<div class=\"e-con-inner\">\n\t\t\t\t<div class=\"elementor-element elementor-element-c402dac elementor-widget elementor-widget-html\" data-id=\"c402dac\" data-element_type=\"widget\" data-e-type=\"widget\" data-widget_type=\"html.default\">\n\t\t\t\t<div class=\"elementor-widget-container\">\n\t\t\t\t\t<script id=\"CookieDeclaration\" src=\"https:\/\/consent.cookiebot.com\/ccb13dc2-846b-44fa-8a4e-7eb8b13af8f1\/cd.js\" type=\"text\/javascript\" async=\"\"><\/script>\t\t\t\t<\/div>\n\t\t\t\t<\/div>\n\t\t\t\t<div class=\"elementor-element elementor-element-69e63e28 elementor-widget elementor-widget-text-editor\" data-id=\"69e63e28\" data-element_type=\"widget\" data-e-type=\"widget\" data-widget_type=\"text-editor.default\">\n\t\t\t\t<div class=\"elementor-widget-container\">\n\t\t\t\t\t\t\t\t\t\n<p>Ein Cookie ist eine kleine Textdatei, die in Ihrem Browser gespeichert wird, wenn Sie eine beliebige Website besuchen. Es ist n\u00fctzlich f\u00fcr die Website, um sich an Ihren Besuch zu erinnern, wenn Sie zu dieser Seite zur\u00fcckkehren. Cookies speichern in der Regel Informationen technischer Art, pers\u00f6nliche Pr\u00e4ferenzen, die Personalisierung von Inhalten, Nutzungsstatistiken, Links zu sozialen Netzwerken, Zugang zu Benutzerkonten usw. Der Zweck des Cookies besteht darin, den Inhalt der Website an Ihr Profil und Ihre Bed\u00fcrfnisse anzupassen. Ohne Cookies w\u00e4ren die von einer Seite angebotenen Dienste erheblich eingeschr\u00e4nkt. F\u00fcr weitere Informationen dar\u00fcber, was Cookies sind, was sie speichern, wie Sie sie l\u00f6schen, deaktivieren usw., folgen Sie bitte <a href=\"https:\/\/support.google.com\/chrome\/answer\/95647?hl=es\" target=\"_blank\" rel=\"noreferrer noopener\">diesem Link<\/a>.<\/p>\n\n<pre class=\"wp-block-code\"><code>&lt;script id=\"CookieDeclaration\" src=\"https:\/\/consent.cookiebot.com\/ccb13dc2-846b-44fa-8a4e-7eb8b13af8f1\/cd.js\" type=\"text\/javascript\" async=\"\"&gt;&lt;\/script&gt;<\/code><\/pre>\n\t\t\t\t\t\t\t\t<\/div>\n\t\t\t\t<\/div>\n\t\t\t\t\t<\/div>\n\t\t\t\t<\/div>\n\t\t\t\t<\/div>\n\t\t","protected":false},"excerpt":{"rendered":"<p>Ein Cookie ist eine kleine Textdatei, die in Ihrem Browser gespeichert wird, wenn Sie eine beliebige Website besuchen. Es ist n\u00fctzlich f\u00fcr die Website, um sich an Ihren Besuch zu erinnern, wenn Sie zu dieser Seite zur\u00fcckkehren. Cookies speichern in der Regel Informationen technischer Art, pers\u00f6nliche Pr\u00e4ferenzen, die Personalisierung von Inhalten, Nutzungsstatistiken, Links zu sozialen [&hellip;]<\/p>\n","protected":false},"author":8,"featured_media":0,"parent":0,"menu_order":0,"comment_status":"closed","ping_status":"closed","template":"","meta":{"_acf_changed":false,"footnotes":""},"class_list":["post-22112","page","type-page","status-publish","hentry"],"acf":[],"yoast_head":"<!-- This site is optimized with the Yoast SEO plugin v27.4 - https:\/\/yoast.com\/product\/yoast-seo-wordpress\/ -->\n<title>Cookies Politik | Flamenco Alegr\u00eda<\/title>\n<meta name=\"robots\" content=\"index, follow, max-snippet:-1, max-image-preview:large, max-video-preview:-1\" \/>\n<link rel=\"canonical\" href=\"https:\/\/flamencomalaga.com\/de\/cookies-politik\/\" \/>\n<meta property=\"og:locale\" content=\"de_DE\" \/>\n<meta property=\"og:type\" content=\"article\" \/>\n<meta property=\"og:title\" content=\"Cookies Politik | Flamenco Alegr\u00eda\" \/>\n<meta property=\"og:description\" content=\"Ein Cookie ist eine kleine Textdatei, die in Ihrem Browser gespeichert wird, wenn Sie eine beliebige Website besuchen. Es ist n\u00fctzlich f\u00fcr die Website, um sich an Ihren Besuch zu erinnern, wenn Sie zu dieser Seite zur\u00fcckkehren. Cookies speichern in der Regel Informationen technischer Art, pers\u00f6nliche Pr\u00e4ferenzen, die Personalisierung von Inhalten, Nutzungsstatistiken, Links zu sozialen [&hellip;]\" \/>\n<meta property=\"og:url\" content=\"https:\/\/flamencomalaga.com\/de\/cookies-politik\/\" \/>\n<meta property=\"og:site_name\" content=\"Flamenco Alegr\u00eda\" \/>\n<meta property=\"article:publisher\" content=\"https:\/\/www.facebook.com\/alegriaflamencomalaga\/?locale=es_ES\" \/>\n<meta property=\"article:modified_time\" content=\"2024-07-31T13:50:19+00:00\" \/>\n<meta property=\"og:image\" content=\"https:\/\/flamencomalaga.com\/wp-content\/uploads\/2024\/07\/home-min-510x382-1.jpg?wsr\" \/>\n\t<meta property=\"og:image:width\" content=\"510\" \/>\n\t<meta property=\"og:image:height\" content=\"382\" \/>\n\t<meta property=\"og:image:type\" content=\"image\/jpeg\" \/>\n<meta name=\"twitter:card\" content=\"summary_large_image\" \/>\n<meta name=\"twitter:label1\" content=\"Gesch\u00e4tzte Lesezeit\" \/>\n\t<meta name=\"twitter:data1\" content=\"1\u00a0Minute\" \/>\n<!-- \/ Yoast SEO plugin. -->","yoast_head_json":{"title":"Cookies Politik | Flamenco Alegr\u00eda","robots":{"index":"index","follow":"follow","max-snippet":"max-snippet:-1","max-image-preview":"max-image-preview:large","max-video-preview":"max-video-preview:-1"},"canonical":"https:\/\/flamencomalaga.com\/de\/cookies-politik\/","og_locale":"de_DE","og_type":"article","og_title":"Cookies Politik | Flamenco Alegr\u00eda","og_description":"Ein Cookie ist eine kleine Textdatei, die in Ihrem Browser gespeichert wird, wenn Sie eine beliebige Website besuchen. Es ist n\u00fctzlich f\u00fcr die Website, um sich an Ihren Besuch zu erinnern, wenn Sie zu dieser Seite zur\u00fcckkehren. Cookies speichern in der Regel Informationen technischer Art, pers\u00f6nliche Pr\u00e4ferenzen, die Personalisierung von Inhalten, Nutzungsstatistiken, Links zu sozialen [&hellip;]","og_url":"https:\/\/flamencomalaga.com\/de\/cookies-politik\/","og_site_name":"Flamenco Alegr\u00eda","article_publisher":"https:\/\/www.facebook.com\/alegriaflamencomalaga\/?locale=es_ES","article_modified_time":"2024-07-31T13:50:19+00:00","og_image":[{"width":510,"height":382,"url":"https:\/\/flamencomalaga.com\/wp-content\/uploads\/2024\/07\/home-min-510x382-1.jpg?wsr","type":"image\/jpeg"}],"twitter_card":"summary_large_image","twitter_misc":{"Gesch\u00e4tzte Lesezeit":"1\u00a0Minute"},"schema":{"@context":"https:\/\/schema.org","@graph":[{"@type":"WebPage","@id":"https:\/\/flamencomalaga.com\/de\/cookies-politik\/","url":"https:\/\/flamencomalaga.com\/de\/cookies-politik\/","name":"Cookies Politik | Flamenco Alegr\u00eda","isPartOf":{"@id":"https:\/\/flamencomalaga.com\/de\/#website"},"datePublished":"2024-07-19T12:49:12+00:00","dateModified":"2024-07-31T13:50:19+00:00","breadcrumb":{"@id":"https:\/\/flamencomalaga.com\/de\/cookies-politik\/#breadcrumb"},"inLanguage":"de","potentialAction":[{"@type":"ReadAction","target":["https:\/\/flamencomalaga.com\/de\/cookies-politik\/"]}]},{"@type":"BreadcrumbList","@id":"https:\/\/flamencomalaga.com\/de\/cookies-politik\/#breadcrumb","itemListElement":[{"@type":"ListItem","position":1,"name":"Startseite","item":"https:\/\/flamencomalaga.com\/de\/"},{"@type":"ListItem","position":2,"name":"Cookies Politik"}]},{"@type":"WebSite","@id":"https:\/\/flamencomalaga.com\/de\/#website","url":"https:\/\/flamencomalaga.com\/de\/","name":"Flamenco Alegr\u00eda y Gastronomia","description":"","publisher":{"@id":"https:\/\/flamencomalaga.com\/de\/#organization"},"alternateName":"Flamenco Alegr\u00eda","potentialAction":[{"@type":"SearchAction","target":{"@type":"EntryPoint","urlTemplate":"https:\/\/flamencomalaga.com\/de\/?s={search_term_string}"},"query-input":{"@type":"PropertyValueSpecification","valueRequired":true,"valueName":"search_term_string"}}],"inLanguage":"de"},{"@type":"Organization","@id":"https:\/\/flamencomalaga.com\/de\/#organization","name":"Flamenco Alegr\u00eda","alternateName":"Alegr\u00eda - Flamenco y Gastronom\u00eda","url":"https:\/\/flamencomalaga.com\/de\/","logo":{"@type":"ImageObject","inLanguage":"de","@id":"https:\/\/flamencomalaga.com\/de\/#\/schema\/logo\/image\/","url":"https:\/\/flamencomalaga.com\/wp-content\/uploads\/2024\/07\/flamenco-malaga_logo.png?wsr","contentUrl":"https:\/\/flamencomalaga.com\/wp-content\/uploads\/2024\/07\/flamenco-malaga_logo.png?wsr","width":166,"height":85,"caption":"Flamenco Alegr\u00eda"},"image":{"@id":"https:\/\/flamencomalaga.com\/de\/#\/schema\/logo\/image\/"},"sameAs":["https:\/\/www.facebook.com\/alegriaflamencomalaga\/?locale=es_ES","https:\/\/www.instagram.com\/flamencomalagaalegria","https:\/\/www.tiktok.com\/@flamencomalaga"]}]}},"_links":{"self":[{"href":"https:\/\/flamencomalaga.com\/de\/wp-json\/wp\/v2\/pages\/22112","targetHints":{"allow":["GET"]}}],"collection":[{"href":"https:\/\/flamencomalaga.com\/de\/wp-json\/wp\/v2\/pages"}],"about":[{"href":"https:\/\/flamencomalaga.com\/de\/wp-json\/wp\/v2\/types\/page"}],"author":[{"embeddable":true,"href":"https:\/\/flamencomalaga.com\/de\/wp-json\/wp\/v2\/users\/8"}],"replies":[{"embeddable":true,"href":"https:\/\/flamencomalaga.com\/de\/wp-json\/wp\/v2\/comments?post=22112"}],"version-history":[{"count":0,"href":"https:\/\/flamencomalaga.com\/de\/wp-json\/wp\/v2\/pages\/22112\/revisions"}],"wp:attachment":[{"href":"https:\/\/flamencomalaga.com\/de\/wp-json\/wp\/v2\/media?parent=22112"}],"curies":[{"name":"wp","href":"https:\/\/api.w.org\/{rel}","templated":true}]}}