{"id":22081,"date":"2024-07-19T12:43:48","date_gmt":"2024-07-19T12:43:48","guid":{"rendered":"https:\/\/flamencomalaga.com\/rechtlicher-hinweis\/"},"modified":"2024-07-29T07:43:17","modified_gmt":"2024-07-29T07:43:17","slug":"rechtlicher-hinweis","status":"publish","type":"page","link":"https:\/\/flamencomalaga.com\/de\/rechtlicher-hinweis\/","title":{"rendered":"Rechtlicher Hinweis"},"content":{"rendered":"\n<h2 class=\"wp-block-heading\">Objekt<\/h2>\n\n<p>Flamenco M\u00e1laga S.L. (im Folgenden der Anbieter), der f\u00fcr die Website verantwortlich ist, stellt den Nutzern dieses Dokument zur Verf\u00fcgung, um die im Gesetz 34\/2002 \u00fcber Dienstleistungen der Informationsgesellschaft und des elektronischen Handels (LSSI-CE) festgelegten Verpflichtungen zu erf\u00fcllen und alle Nutzer der Website \u00fcber die Nutzungsbedingungen der Website zu informieren. Jede Person, die auf diese Website zugreift, \u00fcbernimmt die Rolle des Nutzers und verpflichtet sich zur Einhaltung und Durchsetzung der hierin enthaltenen Bestimmungen sowie aller anderen anwendbaren gesetzlichen Bestimmungen.<\/p>\n\n<p>Der Anbieter beh\u00e4lt sich das Recht vor, jede Art von Informationen, die auf der Website erscheinen, zu \u00e4ndern, ohne dass eine Verpflichtung zur vorherigen Ank\u00fcndigung oder Information der Nutzer besteht, wobei die Ver\u00f6ffentlichung auf der Website des Anbieters als ausreichend angesehen wird.<\/p>\n\n<h2 class=\"wp-block-heading\">Verantwortung<\/h2>\n\n<p>Der Anbieter lehnt jede Haftung f\u00fcr die auf seiner Website ver\u00f6ffentlichten Informationen ab, sofern diese Informationen von einem externen Dritten manipuliert oder eingef\u00fcgt wurden. Diese Website verwendet &#8222;Cookies&#8220;, Textdateien, die auf Ihrem Computer gespeichert werden und die eine Analyse der Benutzung der Website durch Sie erm\u00f6glichen. Die Verwendung dieser Dateien wird auf der Registerkarte &#8222;Cookie-Richtlinie&#8220; beschrieben. Sie k\u00f6nnen die Verarbeitung von Daten oder Informationen verweigern, indem Sie die Verwendung von Cookies durch entsprechende Einstellungen in Ihrem Browser ablehnen. Bitte beachten Sie jedoch, dass Sie in diesem Fall m\u00f6glicherweise nicht alle Funktionen dieser Website nutzen k\u00f6nnen. Es ist m\u00f6glich, dass Sie von der Website des Kunden zu Inhalten auf Websites von Dritten weitergeleitet werden. Da der Anbieter die von Dritten auf seiner Website eingestellten Inhalte nicht immer kontrollieren kann, \u00fcbernimmt der Anbieter keinerlei Verantwortung f\u00fcr diese Inhalte. In jedem Fall erkl\u00e4rt der Anbieter, dass er Inhalte, die gegen die nationale oder internationale Gesetzgebung, die Moral oder die \u00f6ffentliche Ordnung versto\u00dfen k\u00f6nnten, unverz\u00fcglich entfernen wird, indem er die Weiterleitung zu dieser Website unverz\u00fcglich entfernt und die zust\u00e4ndigen Beh\u00f6rden \u00fcber den betreffenden Inhalt informiert.<\/p>\n\n<p>Der Anbieter ist nicht verantwortlich f\u00fcr die gespeicherten Informationen und Inhalte, insbesondere in Foren, Chats, Blogs, Kommentaren, sozialen Netzwerken oder anderen Medien, die es Dritten erm\u00f6glichen, Inhalte unabh\u00e4ngig auf der Website des Anbieters zu ver\u00f6ffentlichen. In \u00dcbereinstimmung mit den Bestimmungen der Art. 11 und 16 des LSSI-CE stellt der Anbieter sich jedoch allen Nutzern, Beh\u00f6rden und Sicherheitskr\u00e4ften zur Verf\u00fcgung und arbeitet aktiv an der Entfernung oder Sperrung aller Inhalte mit, die die nationale oder internationale Gesetzgebung, die Rechte Dritter oder die Moral und die \u00f6ffentliche Ordnung beeintr\u00e4chtigen oder dagegen versto\u00dfen k\u00f6nnten. Sollte der Nutzer der Ansicht sein, dass es auf der Website Inhalte gibt, die f\u00fcr diese Einstufung in Frage kommen k\u00f6nnten, benachrichtigen Sie bitte umgehend den Administrator der Website. Diese Website wurde \u00fcberpr\u00fcft und getestet, um sicherzustellen, dass sie korrekt funktioniert. Im Prinzip kann der ordnungsgem\u00e4\u00dfe Betrieb 365 Tage im Jahr, 24 Stunden am Tag gew\u00e4hrleistet werden. Der Anbieter schlie\u00dft jedoch nicht aus, dass bestimmte Programmierfehler auftreten k\u00f6nnen oder dass h\u00f6here Gewalt, Naturkatastrophen, Streiks oder \u00e4hnliche Umst\u00e4nde den Zugang zur Website unm\u00f6glich machen.<\/p>\n\n<h2 class=\"wp-block-heading\">Geistiges und gewerbliches Eigentum<\/h2>\n\n<p>Die Website, einschlie\u00dflich, aber nicht beschr\u00e4nkt auf ihre Programmierung, Bearbeitung, Zusammenstellung und andere f\u00fcr ihren Betrieb notwendige Elemente, Designs, Logos, Texte und\/oder Grafiken sind Eigentum des Anbieters oder werden gegebenenfalls von den Urhebern lizenziert oder ausdr\u00fccklich genehmigt.<\/p>\n\n<p>Unabh\u00e4ngig von dem Zweck, f\u00fcr den sie bestimmt sind, bedarf die vollst\u00e4ndige oder teilweise Vervielf\u00e4ltigung, Nutzung, Verwertung, Verbreitung und Kommerzialisierung in jedem Fall der vorherigen schriftlichen Genehmigung des Anbieters. <br\/>Jede Nutzung, die nicht zuvor vom Anbieter genehmigt wurde, wird als schwerwiegende Verletzung der geistigen oder gewerblichen Eigentumsrechte des Urhebers betrachtet. Die Designs, Logos, Texte und\/oder Grafiken, die nicht dem Anbieter geh\u00f6ren und die auf der Website erscheinen k\u00f6nnen, geh\u00f6ren ihren jeweiligen Eigent\u00fcmern, die selbst f\u00fcr eventuelle Kontroversen, die in Bezug auf diese entstehen k\u00f6nnen, verantwortlich sind. <br\/>Der Anbieter gestattet Dritten ausdr\u00fccklich, direkt auf die spezifischen Inhalte der Website zu verweisen, wobei sie in jedem Fall auf die Hauptwebsite des Anbieters verweisen m\u00fcssen.Der Anbieter erkennt die entsprechenden gewerblichen und geistigen Eigentumsrechte zugunsten ihrer Eigent\u00fcmer an, und ihre blo\u00dfe Erw\u00e4hnung oder ihr Erscheinen auf der Website impliziert weder das Bestehen irgendwelcher Rechte oder Haftungen des Anbieters in Bezug auf diese, noch eine Bef\u00fcrwortung, F\u00f6rderung oder Empfehlung von Seiten desselben.<\/p>\n\n<h2 class=\"wp-block-heading\">Anwendbares Recht und Gerichtsbarkeit<\/h2>\n\n<p>F\u00fcr die Beilegung aller Streitigkeiten oder Fragen im Zusammenhang mit dieser Website oder den auf ihr durchgef\u00fchrten Aktivit\u00e4ten gilt die spanische Gesetzgebung, der sich die Parteien ausdr\u00fccklich unterwerfen, und die Gerichte von Granada sind gegebenenfalls f\u00fcr die Beilegung aller Streitigkeiten zust\u00e4ndig, die sich aus der Nutzung dieser Website ergeben oder damit zusammenh\u00e4ngen.<\/p>\n","protected":false},"excerpt":{"rendered":"<p>Objekt Flamenco M\u00e1laga S.L. (im Folgenden der Anbieter), der f\u00fcr die Website verantwortlich ist, stellt den Nutzern dieses Dokument zur Verf\u00fcgung, um die im Gesetz 34\/2002 \u00fcber Dienstleistungen der Informationsgesellschaft und des elektronischen Handels (LSSI-CE) festgelegten Verpflichtungen zu erf\u00fcllen und alle Nutzer der Website \u00fcber die Nutzungsbedingungen der Website zu informieren. Jede Person, die auf [&hellip;]<\/p>\n","protected":false},"author":8,"featured_media":0,"parent":0,"menu_order":0,"comment_status":"closed","ping_status":"closed","template":"","meta":{"_acf_changed":false,"footnotes":""},"class_list":["post-22081","page","type-page","status-publish","hentry"],"acf":[],"yoast_head":"<!-- This site is optimized with the Yoast SEO plugin v27.4 - https:\/\/yoast.com\/product\/yoast-seo-wordpress\/ -->\n<title>Rechtlicher Hinweis | Flamenco Alegr\u00eda<\/title>\n<meta name=\"robots\" content=\"index, follow, max-snippet:-1, max-image-preview:large, max-video-preview:-1\" \/>\n<link rel=\"canonical\" href=\"https:\/\/flamencomalaga.com\/de\/rechtlicher-hinweis\/\" \/>\n<meta property=\"og:locale\" content=\"de_DE\" \/>\n<meta property=\"og:type\" content=\"article\" \/>\n<meta property=\"og:title\" content=\"Rechtlicher Hinweis | Flamenco Alegr\u00eda\" \/>\n<meta property=\"og:description\" content=\"Objekt Flamenco M\u00e1laga S.L. (im Folgenden der Anbieter), der f\u00fcr die Website verantwortlich ist, stellt den Nutzern dieses Dokument zur Verf\u00fcgung, um die im Gesetz 34\/2002 \u00fcber Dienstleistungen der Informationsgesellschaft und des elektronischen Handels (LSSI-CE) festgelegten Verpflichtungen zu erf\u00fcllen und alle Nutzer der Website \u00fcber die Nutzungsbedingungen der Website zu informieren. Jede Person, die auf [&hellip;]\" \/>\n<meta property=\"og:url\" content=\"https:\/\/flamencomalaga.com\/de\/rechtlicher-hinweis\/\" \/>\n<meta property=\"og:site_name\" content=\"Flamenco Alegr\u00eda\" \/>\n<meta property=\"article:publisher\" content=\"https:\/\/www.facebook.com\/alegriaflamencomalaga\/?locale=es_ES\" \/>\n<meta property=\"article:modified_time\" content=\"2024-07-29T07:43:17+00:00\" \/>\n<meta property=\"og:image\" content=\"https:\/\/flamencomalaga.com\/wp-content\/uploads\/2024\/07\/home-min-510x382-1.jpg?wsr\" \/>\n\t<meta property=\"og:image:width\" content=\"510\" \/>\n\t<meta property=\"og:image:height\" content=\"382\" \/>\n\t<meta property=\"og:image:type\" content=\"image\/jpeg\" \/>\n<meta name=\"twitter:card\" content=\"summary_large_image\" \/>\n<meta name=\"twitter:label1\" content=\"Gesch\u00e4tzte Lesezeit\" \/>\n\t<meta name=\"twitter:data1\" content=\"4\u00a0Minute\" \/>\n<!-- \/ Yoast SEO plugin. -->","yoast_head_json":{"title":"Rechtlicher Hinweis | Flamenco Alegr\u00eda","robots":{"index":"index","follow":"follow","max-snippet":"max-snippet:-1","max-image-preview":"max-image-preview:large","max-video-preview":"max-video-preview:-1"},"canonical":"https:\/\/flamencomalaga.com\/de\/rechtlicher-hinweis\/","og_locale":"de_DE","og_type":"article","og_title":"Rechtlicher Hinweis | Flamenco Alegr\u00eda","og_description":"Objekt Flamenco M\u00e1laga S.L. (im Folgenden der Anbieter), der f\u00fcr die Website verantwortlich ist, stellt den Nutzern dieses Dokument zur Verf\u00fcgung, um die im Gesetz 34\/2002 \u00fcber Dienstleistungen der Informationsgesellschaft und des elektronischen Handels (LSSI-CE) festgelegten Verpflichtungen zu erf\u00fcllen und alle Nutzer der Website \u00fcber die Nutzungsbedingungen der Website zu informieren. Jede Person, die auf [&hellip;]","og_url":"https:\/\/flamencomalaga.com\/de\/rechtlicher-hinweis\/","og_site_name":"Flamenco Alegr\u00eda","article_publisher":"https:\/\/www.facebook.com\/alegriaflamencomalaga\/?locale=es_ES","article_modified_time":"2024-07-29T07:43:17+00:00","og_image":[{"width":510,"height":382,"url":"https:\/\/flamencomalaga.com\/wp-content\/uploads\/2024\/07\/home-min-510x382-1.jpg?wsr","type":"image\/jpeg"}],"twitter_card":"summary_large_image","twitter_misc":{"Gesch\u00e4tzte Lesezeit":"4\u00a0Minute"},"schema":{"@context":"https:\/\/schema.org","@graph":[{"@type":"WebPage","@id":"https:\/\/flamencomalaga.com\/de\/rechtlicher-hinweis\/","url":"https:\/\/flamencomalaga.com\/de\/rechtlicher-hinweis\/","name":"Rechtlicher Hinweis | Flamenco Alegr\u00eda","isPartOf":{"@id":"https:\/\/flamencomalaga.com\/de\/#website"},"datePublished":"2024-07-19T12:43:48+00:00","dateModified":"2024-07-29T07:43:17+00:00","breadcrumb":{"@id":"https:\/\/flamencomalaga.com\/de\/rechtlicher-hinweis\/#breadcrumb"},"inLanguage":"de","potentialAction":[{"@type":"ReadAction","target":["https:\/\/flamencomalaga.com\/de\/rechtlicher-hinweis\/"]}]},{"@type":"BreadcrumbList","@id":"https:\/\/flamencomalaga.com\/de\/rechtlicher-hinweis\/#breadcrumb","itemListElement":[{"@type":"ListItem","position":1,"name":"Startseite","item":"https:\/\/flamencomalaga.com\/de\/"},{"@type":"ListItem","position":2,"name":"Rechtlicher Hinweis"}]},{"@type":"WebSite","@id":"https:\/\/flamencomalaga.com\/de\/#website","url":"https:\/\/flamencomalaga.com\/de\/","name":"Flamenco Alegr\u00eda y Gastronomia","description":"","publisher":{"@id":"https:\/\/flamencomalaga.com\/de\/#organization"},"alternateName":"Flamenco Alegr\u00eda","potentialAction":[{"@type":"SearchAction","target":{"@type":"EntryPoint","urlTemplate":"https:\/\/flamencomalaga.com\/de\/?s={search_term_string}"},"query-input":{"@type":"PropertyValueSpecification","valueRequired":true,"valueName":"search_term_string"}}],"inLanguage":"de"},{"@type":"Organization","@id":"https:\/\/flamencomalaga.com\/de\/#organization","name":"Flamenco Alegr\u00eda","alternateName":"Alegr\u00eda - Flamenco y Gastronom\u00eda","url":"https:\/\/flamencomalaga.com\/de\/","logo":{"@type":"ImageObject","inLanguage":"de","@id":"https:\/\/flamencomalaga.com\/de\/#\/schema\/logo\/image\/","url":"https:\/\/flamencomalaga.com\/wp-content\/uploads\/2024\/07\/flamenco-malaga_logo.png?wsr","contentUrl":"https:\/\/flamencomalaga.com\/wp-content\/uploads\/2024\/07\/flamenco-malaga_logo.png?wsr","width":166,"height":85,"caption":"Flamenco Alegr\u00eda"},"image":{"@id":"https:\/\/flamencomalaga.com\/de\/#\/schema\/logo\/image\/"},"sameAs":["https:\/\/www.facebook.com\/alegriaflamencomalaga\/?locale=es_ES","https:\/\/www.instagram.com\/flamencomalagaalegria","https:\/\/www.tiktok.com\/@flamencomalaga"]}]}},"_links":{"self":[{"href":"https:\/\/flamencomalaga.com\/de\/wp-json\/wp\/v2\/pages\/22081","targetHints":{"allow":["GET"]}}],"collection":[{"href":"https:\/\/flamencomalaga.com\/de\/wp-json\/wp\/v2\/pages"}],"about":[{"href":"https:\/\/flamencomalaga.com\/de\/wp-json\/wp\/v2\/types\/page"}],"author":[{"embeddable":true,"href":"https:\/\/flamencomalaga.com\/de\/wp-json\/wp\/v2\/users\/8"}],"replies":[{"embeddable":true,"href":"https:\/\/flamencomalaga.com\/de\/wp-json\/wp\/v2\/comments?post=22081"}],"version-history":[{"count":0,"href":"https:\/\/flamencomalaga.com\/de\/wp-json\/wp\/v2\/pages\/22081\/revisions"}],"wp:attachment":[{"href":"https:\/\/flamencomalaga.com\/de\/wp-json\/wp\/v2\/media?parent=22081"}],"curies":[{"name":"wp","href":"https:\/\/api.w.org\/{rel}","templated":true}]}}